{"id":75472,"date":"2026-03-19T14:41:41","date_gmt":"2026-03-19T14:41:41","guid":{"rendered":"https:\/\/soydeaqui.ddns.net\/pachuca\/index.php\/producto\/extensor-industrial-poe-entrada-poe-802-3-bt-y-4-puertos-de-salida-gigabit-802-3-af-at\/"},"modified":"2026-03-19T14:41:47","modified_gmt":"2026-03-19T14:41:47","slug":"extensor-industrial-poe-entrada-poe-802-3-bt-y-4-puertos-de-salida-gigabit-802-3-af-at","status":"publish","type":"product","link":"https:\/\/soydeaqui.ddns.net\/pachuca\/index.php\/producto\/extensor-industrial-poe-entrada-poe-802-3-bt-y-4-puertos-de-salida-gigabit-802-3-af-at\/","title":{"rendered":"Extensor Industrial PoE, Entrada PoE 802.3 bt  y 4 Puertos de Salida Gigabit 802.3 af\/at"},"content":{"rendered":"<div style='width: 100%; max-width: 1200px; margin: 0 auto; font-family: sans-serif; line-height: 1.6; color: inherit; background-color: transparent;'> <!-- Iconos de est\u00e1ndares --> <\/p>\n<div style='display: flex; flex-wrap: wrap; gap: 15px; justify-content: center; margin: 20px 0;'> <img style='width: 64px; height: auto; border: 1px solid rgba(150&comma;150&comma;150&comma;0.3); border-radius: 8px;' src='https:\/\/www.planet.com.tw\/storage\/icons\/662\/802.3bt-PoE++.png' alt='802.3bt PoE++'> <img style='width: 64px; height: auto; border: 1px solid rgba(150&comma;150&comma;150&comma;0.3); border-radius: 8px;' src='https:\/\/www.planet.com.tw\/storage\/icons\/616\/1icon_802.3at_802_PD.png' alt='802.3at\/802.3af'> <img style='width: 64px; height: auto; border: 1px solid rgba(150&comma;150&comma;150&comma;0.3); border-radius: 8px;' src='https:\/\/www.planet.com.tw\/storage\/icons\/7icon_10M_100M_1000M.png' alt='10\/100\/1000M'> <img style='width: 64px; height: auto; border: 1px solid rgba(150&comma;150&comma;150&comma;0.3); border-radius: 8px;' src='https:\/\/www.planet.com.tw\/storage\/icons\/4icon_DIN_Rail.png' alt='DIN Rail'> <img style='width: 64px; height: auto; border: 1px solid rgba(150&comma;150&comma;150&comma;0.3); border-radius: 8px;' src='https:\/\/www.planet.com.tw\/storage\/icons\/2icon_IP-Code_30.png' alt='IP30'> <img style='width: 64px; height: auto; border: 1px solid rgba(150&comma;150&comma;150&comma;0.3); border-radius: 8px;' src='https:\/\/www.planet.com.tw\/storage\/icons\/8icon_-40-degree-~75-degree.png' alt='-40\u00b0C a 75\u00b0C'> <\/div>\n<p> <!-- Descripci\u00f3n principal --> <\/p>\n<div style='margin: 30px 0; font-size: 15px;'>\n<p>El IPOEE174 se puede instalar f\u00e1cilmente mediante Plug and Play. Se utiliza entre un equipo de fuente de alimentaci\u00f3n (PSE) y el PD. El IPOEE174 inyecta energ\u00eda al PD sin afectar el rendimiento de la transmisi\u00f3n de datos. El IPOEE174 ofrece una soluci\u00f3n rentable y r\u00e1pida para duplicar el rango est\u00e1ndar de PoE de 100 a 200 metros. El IPOEE174 est\u00e1 dise\u00f1ado en una caja compacta que contiene 5 puertos RJ45&comma; de los cuales 1 puerto &#8216;PoE IN&#8217; funciona como entrada PoE (datos y alimentaci\u00f3n) y 4 puertos &#8216;PoE OUT&#8217; en el otro lado funcionan como salida PoE (datos y alimentaci\u00f3n).<\/p>\n<\/p><\/div>\n<p> <!-- Im\u00e1genes del producto --> <\/p>\n<div style='display: flex; flex-wrap: wrap; gap: 20px; justify-content: center; margin: 30px 0;'> <img style='width: 100%; max-width: 450px; height: auto; border: 1px solid rgba(150&comma;150&comma;150&comma;0.3); border-radius: 8px;' src='https:\/\/www.planet.com.tw\/storage\/products\/49363\/IPOE-E174v3-4.png' alt='Vista frontal'> <img style='width: 100%; max-width: 450px; height: auto; border: 1px solid rgba(150&comma;150&comma;150&comma;0.3); border-radius: 8px;' src='https:\/\/www.planet.com.tw\/storage\/products\/49363\/IPOE-E174v3-1.png' alt='Vista lateral'> <\/div>\n<p> <img style='width: 100%; max-width: 450px; height: auto; border: 1px solid rgba(150&comma;150&comma;150&comma;0.3); border-radius: 8px; margin: 30px auto; display: block;' src='https:\/\/www.planet.com.tw\/storage\/products\/49363\/IPOE-E174v3-5.png' alt='Diagrama de conexi\u00f3n'> <!-- Especificaciones --> <\/p>\n<div style='display: flex; flex-wrap: wrap; gap: 20px; margin: 30px 0;'>\n<div style='flex: 1 1 300px; min-width: 280px; border: 1px solid rgba(150&comma;150&comma;150&comma;0.4); border-radius: 8px; overflow: hidden;'>\n<div style='padding: 15px; border-bottom: 1px solid rgba(150&comma;150&comma;150&comma;0.2); font-weight: bold; font-size: 18px; color: inherit;'>Conectores de red<\/div>\n<div style='padding: 15px; color: inherit;'>\n<ul style='padding-left: 20px; margin: 0; font-size: 14px; list-style-type: disc;'>\n<li style='margin-bottom: 5px;'><strong>Puerto de entrada PoE:<\/strong> 1 x 10\/100\/1000BASE-T Ethernet con 802.3bt PoE++ &#8216;Data + DC&#8217;<\/li>\n<li style='margin-bottom: 5px;'>Auto MDI\/MDI-X&comma; conector RJ45 de negociaci\u00f3n autom\u00e1tica<\/li>\n<li style='margin-bottom: 5px;'><strong>Puerto de salida PoE:<\/strong> 4 x 10\/100\/1000BASE-T Ethernet con salida IEEE 802.3af\/at en PoE &#8216;Data + DC&#8217;<\/li>\n<li style='margin-bottom: 5px;'>Auto MDI\/MDI-X&comma; conector RJ45 de negociaci\u00f3n autom\u00e1tica<\/li>\n<\/ul><\/div>\n<\/p><\/div>\n<div style='flex: 1 1 300px; min-width: 280px; border: 1px solid rgba(150&comma;150&comma;150&comma;0.4); border-radius: 8px; overflow: hidden;'>\n<div style='padding: 15px; border-bottom: 1px solid rgba(150&comma;150&comma;150&comma;0.2); font-weight: bold; font-size: 18px; color: inherit;'>Caracter\u00edsticas t\u00e9cnicas<\/div>\n<div style='padding: 15px; color: inherit;'>\n<ul style='padding-left: 20px; margin: 0; font-size: 14px; list-style-type: disc;'>\n<li style='margin-bottom: 5px;'><strong>Arquitectura:<\/strong> Store-and-Forward<\/li>\n<li style='margin-bottom: 5px;'><strong>Tabla MAC:<\/strong> 2K con funci\u00f3n de aprendizaje autom\u00e1tico<\/li>\n<li style='margin-bottom: 5px;'><strong>Consumo:<\/strong> 5.6W \/ 19.11 BTU (encendido)&comma; 6.5W \/ 22.18 BTU (carga completa sin PoE)&comma; 82.3W \/ 280.82 BTU (carga completa con PoE)<\/li>\n<\/ul><\/div>\n<\/p><\/div>\n<div style='flex: 1 1 300px; min-width: 280px; border: 1px solid rgba(150&comma;150&comma;150&comma;0.4); border-radius: 8px; overflow: hidden;'>\n<div style='padding: 15px; border-bottom: 1px solid rgba(150&comma;150&comma;150&comma;0.2); font-weight: bold; font-size: 18px; color: inherit;'>Est\u00e1ndares PoE<\/div>\n<div style='padding: 15px; color: inherit;'>\n<ul style='padding-left: 20px; margin: 0; font-size: 14px; list-style-type: disc;'>\n<li style='margin-bottom: 5px;'><strong>Entrada PoE:<\/strong> IEEE 802.3bt PoE++ Tipo 4 (PD) y PoH (alimentaci\u00f3n a trav\u00e9s de HDBASE-T)<\/li>\n<li style='margin-bottom: 5px;'>IEEE 802.3at PoE+ (tramo final\/tramo medio)<\/li>\n<li style='margin-bottom: 5px;'><strong>Salida PoE:<\/strong> IEEE 802.3at PoE+ (tramo final)<\/li>\n<\/ul><\/div>\n<\/p><\/div>\n<div style='flex: 1 1 300px; min-width: 280px; border: 1px solid rgba(150&comma;150&comma;150&comma;0.4); border-radius: 8px; overflow: hidden;'>\n<div style='padding: 15px; border-bottom: 1px solid rgba(150&comma;150&comma;150&comma;0.2); font-weight: bold; font-size: 18px; color: inherit;'>Alimentaci\u00f3n PoE<\/div>\n<div style='padding: 15px; color: inherit;'>\n<ul style='padding-left: 20px; margin: 0; font-size: 14px; list-style-type: disc;'>\n<li style='margin-bottom: 5px;'><strong>PoE en el puerto:<\/strong> 50-57V DC&comma; m\u00e1x. 95W<\/li>\n<li style='margin-bottom: 5px;'><strong>Por puerto de salida PoE:<\/strong> 44-55V DC&comma; m\u00e1x. 30.8W<\/li>\n<\/ul><\/div>\n<\/p><\/div>\n<div style='flex: 1 1 300px; min-width: 280px; border: 1px solid rgba(150&comma;150&comma;150&comma;0.4); border-radius: 8px; overflow: hidden;'>\n<div style='padding: 15px; border-bottom: 1px solid rgba(150&comma;150&comma;150&comma;0.2); font-weight: bold; font-size: 18px; color: inherit;'>Presupuesto de energ\u00eda<\/div>\n<div style='padding: 15px; color: inherit;'>\n<ul style='padding-left: 20px; margin: 0; font-size: 14px; list-style-type: disc;'>\n<li style='margin-bottom: 5px;'>75W (m\u00e1x.) @ 802.3bt PoE++ Tipo 4<\/li>\n<li style='margin-bottom: 5px;'>60W (m\u00e1x.) @ 802.3bt PoE++ Tipo 3<\/li>\n<li style='margin-bottom: 5px;'>75W (m\u00e1x.) @ PoH<\/li>\n<li style='margin-bottom: 5px;'>25W (m\u00e1x.) @ 802.3at PoE+<\/li>\n<\/ul><\/div>\n<\/p><\/div>\n<div style='flex: 1 1 300px; min-width: 280px; border: 1px solid rgba(150&comma;150&comma;150&comma;0.4); border-radius: 8px; overflow: hidden;'>\n<div style='padding: 15px; border-bottom: 1px solid rgba(150&comma;150&comma;150&comma;0.2); font-weight: bold; font-size: 18px; color: inherit;'>Caracter\u00edsticas f\u00edsicas<\/div>\n<div style='padding: 15px; color: inherit;'>\n<ul style='padding-left: 20px; margin: 0; font-size: 14px; list-style-type: disc;'>\n<li style='margin-bottom: 5px;'><strong>Dimensiones:<\/strong> 32 x 87.8 x 135 mm<\/li>\n<li style='margin-bottom: 5px;'><strong>Peso:<\/strong> 430g<\/li>\n<\/ul><\/div>\n<\/p><\/div>\n<div style='flex: 1 1 300px; min-width: 280px; border: 1px solid rgba(150&comma;150&comma;150&comma;0.4); border-radius: 8px; overflow: hidden;'>\n<div style='padding: 15px; border-bottom: 1px solid rgba(150&comma;150&comma;150&comma;0.2); font-weight: bold; font-size: 18px; color: inherit;'>Contenido del paquete<\/div>\n<div style='padding: 15px; color: inherit;'>\n<ul style='padding-left: 20px; margin: 0; font-size: 14px; list-style-type: disc;'>\n<li style='margin-bottom: 5px;'>1 x IPOEE174<\/li>\n<li style='margin-bottom: 5px;'>1 x Manual de usuario<\/li>\n<li style='margin-bottom: 5px;'>5 x Tapas conectores<\/li>\n<li style='margin-bottom: 5px;'>1 x Kit de montaje en pared<\/li>\n<\/ul><\/div>\n<\/p><\/div>\n<\/p><\/div>\n<p> <!-- Separador final --> <\/p>\n<hr style='border: 0; border-top: 1px solid rgba(150&comma;150&comma;150&comma;0.3); margin: 30px 0;'> <\/div>\n","protected":false},"excerpt":{"rendered":"<p>Extensor Industrial PoE, Entrada PoE 802.3 bt  y 4 Puertos de Salida Gigabit 802.3 af\/at<\/p>\n","protected":false},"featured_media":75471,"comment_status":"open","ping_status":"closed","template":"","meta":[],"product_brand":[],"product_cat":[1984],"product_tag":[1985,664,2033],"class_list":{"0":"post-75472","1":"product","2":"type-product","3":"status-publish","4":"has-post-thumbnail","6":"product_cat-industrial","7":"product_tag-industrial","8":"product_tag-networking","9":"product_tag-planet","11":"first","12":"instock","13":"sale","14":"shipping-taxable","15":"purchasable","16":"product-type-simple"},"_links":{"self":[{"href":"https:\/\/soydeaqui.ddns.net\/pachuca\/index.php\/wp-json\/wp\/v2\/product\/75472","targetHints":{"allow":["GET"]}}],"collection":[{"href":"https:\/\/soydeaqui.ddns.net\/pachuca\/index.php\/wp-json\/wp\/v2\/product"}],"about":[{"href":"https:\/\/soydeaqui.ddns.net\/pachuca\/index.php\/wp-json\/wp\/v2\/types\/product"}],"replies":[{"embeddable":true,"href":"https:\/\/soydeaqui.ddns.net\/pachuca\/index.php\/wp-json\/wp\/v2\/comments?post=75472"}],"wp:featuredmedia":[{"embeddable":true,"href":"https:\/\/soydeaqui.ddns.net\/pachuca\/index.php\/wp-json\/wp\/v2\/media\/75471"}],"wp:attachment":[{"href":"https:\/\/soydeaqui.ddns.net\/pachuca\/index.php\/wp-json\/wp\/v2\/media?parent=75472"}],"wp:term":[{"taxonomy":"product_brand","embeddable":true,"href":"https:\/\/soydeaqui.ddns.net\/pachuca\/index.php\/wp-json\/wp\/v2\/product_brand?post=75472"},{"taxonomy":"product_cat","embeddable":true,"href":"https:\/\/soydeaqui.ddns.net\/pachuca\/index.php\/wp-json\/wp\/v2\/product_cat?post=75472"},{"taxonomy":"product_tag","embeddable":true,"href":"https:\/\/soydeaqui.ddns.net\/pachuca\/index.php\/wp-json\/wp\/v2\/product_tag?post=75472"}],"curies":[{"name":"wp","href":"https:\/\/api.w.org\/{rel}","templated":true}]}}