{"id":75469,"date":"2026-03-19T14:41:35","date_gmt":"2026-03-19T14:41:35","guid":{"rendered":"https:\/\/soydeaqui.ddns.net\/pachuca\/index.php\/producto\/lobby-panel-para-montaje-en-superficie-compatible-con-equipos-doorking-1816-1820\/"},"modified":"2026-03-19T14:41:39","modified_gmt":"2026-03-19T14:41:39","slug":"lobby-panel-para-montaje-en-superficie-compatible-con-equipos-doorking-1816-1820","status":"publish","type":"product","link":"https:\/\/soydeaqui.ddns.net\/pachuca\/index.php\/producto\/lobby-panel-para-montaje-en-superficie-compatible-con-equipos-doorking-1816-1820\/","title":{"rendered":"Lobby panel para montaje en superficie compatible con equipos Doorking 1816\/1820"},"content":{"rendered":"<div style='width: 100%; max-width: 1200px; margin: 0 auto; font-family: sans-serif; line-height: 1.6; color: inherit; background-color: transparent;'>\n<div style='display: flex; flex-wrap: wrap; gap: 30px; margin-bottom: 30px;'>\n<div style='flex: 1 1 300px; min-width: 280px;'>\n<h3 style='font-size: 22px; border-bottom: 2px solid currentColor; padding-bottom: 5px; margin-top: 0; color: inherit; opacity: 0.8;'>Descripci\u00f3n<\/h3>\n<p style='font-size: 15px; margin: 10px 0 0 0; color: inherit;'>Los equipos &#8216;Lobby panel&#8217; pueden ser usados con los sistemas de intercom 1816 y 1820. Por s\u00ed solos no es posible conectarlos directamente a la central telef\u00f3nica&comma; por lo que es indispensable contar con un sistema de intercom para su implementaci\u00f3n.<\/p>\n<\/p><\/div>\n<\/p><\/div>\n<div style='display: flex; flex-wrap: wrap; gap: 20px; margin-bottom: 30px;'>\n<div style='flex: 1 1 250px; border: 1px solid rgba(150&comma; 150&comma; 150&comma; 0.4); border-radius: 8px; overflow: hidden; display: flex; flex-direction: column;'>\n<div style='padding: 15px; border-bottom: 1px solid rgba(150&comma; 150&comma; 150&comma; 0.2); font-weight: bold; font-size: 18px; color: inherit;'>Caracter\u00edsticas Principales<\/div>\n<div style='padding: 15px; color: inherit;'>\n<ul style='padding-left: 20px; margin: 0; font-size: 14px; list-style-type: disc;'>\n<li style='margin-bottom: 5px;'>Intercomunicador para sistemas telef\u00f3nicos sin necesidad de central telef\u00f3nica<\/li>\n<li style='margin-bottom: 5px;'>Identificaci\u00f3n por voz mediante tel\u00e9fono<\/li>\n<li style='margin-bottom: 5px;'>Acceso mediante pulsaci\u00f3n de tecla &#8216;9&#8217;<\/li>\n<li style='margin-bottom: 5px;'>Hasta 1200 usuarios soportados<\/li>\n<li style='margin-bottom: 5px;'>Detecci\u00f3n autom\u00e1tica de llamadas entrantes<\/li>\n<li style='margin-bottom: 5px;'>Doble tono de llamada para identificaci\u00f3n de llamadas<\/li>\n<li style='margin-bottom: 5px;'>2 a\u00f1os de garant\u00eda limitada<\/li>\n<\/ul><\/div>\n<\/p><\/div>\n<div style='flex: 1 1 250px; border: 1px solid rgba(150&comma; 150&comma; 150&comma; 0.4); border-radius: 8px; overflow: hidden; display: flex; flex-direction: column;'>\n<div style='padding: 15px; border-bottom: 1px solid rgba(150&comma; 150&comma; 150&comma; 0.2); font-weight: bold; font-size: 18px; color: inherit;'>Aplicaciones<\/div>\n<div style='padding: 15px; color: inherit;'>\n<ul style='padding-left: 20px; margin: 0; font-size: 14px; list-style-type: disc;'>\n<li style='margin-bottom: 5px;'>Edificios residenciales<\/li>\n<li style='margin-bottom: 5px;'>Condominios<\/li>\n<li style='margin-bottom: 5px;'>Edificios de uso mixto<\/li>\n<li style='margin-bottom: 5px;'>Aplicaciones comerciales<\/li>\n<\/ul><\/div>\n<\/p><\/div>\n<div style='flex: 1 1 250px; border: 1px solid rgba(150&comma; 150&comma; 150&comma; 0.4); border-radius: 8px; overflow: hidden; display: flex; flex-direction: column;'>\n<div style='padding: 15px; border-bottom: 1px solid rgba(150&comma; 150&comma; 150&comma; 0.2); font-weight: bold; font-size: 18px; color: inherit;'>Caracter\u00edsticas T\u00e9cnicas<\/div>\n<div style='padding: 15px; color: inherit;'>\n<ul style='padding-left: 20px; margin: 0; font-size: 14px; list-style-type: disc;'>\n<li style='margin-bottom: 5px;'>16 VAC (transformador incluido)<\/li>\n<li style='margin-bottom: 5px;'>Rango de temperatura: 10\u00baF a 145\u00baF (-12\u00b0C a 62\u00b0C)<\/li>\n<li style='margin-bottom: 5px;'>Compatibilidad con todos los sistemas DKS<\/li>\n<li style='margin-bottom: 5px;'>Soporta hasta 1200 l\u00edneas telef\u00f3nicas<\/li>\n<li style='margin-bottom: 5px;'>Memoria para 10 n\u00fameros preprogramados<\/li>\n<\/ul><\/div>\n<\/p><\/div>\n<\/p><\/div>\n<div style='display: flex; flex-wrap: wrap; gap: 20px; margin-bottom: 30px;'>\n<div style='flex: 1 1 250px; border: 1px solid rgba(150&comma; 150&comma; 150&comma; 0.4); border-radius: 8px; overflow: hidden; display: flex; flex-direction: column;'>\n<div style='padding: 15px; border-bottom: 1px solid rgba(150&comma; 150&comma; 150&comma; 0.2); font-weight: bold; font-size: 18px; color: inherit;'>Configuraci\u00f3n Requerida<\/div>\n<div style='padding: 15px; color: inherit;'>\n<ul style='padding-left: 20px; margin: 0; font-size: 14px; list-style-type: disc;'>\n<li style='margin-bottom: 5px;'>1 control principal o gabinete<\/li>\n<li style='margin-bottom: 5px;'>1 tarjeta de rel\u00e9<\/li>\n<li style='margin-bottom: 5px;'>1 cable de conexi\u00f3n<\/li>\n<li style='margin-bottom: 5px;'>1 bloque telef\u00f3nico RJ71C por cada 12 l\u00edneas<\/li>\n<\/ul><\/div>\n<\/p><\/div>\n<div style='flex: 1 1 250px; border: 1px solid rgba(150&comma; 150&comma; 150&comma; 0.4); border-radius: 8px; overflow: hidden; display: flex; flex-direction: column;'>\n<div style='padding: 15px; border-bottom: 1px solid rgba(150&comma; 150&comma; 150&comma; 0.2); font-weight: bold; font-size: 18px; color: inherit;'>Opciones de Expansi\u00f3n<\/div>\n<div style='padding: 15px; color: inherit;'>\n<ul style='padding-left: 20px; margin: 0; font-size: 14px; list-style-type: disc;'>\n<li style='margin-bottom: 5px;'>Hasta 156 l\u00edneas con gabinete principal<\/li>\n<li style='margin-bottom: 5px;'>Hasta 60 l\u00edneas con gabinetes peque\u00f1os<\/li>\n<li style='margin-bottom: 5px;'>Hasta 192 l\u00edneas con gabinete auxiliar<\/li>\n<\/ul><\/div>\n<\/p><\/div>\n<div style='flex: 1 1 250px; border: 1px solid rgba(150&comma; 150&comma; 150&comma; 0.4); border-radius: 8px; overflow: hidden; display: flex; flex-direction: column;'>\n<div style='padding: 15px; border-bottom: 1px solid rgba(150&comma; 150&comma; 150&comma; 0.2); font-weight: bold; font-size: 18px; color: inherit;'>Funciones Avanzadas<\/div>\n<div style='padding: 15px; color: inherit;'>\n<ul style='padding-left: 20px; margin: 0; font-size: 14px; list-style-type: disc;'>\n<li style='margin-bottom: 5px;'>Funci\u00f3n &#8216;No molestar&#8217; programable<\/li>\n<li style='margin-bottom: 5px;'>Reenv\u00edo de llamadas programable<\/li>\n<li style='margin-bottom: 5px;'>Comunicaci\u00f3n full-duplex<\/li>\n<li style='margin-bottom: 5px;'>Directorio programable<\/li>\n<\/ul><\/div>\n<\/p><\/div>\n<\/p><\/div>\n<hr style='border: 0; border-top: 1px solid rgba(150&comma; 150&comma; 150&comma; 0.3); margin: 30px 0;'>\n<div style='display: flex; flex-wrap: wrap; gap: 20px; margin-bottom: 30px;'>\n<div style='flex: 1 1 250px; border: 1px solid rgba(150&comma; 150&comma; 150&comma; 0.4); border-radius: 8px; overflow: hidden; display: flex; flex-direction: column;'>\n<div style='padding: 15px; border-bottom: 1px solid rgba(150&comma; 150&comma; 150&comma; 0.2); font-weight: bold; font-size: 18px; color: inherit;'>Dimensiones<\/div>\n<div style='padding: 15px; color: inherit;'>\n<ul style='padding-left: 20px; margin: 0; font-size: 14px; list-style-type: disc;'>\n<li style='margin-bottom: 5px;'><strong>Gabinete grande:<\/strong> 13.25&#8242; W x 35.25&#8242; H x 5&#8242; D (336.5mm W x 895mm H x 127mm D)<\/li>\n<li style='margin-bottom: 5px;'><strong>Gabinete peque\u00f1o:<\/strong> 13.25&#8242; W x 21.25&#8242; H x 5&#8242; D (336.5mm W x 540mm H x 127mm D)<\/li>\n<\/ul><\/div>\n<\/p><\/div>\n<div style='flex: 1 1 250px; border: 1px solid rgba(150&comma; 150&comma; 150&comma; 0.4); border-radius: 8px; overflow: hidden; display: flex; flex-direction: column;'>\n<div style='padding: 15px; border-bottom: 1px solid rgba(150&comma; 150&comma; 150&comma; 0.2); font-weight: bold; font-size: 18px; color: inherit;'>Peso<\/div>\n<div style='padding: 15px; color: inherit;'>\n<ul style='padding-left: 20px; margin: 0; font-size: 14px; list-style-type: disc;'>\n<li style='margin-bottom: 5px;'><strong>Gabinete grande:<\/strong> Aproximadamente 32 Lbs (14.5 kg)<\/li>\n<li style='margin-bottom: 5px;'><strong>Gabinete peque\u00f1o:<\/strong> Aproximadamente 21 Lbs (9.5 kg)<\/li>\n<\/ul><\/div>\n<\/p><\/div>\n<div style='flex: 1 1 250px; border: 1px solid rgba(150&comma; 150&comma; 150&comma; 0.4); border-radius: 8px; overflow: hidden; display: flex; flex-direction: column;'>\n<div style='padding: 15px; border-bottom: 1px solid rgba(150&comma; 150&comma; 150&comma; 0.2); font-weight: bold; font-size: 18px; color: inherit;'>Certificaciones<\/div>\n<div style='padding: 15px; color: inherit;'>\n<ul style='padding-left: 20px; margin: 0; font-size: 14px; list-style-type: disc;'>\n<li style='margin-bottom: 5px;'>FCC (US) DUF6VT-12874-OT-0<\/li>\n<li style='margin-bottom: 5px;'>DOC (CAN) 1736 4528 A<\/li>\n<\/ul><\/div>\n<\/p><\/div>\n<\/p><\/div>\n<\/p><\/div>\n","protected":false},"excerpt":{"rendered":"<p>Lobby panel para montaje en superficie compatible con equipos Doorking 1816\/1820<\/p>\n","protected":false},"featured_media":75468,"comment_status":"open","ping_status":"closed","template":"","meta":[],"product_brand":[],"product_cat":[907],"product_tag":[781,908,557],"class_list":{"0":"post-75469","1":"product","2":"type-product","3":"status-publish","4":"has-post-thumbnail","6":"product_cat-interfones","7":"product_tag-dks-doorking","8":"product_tag-interfones","9":"product_tag-videoporteros-e-interfonos","11":"first","12":"outofstock","13":"sale","14":"shipping-taxable","15":"purchasable","16":"product-type-simple"},"_links":{"self":[{"href":"https:\/\/soydeaqui.ddns.net\/pachuca\/index.php\/wp-json\/wp\/v2\/product\/75469","targetHints":{"allow":["GET"]}}],"collection":[{"href":"https:\/\/soydeaqui.ddns.net\/pachuca\/index.php\/wp-json\/wp\/v2\/product"}],"about":[{"href":"https:\/\/soydeaqui.ddns.net\/pachuca\/index.php\/wp-json\/wp\/v2\/types\/product"}],"replies":[{"embeddable":true,"href":"https:\/\/soydeaqui.ddns.net\/pachuca\/index.php\/wp-json\/wp\/v2\/comments?post=75469"}],"wp:featuredmedia":[{"embeddable":true,"href":"https:\/\/soydeaqui.ddns.net\/pachuca\/index.php\/wp-json\/wp\/v2\/media\/75468"}],"wp:attachment":[{"href":"https:\/\/soydeaqui.ddns.net\/pachuca\/index.php\/wp-json\/wp\/v2\/media?parent=75469"}],"wp:term":[{"taxonomy":"product_brand","embeddable":true,"href":"https:\/\/soydeaqui.ddns.net\/pachuca\/index.php\/wp-json\/wp\/v2\/product_brand?post=75469"},{"taxonomy":"product_cat","embeddable":true,"href":"https:\/\/soydeaqui.ddns.net\/pachuca\/index.php\/wp-json\/wp\/v2\/product_cat?post=75469"},{"taxonomy":"product_tag","embeddable":true,"href":"https:\/\/soydeaqui.ddns.net\/pachuca\/index.php\/wp-json\/wp\/v2\/product_tag?post=75469"}],"curies":[{"name":"wp","href":"https:\/\/api.w.org\/{rel}","templated":true}]}}