{"id":75430,"date":"2026-03-19T14:40:04","date_gmt":"2026-03-19T14:40:04","guid":{"rendered":"https:\/\/soydeaqui.ddns.net\/pachuca\/index.php\/producto\/switch-stack-administrable-capa-3-de-48-puertos-1gbps-4-puertos-sfp-1gbps-throughput-77-mpps\/"},"modified":"2026-03-19T14:40:06","modified_gmt":"2026-03-19T14:40:06","slug":"switch-stack-administrable-capa-3-de-48-puertos-1gbps-4-puertos-sfp-1gbps-throughput-77-mpps","status":"publish","type":"product","link":"https:\/\/soydeaqui.ddns.net\/pachuca\/index.php\/producto\/switch-stack-administrable-capa-3-de-48-puertos-1gbps-4-puertos-sfp-1gbps-throughput-77-mpps\/","title":{"rendered":"Switch Stack Administrable Capa 3 de 48 puertos 1Gbps + 4 puertos SFP 1Gbps Throughput 77 Mpps"},"content":{"rendered":"<div style='width: 100%; max-width: 1200px; margin: 0 auto; font-family: sans-serif; line-height: 1.6; color: inherit; background-color: transparent;'>\n<div style='display: flex; flex-wrap: wrap; gap: 30px; margin-bottom: 30px;'>\n<div style='flex: 1 1 300px; min-width: 280px;'>\n<h3 style='font-size: 22px; border-bottom: 2px solid currentColor; padding-bottom: 5px; margin-top: 0; color: inherit; opacity: 0.8;'>Puertos f\u00edsicos<\/h3>\n<ul style='padding-left: 20px; font-size: 15px; color: inherit;'>\n<li style='margin-bottom: 5px;'>48 puertos a 10\/100 \/ 1000BASE-T Gigabit Ethernet RJ45<\/li>\n<li style='margin-bottom: 5px;'>4 1000BASE-X \/ SFP mini-GBIC ranuras<\/li>\n<li style='margin-bottom: 5px;'>RJ45 a DB9 interfaz de la consola para el interruptor de la gesti\u00f3n y configuraci\u00f3n b\u00e1sica<\/li>\n<\/ul><\/div>\n<div style='flex: 1 1 300px; min-width: 280px;'>\n<h3 style='font-size: 22px; border-bottom: 2px solid currentColor; padding-bottom: 5px; margin-top: 0; color: inherit; opacity: 0.8;'>IP de apilamiento<\/h3>\n<ul style='padding-left: 20px; font-size: 15px; color: inherit;'>\n<li style='margin-bottom: 5px;'>Se conecta con el miembro de la pila a trav\u00e9s de dos Gigabit TP y las interfaces SFP<\/li>\n<li style='margin-bottom: 5px;'>Gesti\u00f3n \u00fanica direcci\u00f3n IP&comma; que soporta hasta 24 unidades apiladas<\/li>\n<li style='margin-bottom: 5px;'>Caracter\u00edsticas de enrutamiento IP<\/li>\n<li style='margin-bottom: 5px;'>Soporta un m\u00e1ximo de 128 rutas est\u00e1ticas y res\u00famenes de rutas<\/li>\n<li style='margin-bottom: 5px;'>Soporta el protocolo de enrutamiento din\u00e1mico: RIP y OSPF<\/li>\n<\/ul><\/div>\n<div style='flex: 1 1 300px; min-width: 280px;'>\n<h3 style='font-size: 22px; border-bottom: 2px solid currentColor; padding-bottom: 5px; margin-top: 0; color: inherit; opacity: 0.8;'>Capa 2 Caracter\u00edsticas<\/h3>\n<ul style='padding-left: 20px; font-size: 15px; color: inherit;'>\n<li style='margin-bottom: 5px;'>Control de flujo IEEE 802.3x marco de la pausa para el modo full-duplex<\/li>\n<li style='margin-bottom: 5px;'>Control de flujo Back-presi\u00f3n en modo half-duplex<\/li>\n<li style='margin-bottom: 5px;'>IEEE 802.1Q VLAN basada en etiquetas<\/li>\n<li style='margin-bottom: 5px;'>GVRP para la gesti\u00f3n din\u00e1mica de VLAN<\/li>\n<li style='margin-bottom: 5px;'>Hasta 256 grupos VLAN&comma; de 4041 IDs de VLAN<\/li>\n<li style='margin-bottom: 5px;'>Bridging Proveedor (VLAN Q-in-Q&comma; IEEE 802.1ad) apoyado<\/li>\n<li style='margin-bottom: 5px;'>Private VLAN Edge (PVE) apoyado<\/li>\n<li style='margin-bottom: 5px;'>GVRP protocolo para VLAN de administraci\u00f3n<\/li>\n<li style='margin-bottom: 5px;'>VLAN basada en Protocolo<\/li>\n<li style='margin-bottom: 5px;'>VLAN basada en MAC<\/li>\n<li style='margin-bottom: 5px;'>VLAN subred IP<\/li>\n<\/ul><\/div>\n<div style='flex: 1 1 300px; min-width: 280px;'>\n<h3 style='font-size: 22px; border-bottom: 2px solid currentColor; padding-bottom: 5px; margin-top: 0; color: inherit; opacity: 0.8;'>Agregaci\u00f3n de enlaces<\/h3>\n<ul style='padding-left: 20px; font-size: 15px; color: inherit;'>\n<li style='margin-bottom: 5px;'>Un m\u00e1ximo de 128 grupos de enlaces&comma; hasta 8 puertos por grupo de enlaces<\/li>\n<li style='margin-bottom: 5px;'>IEEE 802.3ad LACP (Link Aggregation Control Protocol)<\/li>\n<li style='margin-bottom: 5px;'>Cisco \u00e9ter-canal (tronco est\u00e1tica)<\/li>\n<\/ul><\/div>\n<div style='flex: 1 1 300px; min-width: 280px;'>\n<h3 style='font-size: 22px; border-bottom: 2px solid currentColor; padding-bottom: 5px; margin-top: 0; color: inherit; opacity: 0.8;'>Protocolos Spanning Tree<\/h3>\n<ul style='padding-left: 20px; font-size: 15px; color: inherit;'>\n<li style='margin-bottom: 5px;'>STP&comma; IEEE 802.1D (Protocolo de \u00e1rbol de expansi\u00f3n Classic)<\/li>\n<li style='margin-bottom: 5px;'>RSTP&comma; IEEE 802.1w (Rapid Spanning Tree Protocol)<\/li>\n<li style='margin-bottom: 5px;'>MSTP&comma; 802.1s del IEEE (Multiple Spanning Tree Protocol&comma; \u00e1rbol de expansi\u00f3n por VLAN)<\/li>\n<li style='margin-bottom: 5px;'>Soporta BPDU y ra\u00edz de guardia<\/li>\n<\/ul><\/div>\n<div style='flex: 1 1 300px; min-width: 280px;'>\n<h3 style='font-size: 22px; border-bottom: 2px solid currentColor; padding-bottom: 5px; margin-top: 0; color: inherit; opacity: 0.8;'>Caracter\u00edsticas adicionales<\/h3>\n<ul style='padding-left: 20px; font-size: 15px; color: inherit;'>\n<li style='margin-bottom: 5px;'>Cumple con el est\u00e1ndar IEEE 802.3&comma; IEEE 802.3u&comma; IEEE 802.3ab&comma; IEEE est\u00e1ndar Gigabit Ethernet 802&comma;3z<\/li>\n<li style='margin-bottom: 5px;'>Es compatible con semid\u00faplex \/ modos de d\u00faplex completo para todos 10BASE-T&comma; 100BASE-TX auto-negociaci\u00f3n y y puertos 1000BASE-T<\/li>\n<li style='margin-bottom: 5px;'>Detecci\u00f3n \/ MDI-X Auto-MDI en cada puerto RJ45<\/li>\n<li style='margin-bottom: 5px;'>Evita la p\u00e9rdida de paquetes de control de flujo<\/li>\n<li style='margin-bottom: 5px;'>Alto rendimiento de la tienda y reenv\u00edo arquitectura&comma; control de tormentas de difusi\u00f3n&comma; de bucle de retorno puerto detectar<\/li>\n<li style='margin-bottom: 5px;'>tabla de direcciones MAC de 16K&comma; el aprendizaje autom\u00e1tico de direcci\u00f3n de origen y el envejecimiento<\/li>\n<li style='margin-bottom: 5px;'>Soporta VLAN<\/li>\n<li style='margin-bottom: 5px;'>Soporta agregaci\u00f3n de enlaces<\/li>\n<li style='margin-bottom: 5px;'>Soporta Protocolo de \u00e1rbol de expansi\u00f3n<\/li>\n<li style='margin-bottom: 5px;'>Replicaci\u00f3n de puertos para controlar el tr\u00e1fico entrante o saliente en un puerto concreto (muchos a muchos)<\/li>\n<li style='margin-bottom: 5px;'>Proporciona duplicaci\u00f3n de puertos (muchos-a-1)<\/li>\n<\/ul><\/div>\n<\/p><\/div>\n<div style='display: flex; flex-wrap: wrap; gap: 20px; margin-bottom: 30px;'>\n<div style='flex: 1 1 250px; border: 1px solid rgba(150&comma; 150&comma; 150&comma; 0.4); border-radius: 8px; overflow: hidden; display: flex; flex-direction: column;'>\n<div style='padding: 15px; border-bottom: 1px solid rgba(150&comma; 150&comma; 150&comma; 0.2); font-weight: bold; font-size: 18px; color: inherit;'>Calidad de servicio<\/div>\n<div style='padding: 15px; color: inherit;'>\n<ul style='padding-left: 20px; margin: 0; font-size: 14px; list-style-type: disc;'>\n<li style='margin-bottom: 5px;'><strong>IEEE 802.1p CoS \/ ToS<\/strong><\/li>\n<li style='margin-bottom: 5px;'><strong>IPv4 \/ IPv6 DSCP<\/strong><\/li>\n<li style='margin-bottom: 5px;'><strong>WRR basada en puerto<\/strong><\/li>\n<li style='margin-bottom: 5px;'>8 colas de prioridad en todos los puertos del switch<\/li>\n<li style='margin-bottom: 5px;'>Es compatible con la estricta prioridad y pol\u00edticas WRR (Weighted Round Robin) CoS<\/li>\n<li style='margin-bottom: 5px;'>Clasificaci\u00f3n del tr\u00e1fico<\/li>\n<li style='margin-bottom: 5px;'>De prioridad estricta y las pol\u00edticas de CoS WRR<\/li>\n<\/ul><\/div>\n<\/p><\/div>\n<div style='flex: 1 1 250px; border: 1px solid rgba(150&comma; 150&comma; 150&comma; 0.4); border-radius: 8px; overflow: hidden; display: flex; flex-direction: column;'>\n<div style='padding: 15px; border-bottom: 1px solid rgba(150&comma; 150&comma; 150&comma; 0.2); font-weight: bold; font-size: 18px; color: inherit;'>Multicast<\/div>\n<div style='padding: 15px; color: inherit;'>\n<ul style='padding-left: 20px; margin: 0; font-size: 14px; list-style-type: disc;'>\n<li style='margin-bottom: 5px;'>Soporta IPv4 IGMP v1&comma; v2 y v3&comma; IPv6 MLD v1 y v2 snooping<\/li>\n<li style='margin-bottom: 5px;'>Soporta el modo de Querier<\/li>\n<li style='margin-bottom: 5px;'>Soporta VLAN de multidifusi\u00f3n Registro (MVR)<\/li>\n<\/ul><\/div>\n<\/p><\/div>\n<div style='flex: 1 1 250px; border: 1px solid rgba(150&comma; 150&comma; 150&comma; 0.4); border-radius: 8px; overflow: hidden; display: flex; flex-direction: column;'>\n<div style='padding: 15px; border-bottom: 1px solid rgba(150&comma; 150&comma; 150&comma; 0.2); font-weight: bold; font-size: 18px; color: inherit;'>Seguridad<\/div>\n<div style='padding: 15px; color: inherit;'>\n<ul style='padding-left: 20px; margin: 0; font-size: 14px; list-style-type: disc;'>\n<li style='margin-bottom: 5px;'>IEEE 802.1x autenticaci\u00f3n de acceso a la red basada en puerto<\/li>\n<li style='margin-bottom: 5px;'>Autenticaci\u00f3n de acceso a la red basada en MAC<\/li>\n<li style='margin-bottom: 5px;'>Incorporado en el cliente RADIUS para IPv4 e IPv6<\/li>\n<li style='margin-bottom: 5px;'>Usuarios de registro de autenticaci\u00f3n de acceso TACACS<\/li>\n<li style='margin-bottom: 5px;'>Lista de control de acceso (ACL) basada en IP<\/li>\n<li style='margin-bottom: 5px;'>Lista de control de acceso basado en MAC<\/li>\n<li style='margin-bottom: 5px;'>Soporta DHCP snooping<\/li>\n<li style='margin-bottom: 5px;'>Soporta la inspecci\u00f3n ARP<\/li>\n<li style='margin-bottom: 5px;'>IP Source Guard previene los ataques de suplantaci\u00f3n de identidad<\/li>\n<li style='margin-bottom: 5px;'>Din\u00e1mica ARP Inspecci\u00f3n descarta los paquetes ARP con la direcci\u00f3n MAC de uni\u00f3n a la direcci\u00f3n IP no v\u00e1lida<\/li>\n<\/ul><\/div>\n<\/p><\/div>\n<div style='flex: 1 1 250px; border: 1px solid rgba(150&comma; 150&comma; 150&comma; 0.4); border-radius: 8px; overflow: hidden; display: flex; flex-direction: column;'>\n<div style='padding: 15px; border-bottom: 1px solid rgba(150&comma; 150&comma; 150&comma; 0.2); font-weight: bold; font-size: 18px; color: inherit;'>Administraci\u00f3n<\/div>\n<div style='padding: 15px; color: inherit;'>\n<ul style='padding-left: 20px; margin: 0; font-size: 14px; list-style-type: disc;'>\n<li style='margin-bottom: 5px;'>IP de administraci\u00f3n para IPv4 e IPv6<\/li>\n<li style='margin-bottom: 5px;'>Interfaz de administraci\u00f3n del conmutador<\/li>\n<li style='margin-bottom: 5px;'>CLI \/ Telnet \/ Consola para gesti\u00f3n<\/li>\n<li style='margin-bottom: 5px;'>Administraci\u00f3n web del switch<\/li>\n<li style='margin-bottom: 5px;'>Soporte SNMP v1&comma; v2c y v3<\/li>\n<li style='margin-bottom: 5px;'>Acceso seguro SSH \/ SSL<\/li>\n<li style='margin-bottom: 5px;'>Asignaci\u00f3n de direcciones IP con BOOTP y DHCP<\/li>\n<li style='margin-bottom: 5px;'>Actualizaci\u00f3n de firmware a trav\u00e9s de TFTP o HTTP<\/li>\n<li style='margin-bottom: 5px;'>SNTP (Simple Network Time Protocol) para IPv4 e IPv6<\/li>\n<li style='margin-bottom: 5px;'>Control de niveles de privilegios de usuario<\/li>\n<li style='margin-bottom: 5px;'>Servidor Syslog para IPv4 e IPv6<\/li>\n<li style='margin-bottom: 5px;'>Cuatro grupos de RMON 1&comma; 2&comma; 3&comma; 9<\/li>\n<li style='margin-bottom: 5px;'>Soporta funciones de ping y traceroute para IPv4 e IPv6<\/li>\n<\/ul><\/div>\n<\/p><\/div>\n<\/p><\/div>\n<hr style='border: 0; border-top: 1px solid rgba(150&comma; 150&comma; 150&comma; 0.3); margin: 30px 0;'> <\/div>\n","protected":false},"excerpt":{"rendered":"<p>Switch Stack Administrable Capa 3 de 48 puertos 1Gbps + 4 puertos SFP 1Gbps Throughput 77 Mpps<\/p>\n","protected":false},"featured_media":75429,"comment_status":"open","ping_status":"closed","template":"","meta":[],"product_brand":[],"product_cat":[1970],"product_tag":[664,2033,1971],"class_list":{"0":"post-75430","1":"product","2":"type-product","3":"status-publish","4":"has-post-thumbnail","6":"product_cat-switches","7":"product_tag-networking","8":"product_tag-planet","9":"product_tag-switches","11":"first","12":"outofstock","13":"sale","14":"shipping-taxable","15":"purchasable","16":"product-type-simple"},"_links":{"self":[{"href":"https:\/\/soydeaqui.ddns.net\/pachuca\/index.php\/wp-json\/wp\/v2\/product\/75430","targetHints":{"allow":["GET"]}}],"collection":[{"href":"https:\/\/soydeaqui.ddns.net\/pachuca\/index.php\/wp-json\/wp\/v2\/product"}],"about":[{"href":"https:\/\/soydeaqui.ddns.net\/pachuca\/index.php\/wp-json\/wp\/v2\/types\/product"}],"replies":[{"embeddable":true,"href":"https:\/\/soydeaqui.ddns.net\/pachuca\/index.php\/wp-json\/wp\/v2\/comments?post=75430"}],"wp:featuredmedia":[{"embeddable":true,"href":"https:\/\/soydeaqui.ddns.net\/pachuca\/index.php\/wp-json\/wp\/v2\/media\/75429"}],"wp:attachment":[{"href":"https:\/\/soydeaqui.ddns.net\/pachuca\/index.php\/wp-json\/wp\/v2\/media?parent=75430"}],"wp:term":[{"taxonomy":"product_brand","embeddable":true,"href":"https:\/\/soydeaqui.ddns.net\/pachuca\/index.php\/wp-json\/wp\/v2\/product_brand?post=75430"},{"taxonomy":"product_cat","embeddable":true,"href":"https:\/\/soydeaqui.ddns.net\/pachuca\/index.php\/wp-json\/wp\/v2\/product_cat?post=75430"},{"taxonomy":"product_tag","embeddable":true,"href":"https:\/\/soydeaqui.ddns.net\/pachuca\/index.php\/wp-json\/wp\/v2\/product_tag?post=75430"}],"curies":[{"name":"wp","href":"https:\/\/api.w.org\/{rel}","templated":true}]}}