{"id":75417,"date":"2026-03-19T14:39:31","date_gmt":"2026-03-19T14:39:31","guid":{"rendered":"https:\/\/soydeaqui.ddns.net\/pachuca\/index.php\/producto\/qrt-5-ac-punto-de-acceso-ac-hasta-450-mbps-en-5ghz-4-9-5-875-antena-integrada-24-dbi-apertura-v-10-5-h-10-5-hasta-1000-mw-de-potencia\/"},"modified":"2026-03-19T14:39:32","modified_gmt":"2026-03-19T14:39:32","slug":"qrt-5-ac-punto-de-acceso-ac-hasta-450-mbps-en-5ghz-4-9-5-875-antena-integrada-24-dbi-apertura-v-10-5-h-10-5-hasta-1000-mw-de-potencia","status":"publish","type":"product","link":"https:\/\/soydeaqui.ddns.net\/pachuca\/index.php\/producto\/qrt-5-ac-punto-de-acceso-ac-hasta-450-mbps-en-5ghz-4-9-5-875-antena-integrada-24-dbi-apertura-v-10-5-h-10-5-hasta-1000-mw-de-potencia\/","title":{"rendered":"(QRT 5 ac) Punto de Acceso AC hasta 450 Mbps en 5GHz (4.9 &#8211; 5.875), Antena Integrada 24 dBi, Apertura V 10.5\u00b0 H 10.5\u00b0, Hasta 1000 mW de Potencia"},"content":{"rendered":"<div style='width: 100%; max-width: 1200px; margin: 0 auto; font-family: sans-serif; line-height: 1.6; color: inherit; background-color: transparent;'>\n<div style='display: flex; flex-wrap: wrap; gap: 30px; margin-bottom: 30px;'>\n<div style='flex: 1 1 300px; min-width: 280px;'>\n<h3 style='font-size: 22px; border-bottom: 2px solid currentColor; padding-bottom: 5px; margin-top: 0; color: inherit; opacity: 0.8;'>Descripci\u00f3n<\/h3>\n<p style='font-size: 15px; color: inherit; margin-bottom: 15px;'>El QRT 5 ac es una antena resistente de panel ideal para exteriores&comma; con un Routerboard incorporado. El dispositivo tiene una antena de 24 dBi y un transmisor inal\u00e1mbrico de alta potencia de 5 GHz que ahora es compatible con 802.11 ac y tambi\u00e9n es compatible con 802.11a \/ n.<\/p>\n<p style='font-size: 15px; color: inherit; margin-bottom: 15px;'>En el interior se encuentra el dispositivo inal\u00e1mbrico de doble cadena RB911G-5HPacD de alta potencia&comma; con transmisor inal\u00e1mbrico de alto rendimiento. Tiene un puerto Gigabit Ethernet para aprovechar al m\u00e1ximo las ventajas de la conexi\u00f3n inal\u00e1mbrica de alta velocidad 802.11 ac.<\/p>\n<p style='font-size: 15px; color: inherit; margin-bottom: 15px;'>F\u00e1cil de usar y r\u00e1pido de implementar&comma; QRT es ideal para enlaces punto a punto m\u00e1s largos a velocidades de 802.11 ac.<\/p>\n<\/p><\/div>\n<\/p><\/div>\n<div style='display: flex; flex-wrap: wrap; gap: 20px; margin-bottom: 30px;'>\n<div style='flex: 1 1 250px; border: 1px solid rgba(150&comma; 150&comma; 150&comma; 0.4); border-radius: 8px; overflow: hidden; display: flex; flex-direction: column;'>\n<div style='padding: 15px; border-bottom: 1px solid rgba(150&comma; 150&comma; 150&comma; 0.2); font-weight: bold; font-size: 18px; color: inherit;'>Especificaciones<\/div>\n<div style='padding: 15px; color: inherit;'>\n<ul style='padding-left: 20px; margin: 0; font-size: 14px; list-style-type: disc;'>\n<li style='margin-bottom: 5px;'>Rango de Operaci\u00f3n 4.9 &#8211; 5.875 GHz<\/li>\n<li style='margin-bottom: 5px;'>Modo de Operaci\u00f3n AP&comma; Cliente<\/li>\n<li style='margin-bottom: 5px;'>Est\u00e1ndar 802.11 a\/n\/ac<\/li>\n<li style='margin-bottom: 5px;'>Ancho de Canal 20\/40\/80 MHz<\/li>\n<li style='margin-bottom: 5px;'>Incluye PoE pasivo 24 V<\/li>\n<li style='margin-bottom: 5px;'>Soporta Entrada de Voltaje de 8 &#8211; 30 V<\/li>\n<li style='margin-bottom: 5px;'>Antena integrada de 24 dBi<\/li>\n<li style='margin-bottom: 5px;'><strong>Nivel de Licencia 4<\/strong><\/li>\n<li style='margin-bottom: 5px;'>Dimensiones: 309 x 320 x 50 mm<\/li>\n<\/ul><\/div>\n<\/p><\/div>\n<\/p><\/div>\n<hr style='border: 0; border-top: 1px solid rgba(150&comma; 150&comma; 150&comma; 0.3); margin: 30px 0;'>\n<div style='display: flex; flex-wrap: wrap; gap: 30px; margin-bottom: 30px;'>\n<div style='flex: 1 1 300px; min-width: 280px;'>\n<h3 style='font-size: 22px; border-bottom: 2px solid currentColor; padding-bottom: 5px; margin-top: 0; color: inherit; opacity: 0.8;'>Accesorios incluidos<\/h3>\n<div style='display: flex; flex-wrap: wrap; gap: 15px; margin-top: 15px;'> <img style='width: 100%; height: auto; border: 1px solid rgba(150&comma;150&comma;150&comma;0.3); border-radius: 8px; max-width: 114px;' src='https:\/\/ftp3.syscom.mx\/usuarios\/alevario\/mikrotik\/part111391160732s.jpg' alt=''> <img style='width: 100%; height: auto; border: 1px solid rgba(150&comma;150&comma;150&comma;0.3); border-radius: 8px; max-width: 109px;' src='https:\/\/ftp3.syscom.mx\/usuarios\/alevario\/mikrotik\/part11391161548s.jpg' alt=''> <img style='width: 100%; height: auto; border: 1px solid rgba(150&comma;150&comma;150&comma;0.3); border-radius: 8px; max-width: 116px;' src='https:\/\/ftp3.syscom.mx\/usuarios\/alevario\/mikrotik\/part131391160260s.jpg' alt=''> <img style='width: 100%; height: auto; border: 1px solid rgba(150&comma;150&comma;150&comma;0.3); border-radius: 8px; max-width: 162px;' src='https:\/\/ftp3.syscom.mx\/usuarios\/alevario\/mikrotik\/part71391160316s.jpg' alt=''> <img style='width: 100%; height: auto; border: 1px solid rgba(150&comma;150&comma;150&comma;0.3); border-radius: 8px; max-width: 118px;' src='https:\/\/ftp3.syscom.mx\/usuarios\/alevario\/mikrotik\/part121391159986s.jpg' alt=''> <img style='width: 100%; height: auto; border: 1px solid rgba(150&comma;150&comma;150&comma;0.3); border-radius: 8px; max-width: 118px;' src='http:\/\/img.routerboard.com\/mimg\/part121391159986s.jpg' alt=''> <img style='width: 100%; height: auto; border: 1px solid rgba(150&comma;150&comma;150&comma;0.3); border-radius: 8px; max-width: 116px;' src='http:\/\/img.routerboard.com\/mimg\/part131391160260s.jpg' alt=''> <img style='width: 100%; height: auto; border: 1px solid rgba(150&comma;150&comma;150&comma;0.3); border-radius: 8px; max-width: 139px;' src='http:\/\/img.routerboard.com\/mimg\/part141391160278s.jpg' alt=''> <img style='width: 100%; height: auto; border: 1px solid rgba(150&comma;150&comma;150&comma;0.3); border-radius: 8px; max-width: 162px;' src='http:\/\/img.routerboard.com\/mimg\/part71391160316s.jpg' alt=''> <img style='width: 100%; height: auto; border: 1px solid rgba(150&comma;150&comma;150&comma;0.3); border-radius: 8px; max-width: 139px;' src='https:\/\/ftp3.syscom.mx\/usuarios\/alevario\/mikrotik\/part141391160278s.jpg' alt=''> <\/div>\n<\/p><\/div>\n<\/p><\/div>\n<hr style='border: 0; border-top: 1px solid rgba(150&comma; 150&comma; 150&comma; 0.3); margin: 30px 0;'>\n<div style='display: flex; flex-wrap: wrap; gap: 30px; margin-bottom: 30px;'>\n<div style='flex: 1 1 300px; min-width: 280px;'>\n<h3 style='font-size: 22px; border-bottom: 2px solid currentColor; padding-bottom: 5px; margin-top: 0; color: inherit; opacity: 0.8;'>Garant\u00eda<\/h3>\n<p> <img style='width: 100%; height: auto; border: 1px solid rgba(150&comma;150&comma;150&comma;0.3); border-radius: 8px; max-width: 302px;' src='https:\/\/ftp3.syscom.mx\/usuarios\/fotos\/CCR10097G1C1S+PC\/137052-garantia1.png' alt=''> <\/div>\n<\/p><\/div>\n<\/p><\/div>\n","protected":false},"excerpt":{"rendered":"<p>(QRT 5 ac) Punto de Acceso AC hasta 450 Mbps en 5GHz (4.9 &#8211; 5.875), Antena Integrada 24 dBi, Apertura V 10.5\u00b0 H 10.5\u00b0, Hasta 1000 mW de Potencia<\/p>\n","protected":false},"featured_media":75416,"comment_status":"open","ping_status":"closed","template":"","meta":[],"product_brand":[],"product_cat":[1998],"product_tag":[1999,1980,643],"class_list":{"0":"post-75417","1":"product","2":"type-product","3":"status-publish","4":"has-post-thumbnail","6":"product_cat-5-y-6-ghz","7":"product_tag-5-y-6-ghz","8":"product_tag-enlaces-ptp-y-ptmp","9":"product_tag-mikrotik","11":"first","12":"outofstock","13":"sale","14":"shipping-taxable","15":"purchasable","16":"product-type-simple"},"_links":{"self":[{"href":"https:\/\/soydeaqui.ddns.net\/pachuca\/index.php\/wp-json\/wp\/v2\/product\/75417","targetHints":{"allow":["GET"]}}],"collection":[{"href":"https:\/\/soydeaqui.ddns.net\/pachuca\/index.php\/wp-json\/wp\/v2\/product"}],"about":[{"href":"https:\/\/soydeaqui.ddns.net\/pachuca\/index.php\/wp-json\/wp\/v2\/types\/product"}],"replies":[{"embeddable":true,"href":"https:\/\/soydeaqui.ddns.net\/pachuca\/index.php\/wp-json\/wp\/v2\/comments?post=75417"}],"wp:featuredmedia":[{"embeddable":true,"href":"https:\/\/soydeaqui.ddns.net\/pachuca\/index.php\/wp-json\/wp\/v2\/media\/75416"}],"wp:attachment":[{"href":"https:\/\/soydeaqui.ddns.net\/pachuca\/index.php\/wp-json\/wp\/v2\/media?parent=75417"}],"wp:term":[{"taxonomy":"product_brand","embeddable":true,"href":"https:\/\/soydeaqui.ddns.net\/pachuca\/index.php\/wp-json\/wp\/v2\/product_brand?post=75417"},{"taxonomy":"product_cat","embeddable":true,"href":"https:\/\/soydeaqui.ddns.net\/pachuca\/index.php\/wp-json\/wp\/v2\/product_cat?post=75417"},{"taxonomy":"product_tag","embeddable":true,"href":"https:\/\/soydeaqui.ddns.net\/pachuca\/index.php\/wp-json\/wp\/v2\/product_tag?post=75417"}],"curies":[{"name":"wp","href":"https:\/\/api.w.org\/{rel}","templated":true}]}}