{"id":75411,"date":"2026-03-19T14:39:18","date_gmt":"2026-03-19T14:39:18","guid":{"rendered":"https:\/\/soydeaqui.ddns.net\/pachuca\/index.php\/producto\/sxt-5-ac-punto-de-acceso-en-5ghz-a-n-ac-con-antena-integrada-de-16dbi-hasta-1000mw-de-potencia\/"},"modified":"2026-03-19T14:39:22","modified_gmt":"2026-03-19T14:39:22","slug":"sxt-5-ac-punto-de-acceso-en-5ghz-a-n-ac-con-antena-integrada-de-16dbi-hasta-1000mw-de-potencia","status":"publish","type":"product","link":"https:\/\/soydeaqui.ddns.net\/pachuca\/index.php\/producto\/sxt-5-ac-punto-de-acceso-en-5ghz-a-n-ac-con-antena-integrada-de-16dbi-hasta-1000mw-de-potencia\/","title":{"rendered":"(SXT 5 ac) Punto de Acceso en 5GHz a\/n\/ac con Antena Integrada de 16dBi, hasta 1000mW de potencia."},"content":{"rendered":"<div style='width: 100%; max-width: 1200px; margin: 0 auto; font-family: sans-serif; line-height: 1.6; color: inherit; background-color: transparent;'>\n<div style='display: flex; flex-wrap: wrap; gap: 30px; margin-bottom: 30px;'>\n<div style='flex: 1 1 300px; min-width: 280px;'>\n<h3 style='font-size: 22px; border-bottom: 2px solid currentColor; padding-bottom: 5px; margin-top: 0; color: inherit; opacity: 0.8;'>Caracter\u00edsticas Generales<\/h3>\n<p style='font-size: 15px; color: inherit;'>La SXT AC es un nuevo miembro en nuestra l\u00ednea de productos 802.11ac&comma; actualmente est\u00e1n disponibles dos modelos&comma; con la antena regular de 28 grados&comma; y el modelo SA con una antena de sector de 90\u00b0. Tambi\u00e9n es compatible con el modo 802.11a\/n y es compatible con todos los dispositivos de legacy RouterBoard&comma; incluidos los protocolos y Nstream nv2. Ambos dispositivos vienen con puerto Gigabit Ethernet.<\/p>\n<p style='font-size: 15px; color: inherit;'>Los nuevos productos son compatibles&comma; por ejemplo&comma; puede reemplazar su Punto de Acceso 5 GHz 802.11a\/n legacy de acceso con nuevos productos 802.11ac y sus clientes existentes todav\u00eda ser\u00e1 capaz de conectarse a \u00e9l.<\/p>\n<\/p><\/div>\n<\/p><\/div>\n<div style='display: flex; flex-wrap: wrap; gap: 20px; margin-bottom: 30px;'>\n<div style='flex: 1 1 250px; border: 1px solid rgba(150&comma; 150&comma; 150&comma; 0.4); border-radius: 8px; overflow: hidden; display: flex; flex-direction: column;'>\n<div style='padding: 15px; border-bottom: 1px solid rgba(150&comma; 150&comma; 150&comma; 0.2); font-weight: bold; font-size: 18px; color: inherit;'>Especificaciones<\/div>\n<div style='padding: 15px; color: inherit;'>\n<ul style='padding-left: 20px; margin: 0; font-size: 14px; list-style-type: disc;'>\n<li style='margin-bottom: 5px;'><strong>Banda:<\/strong> 5GHz<\/li>\n<li style='margin-bottom: 5px;'><strong>Est\u00e1ndar:<\/strong> 802.11a\/n\/ac<\/li>\n<li style='margin-bottom: 5px;'><strong>Potencia:<\/strong> Hasta 1000mW<\/li>\n<li style='margin-bottom: 5px;'><strong>Ancho de Canal:<\/strong> 20\/40\/80MHz<\/li>\n<li style='margin-bottom: 5px;'><strong>Ancho de Apertura:<\/strong> 25\u00b0<\/li>\n<li style='margin-bottom: 5px;'><strong>Soporte:<\/strong> Est\u00e1ndar 802.3af\/at<\/li>\n<li style='margin-bottom: 5px;'><strong>Incluye:<\/strong> Adaptador y PoE de 24V Pasivo<\/li>\n<li style='margin-bottom: 5px;'><strong>Puertos:<\/strong> 1 puerto 10\/100\/1000Mbps<\/li>\n<li style='margin-bottom: 5px;'><strong>USB:<\/strong> 1 puerto<\/li>\n<li style='margin-bottom: 5px;'><strong>Nivel de licencia:<\/strong> 4<\/li>\n<li style='margin-bottom: 5px;'><strong>Dimensiones:<\/strong> 140 x 140 x 56mm<\/li>\n<\/ul><\/div>\n<\/p><\/div>\n<div style='flex: 1 1 250px; border: 1px solid rgba(150&comma; 150&comma; 150&comma; 0.4); border-radius: 8px; overflow: hidden; display: flex; flex-direction: column;'>\n<div style='padding: 15px; border-bottom: 1px solid rgba(150&comma; 150&comma; 150&comma; 0.2); font-weight: bold; font-size: 18px; color: inherit;'>Accesorios Incluidos<\/div>\n<div style='padding: 15px; color: inherit;'>\n<ul style='padding-left: 20px; margin: 0; font-size: 14px; list-style-type: disc;'>\n<li style='margin-bottom: 5px;'>Gigabit PoE injector<\/li>\n<li style='margin-bottom: 5px;'>24V 0.8A power adapter<\/li>\n<li style='margin-bottom: 5px;'>Metal ring (one)<\/li>\n<li style='margin-bottom: 5px;'>Pole mounting bracket<\/li>\n<\/ul><\/div>\n<\/p><\/div>\n<\/p><\/div>\n<div style='display: flex; flex-wrap: wrap; gap: 20px; margin-bottom: 30px;'>\n<div style='flex: 1 1 300px; min-width: 280px;'>\n<h3 style='font-size: 22px; border-bottom: 2px solid currentColor; padding-bottom: 5px; margin-top: 0; color: inherit; opacity: 0.8;'>Garant\u00eda<\/h3>\n<p> <img style='width: 100%; height: auto; border: 1px solid rgba(150&comma;150&comma;150&comma;0.3); border-radius: 8px;' src='https:\/\/ftp3.syscom.mx\/usuarios\/fotos\/CCR10097G1C1S+PC\/137052-garantia1.png' alt='Garant\u00eda'> <\/div>\n<\/p><\/div>\n<div style='display: flex; flex-wrap: wrap; gap: 20px; margin-bottom: 30px;'>\n<div style='flex: 1 1 250px; border: 1px solid rgba(150&comma; 150&comma; 150&comma; 0.4); border-radius: 8px; overflow: hidden; display: flex; flex-direction: column;'>\n<div style='padding: 15px; border-bottom: 1px solid rgba(150&comma; 150&comma; 150&comma; 0.2); font-weight: bold; font-size: 18px; color: inherit;'>Accesorios<\/div>\n<div style='display: grid; grid-template-columns: repeat(auto-fill&comma; minmax(150px&comma; 1fr)); gap: 15px; padding: 15px;'>\n<div style='text-align: center;'> <a href='http:\/\/img.routerboard.com\/mimg\/part111391160732m.jpg' style='text-decoration: none; color: inherit;'> <img style='width: 100%; height: auto; border: 1px solid rgba(150&comma;150&comma;150&comma;0.3); border-radius: 8px;' src='http:\/\/img.routerboard.com\/mimg\/part111391160732s.jpg' alt='Gigabit PoE injector'> <\/p>\n<p style='margin-top: 8px; font-size: 14px;'>Gigabit PoE injector<\/p>\n<p> <\/a> <\/div>\n<div style='text-align: center;'> <a href='http:\/\/img.routerboard.com\/mimg\/part11391161548m.jpg' style='text-decoration: none; color: inherit;'> <img style='width: 100%; height: auto; border: 1px solid rgba(150&comma;150&comma;150&comma;0.3); border-radius: 8px;' src='http:\/\/img.routerboard.com\/mimg\/part11391161548s.jpg' alt='24V 0.8A power adapter'> <\/p>\n<p style='margin-top: 8px; font-size: 14px;'>24V 0.8A power adapter<\/p>\n<p> <\/a> <\/div>\n<div style='text-align: center;'> <a href='http:\/\/img.routerboard.com\/mimg\/part181391163711m.jpg' style='text-decoration: none; color: inherit;'> <img style='width: 100%; height: auto; border: 1px solid rgba(150&comma;150&comma;150&comma;0.3); border-radius: 8px;' src='http:\/\/img.routerboard.com\/mimg\/part181391163711s.jpg' alt='Metal ring (one'> <\/p>\n<p style='margin-top: 8px; font-size: 14px;'>Metal ring (one)<\/p>\n<p> <\/a> <\/div>\n<div style='text-align: center;'> <a href='http:\/\/img.routerboard.com\/mimg\/part351397726082m.jpg' style='text-decoration: none; color: inherit;'> <img style='width: 100%; height: auto; border: 1px solid rgba(150&comma;150&comma;150&comma;0.3); border-radius: 8px;' src='http:\/\/img.routerboard.com\/mimg\/part351397726082s.jpg' alt='Pole mounting bracket'> <\/p>\n<p style='margin-top: 8px; font-size: 14px;'>Pole mounting bracket<\/p>\n<p> <\/a> <\/div>\n<\/p><\/div>\n<\/p><\/div>\n<\/p><\/div>\n<hr style='border: 0; border-top: 1px solid rgba(150&comma; 150&comma; 150&comma; 0.3); margin: 30px 0;'> <\/div>\n","protected":false},"excerpt":{"rendered":"<p>(SXT 5 ac) Punto de Acceso en 5GHz a\/n\/ac con Antena Integrada de 16dBi, hasta 1000mW de potencia.<\/p>\n","protected":false},"featured_media":75410,"comment_status":"open","ping_status":"closed","template":"","meta":[],"product_brand":[],"product_cat":[1998],"product_tag":[1999,1980,643],"class_list":{"0":"post-75411","1":"product","2":"type-product","3":"status-publish","4":"has-post-thumbnail","6":"product_cat-5-y-6-ghz","7":"product_tag-5-y-6-ghz","8":"product_tag-enlaces-ptp-y-ptmp","9":"product_tag-mikrotik","11":"first","12":"outofstock","13":"sale","14":"shipping-taxable","15":"purchasable","16":"product-type-simple"},"_links":{"self":[{"href":"https:\/\/soydeaqui.ddns.net\/pachuca\/index.php\/wp-json\/wp\/v2\/product\/75411","targetHints":{"allow":["GET"]}}],"collection":[{"href":"https:\/\/soydeaqui.ddns.net\/pachuca\/index.php\/wp-json\/wp\/v2\/product"}],"about":[{"href":"https:\/\/soydeaqui.ddns.net\/pachuca\/index.php\/wp-json\/wp\/v2\/types\/product"}],"replies":[{"embeddable":true,"href":"https:\/\/soydeaqui.ddns.net\/pachuca\/index.php\/wp-json\/wp\/v2\/comments?post=75411"}],"wp:featuredmedia":[{"embeddable":true,"href":"https:\/\/soydeaqui.ddns.net\/pachuca\/index.php\/wp-json\/wp\/v2\/media\/75410"}],"wp:attachment":[{"href":"https:\/\/soydeaqui.ddns.net\/pachuca\/index.php\/wp-json\/wp\/v2\/media?parent=75411"}],"wp:term":[{"taxonomy":"product_brand","embeddable":true,"href":"https:\/\/soydeaqui.ddns.net\/pachuca\/index.php\/wp-json\/wp\/v2\/product_brand?post=75411"},{"taxonomy":"product_cat","embeddable":true,"href":"https:\/\/soydeaqui.ddns.net\/pachuca\/index.php\/wp-json\/wp\/v2\/product_cat?post=75411"},{"taxonomy":"product_tag","embeddable":true,"href":"https:\/\/soydeaqui.ddns.net\/pachuca\/index.php\/wp-json\/wp\/v2\/product_tag?post=75411"}],"curies":[{"name":"wp","href":"https:\/\/api.w.org\/{rel}","templated":true}]}}