{"id":75408,"date":"2026-03-19T14:39:09","date_gmt":"2026-03-19T14:39:09","guid":{"rendered":"https:\/\/soydeaqui.ddns.net\/pachuca\/index.php\/producto\/sxt-sa5-acpunto-de-acceso-en-5ghz-802-11-a-n-ac-antena-integrada-14-dbi-de-90-hasta-1000-mw\/"},"modified":"2026-03-19T14:39:13","modified_gmt":"2026-03-19T14:39:13","slug":"sxt-sa5-acpunto-de-acceso-en-5ghz-802-11-a-n-ac-antena-integrada-14-dbi-de-90-hasta-1000-mw","status":"publish","type":"product","link":"https:\/\/soydeaqui.ddns.net\/pachuca\/index.php\/producto\/sxt-sa5-acpunto-de-acceso-en-5ghz-802-11-a-n-ac-antena-integrada-14-dbi-de-90-hasta-1000-mw\/","title":{"rendered":"(SXT SA5 ac)Punto de Acceso en 5GHz 802.11 a\/n\/ac, Antena Integrada 14 dBi de 90\u00b0, Hasta 1000 mW"},"content":{"rendered":"<div style='width: 100%; max-width: 1200px; margin: 0 auto; font-family: sans-serif; line-height: 1.6; color: inherit; background-color: transparent;'>\n<div style='display: flex; flex-direction: column; gap: 30px;'>\n<div style='width: 100%;'>\n<p style='margin: 0; font-size: 15px; color: inherit;'>El nuevo est\u00e1ndar de AC ya est\u00e1 aqu\u00ed&comma; con hasta 866 Mbit de velocidad de datos por aire&comma; modulaci\u00f3n 256-QAM y canales de 80MHz. 802.11a\/n\/ac abre nuevas posibilidades y velocidades nunca antes posibles.<\/p>\n<p style='margin: 15px 0 0 0; font-size: 15px; color: inherit;'>El SXT ac es un nuevo miembro en nuestra l\u00ednea de productos 802.11ac&comma; actualmente hay dos modelos disponibles: con antena normal de 28 grados y el modelo SA con una antena de sector de ancho de haz de 90. Tambi\u00e9n admite el est\u00e1ndar 802.11a\/n&comma; los protocolos Nstreme y Nv2 y son compatibles con todos los dispositivos anteriores RouterBOARD. Ambos dispositivos vienen con Gigabit Ethernet.<\/p>\n<p style='margin: 15px 0 0 0; font-size: 15px; color: inherit;'>Los nuevos productos son compatibles con versiones anteriores; por ejemplo&comma; puede reemplazar su punto de acceso heredado 802.11a\/n de 5GHz con un nuevo producto 802.11ac y sus clientes existentes a\u00fan podr\u00e1n conectarse a \u00e9l.<\/p>\n<\/p><\/div>\n<div style='display: flex; flex-wrap: wrap; gap: 20px; width: 100%;'>\n<div style='flex: 1 1 300px; min-width: 250px; border: 1px solid rgba(150&comma; 150&comma; 150&comma; 0.4); border-radius: 8px; overflow: hidden; display: flex; flex-direction: column;'>\n<div style='padding: 15px; border-bottom: 1px solid rgba(150&comma; 150&comma; 150&comma; 0.2); font-weight: bold; font-size: 18px; color: inherit;'>Especificaciones<\/div>\n<div style='padding: 15px; color: inherit;'>\n<ul style='padding-left: 20px; margin: 0; font-size: 14px; list-style-type: disc;'>\n<li style='margin-bottom: 5px;'><strong>C\u00f3digo de producto:<\/strong> RBSXTG-5HPacD-SA<\/li>\n<li style='margin-bottom: 5px;'><strong>Arquitectura:<\/strong> MIPSBE<\/li>\n<li style='margin-bottom: 5px;'><strong>CPU:<\/strong> QCA9557<\/li>\n<li style='margin-bottom: 5px;'><strong>N\u00facleos de CPU:<\/strong> 1<\/li>\n<li style='margin-bottom: 5px;'><strong>Frecuencia de CPU:<\/strong> 720 MHz<\/li>\n<li style='margin-bottom: 5px;'><strong>Licencia RouterOS:<\/strong> 4<\/li>\n<li style='margin-bottom: 5px;'><strong>Sistema operativo:<\/strong> <a href='https:\/\/wiki.mikrotik.com\/wiki\/Manual:TOC' target='_blank' rel='noopener' style='color: inherit; text-decoration: underline;'>RouterOS<\/a><\/li>\n<li style='margin-bottom: 5px;'><strong>RAM:<\/strong> 128 MB<\/li>\n<li style='margin-bottom: 5px;'><strong>Almacenamiento:<\/strong> 128 MB NAND<\/li>\n<li style='margin-bottom: 5px;'><strong>Temperatura operativa:<\/strong> -40\u00b0C a 70\u00b0C<\/li>\n<li style='margin-bottom: 5px;'><strong>MTBF:<\/strong> Aproximadamente 200.000 horas a 25\u00b0C<\/li>\n<\/ul><\/div>\n<\/p><\/div>\n<div style='flex: 1 1 300px; min-width: 250px; border: 1px solid rgba(150&comma; 150&comma; 150&comma; 0.4); border-radius: 8px; overflow: hidden; display: flex; flex-direction: column;'>\n<div style='padding: 15px; border-bottom: 1px solid rgba(150&comma; 150&comma; 150&comma; 0.2); font-weight: bold; font-size: 18px; color: inherit;'>Alimentaci\u00f3n<\/div>\n<div style='padding: 15px; color: inherit;'>\n<ul style='padding-left: 20px; margin: 0; font-size: 14px; list-style-type: disc;'>\n<li style='margin-bottom: 5px;'><strong>Entrada PoE:<\/strong> 802.3af\/at<\/li>\n<li style='margin-bottom: 5px;'><strong>Voltaje PoE:<\/strong> 12-57 V<\/li>\n<li style='margin-bottom: 5px;'><strong>Entradas DC:<\/strong> 1 (PoE)<\/li>\n<li style='margin-bottom: 5px;'><strong>Consumo m\u00e1ximo:<\/strong> 12 W<\/li>\n<li style='margin-bottom: 5px;'><strong>Ventiladores:<\/strong> Pasivo<\/li>\n<\/ul><\/div>\n<\/p><\/div>\n<div style='flex: 1 1 300px; min-width: 250px; border: 1px solid rgba(150&comma; 150&comma; 150&comma; 0.4); border-radius: 8px; overflow: hidden; display: flex; flex-direction: column;'>\n<div style='padding: 15px; border-bottom: 1px solid rgba(150&comma; 150&comma; 150&comma; 0.2); font-weight: bold; font-size: 18px; color: inherit;'>Inal\u00e1mbrico<\/div>\n<div style='padding: 15px; color: inherit;'>\n<ul style='padding-left: 20px; margin: 0; font-size: 14px; list-style-type: disc;'>\n<li style='margin-bottom: 5px;'><strong>Banda:<\/strong> 5 GHz<\/li>\n<li style='margin-bottom: 5px;'><strong>Velocidad:<\/strong> 867 Mbit\/s<\/li>\n<li style='margin-bottom: 5px;'><strong>Est\u00e1ndar:<\/strong> 802.11a\/n\/ac<\/li>\n<li style='margin-bottom: 5px;'><strong>Cadenas:<\/strong> 2&#215;2<\/li>\n<li style='margin-bottom: 5px;'><strong>Ganancia antena:<\/strong> 14 dBi<\/li>\n<li style='margin-bottom: 5px;'><strong>Chipset:<\/strong> QCA9892<\/li>\n<li style='margin-bottom: 5px;'><strong>Wi-Fi:<\/strong> Wi-Fi 5<\/li>\n<\/ul><\/div>\n<\/p><\/div>\n<div style='flex: 1 1 300px; min-width: 250px; border: 1px solid rgba(150&comma; 150&comma; 150&comma; 0.4); border-radius: 8px; overflow: hidden; display: flex; flex-direction: column;'>\n<div style='padding: 15px; border-bottom: 1px solid rgba(150&comma; 150&comma; 150&comma; 0.2); font-weight: bold; font-size: 18px; color: inherit;'>Ethernet<\/div>\n<div style='padding: 15px; color: inherit;'>\n<ul style='padding-left: 20px; margin: 0; font-size: 14px; list-style-type: disc;'>\n<li style='margin-bottom: 5px;'><strong>Puertos:<\/strong> 1x 10\/100\/1000<\/li>\n<\/ul><\/div>\n<\/p><\/div>\n<div style='flex: 1 1 300px; min-width: 250px; border: 1px solid rgba(150&comma; 150&comma; 150&comma; 0.4); border-radius: 8px; overflow: hidden; display: flex; flex-direction: column;'>\n<div style='padding: 15px; border-bottom: 1px solid rgba(150&comma; 150&comma; 150&comma; 0.2); font-weight: bold; font-size: 18px; color: inherit;'>Perif\u00e9ricos<\/div>\n<div style='padding: 15px; color: inherit;'>\n<ul style='padding-left: 20px; margin: 0; font-size: 14px; list-style-type: disc;'>\n<li style='margin-bottom: 5px;'><strong>USB:<\/strong> 1x tipo A<\/li>\n<li style='margin-bottom: 5px;'><strong>Corriente USB:<\/strong> 1 A<\/li>\n<li style='margin-bottom: 5px;'><strong>Reinicio USB:<\/strong> S\u00ed<\/li>\n<\/ul><\/div>\n<\/p><\/div>\n<div style='flex: 1 1 300px; min-width: 250px; border: 1px solid rgba(150&comma; 150&comma; 150&comma; 0.4); border-radius: 8px; overflow: hidden; display: flex; flex-direction: column;'>\n<div style='padding: 15px; border-bottom: 1px solid rgba(150&comma; 150&comma; 150&comma; 0.2); font-weight: bold; font-size: 18px; color: inherit;'>Caracter\u00edsticas<\/div>\n<div style='padding: 15px; color: inherit;'>\n<ul style='padding-left: 20px; margin: 0; font-size: 14px; list-style-type: disc;'>\n<li style='margin-bottom: 5px;'><strong>Temperatura PCB:<\/strong> S\u00ed<\/li>\n<li style='margin-bottom: 5px;'><strong>Monitor voltaje:<\/strong> S\u00ed<\/li>\n<li style='margin-bottom: 5px;'><strong>Certificaciones:<\/strong> CE&comma; FCC&comma; IC&comma; EAC&comma; ROHS<\/li>\n<\/ul><\/div>\n<\/p><\/div>\n<div style='flex: 1 1 300px; min-width: 250px; border: 1px solid rgba(150&comma; 150&comma; 150&comma; 0.4); border-radius: 8px; overflow: hidden; display: flex; flex-direction: column;'>\n<div style='padding: 15px; border-bottom: 1px solid rgba(150&comma; 150&comma; 150&comma; 0.2); font-weight: bold; font-size: 18px; color: inherit;'>Rendimiento inal\u00e1mbrico<\/div>\n<div style='padding: 15px; color: inherit;'>\n<ul style='padding-left: 20px; margin: 0; font-size: 14px; list-style-type: disc;'>\n<li style='margin-bottom: 5px;'><strong>6 MBit\/s:<\/strong> 31 dBm \/ -96 dBm<\/li>\n<li style='margin-bottom: 5px;'><strong>54 MBit\/s:<\/strong> 28 dBm \/ -81 dBm<\/li>\n<li style='margin-bottom: 5px;'><strong>MCS0:<\/strong> 30 dBm \/ -96 dBm<\/li>\n<li style='margin-bottom: 5px;'><strong>MCS7:<\/strong> 27 dBm \/ -77 dBm<\/li>\n<li style='margin-bottom: 5px;'><strong>MCS9:<\/strong> 22 dBm \/ -72 dBm<\/li>\n<\/ul><\/div>\n<\/p><\/div>\n<\/p><\/div>\n<\/p><\/div>\n<\/p><\/div>\n","protected":false},"excerpt":{"rendered":"<p>(SXT SA5 ac)Punto de Acceso en 5GHz 802.11 a\/n\/ac, Antena Integrada 14 dBi de 90\u00b0, Hasta 1000 mW<\/p>\n","protected":false},"featured_media":75407,"comment_status":"open","ping_status":"closed","template":"","meta":[],"product_brand":[],"product_cat":[1998],"product_tag":[1999,1980,643],"class_list":{"0":"post-75408","1":"product","2":"type-product","3":"status-publish","4":"has-post-thumbnail","6":"product_cat-5-y-6-ghz","7":"product_tag-5-y-6-ghz","8":"product_tag-enlaces-ptp-y-ptmp","9":"product_tag-mikrotik","11":"first","12":"outofstock","13":"sale","14":"shipping-taxable","15":"purchasable","16":"product-type-simple"},"_links":{"self":[{"href":"https:\/\/soydeaqui.ddns.net\/pachuca\/index.php\/wp-json\/wp\/v2\/product\/75408","targetHints":{"allow":["GET"]}}],"collection":[{"href":"https:\/\/soydeaqui.ddns.net\/pachuca\/index.php\/wp-json\/wp\/v2\/product"}],"about":[{"href":"https:\/\/soydeaqui.ddns.net\/pachuca\/index.php\/wp-json\/wp\/v2\/types\/product"}],"replies":[{"embeddable":true,"href":"https:\/\/soydeaqui.ddns.net\/pachuca\/index.php\/wp-json\/wp\/v2\/comments?post=75408"}],"wp:featuredmedia":[{"embeddable":true,"href":"https:\/\/soydeaqui.ddns.net\/pachuca\/index.php\/wp-json\/wp\/v2\/media\/75407"}],"wp:attachment":[{"href":"https:\/\/soydeaqui.ddns.net\/pachuca\/index.php\/wp-json\/wp\/v2\/media?parent=75408"}],"wp:term":[{"taxonomy":"product_brand","embeddable":true,"href":"https:\/\/soydeaqui.ddns.net\/pachuca\/index.php\/wp-json\/wp\/v2\/product_brand?post=75408"},{"taxonomy":"product_cat","embeddable":true,"href":"https:\/\/soydeaqui.ddns.net\/pachuca\/index.php\/wp-json\/wp\/v2\/product_cat?post=75408"},{"taxonomy":"product_tag","embeddable":true,"href":"https:\/\/soydeaqui.ddns.net\/pachuca\/index.php\/wp-json\/wp\/v2\/product_tag?post=75408"}],"curies":[{"name":"wp","href":"https:\/\/api.w.org\/{rel}","templated":true}]}}