{"id":75398,"date":"2026-03-19T14:38:47","date_gmt":"2026-03-19T14:38:47","guid":{"rendered":"https:\/\/soydeaqui.ddns.net\/pachuca\/index.php\/producto\/sxt-lite5-ac-cpe-ptp-en-5ghz-802-11-a-n-ac-antena-integrada-16-dbi-de-28-hasta-794-mw-de-potencia\/"},"modified":"2026-03-19T14:38:48","modified_gmt":"2026-03-19T14:38:48","slug":"sxt-lite5-ac-cpe-ptp-en-5ghz-802-11-a-n-ac-antena-integrada-16-dbi-de-28-hasta-794-mw-de-potencia","status":"publish","type":"product","link":"https:\/\/soydeaqui.ddns.net\/pachuca\/index.php\/producto\/sxt-lite5-ac-cpe-ptp-en-5ghz-802-11-a-n-ac-antena-integrada-16-dbi-de-28-hasta-794-mw-de-potencia\/","title":{"rendered":"(SXT Lite5 ac) CPE\/PTP en 5GHz 802.11 a\/n\/ac, Antena Integrada 16 dBi de 28&ordm;, Hasta 794 mW  de Potencia."},"content":{"rendered":"<div style='width: 100%; max-width: 1200px; margin: 0 auto; font-family: sans-serif; line-height: 1.6; color: inherit; background-color: transparent;'> <!-- Descripci\u00f3n --> <\/p>\n<div style='margin-bottom: 30px;'>\n<p>El <strong>SXT Lite5 ac<\/strong> es un dispositivo de bajo costo de la l\u00ednea de productos 802.11ac.<\/p>\n<p>La unidad est\u00e1 equipada con una potente CPU de 650MHz&comma; 64MB de RAM&comma; puerto Ethernet de 10\/100Mbps y una antena en 5GHz de 16dBi y una apertura de 28 grados.<\/p>\n<p>El SXT Lite5 ac es compatible con la modulaci\u00f3n de 256 QAM y los canales de 80 MHz&comma; por lo que obtendr\u00e1 m\u00e1s velocidad por el mismo ancho de frecuencia que los dispositivos 802.11. Tambi\u00e9n admite el modo 802.11a\/n&comma; Nv2&comma; Nstreme y es compatible con todos los dispositivos RouterBOARD heredados. El nuevo chip inal\u00e1mbrico industrial QCA-9892 brinda soporte para un ancho de canal de 5\/10 MHz para el est\u00e1ndar 802.11a\/n.<\/p>\n<p>El SXT Lite5 ac tiene una interfaz de administraci\u00f3n de 2.4 GHz (solo admite una conexi\u00f3n); si lo habilita primero a trav\u00e9s de Ethernet&comma; puede conectarse al dispositivo con su computadora port\u00e1til o tel\u00e9fono de 2.4 GHz para configurarlo.<\/p>\n<\/p><\/div>\n<p> <!-- Secci\u00f3n de especificaciones --> <\/p>\n<div style='display: flex; flex-wrap: wrap; gap: 20px; margin-bottom: 30px;'>\n<div style='flex: 1 1 300px; min-width: 280px; border: 1px solid rgba(150&comma; 150&comma; 150&comma; 0.4); border-radius: 8px; overflow: hidden; display: flex; flex-direction: column;'>\n<div style='padding: 15px; border-bottom: 1px solid rgba(150&comma; 150&comma; 150&comma; 0.2); font-weight: bold; font-size: 18px; color: inherit;'>Especificaciones Generales<\/div>\n<div style='padding: 15px; color: inherit;'>\n<ul style='padding-left: 20px; margin: 0; font-size: 14px; list-style-type: disc;'>\n<li style='margin-bottom: 5px;'><strong>C\u00f3digo del Producto:<\/strong> RBSXT5HacD2nr2<\/li>\n<li style='margin-bottom: 5px;'><strong>Arquitectura:<\/strong> MIPS-BE<\/li>\n<li style='margin-bottom: 5px;'><strong>CPU:<\/strong> QCA9531<\/li>\n<li style='margin-bottom: 5px;'><strong>Cantidad de n\u00facleos CPU:<\/strong> 1<\/li>\n<li style='margin-bottom: 5px;'><strong>Frecuencia del CPU:<\/strong> 650 MHz<\/li>\n<li style='margin-bottom: 5px;'><strong>Dimensiones:<\/strong> 140x140x56mm<\/li>\n<li style='margin-bottom: 5px;'><strong>Nivel de licencia:<\/strong> 3<\/li>\n<li style='margin-bottom: 5px;'><strong>Sistema Operativo:<\/strong> RouterOS<\/li>\n<li style='margin-bottom: 5px;'><strong>Memoria RAM:<\/strong> 64 MB<\/li>\n<li style='margin-bottom: 5px;'><strong>Almacenamiento:<\/strong> 16 MB<\/li>\n<li style='margin-bottom: 5px;'><strong>Tipo de almacenamiento:<\/strong> FLASH<\/li>\n<li style='margin-bottom: 5px;'><strong>Temperatura de Operaci\u00f3n:<\/strong> -30 + 70 C<\/li>\n<\/ul><\/div>\n<\/p><\/div>\n<div style='flex: 1 1 300px; min-width: 280px; border: 1px solid rgba(150&comma; 150&comma; 150&comma; 0.4); border-radius: 8px; overflow: hidden; display: flex; flex-direction: column;'>\n<div style='padding: 15px; border-bottom: 1px solid rgba(150&comma; 150&comma; 150&comma; 0.2); font-weight: bold; font-size: 18px; color: inherit;'>Alimentaci\u00f3n<\/div>\n<div style='padding: 15px; color: inherit;'>\n<ul style='padding-left: 20px; margin: 0; font-size: 14px; list-style-type: disc;'>\n<li style='margin-bottom: 5px;'><strong>Consumo de energ\u00eda:<\/strong> 8W<\/li>\n<li style='margin-bottom: 5px;'><strong>N\u00famero de entradas de alimentaci\u00f3n:<\/strong> 1 (PoE-IN)<\/li>\n<li style='margin-bottom: 5px;'><strong>Tipo de PoE:<\/strong> PoE Pasivo<\/li>\n<li style='margin-bottom: 5px;'><strong>Voltaje de alimentaci\u00f3n:<\/strong> 8-30 V<\/li>\n<\/ul><\/div>\n<\/p><\/div>\n<div style='flex: 1 1 300px; min-width: 280px; border: 1px solid rgba(150&comma; 150&comma; 150&comma; 0.4); border-radius: 8px; overflow: hidden; display: flex; flex-direction: column;'>\n<div style='padding: 15px; border-bottom: 1px solid rgba(150&comma; 150&comma; 150&comma; 0.2); font-weight: bold; font-size: 18px; color: inherit;'>Caracter\u00edsticas Inal\u00e1mbricas<\/div>\n<div style='padding: 15px; color: inherit;'>\n<ul style='padding-left: 20px; margin: 0; font-size: 14px; list-style-type: disc;'>\n<li style='margin-bottom: 5px;'><strong>Wireless 2.4 GHz n\u00famero de cadenas:<\/strong> 1<\/li>\n<li style='margin-bottom: 5px;'><strong>Wireless 2.4 GHz est\u00e1ndares de operaci\u00f3n:<\/strong> 802.11b\/g\/n<\/li>\n<li style='margin-bottom: 5px;'><strong>Ganancia de la antena de 2.4 GHz:<\/strong> 1.5 dBi<\/li>\n<li style='margin-bottom: 5px;'><strong>Modelo del chip Wireless 2.4 GHz:<\/strong> QCA9531<\/li>\n<li style='margin-bottom: 5px;'><strong>Wireless 5 GHz n\u00famero de cadenas:<\/strong> 2<\/li>\n<li style='margin-bottom: 5px;'><strong>Wireless 5 GHz est\u00e1ndares de operaci\u00f3n:<\/strong> 802.11ac<\/li>\n<li style='margin-bottom: 5px;'><strong>Ganancia de la antena de 5 GHz:<\/strong> 16 dBi<\/li>\n<li style='margin-bottom: 5px;'><strong>Modelo del chip Wireless 5 GHz:<\/strong> QCA9892<\/li>\n<\/ul><\/div>\n<\/p><\/div>\n<div style='flex: 1 1 300px; min-width: 280px; border: 1px solid rgba(150&comma; 150&comma; 150&comma; 0.4); border-radius: 8px; overflow: hidden; display: flex; flex-direction: column;'>\n<div style='padding: 15px; border-bottom: 1px solid rgba(150&comma; 150&comma; 150&comma; 0.2); font-weight: bold; font-size: 18px; color: inherit;'>Ethernet<\/div>\n<div style='padding: 15px; color: inherit;'>\n<ul style='padding-left: 20px; margin: 0; font-size: 14px; list-style-type: disc;'>\n<li style='margin-bottom: 5px;'><strong>10\/100 Ethernet ports:<\/strong> 1<\/li>\n<\/ul><\/div>\n<\/p><\/div>\n<\/p><\/div>\n<p> <!-- Pruebas de rendimiento --> <\/p>\n<div style='margin-bottom: 30px;'>\n<h3 style='font-size: 22px; border-bottom: 2px solid currentColor; padding-bottom: 5px; margin-top: 0; color: inherit; opacity: 0.8;'>Resultados de Pruebas de Ethernet<\/h3>\n<div style='overflow-x: auto; margin-top: 15px;'>\n<table style='width: 100%; border-collapse: collapse; margin-bottom: 15px; color: inherit;'>\n<thead>\n<tr style='background-color: rgba(249&comma; 249&comma; 249&comma; 0.6);'>\n<th colspan='2' style='padding: 10px; border: 1px solid rgba(150&comma; 150&comma; 150&comma; 0.3); text-align: left;'>RBSXT5HacD2nr2<\/th>\n<th colspan='2' style='padding: 10px; border: 1px solid rgba(150&comma; 150&comma; 150&comma; 0.3); text-align: left;'>QCA9531 100M one port test<\/th>\n<\/tr>\n<tr style='background-color: rgba(249&comma; 249&comma; 249&comma; 0.6);'>\n<th style='padding: 10px; border: 1px solid rgba(150&comma; 150&comma; 150&comma; 0.3); text-align: left;'>Modo<\/th>\n<th style='padding: 10px; border: 1px solid rgba(150&comma; 150&comma; 150&comma; 0.3); text-align: left;'>Configuraci\u00f3n<\/th>\n<th style='padding: 10px; border: 1px solid rgba(150&comma; 150&comma; 150&comma; 0.3); text-align: left;'>1518 byte<\/th>\n<th style='padding: 10px; border: 1px solid rgba(150&comma; 150&comma; 150&comma; 0.3); text-align: left;'>512 byte<\/th>\n<th style='padding: 10px; border: 1px solid rgba(150&comma; 150&comma; 150&comma; 0.3); text-align: left;'>64 byte<\/th>\n<\/tr>\n<tr style='background-color: rgba(249&comma; 249&comma; 249&comma; 0.6);'>\n<td style='padding: 10px; border: 1px solid rgba(150&comma; 150&comma; 150&comma; 0.3);'>kpps<\/td>\n<td style='padding: 10px; border: 1px solid rgba(150&comma; 150&comma; 150&comma; 0.3);'>Mbps<\/td>\n<td style='padding: 10px; border: 1px solid rgba(150&comma; 150&comma; 150&comma; 0.3);'>kpps<\/td>\n<td style='padding: 10px; border: 1px solid rgba(150&comma; 150&comma; 150&comma; 0.3);'>Mbps<\/td>\n<td style='padding: 10px; border: 1px solid rgba(150&comma; 150&comma; 150&comma; 0.3);'>kpps<\/td>\n<td style='padding: 10px; border: 1px solid rgba(150&comma; 150&comma; 150&comma; 0.3);'>Mbps<\/td>\n<\/tr>\n<\/thead>\n<tbody>\n<tr>\n<td style='padding: 10px; border: 1px solid rgba(150&comma; 150&comma; 150&comma; 0.3);'>Bridging<\/td>\n<td style='padding: 10px; border: 1px solid rgba(150&comma; 150&comma; 150&comma; 0.3);'>none (fast path)<\/td>\n<td style='padding: 10px; border: 1px solid rgba(150&comma; 150&comma; 150&comma; 0.3);'>8.1<\/td>\n<td style='padding: 10px; border: 1px solid rgba(150&comma; 150&comma; 150&comma; 0.3);'>98.4<\/td>\n<td style='padding: 10px; border: 1px solid rgba(150&comma; 150&comma; 150&comma; 0.3);'>23.5<\/td>\n<td style='padding: 10px; border: 1px solid rgba(150&comma; 150&comma; 150&comma; 0.3);'>96.3<\/td>\n<td style='padding: 10px; border: 1px solid rgba(150&comma; 150&comma; 150&comma; 0.3);'>173.6<\/td>\n<td style='padding: 10px; border: 1px solid rgba(150&comma; 150&comma; 150&comma; 0.3);'>88.9<\/td>\n<\/tr>\n<tr style='background-color: rgba(249&comma; 249&comma; 249&comma; 0.2);'>\n<td style='padding: 10px; border: 1px solid rgba(150&comma; 150&comma; 150&comma; 0.3);'>Bridging<\/td>\n<td style='padding: 10px; border: 1px solid rgba(150&comma; 150&comma; 150&comma; 0.3);'>25 bridge filter rules<\/td>\n<td style='padding: 10px; border: 1px solid rgba(150&comma; 150&comma; 150&comma; 0.3);'>8.1<\/td>\n<td style='padding: 10px; border: 1px solid rgba(150&comma; 150&comma; 150&comma; 0.3);'>98.4<\/td>\n<td style='padding: 10px; border: 1px solid rgba(150&comma; 150&comma; 150&comma; 0.3);'>23.5<\/td>\n<td style='padding: 10px; border: 1px solid rgba(150&comma; 150&comma; 150&comma; 0.3);'>96.3<\/td>\n<td style='padding: 10px; border: 1px solid rgba(150&comma; 150&comma; 150&comma; 0.3);'>70.9<\/td>\n<td style='padding: 10px; border: 1px solid rgba(150&comma; 150&comma; 150&comma; 0.3);'>36.3<\/td>\n<\/tr>\n<tr>\n<td style='padding: 10px; border: 1px solid rgba(150&comma; 150&comma; 150&comma; 0.3);'>Routing<\/td>\n<td style='padding: 10px; border: 1px solid rgba(150&comma; 150&comma; 150&comma; 0.3);'>none (fast path)<\/td>\n<td style='padding: 10px; border: 1px solid rgba(150&comma; 150&comma; 150&comma; 0.3);'>8.1<\/td>\n<td style='padding: 10px; border: 1px solid rgba(150&comma; 150&comma; 150&comma; 0.3);'>98.4<\/td>\n<td style='padding: 10px; border: 1px solid rgba(150&comma; 150&comma; 150&comma; 0.3);'>23.5<\/td>\n<td style='padding: 10px; border: 1px solid rgba(150&comma; 150&comma; 150&comma; 0.3);'>96.3<\/td>\n<td style='padding: 10px; border: 1px solid rgba(150&comma; 150&comma; 150&comma; 0.3);'>160.8<\/td>\n<td style='padding: 10px; border: 1px solid rgba(150&comma; 150&comma; 150&comma; 0.3);'>82.3<\/td>\n<\/tr>\n<tr style='background-color: rgba(249&comma; 249&comma; 249&comma; 0.2);'>\n<td style='padding: 10px; border: 1px solid rgba(150&comma; 150&comma; 150&comma; 0.3);'>Routing<\/td>\n<td style='padding: 10px; border: 1px solid rgba(150&comma; 150&comma; 150&comma; 0.3);'>25 simple queues<\/td>\n<td style='padding: 10px; border: 1px solid rgba(150&comma; 150&comma; 150&comma; 0.3);'>8.1<\/td>\n<td style='padding: 10px; border: 1px solid rgba(150&comma; 150&comma; 150&comma; 0.3);'>98.4<\/td>\n<td style='padding: 10px; border: 1px solid rgba(150&comma; 150&comma; 150&comma; 0.3);'>23.5<\/td>\n<td style='padding: 10px; border: 1px solid rgba(150&comma; 150&comma; 150&comma; 0.3);'>96.3<\/td>\n<td style='padding: 10px; border: 1px solid rgba(150&comma; 150&comma; 150&comma; 0.3);'>90.8<\/td>\n<td style='padding: 10px; border: 1px solid rgba(150&comma; 150&comma; 150&comma; 0.3);'>46.5<\/td>\n<\/tr>\n<tr>\n<td style='padding: 10px; border: 1px solid rgba(150&comma; 150&comma; 150&comma; 0.3);'>Routing<\/td>\n<td style='padding: 10px; border: 1px solid rgba(150&comma; 150&comma; 150&comma; 0.3);'>25 ip filter rules<\/td>\n<td style='padding: 10px; border: 1px solid rgba(150&comma; 150&comma; 150&comma; 0.3);'>8.1<\/td>\n<td style='padding: 10px; border: 1px solid rgba(150&comma; 150&comma; 150&comma; 0.3);'>98.4<\/td>\n<td style='padding: 10px; border: 1px solid rgba(150&comma; 150&comma; 150&comma; 0.3);'>23.5<\/td>\n<td style='padding: 10px; border: 1px solid rgba(150&comma; 150&comma; 150&comma; 0.3);'>96.3<\/td>\n<td style='padding: 10px; border: 1px solid rgba(150&comma; 150&comma; 150&comma; 0.3);'>43.2<\/td>\n<td style='padding: 10px; border: 1px solid rgba(150&comma; 150&comma; 150&comma; 0.3);'>22.1<\/td>\n<\/tr>\n<\/tbody>\n<\/table><\/div>\n<\/p><\/div>\n<p> <!-- Accesorios --> <\/p>\n<div style='margin-bottom: 30px;'>\n<h3 style='font-size: 22px; border-bottom: 2px solid currentColor; padding-bottom: 5px; margin-top: 0; color: inherit; opacity: 0.8;'>Accesorios que incluye<\/h3>\n<div style='display: flex; flex-wrap: wrap; gap: 15px; margin-top: 20px;'>\n<div style='flex: 1 1 200px; min-width: 180px;'> <img style='width: 100%; height: auto; border: 1px solid rgba(150&comma;150&comma;150&comma;0.3); border-radius: 8px;' src='https:\/\/ftp3.syscom.mx\/usuarios\/fotos\/CCR10097G1C1S+PC\/137052-garantia1.png' alt='24V 0.38A power adapter'> <\/p>\n<p style='margin-top: 10px; font-size: 14px; text-align: center;'>24V 0.38A power adapter<\/p>\n<\/p><\/div>\n<div style='flex: 1 1 200px; min-width: 180px;'> <img style='width: 100%; height: auto; border: 1px solid rgba(150&comma;150&comma;150&comma;0.3); border-radius: 8px;' src='https:\/\/img.routerboard.com\/mimg\/part171391162306s.jpg' alt='Metal ring (one)'> <\/p>\n<p style='margin-top: 10px; font-size: 14px; text-align: center;'>Metal ring (one)<\/p>\n<\/p><\/div>\n<div style='flex: 1 1 200px; min-width: 180px;'> <img style='width: 100%; height: auto; border: 1px solid rgba(150&comma;150&comma;150&comma;0.3); border-radius: 8px;' src='https:\/\/img.routerboard.com\/mimg\/part101391160012s.jpg' alt='PoE injector'> <\/p>\n<p style='margin-top: 10px; font-size: 14px; text-align: center;'>PoE injector<\/p>\n<\/p><\/div>\n<div style='flex: 1 1 200px; min-width: 180px;'> <img style='width: 100%; height: auto; border: 1px solid rgba(150&comma;150&comma;150&comma;0.3); border-radius: 8px;' src='https:\/\/img.routerboard.com\/mimg\/part351397726082s.jpg' alt='Pole mounting bracket'> <\/p>\n<p style='margin-top: 10px; font-size: 14px; text-align: center;'>Pole mounting bracket<\/p>\n<\/p><\/div>\n<\/p><\/div>\n<\/p><\/div>\n<p> <!-- Separador --> <\/p>\n<hr style='border: 0; border-top: 1px solid rgba(150&comma; 150&comma; 150&comma; 0.3); margin: 30px 0;'> <\/div>\n","protected":false},"excerpt":{"rendered":"<p>(SXT Lite5 ac) CPE\/PTP en 5GHz 802.11 a\/n\/ac, Antena Integrada 16 dBi de 28&ordm;, Hasta 794 mW  de Potencia.<\/p>\n","protected":false},"featured_media":75397,"comment_status":"open","ping_status":"closed","template":"","meta":[],"product_brand":[],"product_cat":[1998],"product_tag":[1999,1980,643],"class_list":{"0":"post-75398","1":"product","2":"type-product","3":"status-publish","4":"has-post-thumbnail","6":"product_cat-5-y-6-ghz","7":"product_tag-5-y-6-ghz","8":"product_tag-enlaces-ptp-y-ptmp","9":"product_tag-mikrotik","11":"first","12":"outofstock","13":"sale","14":"shipping-taxable","15":"purchasable","16":"product-type-simple"},"_links":{"self":[{"href":"https:\/\/soydeaqui.ddns.net\/pachuca\/index.php\/wp-json\/wp\/v2\/product\/75398","targetHints":{"allow":["GET"]}}],"collection":[{"href":"https:\/\/soydeaqui.ddns.net\/pachuca\/index.php\/wp-json\/wp\/v2\/product"}],"about":[{"href":"https:\/\/soydeaqui.ddns.net\/pachuca\/index.php\/wp-json\/wp\/v2\/types\/product"}],"replies":[{"embeddable":true,"href":"https:\/\/soydeaqui.ddns.net\/pachuca\/index.php\/wp-json\/wp\/v2\/comments?post=75398"}],"wp:featuredmedia":[{"embeddable":true,"href":"https:\/\/soydeaqui.ddns.net\/pachuca\/index.php\/wp-json\/wp\/v2\/media\/75397"}],"wp:attachment":[{"href":"https:\/\/soydeaqui.ddns.net\/pachuca\/index.php\/wp-json\/wp\/v2\/media?parent=75398"}],"wp:term":[{"taxonomy":"product_brand","embeddable":true,"href":"https:\/\/soydeaqui.ddns.net\/pachuca\/index.php\/wp-json\/wp\/v2\/product_brand?post=75398"},{"taxonomy":"product_cat","embeddable":true,"href":"https:\/\/soydeaqui.ddns.net\/pachuca\/index.php\/wp-json\/wp\/v2\/product_cat?post=75398"},{"taxonomy":"product_tag","embeddable":true,"href":"https:\/\/soydeaqui.ddns.net\/pachuca\/index.php\/wp-json\/wp\/v2\/product_tag?post=75398"}],"curies":[{"name":"wp","href":"https:\/\/api.w.org\/{rel}","templated":true}]}}