{"id":75389,"date":"2026-03-19T14:38:27","date_gmt":"2026-03-19T14:38:27","guid":{"rendered":"https:\/\/soydeaqui.ddns.net\/pachuca\/index.php\/producto\/rb411u-300mhz-cpu-32mb-ram-1xethernet-minipci-usb-routeros-l4\/"},"modified":"2026-03-19T14:38:28","modified_gmt":"2026-03-19T14:38:28","slug":"rb411u-300mhz-cpu-32mb-ram-1xethernet-minipci-usb-routeros-l4","status":"publish","type":"product","link":"https:\/\/soydeaqui.ddns.net\/pachuca\/index.php\/producto\/rb411u-300mhz-cpu-32mb-ram-1xethernet-minipci-usb-routeros-l4\/","title":{"rendered":"RB411U 300MHz CPU, 32MB RAM, 1xEthernet, miniPCI, USB, RouterOS L4"},"content":{"rendered":"<div style='width: 100%; max-width: 1200px; margin: 0 auto; font-family: sans-serif; line-height: 1.6; color: inherit; background-color: transparent;'>\n<div style='display: flex; flex-wrap: wrap; gap: 30px; margin-bottom: 30px;'>\n<div style='flex: 1 1 300px; min-width: 280px;'>\n<h3 style='font-size: 22px; border-bottom: 2px solid currentColor; padding-bottom: 5px; margin-top: 0; color: inherit; opacity: 0.8;'>Interrumpido<\/h3>\n<p style='font-size: 14px; margin: 0 0 16px; color: inherit; text-align: justify;'>El RB411U es un dispositivo vers\u00e1til pero muy peque\u00f1o. Incluye todo: una ranura miniPCI (para tarjetas inal\u00e1mbricas 802.11)&comma; un puerto USB 2.0 y una ranura miniPCIe para conectar una tarjeta 3G (no admite tarjetas inal\u00e1mbricas 802.11). Una ranura para tarjeta SIM para 3G tambi\u00e9n est\u00e1 presente en el RB411U.<\/p>\n<p style='font-size: 14px; margin: 0 0 16px; color: inherit; text-align: justify;'>RB411U incluye RouterOS &#8211; el sistema operativo&comma; que puede ser un router&comma; firewall&comma; administrador de ancho de banda&comma; un router m\u00f3vil 3G y m\u00e1s &#8211; todo al mismo tiempo.<\/p>\n<p style='font-size: 14px; margin: 0 0 16px; color: inherit; text-align: justify;'>Puede utilizar el puerto USB para conectar un dispositivo de almacenamiento secundario o un m\u00f3dem USB 3G. Los orificios de montaje RB411U est\u00e1n en la misma ubicaci\u00f3n que otros modelos RB411&comma; por lo que puede montarlos f\u00e1cilmente en cualquier caja\/antena para exteriores compatible.<\/p>\n<\/p><\/div>\n<\/p><\/div>\n<\/p><\/div>\n","protected":false},"excerpt":{"rendered":"<p>RB411U 300MHz CPU, 32MB RAM, 1xEthernet, miniPCI, USB, RouterOS L4<\/p>\n","protected":false},"featured_media":32,"comment_status":"open","ping_status":"closed","template":"","meta":[],"product_brand":[],"product_cat":[2036,2035,2034],"product_tag":[2039,2038,643,664,2037],"class_list":{"0":"post-75389","1":"product","2":"type-product","3":"status-publish","4":"has-post-thumbnail","6":"product_cat-balanceadores","7":"product_cat-firewalls","8":"product_cat-routers","9":"product_tag-balanceadores","10":"product_tag-firewalls","11":"product_tag-mikrotik","12":"product_tag-networking","13":"product_tag-routers","15":"first","16":"outofstock","17":"sale","18":"shipping-taxable","19":"purchasable","20":"product-type-simple"},"_links":{"self":[{"href":"https:\/\/soydeaqui.ddns.net\/pachuca\/index.php\/wp-json\/wp\/v2\/product\/75389","targetHints":{"allow":["GET"]}}],"collection":[{"href":"https:\/\/soydeaqui.ddns.net\/pachuca\/index.php\/wp-json\/wp\/v2\/product"}],"about":[{"href":"https:\/\/soydeaqui.ddns.net\/pachuca\/index.php\/wp-json\/wp\/v2\/types\/product"}],"replies":[{"embeddable":true,"href":"https:\/\/soydeaqui.ddns.net\/pachuca\/index.php\/wp-json\/wp\/v2\/comments?post=75389"}],"wp:featuredmedia":[{"embeddable":true,"href":"https:\/\/soydeaqui.ddns.net\/pachuca\/index.php\/wp-json\/wp\/v2\/media\/32"}],"wp:attachment":[{"href":"https:\/\/soydeaqui.ddns.net\/pachuca\/index.php\/wp-json\/wp\/v2\/media?parent=75389"}],"wp:term":[{"taxonomy":"product_brand","embeddable":true,"href":"https:\/\/soydeaqui.ddns.net\/pachuca\/index.php\/wp-json\/wp\/v2\/product_brand?post=75389"},{"taxonomy":"product_cat","embeddable":true,"href":"https:\/\/soydeaqui.ddns.net\/pachuca\/index.php\/wp-json\/wp\/v2\/product_cat?post=75389"},{"taxonomy":"product_tag","embeddable":true,"href":"https:\/\/soydeaqui.ddns.net\/pachuca\/index.php\/wp-json\/wp\/v2\/product_tag?post=75389"}],"curies":[{"name":"wp","href":"https:\/\/api.w.org\/{rel}","templated":true}]}}