{"id":75369,"date":"2026-03-19T14:37:35","date_gmt":"2026-03-19T14:37:35","guid":{"rendered":"https:\/\/soydeaqui.ddns.net\/pachuca\/index.php\/producto\/quickmount-pro-montaje-de-pared-o-poste-para-equipos-mikrotik-con-ajuste-de-140\/"},"modified":"2026-03-19T14:37:49","modified_gmt":"2026-03-19T14:37:49","slug":"quickmount-pro-montaje-de-pared-o-poste-para-equipos-mikrotik-con-ajuste-de-140","status":"publish","type":"product","link":"https:\/\/soydeaqui.ddns.net\/pachuca\/index.php\/producto\/quickmount-pro-montaje-de-pared-o-poste-para-equipos-mikrotik-con-ajuste-de-140\/","title":{"rendered":"( QuickMount Pro) Montaje de pared o poste para equipos MIKROTIK con ajuste de 140\u00b0."},"content":{"rendered":"<div style='width: 100%; max-width: 1200px; margin: 0 auto; font-family: sans-serif; line-height: 1.6; color: inherit; background-color: transparent;'>\n<div style='display: flex; flex-wrap: wrap; gap: 30px; margin-bottom: 30px;'>\n<div style='flex: 1 1 300px; min-width: 280px;'>\n<p style='font-size: 15px; margin: 0 0 15px; color: inherit;'> El quickMOUNT pro es un adaptador de montaje en pared avanzado para antenas peque\u00f1as de punto a punto y sectoriales. Puede montarlo en la pared o usarlo como un adaptador desde un poste de gran di\u00e1metro hasta un clip de montaje de antena de tama\u00f1o peque\u00f1o&comma; lo que garantiza un ajuste confiable. <\/p>\n<p style='font-size: 15px; margin: 0 0 15px; color: inherit;'> El quickMOUNT pro ofrece la posibilidad de girar la antena dentro de 140\u00b0 tanto en el plano horizontal como en el vertical. Con quickMOUNT pro es posible ajustar perfectamente la alineaci\u00f3n de la antena utilizando una escala graduada integrada. <\/p>\n<p style='font-size: 15px; margin: 0 0 15px; color: inherit;'> Puede utilizar el quickMOUNT pro con cualquier dispositivo de montaje en poste con el adaptador de poste incluido&comma; o el peque\u00f1o clip de montaje de MikroTik (adaptador de clip SXT) con dispositivos de menos de 1&comma;5 kg. Incliso se puede poner con el QMP-LDF. <\/p>\n<p style='font-size: 15px; margin: 0 0 15px; color: inherit;'> El adaptador es muy duradero debido a su material compuesto de pl\u00e1stico especial: anvilNITE (TM). <\/p>\n<\/p><\/div>\n<\/p><\/div>\n<\/p><\/div>\n","protected":false},"excerpt":{"rendered":"<p>( QuickMount Pro) Montaje de pared o poste para equipos MIKROTIK con ajuste de 140\u00b0.<\/p>\n","protected":false},"featured_media":75368,"comment_status":"open","ping_status":"closed","template":"","meta":[],"product_brand":[],"product_cat":[1934],"product_tag":[643,1935,246],"class_list":{"0":"post-75369","1":"product","2":"type-product","3":"status-publish","4":"has-post-thumbnail","6":"product_cat-montajes-de-techo-pared","7":"product_tag-mikrotik","8":"product_tag-montajes-de-techo-pared","9":"product_tag-torres-y-mastiles","11":"first","12":"instock","13":"sale","14":"shipping-taxable","15":"purchasable","16":"product-type-simple"},"_links":{"self":[{"href":"https:\/\/soydeaqui.ddns.net\/pachuca\/index.php\/wp-json\/wp\/v2\/product\/75369","targetHints":{"allow":["GET"]}}],"collection":[{"href":"https:\/\/soydeaqui.ddns.net\/pachuca\/index.php\/wp-json\/wp\/v2\/product"}],"about":[{"href":"https:\/\/soydeaqui.ddns.net\/pachuca\/index.php\/wp-json\/wp\/v2\/types\/product"}],"replies":[{"embeddable":true,"href":"https:\/\/soydeaqui.ddns.net\/pachuca\/index.php\/wp-json\/wp\/v2\/comments?post=75369"}],"wp:featuredmedia":[{"embeddable":true,"href":"https:\/\/soydeaqui.ddns.net\/pachuca\/index.php\/wp-json\/wp\/v2\/media\/75368"}],"wp:attachment":[{"href":"https:\/\/soydeaqui.ddns.net\/pachuca\/index.php\/wp-json\/wp\/v2\/media?parent=75369"}],"wp:term":[{"taxonomy":"product_brand","embeddable":true,"href":"https:\/\/soydeaqui.ddns.net\/pachuca\/index.php\/wp-json\/wp\/v2\/product_brand?post=75369"},{"taxonomy":"product_cat","embeddable":true,"href":"https:\/\/soydeaqui.ddns.net\/pachuca\/index.php\/wp-json\/wp\/v2\/product_cat?post=75369"},{"taxonomy":"product_tag","embeddable":true,"href":"https:\/\/soydeaqui.ddns.net\/pachuca\/index.php\/wp-json\/wp\/v2\/product_tag?post=75369"}],"curies":[{"name":"wp","href":"https:\/\/api.w.org\/{rel}","templated":true}]}}