{"id":75367,"date":"2026-03-19T14:37:28","date_gmt":"2026-03-19T14:37:28","guid":{"rendered":"https:\/\/soydeaqui.ddns.net\/pachuca\/index.php\/producto\/qm-adaptador-basico-de-montaje-en-pared-para-antenas-pequenas-punto-a-punto-y-sector\/"},"modified":"2026-03-19T14:37:30","modified_gmt":"2026-03-19T14:37:30","slug":"qm-adaptador-basico-de-montaje-en-pared-para-antenas-pequenas-punto-a-punto-y-sector","status":"publish","type":"product","link":"https:\/\/soydeaqui.ddns.net\/pachuca\/index.php\/producto\/qm-adaptador-basico-de-montaje-en-pared-para-antenas-pequenas-punto-a-punto-y-sector\/","title":{"rendered":"(QM) Adaptador b\u00e1sico de montaje en pared para antenas peque\u00f1as punto a punto y sector"},"content":{"rendered":"<div style='width: 100%; max-width: 1200px; margin: 0 auto; font-family: sans-serif; line-height: 1.6; color: inherit; background-color: transparent;'>\n<div style='display: flex; flex-wrap: wrap; gap: 30px; margin-bottom: 30px;'>\n<div style='flex: 1 1 300px; min-width: 280px;'>\n<h3 style='font-size: 22px; border-bottom: 2px solid currentColor; padding-bottom: 5px; margin-top: 0; color: inherit; opacity: 0.8;'>Descripci\u00f3n<\/h3>\n<p style='font-size: 15px; color: inherit; margin: 15px 0;'>El quickMOUNT es un adaptador b\u00e1sico de montaje en pared para antenas peque\u00f1as punto a punto y sector.<\/p>\n<p style='font-size: 15px; color: inherit; margin: 15px 0;'>Puede montarlo en la pared o usarlo como adaptador desde un poste de gran di\u00e1metro hasta un clip de montaje de antena de peque\u00f1o tama\u00f1o que garantiza un montaje confiable. El quickMount da la posibilidad de girar la antena dentro de 190 \u00b0.<\/p>\n<p style='font-size: 15px; color: inherit; margin: 15px 0;'>Con el quickMOUNT es posible montar simult\u00e1neamente dos SXT&comma; creando as\u00ed un punto de acceso repetidor o creando una gran cobertura sectorial.<\/p>\n<\/p><\/div>\n<\/p><\/div>\n<\/p><\/div>\n","protected":false},"excerpt":{"rendered":"<p>(QM) Adaptador b\u00e1sico de montaje en pared para antenas peque\u00f1as punto a punto y sector<\/p>\n","protected":false},"featured_media":75366,"comment_status":"open","ping_status":"closed","template":"","meta":[],"product_brand":[],"product_cat":[1983],"product_tag":[93,1404,643],"class_list":{"0":"post-75367","1":"product","2":"type-product","3":"status-publish","4":"has-post-thumbnail","6":"product_cat-accesorios-antenas-redes-e-it","7":"product_tag-accesorios","8":"product_tag-antenas","9":"product_tag-mikrotik","11":"first","12":"outofstock","13":"sale","14":"shipping-taxable","15":"purchasable","16":"product-type-simple"},"_links":{"self":[{"href":"https:\/\/soydeaqui.ddns.net\/pachuca\/index.php\/wp-json\/wp\/v2\/product\/75367","targetHints":{"allow":["GET"]}}],"collection":[{"href":"https:\/\/soydeaqui.ddns.net\/pachuca\/index.php\/wp-json\/wp\/v2\/product"}],"about":[{"href":"https:\/\/soydeaqui.ddns.net\/pachuca\/index.php\/wp-json\/wp\/v2\/types\/product"}],"replies":[{"embeddable":true,"href":"https:\/\/soydeaqui.ddns.net\/pachuca\/index.php\/wp-json\/wp\/v2\/comments?post=75367"}],"wp:featuredmedia":[{"embeddable":true,"href":"https:\/\/soydeaqui.ddns.net\/pachuca\/index.php\/wp-json\/wp\/v2\/media\/75366"}],"wp:attachment":[{"href":"https:\/\/soydeaqui.ddns.net\/pachuca\/index.php\/wp-json\/wp\/v2\/media?parent=75367"}],"wp:term":[{"taxonomy":"product_brand","embeddable":true,"href":"https:\/\/soydeaqui.ddns.net\/pachuca\/index.php\/wp-json\/wp\/v2\/product_brand?post=75367"},{"taxonomy":"product_cat","embeddable":true,"href":"https:\/\/soydeaqui.ddns.net\/pachuca\/index.php\/wp-json\/wp\/v2\/product_cat?post=75367"},{"taxonomy":"product_tag","embeddable":true,"href":"https:\/\/soydeaqui.ddns.net\/pachuca\/index.php\/wp-json\/wp\/v2\/product_tag?post=75367"}],"curies":[{"name":"wp","href":"https:\/\/api.w.org\/{rel}","templated":true}]}}