{"id":75347,"date":"2026-03-19T14:36:37","date_gmt":"2026-03-19T14:36:37","guid":{"rendered":"https:\/\/soydeaqui.ddns.net\/pachuca\/index.php\/producto\/map-lite-mini-access-point-1-puerto-fast-ethernet-wi-fi-2-4ghz-802-11b-g-n\/"},"modified":"2026-03-19T14:36:43","modified_gmt":"2026-03-19T14:36:43","slug":"map-lite-mini-access-point-1-puerto-fast-ethernet-wi-fi-2-4ghz-802-11b-g-n","status":"publish","type":"product","link":"https:\/\/soydeaqui.ddns.net\/pachuca\/index.php\/producto\/map-lite-mini-access-point-1-puerto-fast-ethernet-wi-fi-2-4ghz-802-11b-g-n\/","title":{"rendered":"(mAP lite) Mini Access Point 1 Puerto Fast Ethernet, Wi-Fi 2.4GHz 802.11b\/g\/n"},"content":{"rendered":"<div style='width: 100%; max-width: 1200px; margin: 0 auto; font-family: sans-serif; line-height: 1.6; color: inherit; background-color: transparent;'>\n<div style='width: 100%; margin-bottom: 30px;'> <img style='width: 100%; height: auto; border: 1px solid rgba(150&comma;150&comma;150&comma;0.3); border-radius: 8px;' src='https:\/\/ftp3.syscom.mx\/usuarios\/fotos\/RBMAPL2ND\/85484-banner_rbmapl-2nd.png' alt=''> <\/div>\n<div style='display: flex; flex-wrap: wrap; gap: 30px; margin-bottom: 30px;'>\n<div style='flex: 1 1 300px; min-width: 280px;'>\n<p style='font-size: 15px; color: inherit; margin: 0 0 15px;'>El mAP lite es nuestro punto de acceso inal\u00e1mbrico m\u00e1s peque\u00f1o. Es apenas m\u00e1s grande que una caja de f\u00f3sforos&comma; incluso tuvimos que usar un puerto Ethernet especial para que coincida con su perfil delgado.<\/p>\n<p style='font-size: 15px; color: inherit; margin: 0 0 15px;'>Puede llevarlo a cualquier lugar: \u00faselo como un router de viaje para extender ese Internet del hotel a todos sus dispositivos&comma; o como un dispositivo cliente para mejorar el alcance de se\u00f1al de su computadora port\u00e1til&comma; el peque\u00f1o mAP lite siempre estar\u00e1 con usted.<\/p>\n<p style='font-size: 15px; color: inherit; margin: 0 0 15px;'>Tambi\u00e9n puede servir como una sencilla herramienta de configuraci\u00f3n para sus servidores&comma; si no hay Ethernet en su dispositivo m\u00f3vil.<\/p>\n<p style='font-size: 15px; color: inherit; margin: 0 0 15px;'>El mAP lite es un dispositivo 802.11 b\/g\/n de doble cadena y funciona en 2GHz.<\/p>\n<\/p><\/div>\n<\/p><\/div>\n<div style='width: 100%; margin-bottom: 30px;'> <a href='http:\/\/soporte.syscom.mx\/networking#mikrotik'> <img style='width: 100%; height: auto; border: 1px solid rgba(150&comma;150&comma;150&comma;0.3); border-radius: 8px;' src='https:\/\/ftp3.syscom.mx\/usuarios\/raragon\/Imagenes_Generales\/Manuales_de_configuracion.jpg' alt=''> <\/a> <\/div>\n<div style='display: flex; flex-wrap: wrap; gap: 20px; margin-bottom: 30px;'>\n<div style='flex: 1 1 100%; border: 1px solid rgba(150&comma; 150&comma; 150&comma; 0.4); border-radius: 8px; overflow: hidden; display: flex; flex-direction: column;'>\n<div style='padding: 15px; border-bottom: 1px solid rgba(150&comma; 150&comma; 150&comma; 0.2); font-weight: bold; font-size: 18px; color: inherit;'>Caracter\u00edsticas principales de RouterOS<\/div>\n<div style='padding: 15px; color: inherit;'>\n<ul style='padding-left: 20px; margin: 0; font-size: 14px; list-style-type: disc;'>\n<li style='margin-bottom: 5px;'>Sistema operativo RouterOS con licencia Nivel 4<\/li>\n<li style='margin-bottom: 5px;'>Soporta m\u00faltiples configuraciones y modos de funcionamiento<\/li>\n<li style='margin-bottom: 5px;'>Herramientas de monitoreo y gesti\u00f3n de red<\/li>\n<li style='margin-bottom: 5px;'>Capa 3 de enrutamiento y firewall<\/li>\n<li style='margin-bottom: 5px;'>Soporte de VLANs y t\u00faneles<\/li>\n<\/ul><\/div>\n<\/p><\/div>\n<\/p><\/div>\n<div style='display: flex; flex-wrap: wrap; gap: 20px; margin-bottom: 30px;'>\n<div style='flex: 1 1 48%; border: 1px solid rgba(150&comma; 150&comma; 150&comma; 0.4); border-radius: 8px; overflow: hidden; display: flex; flex-direction: column;'>\n<div style='padding: 15px; border-bottom: 1px solid rgba(150&comma; 150&comma; 150&comma; 0.2); font-weight: bold; font-size: 18px; color: inherit;'>Especificaciones<\/div>\n<div style='padding: 15px; color: inherit;'>\n<ul style='padding-left: 20px; margin: 0; font-size: 14px; list-style-type: disc;'>\n<li style='margin-bottom: 5px;'><strong>C\u00f3digo del producto:<\/strong> RBmAPL-2nD<\/li>\n<li style='margin-bottom: 5px;'><strong>Arquitectura:<\/strong> MIPSBE<\/li>\n<li style='margin-bottom: 5px;'><strong>CPU:<\/strong> QCA9533<\/li>\n<li style='margin-bottom: 5px;'><strong>N\u00facleos:<\/strong> 1<\/li>\n<li style='margin-bottom: 5px;'><strong>Frecuencia:<\/strong> 650 MHz<\/li>\n<li style='margin-bottom: 5px;'><strong>Dimensiones:<\/strong> 48x49x11mm<\/li>\n<li style='margin-bottom: 5px;'><strong>Licencia RouterOS:<\/strong> Nivel 4<\/li>\n<li style='margin-bottom: 5px;'><strong>Sistema operativo:<\/strong> RouterOS<\/li>\n<li style='margin-bottom: 5px;'><strong>RAM:<\/strong> 64 MB<\/li>\n<li style='margin-bottom: 5px;'><strong>Almacenamiento:<\/strong> 16 MB FLASH<\/li>\n<li style='margin-bottom: 5px;'><strong>MTBF:<\/strong> Aproximadamente 100&comma;000 horas a 25\u00b0C<\/li>\n<li style='margin-bottom: 5px;'><strong>Temperatura:<\/strong> -30\u00b0C a 70\u00b0C<\/li>\n<\/ul><\/div>\n<\/p><\/div>\n<div style='flex: 1 1 48%; border: 1px solid rgba(150&comma; 150&comma; 150&comma; 0.4); border-radius: 8px; overflow: hidden; display: flex; flex-direction: column;'>\n<div style='padding: 15px; border-bottom: 1px solid rgba(150&comma; 150&comma; 150&comma; 0.2); font-weight: bold; font-size: 18px; color: inherit;'>Capacidades inal\u00e1mbricas<\/div>\n<div style='padding: 15px; color: inherit;'>\n<ul style='padding-left: 20px; margin: 0; font-size: 14px; list-style-type: disc;'>\n<li style='margin-bottom: 5px;'><strong>Est\u00e1ndar:<\/strong> 802.11b\/g\/n (Wi-Fi 4)<\/li>\n<li style='margin-bottom: 5px;'><strong>Banda:<\/strong> 2.4GHz<\/li>\n<li style='margin-bottom: 5px;'><strong>Cadenas:<\/strong> 2&#215;2<\/li>\n<li style='margin-bottom: 5px;'><strong>Velocidad:<\/strong> Hasta 300 Mbit\/s<\/li>\n<li style='margin-bottom: 5px;'><strong>Ganancia:<\/strong> 1.5 dBi<\/li>\n<li style='margin-bottom: 5px;'><strong>Chipset:<\/strong> QCA9533<\/li>\n<\/ul><\/div>\n<\/p><\/div>\n<\/p><\/div>\n<div style='display: flex; flex-wrap: wrap; gap: 20px; margin-bottom: 30px;'>\n<div style='flex: 1 1 48%; border: 1px solid rgba(150&comma; 150&comma; 150&comma; 0.4); border-radius: 8px; overflow: hidden; display: flex; flex-direction: column;'>\n<div style='padding: 15px; border-bottom: 1px solid rgba(150&comma; 150&comma; 150&comma; 0.2); font-weight: bold; font-size: 18px; color: inherit;'>Ethernet<\/div>\n<div style='padding: 15px; color: inherit;'>\n<ul style='padding-left: 20px; margin: 0; font-size: 14px; list-style-type: disc;'>\n<li style='margin-bottom: 5px;'><strong>Puertos:<\/strong> 1 x 10\/100 Mbps<\/li>\n<\/ul><\/div>\n<\/p><\/div>\n<div style='flex: 1 1 48%; border: 1px solid rgba(150&comma; 150&comma; 150&comma; 0.4); border-radius: 8px; overflow: hidden; display: flex; flex-direction: column;'>\n<div style='padding: 15px; border-bottom: 1px solid rgba(150&comma; 150&comma; 150&comma; 0.2); font-weight: bold; font-size: 18px; color: inherit;'>Alimentaci\u00f3n<\/div>\n<div style='padding: 15px; color: inherit;'>\n<ul style='padding-left: 20px; margin: 0; font-size: 14px; list-style-type: disc;'>\n<li style='margin-bottom: 5px;'><strong>Voltaje:<\/strong> 5V (MicroUSB)<\/li>\n<li style='margin-bottom: 5px;'><strong>Entradas:<\/strong> PoE-IN y MicroUSB<\/li>\n<li style='margin-bottom: 5px;'><strong>Consumo:<\/strong> 3.5 W<\/li>\n<li style='margin-bottom: 5px;'><strong>Refrigeraci\u00f3n:<\/strong> Pasivo<\/li>\n<li style='margin-bottom: 5px;'><strong>PoE:<\/strong> 802.3af\/at<\/li>\n<li style='margin-bottom: 5px;'><strong>Voltaje PoE:<\/strong> 10-60 V<\/li>\n<\/ul><\/div>\n<\/p><\/div>\n<\/p><\/div>\n<div style='display: flex; flex-wrap: wrap; gap: 20px; margin-bottom: 30px;'>\n<div style='flex: 1 1 48%; border: 1px solid rgba(150&comma; 150&comma; 150&comma; 0.4); border-radius: 8px; overflow: hidden; display: flex; flex-direction: column;'>\n<div style='padding: 15px; border-bottom: 1px solid rgba(150&comma; 150&comma; 150&comma; 0.2); font-weight: bold; font-size: 18px; color: inherit;'>Certificaciones<\/div>\n<div style='padding: 15px; color: inherit;'>\n<ul style='padding-left: 20px; margin: 0; font-size: 14px; list-style-type: disc;'>\n<li style='margin-bottom: 5px;'>CE<\/li>\n<li style='margin-bottom: 5px;'>FCC<\/li>\n<li style='margin-bottom: 5px;'>IC<\/li>\n<li style='margin-bottom: 5px;'>EAC<\/li>\n<li style='margin-bottom: 5px;'>ROHS<\/li>\n<\/ul><\/div>\n<\/p><\/div>\n<div style='flex: 1 1 48%; border: 1px solid rgba(150&comma; 150&comma; 150&comma; 0.4); border-radius: 8px; overflow: hidden; display: flex; flex-direction: column;'>\n<div style='padding: 15px; border-bottom: 1px solid rgba(150&comma; 150&comma; 150&comma; 0.2); font-weight: bold; font-size: 18px; color: inherit;'>Especificaciones inal\u00e1mbricas<\/div>\n<div style='padding: 15px; color: inherit;'>\n<table style='width: 100%; border-collapse: collapse; font-size: 14px;'>\n<thead>\n<tr style='border-bottom: 1px solid rgba(150&comma;150&comma;150&comma;0.3);'>\n<th style='text-align: left; padding: 6px 0; color: inherit;'>Velocidad<\/th>\n<th style='text-align: left; padding: 6px 0; color: inherit;'>Tx (dBm)<\/th>\n<th style='text-align: left; padding: 6px 0; color: inherit;'>Rx (dBm)<\/th>\n<\/tr>\n<\/thead>\n<tbody>\n<tr style='border-bottom: 1px solid rgba(150&comma;150&comma;150&comma;0.2);'>\n<td style='padding: 6px 0;'>1MBit\/s<\/td>\n<td style='padding: 6px 0;'>22<\/td>\n<td style='padding: 6px 0;'>-96<\/td>\n<\/tr>\n<tr style='border-bottom: 1px solid rgba(150&comma;150&comma;150&comma;0.2);'>\n<td style='padding: 6px 0;'>11MBit\/s<\/td>\n<td style='padding: 6px 0;'>22<\/td>\n<td style='padding: 6px 0;'>-89<\/td>\n<\/tr>\n<tr style='border-bottom: 1px solid rgba(150&comma;150&comma;150&comma;0.2);'>\n<td style='padding: 6px 0;'>6MBit\/s<\/td>\n<td style='padding: 6px 0;'>20<\/td>\n<td style='padding: 6px 0;'>-93<\/td>\n<\/tr>\n<tr style='border-bottom: 1px solid rgba(150&comma;150&comma;150&comma;0.2);'>\n<td style='padding: 6px 0;'>54 MBit\/s<\/td>\n<td style='padding: 6px 0;'>18<\/td>\n<td style='padding: 6px 0;'>-74<\/td>\n<\/tr>\n<tr style='border-bottom: 1px solid rgba(150&comma;150&comma;150&comma;0.2);'>\n<td style='padding: 6px 0;'>MCS0<\/td>\n<td style='padding: 6px 0;'>20<\/td>\n<td style='padding: 6px 0;'>-93<\/td>\n<\/tr>\n<tr style='border-bottom: 1px solid rgba(150&comma;150&comma;150&comma;0.2);'>\n<td style='padding: 6px 0;'>MCS7<\/td>\n<td style='padding: 6px 0;'>16<\/td>\n<td style='padding: 6px 0;'>-71<\/td>\n<\/tr>\n<\/tbody>\n<\/table><\/div>\n<\/p><\/div>\n<\/p><\/div>\n<div style='display: flex; flex-wrap: wrap; gap: 20px; margin-bottom: 30px;'>\n<div style='flex: 1 1 100%; border: 1px solid rgba(150&comma; 150&comma; 150&comma; 0.4); border-radius: 8px; overflow: hidden; display: flex; flex-direction: column;'>\n<div style='padding: 15px; border-bottom: 1px solid rgba(150&comma; 150&comma; 150&comma; 0.2); font-weight: bold; font-size: 18px; color: inherit;'>Piezas incluidas<\/div>\n<div style='padding: 15px; color: inherit;'>\n<div style='display: flex; align-items: center; gap: 15px;'> <img style='width: 80px; height: auto; border: 1px solid rgba(150&comma;150&comma;150&comma;0.3); border-radius: 8px;' src='https:\/\/i.mt.lv\/cdn\/rb_images\/part531451910429s.jpg' alt=''> <\/p>\n<div style='flex: 1 1 auto;'>\n<p style='margin: 0; font-size: 15px; color: inherit;'>Adaptador de corriente 5V 1A<\/p>\n<p style='margin: 5px 0 0; font-size: 14px; color: inherit; opacity: 0.8;'>Incluye adaptador de corriente 5V 1A<\/p>\n<\/p><\/div>\n<\/p><\/div>\n<\/p><\/div>\n<\/p><\/div>\n<\/p><\/div>\n<div style='display: flex; flex-wrap: wrap; gap: 20px; margin-bottom: 30px;'>\n<div style='flex: 1 1 100%; border: 1px solid rgba(150&comma; 150&comma; 150&comma; 0.4); border-radius: 8px; overflow: hidden; display: flex; flex-direction: column;'>\n<div style='padding: 15px; border-bottom: 1px solid rgba(150&comma; 150&comma; 150&comma; 0.2); font-weight: bold; font-size: 18px; color: inherit;'>Informaci\u00f3n adicional<\/div>\n<div style='padding: 15px; color: inherit;'>\n<p style='font-size: 14px; margin: 0;'><em>El dispositivo tiene un sistema operativo preinstalado y licenciado. No es necesaria ninguna compra separada y el producto est\u00e1 listo para usar. El dispositivo incluye actualizaciones de software gratuitas durante la vida \u00fatil del producto o un m\u00ednimo de 5 a\u00f1os a partir de la fecha de compra.<\/em><\/p>\n<\/p><\/div>\n<\/p><\/div>\n<\/p><\/div>\n<div style='display: flex; flex-wrap: wrap; gap: 20px; margin-bottom: 30px;'>\n<div style='flex: 1 1 100%; border: 1px solid rgba(150&comma; 150&comma; 150&comma; 0.4); border-radius: 8px; overflow: hidden; display: flex; flex-direction: column;'>\n<div style='padding: 15px; font-weight: bold; font-size: 18px; color: inherit;'> <img style='cursor: default; height: 24px; vertical-align: middle; margin-right: 8px;' src='https:\/\/ftp3.syscom.mx\/usuarios\/fotos\/CCR101612G\/81966-garantia1.png' alt=''> Garant\u00eda <\/div>\n<\/p><\/div>\n<\/p><\/div>\n<\/p><\/div>\n","protected":false},"excerpt":{"rendered":"<p>(mAP lite) Mini Access Point 1 Puerto Fast Ethernet, Wi-Fi 2.4GHz 802.11b\/g\/n<\/p>\n","protected":false},"featured_media":75346,"comment_status":"open","ping_status":"closed","template":"","meta":[],"product_brand":[],"product_cat":[1794],"product_tag":[643,1795,1479],"class_list":{"0":"post-75347","1":"product","2":"type-product","3":"status-publish","4":"has-post-thumbnail","6":"product_cat-puntos-de-acceso","7":"product_tag-mikrotik","8":"product_tag-puntos-de-acceso","9":"product_tag-redes-wifi","11":"first","12":"instock","13":"sale","14":"shipping-taxable","15":"purchasable","16":"product-type-simple"},"_links":{"self":[{"href":"https:\/\/soydeaqui.ddns.net\/pachuca\/index.php\/wp-json\/wp\/v2\/product\/75347","targetHints":{"allow":["GET"]}}],"collection":[{"href":"https:\/\/soydeaqui.ddns.net\/pachuca\/index.php\/wp-json\/wp\/v2\/product"}],"about":[{"href":"https:\/\/soydeaqui.ddns.net\/pachuca\/index.php\/wp-json\/wp\/v2\/types\/product"}],"replies":[{"embeddable":true,"href":"https:\/\/soydeaqui.ddns.net\/pachuca\/index.php\/wp-json\/wp\/v2\/comments?post=75347"}],"wp:featuredmedia":[{"embeddable":true,"href":"https:\/\/soydeaqui.ddns.net\/pachuca\/index.php\/wp-json\/wp\/v2\/media\/75346"}],"wp:attachment":[{"href":"https:\/\/soydeaqui.ddns.net\/pachuca\/index.php\/wp-json\/wp\/v2\/media?parent=75347"}],"wp:term":[{"taxonomy":"product_brand","embeddable":true,"href":"https:\/\/soydeaqui.ddns.net\/pachuca\/index.php\/wp-json\/wp\/v2\/product_brand?post=75347"},{"taxonomy":"product_cat","embeddable":true,"href":"https:\/\/soydeaqui.ddns.net\/pachuca\/index.php\/wp-json\/wp\/v2\/product_cat?post=75347"},{"taxonomy":"product_tag","embeddable":true,"href":"https:\/\/soydeaqui.ddns.net\/pachuca\/index.php\/wp-json\/wp\/v2\/product_tag?post=75347"}],"curies":[{"name":"wp","href":"https:\/\/api.w.org\/{rel}","templated":true}]}}