{"id":75343,"date":"2026-03-19T14:36:30","date_gmt":"2026-03-19T14:36:30","guid":{"rendered":"https:\/\/soydeaqui.ddns.net\/pachuca\/index.php\/producto\/qrt-2-punto-de-acceso-para-exterior-en-2-4-ghz-802-11-b-g-n-antena-integrada-de-17-dbi-potencia-hasta-2500mw\/"},"modified":"2026-03-19T14:36:31","modified_gmt":"2026-03-19T14:36:31","slug":"qrt-2-punto-de-acceso-para-exterior-en-2-4-ghz-802-11-b-g-n-antena-integrada-de-17-dbi-potencia-hasta-2500mw","status":"publish","type":"product","link":"https:\/\/soydeaqui.ddns.net\/pachuca\/index.php\/producto\/qrt-2-punto-de-acceso-para-exterior-en-2-4-ghz-802-11-b-g-n-antena-integrada-de-17-dbi-potencia-hasta-2500mw\/","title":{"rendered":"(QRT 2) Punto de Acceso para exterior en 2.4 GHz 802.11 b\/g\/n, Antena Integrada de 17 dBi, Potencia Hasta 2500mW"},"content":{"rendered":"<div style='width: 100%; max-width: 1200px; margin: 0 auto; font-family: sans-serif; line-height: 1.6; color: inherit; background-color: transparent;'> <!-- Descripci\u00f3n general --> <\/p>\n<div style='margin-bottom: 30px;'>\n<div style='font-size: 16px; color: inherit;'>\n<p style='margin: 0 0 15px;'>El <strong>QRT 2<\/strong> es una antena de panel con sistema incorporado RouterBOARD. El dispositivo tiene una antena de 17 dBi y un transmisor inal\u00e1mbrico de alta potencia.<\/p>\n<p style='margin: 0;'>En el interior es un dispositivo inal\u00e1mbrico de doble cadena&comma; con alto rendimiento&comma; transmisor inal\u00e1mbrico con un puerto Gigabit Ethernet&comma; para aprovechar al m\u00e1ximo el beneficio de 802.11n. F\u00e1cil de usar y r\u00e1pido de implementar&comma; QRT es ideal para enlaces punto a punto.<\/p>\n<\/p><\/div>\n<\/p><\/div>\n<p> <!-- Caracter\u00edsticas principales --> <\/p>\n<div style='display: flex; flex-wrap: wrap; gap: 30px; margin-bottom: 30px;'>\n<div style='flex: 1 1 300px; min-width: 280px;'>\n<h3 style='font-size: 22px; border-bottom: 2px solid currentColor; padding-bottom: 5px; margin-top: 0; color: inherit; opacity: 0.8;'>Caracter\u00edsticas Principales<\/h3>\n<ul style='padding-left: 20px; font-size: 15px; color: inherit;'>\n<li style='margin-bottom: 5px;'>Banda de Operaci\u00f3n en 2.4GHz<\/li>\n<li style='margin-bottom: 5px;'>Est\u00e1ndar 802.11 b\/g\/n<\/li>\n<li style='margin-bottom: 5px;'>Modo de Operaci\u00f3n: Punto de Acceso&comma; Cliente y PtP<\/li>\n<li style='margin-bottom: 5px;'>Antena Integrada de 17 dBi<\/li>\n<li style='margin-bottom: 5px;'>Puerto Gigabit<\/li>\n<li style='margin-bottom: 5px;'>Incluye Montaje para Torre<\/li>\n<li style='margin-bottom: 5px;'><strong>Nivel de Licencia 4<\/strong><\/li>\n<li style='margin-bottom: 5px;'>Dimensiones 309 x 230 x 50mm<\/li>\n<\/ul><\/div>\n<\/p><\/div>\n<p> <!-- Imagen de garant\u00eda --> <\/p>\n<div style='margin-bottom: 30px;'> <img style='width: 100%; max-width: 302px; height: auto; border: 1px solid rgba(150&comma;150&comma;150&comma;0.3); border-radius: 8px;' src='https:\/\/ftp3.syscom.mx\/usuarios\/fotos\/CCR10097G1C1S+PC\/137052-garantia1.png' alt=''> <\/div>\n<p> <!-- Galer\u00eda de im\u00e1genes --> <\/p>\n<div style='display: flex; flex-wrap: wrap; gap: 15px; margin-bottom: 30px;'>\n<div style='flex: 1 1 200px; min-width: 180px;'> <img style='width: 100%; height: auto; border: 1px solid rgba(150&comma;150&comma;150&comma;0.3); border-radius: 8px;' src='http:\/\/ftp3.syscom.mx\/usuarios\/fotos\/RBQRTG2SHPND\/RBQRTG2SHPND_1.png' alt=''> <\/div>\n<div style='flex: 1 1 200px; min-width: 180px;'> <img style='width: 100%; height: auto; border: 1px solid rgba(150&comma;150&comma;150&comma;0.3); border-radius: 8px;' src='https:\/\/img.routerboard.com\/mimg\/907_l.jpg' alt=''> <\/div>\n<div style='flex: 1 1 200px; min-width: 180px;'> <img style='width: 100%; height: auto; border: 1px solid rgba(150&comma;150&comma;150&comma;0.3); border-radius: 8px;' src='https:\/\/img.routerboard.com\/mimg\/906_l.jpg' alt=''> <\/div>\n<\/p><\/div>\n<p> <!-- Accesorios incluidos --> <\/p>\n<h2 style='font-size: 20px; margin-top: 0; margin-bottom: 20px; color: inherit;'>Accesorios que Incluye:<\/h2>\n<div style='display: grid; grid-template-columns: repeat(auto-fill&comma; minmax(180px&comma; 1fr)); gap: 20px; margin-bottom: 30px;'>\n<div style='border: 1px solid rgba(150&comma;150&comma;150&comma;0.4); border-radius: 8px; overflow: hidden; display: flex; flex-direction: column; align-items: center; padding: 15px; text-align: center;'> <a href='http:\/\/img.routerboard.com\/mimg\/part331393422988m.jpg' style='text-decoration: none; color: inherit;'> <img style='width: 100%; max-width: 150px; height: auto; border: 1px solid rgba(150&comma;150&comma;150&comma;0.3); border-radius: 8px; margin-bottom: 10px;' src='http:\/\/img.routerboard.com\/mimg\/part331393422988s.jpg' alt=''> <span style='font-size: 14px;'>24V 1.2A power adapter<\/span> <\/a> <\/div>\n<div style='border: 1px solid rgba(150&comma;150&comma;150&comma;0.4); border-radius: 8px; overflow: hidden; display: flex; flex-direction: column; align-items: center; padding: 15px; text-align: center;'> <a href='http:\/\/img.routerboard.com\/mimg\/part121391159986m.jpg' style='text-decoration: none; color: inherit;'> <img style='width: 100%; max-width: 150px; height: auto; border: 1px solid rgba(150&comma;150&comma;150&comma;0.3); border-radius: 8px; margin-bottom: 10px;' src='http:\/\/img.routerboard.com\/mimg\/part121391159986s.jpg' alt=''> <span style='font-size: 14px;'>QRT antenna mount<\/span> <\/a> <\/div>\n<div style='border: 1px solid rgba(150&comma;150&comma;150&comma;0.4); border-radius: 8px; overflow: hidden; display: flex; flex-direction: column; align-items: center; padding: 15px; text-align: center;'> <a href='http:\/\/img.routerboard.com\/mimg\/part101391160012m.jpg' style='text-decoration: none; color: inherit;'> <img style='width: 100%; max-width: 150px; height: auto; border: 1px solid rgba(150&comma;150&comma;150&comma;0.3); border-radius: 8px; margin-bottom: 10px;' src='http:\/\/img.routerboard.com\/mimg\/part101391160012s.jpg' alt=''> <span style='font-size: 14px;'>PoE injector<\/span> <\/a> <\/div>\n<div style='border: 1px solid rgba(150&comma;150&comma;150&comma;0.4); border-radius: 8px; overflow: hidden; display: flex; flex-direction: column; align-items: center; padding: 15px; text-align: center;'> <a href='http:\/\/img.routerboard.com\/mimg\/part131391160260m.jpg' style='text-decoration: none; color: inherit;'> <img style='width: 100%; max-width: 150px; height: auto; border: 1px solid rgba(150&comma;150&comma;150&comma;0.3); border-radius: 8px; margin-bottom: 10px;' src='http:\/\/img.routerboard.com\/mimg\/part131391160260s.jpg' alt=''> <span style='font-size: 14px;'>U bolts<\/span> <\/a> <\/div>\n<div style='border: 1px solid rgba(150&comma;150&comma;150&comma;0.4); border-radius: 8px; overflow: hidden; display: flex; flex-direction: column; align-items: center; padding: 15px; text-align: center;'> <a href='http:\/\/img.routerboard.com\/mimg\/part141391160278m.jpg' style='text-decoration: none; color: inherit;'> <img style='width: 100%; max-width: 150px; height: auto; border: 1px solid rgba(150&comma;150&comma;150&comma;0.3); border-radius: 8px; margin-bottom: 10px;' src='http:\/\/img.routerboard.com\/mimg\/part141391160278s.jpg' alt=''> <span style='font-size: 14px;'>U mast clamp<\/span> <\/a> <\/div>\n<div style='border: 1px solid rgba(150&comma;150&comma;150&comma;0.4); border-radius: 8px; overflow: hidden; display: flex; flex-direction: column; align-items: center; padding: 15px; text-align: center;'> <a href='http:\/\/img.routerboard.com\/mimg\/part71391160316m.jpg' style='text-decoration: none; color: inherit;'> <img style='width: 100%; max-width: 150px; height: auto; border: 1px solid rgba(150&comma;150&comma;150&comma;0.3); border-radius: 8px; margin-bottom: 10px;' src='http:\/\/img.routerboard.com\/mimg\/part71391160316s.jpg' alt=''> <span style='font-size: 14px;'>K-QRT screw kit<\/span> <\/a> <\/div>\n<\/p><\/div>\n<p> <!-- Separador final --> <\/p>\n<hr style='border: 0; border-top: 1px solid rgba(150&comma; 150&comma; 150&comma; 0.3); margin: 30px 0;'> <\/div>\n","protected":false},"excerpt":{"rendered":"<p>(QRT 2) Punto de Acceso para exterior en 2.4 GHz 802.11 b\/g\/n, Antena Integrada de 17 dBi, Potencia Hasta 2500mW<\/p>\n","protected":false},"featured_media":75342,"comment_status":"open","ping_status":"closed","template":"","meta":[],"product_brand":[],"product_cat":[2058],"product_tag":[2059,1980,643],"class_list":{"0":"post-75343","1":"product","2":"type-product","3":"status-publish","4":"has-post-thumbnail","6":"product_cat-2-4-ghz","7":"product_tag-2-4-ghz","8":"product_tag-enlaces-ptp-y-ptmp","9":"product_tag-mikrotik","11":"first","12":"outofstock","13":"sale","14":"shipping-taxable","15":"purchasable","16":"product-type-simple"},"_links":{"self":[{"href":"https:\/\/soydeaqui.ddns.net\/pachuca\/index.php\/wp-json\/wp\/v2\/product\/75343","targetHints":{"allow":["GET"]}}],"collection":[{"href":"https:\/\/soydeaqui.ddns.net\/pachuca\/index.php\/wp-json\/wp\/v2\/product"}],"about":[{"href":"https:\/\/soydeaqui.ddns.net\/pachuca\/index.php\/wp-json\/wp\/v2\/types\/product"}],"replies":[{"embeddable":true,"href":"https:\/\/soydeaqui.ddns.net\/pachuca\/index.php\/wp-json\/wp\/v2\/comments?post=75343"}],"wp:featuredmedia":[{"embeddable":true,"href":"https:\/\/soydeaqui.ddns.net\/pachuca\/index.php\/wp-json\/wp\/v2\/media\/75342"}],"wp:attachment":[{"href":"https:\/\/soydeaqui.ddns.net\/pachuca\/index.php\/wp-json\/wp\/v2\/media?parent=75343"}],"wp:term":[{"taxonomy":"product_brand","embeddable":true,"href":"https:\/\/soydeaqui.ddns.net\/pachuca\/index.php\/wp-json\/wp\/v2\/product_brand?post=75343"},{"taxonomy":"product_cat","embeddable":true,"href":"https:\/\/soydeaqui.ddns.net\/pachuca\/index.php\/wp-json\/wp\/v2\/product_cat?post=75343"},{"taxonomy":"product_tag","embeddable":true,"href":"https:\/\/soydeaqui.ddns.net\/pachuca\/index.php\/wp-json\/wp\/v2\/product_tag?post=75343"}],"curies":[{"name":"wp","href":"https:\/\/api.w.org\/{rel}","templated":true}]}}