{"id":75330,"date":"2026-03-19T14:35:59","date_gmt":"2026-03-19T14:35:59","guid":{"rendered":"https:\/\/soydeaqui.ddns.net\/pachuca\/index.php\/producto\/sxt-hg5-punto-de-acceso-5ghz-con-antena-integrada-17dbi-apertura-24o-potencia-hasta-1000mw\/"},"modified":"2026-03-19T14:36:01","modified_gmt":"2026-03-19T14:36:01","slug":"sxt-hg5-punto-de-acceso-5ghz-con-antena-integrada-17dbi-apertura-24o-potencia-hasta-1000mw","status":"publish","type":"product","link":"https:\/\/soydeaqui.ddns.net\/pachuca\/index.php\/producto\/sxt-hg5-punto-de-acceso-5ghz-con-antena-integrada-17dbi-apertura-24o-potencia-hasta-1000mw\/","title":{"rendered":"(SXT HG5) Punto de Acceso, 5GHz con Antena Integrada 17dBi apertura 24\u00ba, Potencia hasta 1000mW"},"content":{"rendered":"<div style='width: 100%; max-width: 1200px; margin: 0 auto; font-family: sans-serif; line-height: 1.6; color: inherit; background-color: transparent;'> <!-- Descripci\u00f3n principal --> <\/p>\n<div style='margin-bottom: 30px;'>\n<h1 style='font-size: 24px; margin: 0; padding: 0; color: inherit;'>SXT HG5<\/h1>\n<p style='margin: 0; padding: 10px 0; font-size: 14px; color: inherit; opacity: 0.8;'> La potencia de salida inal\u00e1mbrica de este dispositivo es de hasta 30 dBm (1000 mW). Est\u00e1 equipado con una antena de 17dBi de 24 grados&comma; puerto Gigabit Ethernet y la licencia RouterOS L4 (puede ser utilizado como AP&comma; Backbone o CPE). <\/p>\n<p style='margin: 0; padding: 10px 0; font-size: 14px; color: inherit; opacity: 0.8;'> Est\u00e1 alimentado por nuestra nueva generaci\u00f3n de CPU AR9344&comma; que hace que sea a\u00fan m\u00e1s potente&comma; para asegurarse de obtener el m\u00e1ximo throughput. <\/p>\n<\/p><\/div>\n<p> <!-- Caracter\u00edsticas principales --> <\/p>\n<div style='display: flex; flex-wrap: wrap; gap: 30px; margin-bottom: 30px;'>\n<div style='flex: 1 1 300px; min-width: 280px;'>\n<h3 style='font-size: 20px; border-bottom: 2px solid currentColor; padding-bottom: 5px; margin-top: 0; color: inherit; opacity: 0.8;'>Caracter\u00edsticas<\/h3>\n<ul style='padding-left: 20px; font-size: 15px; color: inherit;'>\n<li style='margin-bottom: 5px;'>Frecuencia de operaci\u00f3n en 5GHz<\/li>\n<li style='margin-bottom: 5px;'>Est\u00e1ndar 802.11a\/n<\/li>\n<li style='margin-bottom: 5px;'>Modos de operaci\u00f3n: AP&comma; Backbone&comma; CPE<\/li>\n<li style='margin-bottom: 5px;'>Incluye PoE pasivo de 24V<\/li>\n<li style='margin-bottom: 5px;'>Hasta 1000mW de potencia<\/li>\n<li style='margin-bottom: 5px;'>Antena integrada de 17dBi con 24\u00b0 de apertura<\/li>\n<li style='margin-bottom: 5px;'>1 puerto 10\/100\/1000Mbps<\/li>\n<li style='margin-bottom: 5px;'><strong>Nivel de Licencia 4<\/strong><\/li>\n<li style='margin-bottom: 5px;'>Dimensiones: 140 x 140 x 105mm<\/li>\n<\/ul><\/div>\n<\/p><\/div>\n<p> <!-- Especificaciones t\u00e9cnicas --> <\/p>\n<div style='display: flex; flex-wrap: wrap; gap: 20px; margin-bottom: 30px;'>\n<div style='flex: 1 1 250px; border: 1px solid rgba(150&comma; 150&comma; 150&comma; 0.4); border-radius: 8px; overflow: hidden; display: flex; flex-direction: column;'>\n<div style='padding: 15px; border-bottom: 1px solid rgba(150&comma; 150&comma; 150&comma; 0.2); font-weight: bold; font-size: 18px; color: inherit;'>Especificaciones T\u00e9cnicas<\/div>\n<div style='padding: 15px; color: inherit;'>\n<ul style='padding-left: 20px; margin: 0; font-size: 14px; list-style-type: disc;'>\n<li style='margin-bottom: 5px;'><strong>C\u00f3digo de producto:<\/strong> RBSXTG-5HPnD-HGr2<\/li>\n<li style='margin-bottom: 5px;'><strong>CPU frecuencia nominal:<\/strong> 600 MHz<\/li>\n<li style='margin-bottom: 5px;'><strong>CPU n\u00famero de n\u00facleos:<\/strong> 1<\/li>\n<li style='margin-bottom: 5px;'><strong>Tama\u00f1o de RAM:<\/strong> 64 MB<\/li>\n<li style='margin-bottom: 5px;'><strong>Arquitectura:<\/strong> MIPS-BE<\/li>\n<li style='margin-bottom: 5px;'><strong>Puertos Ethernet 10\/100\/1000:<\/strong> 1<\/li>\n<li style='margin-bottom: 5px;'><strong>Modelo de chip inal\u00e1mbrico:<\/strong> AR9344<\/li>\n<li style='margin-bottom: 5px;'><strong>Est\u00e1ndares inal\u00e1mbricos:<\/strong> 802.11a \/ n<\/li>\n<li style='margin-bottom: 5px;'><strong>N\u00famero de puertos USB:<\/strong> 1<\/li>\n<li style='margin-bottom: 5px;'><strong>PoE:<\/strong> S\u00ed<\/li>\n<li style='margin-bottom: 5px;'><strong>Voltaje de entrada el apoyo:<\/strong> 6 V &#8211; 30 V<\/li>\n<li style='margin-bottom: 5px;'><strong>Monitor de voltaje:<\/strong> S\u00ed<\/li>\n<li style='margin-bottom: 5px;'><strong>Vigilancia de la temperatura de PCB:<\/strong> S\u00ed<\/li>\n<li style='margin-bottom: 5px;'><strong>Sistema operativo:<\/strong> RouterOS<\/li>\n<li style='margin-bottom: 5px;'><strong>Temperatura ambiente probada:<\/strong> -30\u00b0C a +80\u00b0C<\/li>\n<li style='margin-bottom: 5px;'><strong>Nivel de licencia:<\/strong> 4<\/li>\n<li style='margin-bottom: 5px;'><strong>Ganancia de la antena dBi:<\/strong> 16.5<\/li>\n<li style='margin-bottom: 5px;'><strong>CPU:<\/strong> AR9344<\/li>\n<li style='margin-bottom: 5px;'><strong>Reinicio de corriente USB:<\/strong> S\u00ed<\/li>\n<li style='margin-bottom: 5px;'><strong>Tipo de ranura USB:<\/strong> USB tipo A<\/li>\n<li style='margin-bottom: 5px;'><strong>N\u00famero de cadenas:<\/strong> 2<\/li>\n<li style='margin-bottom: 5px;'><strong>Tipo de almacenamiento:<\/strong> NAND<\/li>\n<li style='margin-bottom: 5px;'><strong>Tama\u00f1o de almacenamiento:<\/strong> 128 MB<\/li>\n<\/ul><\/div>\n<\/p><\/div>\n<p> <!-- Especificaciones inal\u00e1mbricas --> <\/p>\n<div style='flex: 1 1 250px; border: 1px solid rgba(150&comma; 150&comma; 150&comma; 0.4); border-radius: 8px; overflow: hidden; display: flex; flex-direction: column;'>\n<div style='padding: 15px; border-bottom: 1px solid rgba(150&comma; 150&comma; 150&comma; 0.2); font-weight: bold; font-size: 18px; color: inherit;'>Especificaciones Inal\u00e1mbricas<\/div>\n<div style='padding: 15px; color: inherit;'>\n<table style='width: 100%; border-collapse: collapse; margin-bottom: 15px;'>\n<thead>\n<tr>\n<th style='padding: 8px; border-bottom: 1px solid rgba(150&comma;150&comma;150&comma;0.3); text-align: left;'>Modo<\/th>\n<th style='padding: 8px; border-bottom: 1px solid rgba(150&comma;150&comma;150&comma;0.3); text-align: left;'>dBm<\/th>\n<th style='padding: 8px; border-bottom: 1px solid rgba(150&comma;150&comma;150&comma;0.3); text-align: left;'>mW<\/th>\n<th style='padding: 8px; border-bottom: 1px solid rgba(150&comma;150&comma;150&comma;0.3); text-align: left;'>Sensibilidad<\/th>\n<\/tr>\n<\/thead>\n<tbody>\n<tr style='border-bottom: 1px solid rgba(150&comma;150&comma;150&comma;0.2);'>\n<td style='padding: 8px;'>6MBit\/s<\/td>\n<td style='padding: 8px;'>31<\/td>\n<td style='padding: 8px;'>1258<\/td>\n<td style='padding: 8px;'>-92<\/td>\n<\/tr>\n<tr style='border-bottom: 1px solid rgba(150&comma;150&comma;150&comma;0.2);'>\n<td style='padding: 8px;'>54MBit\/s<\/td>\n<td style='padding: 8px;'>28<\/td>\n<td style='padding: 8px;'>630<\/td>\n<td style='padding: 8px;'>-77<\/td>\n<\/tr>\n<tr style='border-bottom: 1px solid rgba(150&comma;150&comma;150&comma;0.2);'>\n<td style='padding: 8px;'>MCS0<\/td>\n<td style='padding: 8px;'>30<\/td>\n<td style='padding: 8px;'>1000<\/td>\n<td style='padding: 8px;'>-93<\/td>\n<\/tr>\n<tr>\n<td style='padding: 8px;'>MCS7<\/td>\n<td style='padding: 8px;'>26<\/td>\n<td style='padding: 8px;'>398<\/td>\n<td style='padding: 8px;'>-71<\/td>\n<\/tr>\n<\/tbody>\n<\/table><\/div>\n<\/p><\/div>\n<\/p><\/div>\n<p> <!-- Im\u00e1genes --> <\/p>\n<div style='margin-bottom: 30px;'>\n<div style='margin-bottom: 15px;'> <img style='width: 100%; height: auto; border: 1px solid rgba(150&comma;150&comma;150&comma;0.3); border-radius: 8px;' src='https:\/\/ftp3.syscom.mx\/usuarios\/fotos\/CCR10097G1C1S+PC\/137052-garantia1.png' alt=''> <\/div>\n<div style='margin-bottom: 15px;'> <img style='width: 100%; height: auto; border: 1px solid rgba(150&comma;150&comma;150&comma;0.3); border-radius: 8px;' src='https:\/\/img.routerboard.com\/mimg\/755_m.png' alt=''> <\/div>\n<\/p><\/div>\n<p> <!-- Partes incluidas --> <\/p>\n<div style='margin-bottom: 30px;'>\n<h2 style='font-size: 20px; margin-top: 0; color: inherit; opacity: 0.8;'>Partes Incluidas<\/h2>\n<div style='display: flex; flex-wrap: wrap; gap: 15px;'>\n<div style='flex: 1 1 180px; min-width: 150px;'> <img style='width: 100%; height: auto; border: 1px solid rgba(150&comma;150&comma;150&comma;0.3); border-radius: 8px;' src='https:\/\/img.routerboard.com\/mimg\/part111391160732s.jpg' alt=''> <\/div>\n<div style='flex: 1 1 180px; min-width: 150px;'> <img style='width: 100%; height: auto; border: 1px solid rgba(150&comma;150&comma;150&comma;0.3); border-radius: 8px;' src='https:\/\/img.routerboard.com\/mimg\/part11391161548s.jpg' alt=''> <\/div>\n<div style='flex: 1 1 180px; min-width: 150px;'> <img style='width: 100%; height: auto; border: 1px solid rgba(150&comma;150&comma;150&comma;0.3); border-radius: 8px;' src='https:\/\/img.routerboard.com\/mimg\/part181391163711s.jpg' alt=''> <\/div>\n<\/p><\/div>\n<\/p><\/div>\n<p> <!-- Separador final --> <\/p>\n<hr style='border: 0; border-top: 1px solid rgba(150&comma; 150&comma; 150&comma; 0.3); margin: 30px 0;'> <\/div>\n","protected":false},"excerpt":{"rendered":"<p>(SXT HG5) Punto de Acceso, 5GHz con Antena Integrada 17dBi apertura 24\u00ba, Potencia hasta 1000mW<\/p>\n","protected":false},"featured_media":75329,"comment_status":"open","ping_status":"closed","template":"","meta":[],"product_brand":[],"product_cat":[1998],"product_tag":[1999,1980,643],"class_list":{"0":"post-75330","1":"product","2":"type-product","3":"status-publish","4":"has-post-thumbnail","6":"product_cat-5-y-6-ghz","7":"product_tag-5-y-6-ghz","8":"product_tag-enlaces-ptp-y-ptmp","9":"product_tag-mikrotik","11":"first","12":"outofstock","13":"sale","14":"shipping-taxable","15":"purchasable","16":"product-type-simple"},"_links":{"self":[{"href":"https:\/\/soydeaqui.ddns.net\/pachuca\/index.php\/wp-json\/wp\/v2\/product\/75330","targetHints":{"allow":["GET"]}}],"collection":[{"href":"https:\/\/soydeaqui.ddns.net\/pachuca\/index.php\/wp-json\/wp\/v2\/product"}],"about":[{"href":"https:\/\/soydeaqui.ddns.net\/pachuca\/index.php\/wp-json\/wp\/v2\/types\/product"}],"replies":[{"embeddable":true,"href":"https:\/\/soydeaqui.ddns.net\/pachuca\/index.php\/wp-json\/wp\/v2\/comments?post=75330"}],"wp:featuredmedia":[{"embeddable":true,"href":"https:\/\/soydeaqui.ddns.net\/pachuca\/index.php\/wp-json\/wp\/v2\/media\/75329"}],"wp:attachment":[{"href":"https:\/\/soydeaqui.ddns.net\/pachuca\/index.php\/wp-json\/wp\/v2\/media?parent=75330"}],"wp:term":[{"taxonomy":"product_brand","embeddable":true,"href":"https:\/\/soydeaqui.ddns.net\/pachuca\/index.php\/wp-json\/wp\/v2\/product_brand?post=75330"},{"taxonomy":"product_cat","embeddable":true,"href":"https:\/\/soydeaqui.ddns.net\/pachuca\/index.php\/wp-json\/wp\/v2\/product_cat?post=75330"},{"taxonomy":"product_tag","embeddable":true,"href":"https:\/\/soydeaqui.ddns.net\/pachuca\/index.php\/wp-json\/wp\/v2\/product_tag?post=75330"}],"curies":[{"name":"wp","href":"https:\/\/api.w.org\/{rel}","templated":true}]}}