{"id":75328,"date":"2026-03-19T14:35:56","date_gmt":"2026-03-19T14:35:56","guid":{"rendered":"https:\/\/soydeaqui.ddns.net\/pachuca\/index.php\/producto\/omnitik-5-punto-de-acceso-en-5ghz-802-11-a-n-antena-integrada-de-7-5-dbi-de-360-5-puertos-fast-ethernet\/"},"modified":"2026-03-19T14:35:57","modified_gmt":"2026-03-19T14:35:57","slug":"omnitik-5-punto-de-acceso-en-5ghz-802-11-a-n-antena-integrada-de-7-5-dbi-de-360-5-puertos-fast-ethernet","status":"publish","type":"product","link":"https:\/\/soydeaqui.ddns.net\/pachuca\/index.php\/producto\/omnitik-5-punto-de-acceso-en-5ghz-802-11-a-n-antena-integrada-de-7-5-dbi-de-360-5-puertos-fast-ethernet\/","title":{"rendered":"(OmniTIK 5) Punto de Acceso en 5GHz 802.11 a\/n, Antena integrada de 7.5 dBi de 360\u00b0, 5 Puertos Fast Ethernet"},"content":{"rendered":"<div style='width: 100%; max-width: 1200px; margin: 0 auto; font-family: sans-serif; line-height: 1.6; color: inherit; background-color: transparent;'>\n<div style='display: flex; flex-wrap: wrap; gap: 30px; margin-bottom: 30px;'>\n<div style='flex: 1 1 300px; min-width: 280px;'>\n<h3 style='font-size: 22px; border-bottom: 2px solid currentColor; padding-bottom: 5px; margin-top: 0; color: inherit; opacity: 0.8;'>Descripci\u00f3n<\/h3>\n<p style='font-size: 15px; color: inherit; margin-bottom: 15px;'>El OmniTIK 5 es un AP para exteriores resistente a la intemperie con antenas omnidireccionales de doble polarizaci\u00f3n&comma; el compa\u00f1ero perfecto para nuestro SXT o para cualquier otro dispositivo est\u00e1ndar 802.11.<\/p>\n<p style='font-size: 15px; color: inherit; margin-bottom: 15px;'>Resistente a la intemperie&comma; duradero y listo para usar. Tiene cinco puertos Ethernet 10\/100&comma; soporte PoE y una radio inal\u00e1mbrica incorporada 802.11a \/ n. Admite la tecnolog\u00eda Nv2 TDMA con un rendimiento agregado de hasta 200Mbit.<\/p>\n<p style='font-size: 15px; color: inherit; margin-bottom: 15px;'>Los indicadores de se\u00f1al LED en su parte posterior son totalmente personalizables&comma; muestran actividad de Ethernet o se\u00f1al inal\u00e1mbrica&comma; o cualquier otra informaci\u00f3n de RouterOS. El puerto USB brinda la posibilidad de conectar un m\u00f3dem 3G o una unidad de almacenamiento. El OmniTIK ejecuta RouterOS con todas sus caracter\u00edsticas.<\/p>\n<\/p><\/div>\n<\/p><\/div>\n<div style='display: flex; flex-wrap: wrap; gap: 20px; margin-bottom: 30px;'>\n<div style='flex: 1 1 250px; border: 1px solid rgba(150&comma; 150&comma; 150&comma; 0.4); border-radius: 8px; overflow: hidden; display: flex; flex-direction: column;'>\n<div style='padding: 15px; border-bottom: 1px solid rgba(150&comma; 150&comma; 150&comma; 0.2); font-weight: bold; font-size: 18px; color: inherit;'>Especificaciones<\/div>\n<div style='padding: 15px; color: inherit;'>\n<ul style='padding-left: 20px; margin: 0; font-size: 14px; list-style-type: disc;'>\n<li style='margin-bottom: 5px;'><strong>Rango de operaci\u00f3n:<\/strong> 5150 &#8211; 5875MHz<\/li>\n<li style='margin-bottom: 5px;'><strong>Est\u00e1ndar:<\/strong> 802.11a\/n<\/li>\n<li style='margin-bottom: 5px;'><strong>Antenas:<\/strong> Integradas de 7.5dBi<\/li>\n<li style='margin-bottom: 5px;'><strong>Alimentaci\u00f3n:<\/strong> Incluye PoE pasivo de 24V<\/li>\n<li style='margin-bottom: 5px;'><strong>Puertos Ethernet:<\/strong> 5 Fast Ethernet<\/li>\n<li style='margin-bottom: 5px;'><strong>Puerto USB:<\/strong> 2.0<\/li>\n<li style='margin-bottom: 5px;'><strong>Nivel de licencia:<\/strong> 4<\/li>\n<li style='margin-bottom: 5px;'><strong>Garant\u00eda:<\/strong> 1 A\u00f1o<\/li>\n<li style='margin-bottom: 5px;'><strong>Dimensiones:<\/strong> 177 x 44 x 44 mm<\/li>\n<\/ul><\/div>\n<\/p><\/div>\n<\/p><\/div>\n<div style='display: flex; flex-wrap: wrap; gap: 20px; margin-bottom: 30px; justify-content: center;'> <img style='width: 100%; max-width: 100px; height: auto; border: 1px solid rgba(150&comma;150&comma;150&comma;0.3); border-radius: 8px;' src='https:\/\/img.routerboard.com\/mimg\/782_l.jpg' alt=''> <img style='width: 100%; max-width: 150px; height: auto; border: 1px solid rgba(150&comma;150&comma;150&comma;0.3); border-radius: 8px;' src='https:\/\/img.routerboard.com\/mimg\/783_l.jpg' alt=''> <img style='width: 100%; max-width: 150px; height: auto; border: 1px solid rgba(150&comma;150&comma;150&comma;0.3); border-radius: 8px;' src='https:\/\/img.routerboard.com\/mimg\/784_l.jpg' alt=''> <\/div>\n<hr style='border: 0; border-top: 1px solid rgba(150&comma; 150&comma; 150&comma; 0.3); margin: 30px 0;'> <\/div>\n","protected":false},"excerpt":{"rendered":"<p>(OmniTIK 5) Punto de Acceso en 5GHz 802.11 a\/n, Antena integrada de 7.5 dBi de 360\u00b0, 5 Puertos Fast Ethernet<\/p>\n","protected":false},"featured_media":75327,"comment_status":"open","ping_status":"closed","template":"","meta":[],"product_brand":[],"product_cat":[1998],"product_tag":[1999,1980,643],"class_list":{"0":"post-75328","1":"product","2":"type-product","3":"status-publish","4":"has-post-thumbnail","6":"product_cat-5-y-6-ghz","7":"product_tag-5-y-6-ghz","8":"product_tag-enlaces-ptp-y-ptmp","9":"product_tag-mikrotik","11":"first","12":"outofstock","13":"sale","14":"shipping-taxable","15":"purchasable","16":"product-type-simple"},"_links":{"self":[{"href":"https:\/\/soydeaqui.ddns.net\/pachuca\/index.php\/wp-json\/wp\/v2\/product\/75328","targetHints":{"allow":["GET"]}}],"collection":[{"href":"https:\/\/soydeaqui.ddns.net\/pachuca\/index.php\/wp-json\/wp\/v2\/product"}],"about":[{"href":"https:\/\/soydeaqui.ddns.net\/pachuca\/index.php\/wp-json\/wp\/v2\/types\/product"}],"replies":[{"embeddable":true,"href":"https:\/\/soydeaqui.ddns.net\/pachuca\/index.php\/wp-json\/wp\/v2\/comments?post=75328"}],"wp:featuredmedia":[{"embeddable":true,"href":"https:\/\/soydeaqui.ddns.net\/pachuca\/index.php\/wp-json\/wp\/v2\/media\/75327"}],"wp:attachment":[{"href":"https:\/\/soydeaqui.ddns.net\/pachuca\/index.php\/wp-json\/wp\/v2\/media?parent=75328"}],"wp:term":[{"taxonomy":"product_brand","embeddable":true,"href":"https:\/\/soydeaqui.ddns.net\/pachuca\/index.php\/wp-json\/wp\/v2\/product_brand?post=75328"},{"taxonomy":"product_cat","embeddable":true,"href":"https:\/\/soydeaqui.ddns.net\/pachuca\/index.php\/wp-json\/wp\/v2\/product_cat?post=75328"},{"taxonomy":"product_tag","embeddable":true,"href":"https:\/\/soydeaqui.ddns.net\/pachuca\/index.php\/wp-json\/wp\/v2\/product_tag?post=75328"}],"curies":[{"name":"wp","href":"https:\/\/api.w.org\/{rel}","templated":true}]}}