{"id":75326,"date":"2026-03-19T14:35:52","date_gmt":"2026-03-19T14:35:52","guid":{"rendered":"https:\/\/soydeaqui.ddns.net\/pachuca\/index.php\/producto\/sxt-5-cpe-5ghz-con-antena-integrada-16dbi-apertura-25o-potencia-hasta-1000mw\/"},"modified":"2026-03-19T14:35:53","modified_gmt":"2026-03-19T14:35:53","slug":"sxt-5-cpe-5ghz-con-antena-integrada-16dbi-apertura-25o-potencia-hasta-1000mw","status":"publish","type":"product","link":"https:\/\/soydeaqui.ddns.net\/pachuca\/index.php\/producto\/sxt-5-cpe-5ghz-con-antena-integrada-16dbi-apertura-25o-potencia-hasta-1000mw\/","title":{"rendered":"(SXT 5) CPE, 5GHz con Antena Integrada 16dBi apertura 25\u00ba, Potencia hasta 1000mW"},"content":{"rendered":"<div style='width: 100%; max-width: 1200px; margin: 0 auto; font-family: sans-serif; line-height: 1.6; color: inherit; background-color: transparent;'> <!-- Descripci\u00f3n principal --> <\/p>\n<div style='margin-bottom: 30px;'>\n<h1 style='font-size: 24px; margin: 0 0 10px 0; color: inherit;'>SXT 5<\/h1>\n<p style='font-size: 14px; color: #717171; margin: 0 0 15px 0;'> SXT 5 es un bajo costo&comma; dispositivo inal\u00e1mbrico al aire libre de alta potencia de transmisi\u00f3n de 5 GHz. Hasta 1250mW transmitir energ\u00eda! SXT 5 se puede utilizar para enlaces punto a punto o como un CPE de punto a multipunto instalaciones. <\/p>\n<div style='margin: 20px 0;'> <img style='width: 100%; max-width: 302px; height: auto; border: 1px solid rgba(150&comma;150&comma;150&comma;0.3); border-radius: 8px;' src='https:\/\/ftp3.syscom.mx\/usuarios\/fotos\/CCR10097G1C1S+PC\/137052-garantia1.png' alt=''> <\/div>\n<\/p><\/div>\n<p> <!-- Secci\u00f3n de especificaciones principales --> <\/p>\n<div style='display: flex; flex-wrap: wrap; gap: 20px; margin-bottom: 30px;'>\n<div style='flex: 1 1 300px; min-width: 280px;'>\n<h3 style='font-size: 20px; border-bottom: 2px solid currentColor; padding-bottom: 5px; margin-top: 0; color: inherit; opacity: 0.8;'>Detalles<\/h3>\n<ul style='padding-left: 20px; font-size: 14px; color: inherit; list-style-type: disc;'>\n<li style='margin-bottom: 5px;'><strong>Product code:<\/strong> RBSXT5HPnDr2<\/li>\n<li style='margin-bottom: 5px;'><strong>CPU nominal frequency:<\/strong> 600 MHz<\/li>\n<li style='margin-bottom: 5px;'><strong>CPU core count:<\/strong> 1<\/li>\n<li style='margin-bottom: 5px;'><strong>Architecture:<\/strong> MIPS-BE<\/li>\n<li style='margin-bottom: 5px;'><strong>Size of RAM:<\/strong> 64 MB<\/li>\n<li style='margin-bottom: 5px;'><strong>Ethernet ports:<\/strong> 10\/100<\/li>\n<li style='margin-bottom: 5px;'><strong>Wireless standards:<\/strong> 802.11a\/n<\/li>\n<li style='margin-bottom: 5px;'><strong>Wireless chip model:<\/strong> AR9344<\/li>\n<li style='margin-bottom: 5px;'><strong>USB ports:<\/strong> 1<\/li>\n<li style='margin-bottom: 5px;'><strong>PoE in:<\/strong> Yes<\/li>\n<\/ul><\/div>\n<div style='flex: 1 1 300px; min-width: 280px;'>\n<h3 style='font-size: 20px; border-bottom: 2px solid currentColor; padding-bottom: 5px; margin-top: 0; color: inherit; opacity: 0.8;'>&nbsp;<\/h3>\n<ul style='padding-left: 20px; font-size: 14px; color: inherit; list-style-type: disc;'>\n<li style='margin-bottom: 5px;'><strong>Supported input voltage:<\/strong> 5 V &#8211; 30 V<\/li>\n<li style='margin-bottom: 5px;'><strong>Voltage Monitor:<\/strong> Yes<\/li>\n<li style='margin-bottom: 5px;'><strong>PCB temperature monitor:<\/strong> Yes<\/li>\n<li style='margin-bottom: 5px;'><strong>Dimensions:<\/strong> 140x140x56mm&comma; 265g<\/li>\n<li style='margin-bottom: 5px;'><strong>Operating System:<\/strong> RouterOS<\/li>\n<li style='margin-bottom: 5px;'><strong>Tested ambient temperature:<\/strong> -30 .. +70C<\/li>\n<li style='margin-bottom: 5px;'><strong>License level:<\/strong> 3<\/li>\n<li style='margin-bottom: 5px;'><strong>Antenna gain:<\/strong> 16dBi<\/li>\n<li style='margin-bottom: 5px;'><strong>CPU:<\/strong> AR9344<\/li>\n<li style='margin-bottom: 5px;'><strong>Max Power consumption:<\/strong> 11W<\/li>\n<\/ul><\/div>\n<div style='flex: 1 1 300px; min-width: 280px;'>\n<h3 style='font-size: 20px; border-bottom: 2px solid currentColor; padding-bottom: 5px; margin-top: 0; color: inherit; opacity: 0.8;'>&nbsp;<\/h3>\n<ul style='padding-left: 20px; font-size: 14px; color: inherit; list-style-type: disc;'>\n<li style='margin-bottom: 5px;'><strong>USB Power Reset:<\/strong> Yes<\/li>\n<li style='margin-bottom: 5px;'><strong>USB slot type:<\/strong> USB type A<\/li>\n<li style='margin-bottom: 5px;'><strong>Number of chains:<\/strong> 2<\/li>\n<li style='margin-bottom: 5px;'><strong>Storage type:<\/strong> NAND<\/li>\n<li style='margin-bottom: 5px;'><strong>Storage size:<\/strong> 64 MB<\/li>\n<\/ul><\/div>\n<\/p><\/div>\n<p> <!-- Tabla de especificaciones inal\u00e1mbricas --> <\/p>\n<div style='margin-bottom: 30px;'>\n<h3 style='font-size: 20px; border-bottom: 2px solid currentColor; padding-bottom: 5px; margin-top: 0; color: inherit; opacity: 0.8; margin-bottom: 15px;'>Wireless specifications<\/h3>\n<div style='overflow-x: auto;'>\n<table style='width: 100%; border-collapse: collapse; margin-bottom: 15px;'>\n<thead>\n<tr style='background-color: #f0f0f0;'>\n<th style='padding: 10px; border: 1px solid rgba(150&comma;150&comma;150&comma;0.3); text-align: left;'>Modo<\/th>\n<th style='padding: 10px; border: 1px solid rgba(150&comma;150&comma;150&comma;0.3); text-align: left;'>Transmit power (dBm)<\/th>\n<th style='padding: 10px; border: 1px solid rgba(150&comma;150&comma;150&comma;0.3); text-align: left;'>Receive Sensitivity<\/th>\n<th style='padding: 10px; border: 1px solid rgba(150&comma;150&comma;150&comma;0.3); text-align: left;'>Transmit power (mW)<\/th>\n<\/tr>\n<\/thead>\n<tbody>\n<tr style='background-color: #f9f9f9;'>\n<td style='padding: 10px; border: 1px solid rgba(150&comma;150&comma;150&comma;0.3);'>6MBit\/s<\/td>\n<td style='padding: 10px; border: 1px solid rgba(150&comma;150&comma;150&comma;0.3);'>30<\/td>\n<td style='padding: 10px; border: 1px solid rgba(150&comma;150&comma;150&comma;0.3);'>-96<\/td>\n<td style='padding: 10px; border: 1px solid rgba(150&comma;150&comma;150&comma;0.3);'>1000<\/td>\n<\/tr>\n<tr>\n<td style='padding: 10px; border: 1px solid rgba(150&comma;150&comma;150&comma;0.3);'>54MBit\/s<\/td>\n<td style='padding: 10px; border: 1px solid rgba(150&comma;150&comma;150&comma;0.3);'>27<\/td>\n<td style='padding: 10px; border: 1px solid rgba(150&comma;150&comma;150&comma;0.3);'>-81<\/td>\n<td style='padding: 10px; border: 1px solid rgba(150&comma;150&comma;150&comma;0.3);'>501<\/td>\n<\/tr>\n<tr style='background-color: #f9f9f9;'>\n<td style='padding: 10px; border: 1px solid rgba(150&comma;150&comma;150&comma;0.3);'>MCS0<\/td>\n<td style='padding: 10px; border: 1px solid rgba(150&comma;150&comma;150&comma;0.3);'>30<\/td>\n<td style='padding: 10px; border: 1px solid rgba(150&comma;150&comma;150&comma;0.3);'>-96<\/td>\n<td style='padding: 10px; border: 1px solid rgba(150&comma;150&comma;150&comma;0.3);'>1000<\/td>\n<\/tr>\n<tr>\n<td style='padding: 10px; border: 1px solid rgba(150&comma;150&comma;150&comma;0.3);'>MCS7<\/td>\n<td style='padding: 10px; border: 1px solid rgba(150&comma;150&comma;150&comma;0.3);'>26<\/td>\n<td style='padding: 10px; border: 1px solid rgba(150&comma;150&comma;150&comma;0.3);'>-77<\/td>\n<td style='padding: 10px; border: 1px solid rgba(150&comma;150&comma;150&comma;0.3);'>398<\/td>\n<\/tr>\n<\/tbody>\n<\/table><\/div>\n<\/p><\/div>\n<\/p><\/div>\n","protected":false},"excerpt":{"rendered":"<p>(SXT 5) CPE, 5GHz con Antena Integrada 16dBi apertura 25\u00ba, Potencia hasta 1000mW<\/p>\n","protected":false},"featured_media":75325,"comment_status":"open","ping_status":"closed","template":"","meta":[],"product_brand":[],"product_cat":[1998],"product_tag":[1999,1980,643],"class_list":{"0":"post-75326","1":"product","2":"type-product","3":"status-publish","4":"has-post-thumbnail","6":"product_cat-5-y-6-ghz","7":"product_tag-5-y-6-ghz","8":"product_tag-enlaces-ptp-y-ptmp","9":"product_tag-mikrotik","11":"first","12":"outofstock","13":"sale","14":"shipping-taxable","15":"purchasable","16":"product-type-simple"},"_links":{"self":[{"href":"https:\/\/soydeaqui.ddns.net\/pachuca\/index.php\/wp-json\/wp\/v2\/product\/75326","targetHints":{"allow":["GET"]}}],"collection":[{"href":"https:\/\/soydeaqui.ddns.net\/pachuca\/index.php\/wp-json\/wp\/v2\/product"}],"about":[{"href":"https:\/\/soydeaqui.ddns.net\/pachuca\/index.php\/wp-json\/wp\/v2\/types\/product"}],"replies":[{"embeddable":true,"href":"https:\/\/soydeaqui.ddns.net\/pachuca\/index.php\/wp-json\/wp\/v2\/comments?post=75326"}],"wp:featuredmedia":[{"embeddable":true,"href":"https:\/\/soydeaqui.ddns.net\/pachuca\/index.php\/wp-json\/wp\/v2\/media\/75325"}],"wp:attachment":[{"href":"https:\/\/soydeaqui.ddns.net\/pachuca\/index.php\/wp-json\/wp\/v2\/media?parent=75326"}],"wp:term":[{"taxonomy":"product_brand","embeddable":true,"href":"https:\/\/soydeaqui.ddns.net\/pachuca\/index.php\/wp-json\/wp\/v2\/product_brand?post=75326"},{"taxonomy":"product_cat","embeddable":true,"href":"https:\/\/soydeaqui.ddns.net\/pachuca\/index.php\/wp-json\/wp\/v2\/product_cat?post=75326"},{"taxonomy":"product_tag","embeddable":true,"href":"https:\/\/soydeaqui.ddns.net\/pachuca\/index.php\/wp-json\/wp\/v2\/product_tag?post=75326"}],"curies":[{"name":"wp","href":"https:\/\/api.w.org\/{rel}","templated":true}]}}