{"id":75315,"date":"2026-03-19T14:35:28","date_gmt":"2026-03-19T14:35:28","guid":{"rendered":"https:\/\/soydeaqui.ddns.net\/pachuca\/index.php\/producto\/cpu-de-680mhz-256mb-ram-con-5-puertos-gigabit-ethernet-nivel-de-licencia-5\/"},"modified":"2026-03-19T14:35:29","modified_gmt":"2026-03-19T14:35:29","slug":"cpu-de-680mhz-256mb-ram-con-5-puertos-gigabit-ethernet-nivel-de-licencia-5","status":"publish","type":"product","link":"https:\/\/soydeaqui.ddns.net\/pachuca\/index.php\/producto\/cpu-de-680mhz-256mb-ram-con-5-puertos-gigabit-ethernet-nivel-de-licencia-5\/","title":{"rendered":"CPU de 680MHz, 256MB RAM, con 5 Puertos Gigabit Ethernet , Nivel de Licencia 5"},"content":{"rendered":"<div style='width: 100%; max-width: 1200px; margin: 0 auto; font-family: sans-serif; line-height: 1.6; color: inherit; background-color: transparent;'>\n<div style='margin-bottom: 30px;'>\n<p style='margin: 0 0 15px; font-size: 15px; color: inherit;'> El <strong style='color: inherit;'>RB450G<\/strong> es un ruteador con cinco puertos Gigabit Ethernet. En comparaci\u00f3n con el RB450&comma; el RB450G no solo agrega capacidad de velocidad de Gigabit&comma; sino tambi\u00e9n 256 MB de RAM&comma; una CPU m\u00e1s r\u00e1pida y una ranura para tarjeta microSD para el almacenamiento de archivos. <\/p>\n<p style='margin: 0 0 15px; font-size: 15px; color: inherit;'> El dispositivo utiliza un CPU Atheros AR7161 a 680 MHz&comma; tambi\u00e9n incluye un sensor de temperatura y un monitor de voltaje. <\/p>\n<p style='margin: 0 0 15px; font-size: 15px; color: inherit;'> El RB450G incluye RouterOS el sistema operativo que convertir\u00e1 este potente sistema en un ruteador&comma; firewall o administrador de ancho de banda altamente sofisticado. <\/p>\n<\/p><\/div>\n<p> <!-- Secci\u00f3n de especificaciones --> <\/p>\n<div style='display: flex; flex-wrap: wrap; gap: 20px; margin-bottom: 30px;'>\n<div style='flex: 1 1 250px; border: 1px solid rgba(150&comma; 150&comma; 150&comma; 0.4); border-radius: 8px; overflow: hidden; display: flex; flex-direction: column;'>\n<div style='padding: 15px; border-bottom: 1px solid rgba(150&comma; 150&comma; 150&comma; 0.2); font-weight: bold; font-size: 18px; color: inherit;'>Detalles de operaci\u00f3n<\/div>\n<div style='padding: 15px; color: inherit;'>\n<ul style='padding-left: 20px; margin: 0; font-size: 14px; list-style-type: disc;'>\n<li style='margin-bottom: 5px;'><strong style='color: inherit;'>C\u00f3digo de producto:<\/strong> RB450G<\/li>\n<li style='margin-bottom: 5px;'><strong style='color: inherit;'>Arquitectura:<\/strong> MIPSBE<\/li>\n<li style='margin-bottom: 5px;'><strong style='color: inherit;'>UPC:<\/strong> AR7161<\/li>\n<li style='margin-bottom: 5px;'><strong style='color: inherit;'>Recuento de n\u00facleos de CPU:<\/strong> 1<\/li>\n<li style='margin-bottom: 5px;'><strong style='color: inherit;'>Frecuencia nominal de la CPU:<\/strong> 680 MHz<\/li>\n<li style='margin-bottom: 5px;'><strong style='color: inherit;'>Nivel de licencia:<\/strong> 5<\/li>\n<li style='margin-bottom: 5px;'><strong style='color: inherit;'>Sistema operativo:<\/strong> RouterOS<\/li>\n<li style='margin-bottom: 5px;'><strong style='color: inherit;'>Tama\u00f1o de la memoria RAM:<\/strong> 256 MB<\/li>\n<li style='margin-bottom: 5px;'><strong style='color: inherit;'>Tama\u00f1o de almacenamiento:<\/strong> 512 MB<\/li>\n<li style='margin-bottom: 5px;'><strong style='color: inherit;'>Tipo de almacenamiento:<\/strong> NAND<\/li>\n<li style='margin-bottom: 5px;'><strong style='color: inherit;'>Temperatura ambiente probada:<\/strong> -20 \u00b0C a 70 \u00b0C<\/li>\n<li style='margin-bottom: 5px;'><strong style='color: inherit;'>Precio sugerido:<\/strong> $99.00<\/li>\n<\/ul><\/div>\n<\/p><\/div>\n<div style='flex: 1 1 250px; border: 1px solid rgba(150&comma; 150&comma; 150&comma; 0.4); border-radius: 8px; overflow: hidden; display: flex; flex-direction: column;'>\n<div style='padding: 15px; border-bottom: 1px solid rgba(150&comma; 150&comma; 150&comma; 0.2); font-weight: bold; font-size: 18px; color: inherit;'>Opciones de alimentaci\u00f3n<\/div>\n<div style='padding: 15px; color: inherit;'>\n<ul style='padding-left: 20px; margin: 0; font-size: 14px; list-style-type: disc;'>\n<li style='margin-bottom: 5px;'><strong style='color: inherit;'>PoE en:<\/strong> PoE pasivo<\/li>\n<li style='margin-bottom: 5px;'><strong style='color: inherit;'>PoE en voltaje de entrada:<\/strong> 8-28 V<\/li>\n<li style='margin-bottom: 5px;'><strong style='color: inherit;'>N\u00famero de entradas de corriente continua:<\/strong> 2 (conector DC&comma; PoE-IN)<\/li>\n<li style='margin-bottom: 5px;'><strong style='color: inherit;'>Voltaje de entrada de jack DC:<\/strong> 8-28 V<\/li>\n<li style='margin-bottom: 5px;'><strong style='color: inherit;'>Consumo m\u00e1ximo de energ\u00eda:<\/strong> 6 W<\/li>\n<\/ul><\/div>\n<\/p><\/div>\n<div style='flex: 1 1 250px; border: 1px solid rgba(150&comma; 150&comma; 150&comma; 0.4); border-radius: 8px; overflow: hidden; display: flex; flex-direction: column;'>\n<div style='padding: 15px; border-bottom: 1px solid rgba(150&comma; 150&comma; 150&comma; 0.2); font-weight: bold; font-size: 18px; color: inherit;'>Ethernet<\/div>\n<div style='padding: 15px; color: inherit;'>\n<ul style='padding-left: 20px; margin: 0; font-size: 14px; list-style-type: disc;'>\n<li style='margin-bottom: 5px;'><strong style='color: inherit;'>10\/100\/1000 puertos Ethernet:<\/strong> 5<\/li>\n<\/ul><\/div>\n<\/p><\/div>\n<div style='flex: 1 1 250px; border: 1px solid rgba(150&comma; 150&comma; 150&comma; 0.4); border-radius: 8px; overflow: hidden; display: flex; flex-direction: column;'>\n<div style='padding: 15px; border-bottom: 1px solid rgba(150&comma; 150&comma; 150&comma; 0.2); font-weight: bold; font-size: 18px; color: inherit;'>Perif\u00e9ricos<\/div>\n<div style='padding: 15px; color: inherit;'>\n<ul style='padding-left: 20px; margin: 0; font-size: 14px; list-style-type: disc;'>\n<li style='margin-bottom: 5px;'><strong style='color: inherit;'>Tipo de tarjeta de memoria:<\/strong> microSD<\/li>\n<li style='margin-bottom: 5px;'><strong style='color: inherit;'>Tarjetas de memoria:<\/strong> 1<\/li>\n<li style='margin-bottom: 5px;'><strong style='color: inherit;'>Puerto serial:<\/strong> RS232<\/li>\n<\/ul><\/div>\n<\/p><\/div>\n<div style='flex: 1 1 250px; border: 1px solid rgba(150&comma; 150&comma; 150&comma; 0.4); border-radius: 8px; overflow: hidden; display: flex; flex-direction: column;'>\n<div style='padding: 15px; border-bottom: 1px solid rgba(150&comma; 150&comma; 150&comma; 0.2); font-weight: bold; font-size: 18px; color: inherit;'>Otro<\/div>\n<div style='padding: 15px; color: inherit;'>\n<ul style='padding-left: 20px; margin: 0; font-size: 14px; list-style-type: disc;'>\n<li style='margin-bottom: 5px;'><strong style='color: inherit;'>Monitor de temperatura PCB:<\/strong> S\u00ed<\/li>\n<li style='margin-bottom: 5px;'><strong style='color: inherit;'>Monitor de voltaje:<\/strong> S\u00ed<\/li>\n<\/ul><\/div>\n<\/p><\/div>\n<\/p><\/div>\n<p> <!-- Separador --> <\/p>\n<hr style='border: 0; border-top: 1px solid rgba(150&comma; 150&comma; 150&comma; 0.3); margin: 30px 0;'> <\/div>\n","protected":false},"excerpt":{"rendered":"<p>CPU de 680MHz, 256MB RAM, con 5 Puertos Gigabit Ethernet , Nivel de Licencia 5<\/p>\n","protected":false},"featured_media":75314,"comment_status":"open","ping_status":"closed","template":"","meta":[],"product_brand":[],"product_cat":[2036,2035,2034],"product_tag":[2039,2038,643,664,2037],"class_list":{"0":"post-75315","1":"product","2":"type-product","3":"status-publish","4":"has-post-thumbnail","6":"product_cat-balanceadores","7":"product_cat-firewalls","8":"product_cat-routers","9":"product_tag-balanceadores","10":"product_tag-firewalls","11":"product_tag-mikrotik","12":"product_tag-networking","13":"product_tag-routers","15":"first","16":"outofstock","17":"sale","18":"shipping-taxable","19":"purchasable","20":"product-type-simple"},"_links":{"self":[{"href":"https:\/\/soydeaqui.ddns.net\/pachuca\/index.php\/wp-json\/wp\/v2\/product\/75315","targetHints":{"allow":["GET"]}}],"collection":[{"href":"https:\/\/soydeaqui.ddns.net\/pachuca\/index.php\/wp-json\/wp\/v2\/product"}],"about":[{"href":"https:\/\/soydeaqui.ddns.net\/pachuca\/index.php\/wp-json\/wp\/v2\/types\/product"}],"replies":[{"embeddable":true,"href":"https:\/\/soydeaqui.ddns.net\/pachuca\/index.php\/wp-json\/wp\/v2\/comments?post=75315"}],"wp:featuredmedia":[{"embeddable":true,"href":"https:\/\/soydeaqui.ddns.net\/pachuca\/index.php\/wp-json\/wp\/v2\/media\/75314"}],"wp:attachment":[{"href":"https:\/\/soydeaqui.ddns.net\/pachuca\/index.php\/wp-json\/wp\/v2\/media?parent=75315"}],"wp:term":[{"taxonomy":"product_brand","embeddable":true,"href":"https:\/\/soydeaqui.ddns.net\/pachuca\/index.php\/wp-json\/wp\/v2\/product_brand?post=75315"},{"taxonomy":"product_cat","embeddable":true,"href":"https:\/\/soydeaqui.ddns.net\/pachuca\/index.php\/wp-json\/wp\/v2\/product_cat?post=75315"},{"taxonomy":"product_tag","embeddable":true,"href":"https:\/\/soydeaqui.ddns.net\/pachuca\/index.php\/wp-json\/wp\/v2\/product_tag?post=75315"}],"curies":[{"name":"wp","href":"https:\/\/api.w.org\/{rel}","templated":true}]}}