{"id":75306,"date":"2026-03-19T14:35:05","date_gmt":"2026-03-19T14:35:05","guid":{"rendered":"https:\/\/soydeaqui.ddns.net\/pachuca\/index.php\/producto\/board-3-puertos-gigabit-con-5-ranuras-minipci-de-expansion-hasta-mimo-10x10\/"},"modified":"2026-03-19T14:35:09","modified_gmt":"2026-03-19T14:35:09","slug":"board-3-puertos-gigabit-con-5-ranuras-minipci-de-expansion-hasta-mimo-10x10","status":"publish","type":"product","link":"https:\/\/soydeaqui.ddns.net\/pachuca\/index.php\/producto\/board-3-puertos-gigabit-con-5-ranuras-minipci-de-expansion-hasta-mimo-10x10\/","title":{"rendered":"Board, 3 Puertos Gigabit con 5 ranuras miniPCI de expansi\u00f3n hasta MIMO 10&#215;10"},"content":{"rendered":"<div style='width: 100%; max-width: 1200px; margin: 0 auto; font-family: sans-serif; line-height: 1.6; color: inherit; background-color: transparent;'>\n<div style='display: flex; flex-direction: column; gap: 30px;'> <img style='width: 100%; height: auto; border: 1px solid rgba(150&comma;150&comma;150&comma;0.3); border-radius: 8px;' src='https:\/\/ftp3.syscom.mx\/usuarios\/fotos\/RB435G\/85527-banner_rb435g.png' alt=''> <\/p>\n<div>\n<p style='margin: 0 0 15px; font-size: 15px; color: inherit;'> Cinco ranuras miniPCI y tres puertos Gigabit Ethernet le brindan suficientes opciones de conectividad para utilizar el RB435G como la parte central de su red. <\/p>\n<p style='margin: 0 0 15px; font-size: 15px; color: inherit;'> Ahora con puertos Gigabit&comma; para utilizar correctamente toda la velocidad 802.11n con Nv2 inal\u00e1mbrico. <\/p>\n<p style='margin: 0 0 15px; font-size: 15px; color: inherit;'> Cinco ranuras miniPCI para cuatro sectores y una red troncal&comma; o cualquier otra configuraci\u00f3n que necesite: RB435G tiene la mayor cantidad de ranuras miniPCI de todos nuestros productos. <\/p>\n<p style='margin: 0 0 15px; font-size: 15px; color: inherit;'> Si necesita utilizar muchas tarjetas miniPCI&comma; \u00a1RB435G es su elecci\u00f3n! <\/p>\n<p style='margin: 0 0 15px; font-size: 15px; color: inherit;'> Los dos puertos USB 2.0 se pueden usar para ampliar el almacenamiento&comma; agregar un m\u00f3dem inal\u00e1mbrico 3G para conectividad de respaldo&comma; para una instalaci\u00f3n m\u00f3vil o todos juntos. <\/p>\n<\/p><\/div>\n<div style='display: flex; flex-wrap: wrap; gap: 30px; margin-top: 20px;'>\n<div style='flex: 1 1 300px; min-width: 280px;'>\n<h3 style='font-size: 22px; border-bottom: 2px solid currentColor; padding-bottom: 5px; margin-top: 0; color: inherit; opacity: 0.8;'>Especificaciones principales<\/h3>\n<ul style='padding-left: 20px; font-size: 15px; color: inherit;'>\n<li style='margin-bottom: 5px;'><strong>Arquitectura:<\/strong> MIPSBE<\/li>\n<li style='margin-bottom: 5px;'><strong>CPU:<\/strong> AR7161<\/li>\n<li style='margin-bottom: 5px;'><strong>Frecuencia:<\/strong> 680 MHz<\/li>\n<li style='margin-bottom: 5px;'><strong>RAM:<\/strong> 256 MB<\/li>\n<li style='margin-bottom: 5px;'><strong>Almacenamiento:<\/strong> 64 MB NAND<\/li>\n<\/ul><\/div>\n<div style='flex: 1 1 300px; min-width: 280px;'>\n<h3 style='font-size: 22px; border-bottom: 2px solid currentColor; padding-bottom: 5px; margin-top: 0; color: inherit; opacity: 0.8;'>Conectividad<\/h3>\n<ul style='padding-left: 20px; font-size: 15px; color: inherit;'>\n<li style='margin-bottom: 5px;'><strong>Puertos Gigabit:<\/strong> 3<\/li>\n<li style='margin-bottom: 5px;'><strong>Ranuras miniPCI:<\/strong> 5<\/li>\n<li style='margin-bottom: 5px;'><strong>Puertos USB:<\/strong> 2<\/li>\n<li style='margin-bottom: 5px;'><strong>Tipo USB:<\/strong> USB tipo A<\/li>\n<li style='margin-bottom: 5px;'><strong>Puerto serial:<\/strong> RS232<\/li>\n<\/ul><\/div>\n<div style='flex: 1 1 300px; min-width: 280px;'>\n<h3 style='font-size: 22px; border-bottom: 2px solid currentColor; padding-bottom: 5px; margin-top: 0; color: inherit; opacity: 0.8;'>Alimentaci\u00f3n<\/h3>\n<ul style='padding-left: 20px; font-size: 15px; color: inherit;'>\n<li style='margin-bottom: 5px;'><strong>Entrada:<\/strong> 8-28 V<\/li>\n<li style='margin-bottom: 5px;'><strong>PoE:<\/strong> Pasivo PoE<\/li>\n<li style='margin-bottom: 5px;'><strong>Entradas CC:<\/strong> 2 (toma de CC&comma; PoE-IN)<\/li>\n<li style='margin-bottom: 5px;'><strong>Corriente USB:<\/strong> 1.5 A<\/li>\n<\/ul><\/div>\n<div style='flex: 1 1 300px; min-width: 280px;'>\n<h3 style='font-size: 22px; border-bottom: 2px solid currentColor; padding-bottom: 5px; margin-top: 0; color: inherit; opacity: 0.8;'>Monitoreo<\/h3>\n<ul style='padding-left: 20px; font-size: 15px; color: inherit;'>\n<li style='margin-bottom: 5px;'><strong>Temperatura:<\/strong> -40 \u00b0C a +70 \u00b0C<\/li>\n<li style='margin-bottom: 5px;'><strong>Monitor actual:<\/strong> S\u00ed<\/li>\n<li style='margin-bottom: 5px;'><strong>Monitor de voltaje:<\/strong> S\u00ed<\/li>\n<li style='margin-bottom: 5px;'><strong>Monitor de temperatura PCB:<\/strong> S\u00ed<\/li>\n<\/ul><\/div>\n<div style='flex: 1 1 300px; min-width: 280px;'>\n<h3 style='font-size: 22px; border-bottom: 2px solid currentColor; padding-bottom: 5px; margin-top: 0; color: inherit; opacity: 0.8;'>Caracter\u00edsticas f\u00edsicas<\/h3>\n<ul style='padding-left: 20px; font-size: 15px; color: inherit;'>\n<li style='margin-bottom: 5px;'><strong>Dimensiones:<\/strong> 105 mm x 154 mm<\/li>\n<li style='margin-bottom: 5px;'><strong>Sistema operativo:<\/strong> RouterOS<\/li>\n<li style='margin-bottom: 5px;'><strong>Nivel de licencia:<\/strong> 5<\/li>\n<\/ul><\/div>\n<\/p><\/div>\n<p> <a href='http:\/\/soporte.syscom.mx\/networking#mikrotik'> <img style='width: 100%; height: auto; border: 1px solid rgba(150&comma;150&comma;150&comma;0.3); border-radius: 8px;' src='https:\/\/ftp3.syscom.mx\/usuarios\/raragon\/Imagenes_Generales\/Manuales_de_configuracion.jpg' alt=''> <\/a> <img style='width: 100%; height: auto; border: 1px solid rgba(150&comma;150&comma;150&comma;0.3); border-radius: 8px;' src='https:\/\/ftp3.syscom.mx\/usuarios\/fotos\/RB435G\/85527-garantia1.png' alt=''> <\/div>\n<\/p><\/div>\n","protected":false},"excerpt":{"rendered":"<p>Board, 3 Puertos Gigabit con 5 ranuras miniPCI de expansi\u00f3n hasta MIMO 10&#215;10<\/p>\n","protected":false},"featured_media":75305,"comment_status":"open","ping_status":"closed","template":"","meta":[],"product_brand":[],"product_cat":[2036,2035,2034],"product_tag":[2039,2038,643,664,2037],"class_list":{"0":"post-75306","1":"product","2":"type-product","3":"status-publish","4":"has-post-thumbnail","6":"product_cat-balanceadores","7":"product_cat-firewalls","8":"product_cat-routers","9":"product_tag-balanceadores","10":"product_tag-firewalls","11":"product_tag-mikrotik","12":"product_tag-networking","13":"product_tag-routers","15":"first","16":"outofstock","17":"sale","18":"shipping-taxable","19":"purchasable","20":"product-type-simple"},"_links":{"self":[{"href":"https:\/\/soydeaqui.ddns.net\/pachuca\/index.php\/wp-json\/wp\/v2\/product\/75306","targetHints":{"allow":["GET"]}}],"collection":[{"href":"https:\/\/soydeaqui.ddns.net\/pachuca\/index.php\/wp-json\/wp\/v2\/product"}],"about":[{"href":"https:\/\/soydeaqui.ddns.net\/pachuca\/index.php\/wp-json\/wp\/v2\/types\/product"}],"replies":[{"embeddable":true,"href":"https:\/\/soydeaqui.ddns.net\/pachuca\/index.php\/wp-json\/wp\/v2\/comments?post=75306"}],"wp:featuredmedia":[{"embeddable":true,"href":"https:\/\/soydeaqui.ddns.net\/pachuca\/index.php\/wp-json\/wp\/v2\/media\/75305"}],"wp:attachment":[{"href":"https:\/\/soydeaqui.ddns.net\/pachuca\/index.php\/wp-json\/wp\/v2\/media?parent=75306"}],"wp:term":[{"taxonomy":"product_brand","embeddable":true,"href":"https:\/\/soydeaqui.ddns.net\/pachuca\/index.php\/wp-json\/wp\/v2\/product_brand?post=75306"},{"taxonomy":"product_cat","embeddable":true,"href":"https:\/\/soydeaqui.ddns.net\/pachuca\/index.php\/wp-json\/wp\/v2\/product_cat?post=75306"},{"taxonomy":"product_tag","embeddable":true,"href":"https:\/\/soydeaqui.ddns.net\/pachuca\/index.php\/wp-json\/wp\/v2\/product_tag?post=75306"}],"curies":[{"name":"wp","href":"https:\/\/api.w.org\/{rel}","templated":true}]}}