{"id":75303,"date":"2026-03-19T14:34:59","date_gmt":"2026-03-19T14:34:59","guid":{"rendered":"https:\/\/soydeaqui.ddns.net\/pachuca\/index.php\/producto\/rb800-routerboard-3-puertos-gigabit-4-ranuras-minipci-de-expansion-para-ofrecer-un-mimo-8x8\/"},"modified":"2026-03-19T14:35:03","modified_gmt":"2026-03-19T14:35:03","slug":"rb800-routerboard-3-puertos-gigabit-4-ranuras-minipci-de-expansion-para-ofrecer-un-mimo-8x8","status":"publish","type":"product","link":"https:\/\/soydeaqui.ddns.net\/pachuca\/index.php\/producto\/rb800-routerboard-3-puertos-gigabit-4-ranuras-minipci-de-expansion-para-ofrecer-un-mimo-8x8\/","title":{"rendered":"(RB800) RouterBOARD, 3 puertos Gigabit, 4 ranuras miniPCI de expansi\u00f3n  para ofrecer un MIMO 8&#215;8"},"content":{"rendered":"<div style='width: 100%; max-width: 1200px; margin: 0 auto; font-family: sans-serif; line-height: 1.6; color: inherit; background-color: transparent;'> <!-- Descripci\u00f3n principal --> <\/p>\n<div style='margin-bottom: 30px; font-size: 15px; color: inherit;'>\n<p>El RB800 es una plataforma inal\u00e1mbrica de alto rendimiento avanzado. Tiene cuatro ranuras miniPCI&comma; tres puertos Ethernet Gigabit&comma; dos conectores de placa hija (una PCI y PCI-e)&comma; una ranura Mini-PCI-e y una ranura Compact Flash.<\/p>\n<p>Los dos conectores de placa hija le permiten ampliar el n\u00famero de puertos por cable e inal\u00e1mbricas&comma; y la nueva CPU de alta potencia es capaz de soportar todas.<\/p>\n<p>RB800 tiene conector de placa hija&comma; por lo que tiene una gran cantidad de posibilidades de expansi\u00f3n. Usted puede comprar RB502 a\u00f1adir dos ranuras miniPCI&comma; RB604 a\u00f1adir cuatro ranuras miniPCI o RB816 de a\u00f1adir 16 puertos Ethernet!<\/p>\n<p>Esta es la nueva definici\u00f3n de la energ\u00eda de red inal\u00e1mbrica. Combinado con RouterOS &#8211; RB800 es el gestor de router inal\u00e1mbrico m\u00e1s potente y sofisticado&comma; servidor de seguridad y ancho de banda.<\/p>\n<p>El RB800 es la opci\u00f3n perfecta para la implementaci\u00f3n de una soluci\u00f3n Wi-Fi a la medida.<\/p>\n<\/p><\/div>\n<p> <!-- Imagenes --> <\/p>\n<div style='display: flex; flex-wrap: wrap; gap: 30px; margin-bottom: 30px;'>\n<div style='flex: 1 1 300px; min-width: 280px;'> <img style='width: 100%; height: auto; border: 1px solid rgba(150&comma;150&comma;150&comma;0.3); border-radius: 8px;' src='https:\/\/ftp3.syscom.mx\/usuarios\/fotos\/CCR10097G1C1S+PC\/137052-garantia1.png' alt=''> <\/div>\n<div style='flex: 1 1 300px; min-width: 280px;'> <img style='width: 100%; height: auto; border: 1px solid rgba(150&comma;150&comma;150&comma;0.3); border-radius: 8px;' src='https:\/\/ftp3.syscom.mx\/usuarios\/fotos\/RB800\/85529-garantia1.png' alt=''> <\/div>\n<\/p><\/div>\n<p> <!-- Enlace a manuales --> <\/p>\n<div style='margin-bottom: 30px;'> <a href='http:\/\/soporte.syscom.mx\/networking#mikrotik'> <img style='width: 100%; max-width: 960px; height: auto; border: 1px solid rgba(150&comma;150&comma;150&comma;0.3); border-radius: 8px;' src='https:\/\/ftp3.syscom.mx\/usuarios\/raragon\/Imagenes_Generales\/Manuales_de_configuracion.jpg' alt='Manuales de configuraci\u00f3n'> <\/a> <\/div>\n<p> <!-- Caracter\u00edsticas principales --> <\/p>\n<div style='margin-bottom: 30px;'>\n<h2 style='font-size: 24px; margin-top: 0; margin-bottom: 15px; color: inherit; border-bottom: 2px solid currentColor; padding-bottom: 5px; opacity: 0.8;'> <a href='http:\/\/soporte.syscom.mx\/networking\/mikrotik\/mikrotik-caracteristicas-principales-de-routeros' style='color: inherit; text-decoration: none;'> Caracter\u00edsticas principales de RouterOS <\/a> <\/h2>\n<\/p><\/div>\n<p> <!-- Especificaciones --> <\/p>\n<div style='display: flex; flex-wrap: wrap; gap: 30px; margin-bottom: 30px;'>\n<div style='flex: 1 1 400px; min-width: 300px;'>\n<div style='border: 1px solid rgba(150&comma;150&comma;150&comma;0.4); border-radius: 8px; overflow: hidden; display: flex; flex-direction: column;'>\n<div style='padding: 15px; border-bottom: 1px solid rgba(150&comma;150&comma;150&comma;0.2); font-weight: bold; font-size: 18px; color: inherit;'>Especificaciones Generales<\/div>\n<div style='padding: 15px; color: inherit;'>\n<ul style='padding-left: 20px; margin: 0; font-size: 14px; list-style-type: disc;'>\n<li style='margin-bottom: 5px;'><strong>C\u00f3digo del Producto:<\/strong> RB800<\/li>\n<li style='margin-bottom: 5px;'><strong>CPU:<\/strong> MPC8533EVTALF<\/li>\n<li style='margin-bottom: 5px;'><strong>N\u00facleos del CPU:<\/strong> 1<\/li>\n<li style='margin-bottom: 5px;'><strong>Frecuencia CPU:<\/strong> 800 MHz<\/li>\n<li style='margin-bottom: 5px;'><strong>Dimensiones:<\/strong> 14cm x 20cm<\/li>\n<li style='margin-bottom: 5px;'><strong>Nivel de Licencia:<\/strong> 6<\/li>\n<li style='margin-bottom: 5px;'><strong>Sistema Operativo:<\/strong> RouterOS<\/li>\n<li style='margin-bottom: 5px;'><strong>Memoria RAM:<\/strong> 256 MB<\/li>\n<li style='margin-bottom: 5px;'><strong>Almacenamiento:<\/strong> 512 MB<\/li>\n<li style='margin-bottom: 5px;'><strong>Tipo de Almacenamiento:<\/strong> NAND<\/li>\n<li style='margin-bottom: 5px;'><strong>Temperatura:<\/strong> -60\u00b0C .. +70\u00b0C tested<\/li>\n<\/ul><\/div>\n<\/p><\/div>\n<\/p><\/div>\n<div style='flex: 1 1 400px; min-width: 300px;'>\n<div style='border: 1px solid rgba(150&comma;150&comma;150&comma;0.4); border-radius: 8px; overflow: hidden; display: flex; flex-direction: column;'>\n<div style='padding: 15px; border-bottom: 1px solid rgba(150&comma;150&comma;150&comma;0.2); font-weight: bold; font-size: 18px; color: inherit;'>Alimentaci\u00f3n<\/div>\n<div style='padding: 15px; color: inherit;'>\n<ul style='padding-left: 20px; margin: 0; font-size: 14px; list-style-type: disc;'>\n<li style='margin-bottom: 5px;'><strong>Consumo de energ\u00eda:<\/strong> 15W<\/li>\n<li style='margin-bottom: 5px;'><strong>Alimentaci\u00f3n PoE:<\/strong> S\u00ed (802.3af)<\/li>\n<li style='margin-bottom: 5px;'><strong>Fuentes de alimentaci\u00f3n:<\/strong> 2 (DC jack&comma; PoE-IN)<\/li>\n<li style='margin-bottom: 5px;'><strong>Tipo de alimentaci\u00f3n PoE:<\/strong> 802.3af\/at<\/li>\n<li style='margin-bottom: 5px;'><strong>Voltaje de alimentaci\u00f3n jack:<\/strong> 10-57 V DC<\/li>\n<li style='margin-bottom: 5px;'><strong>Voltaje de alimentaci\u00f3n PoE:<\/strong> 38-57 V DC<\/li>\n<\/ul><\/div>\n<\/p><\/div>\n<\/p><\/div>\n<div style='flex: 1 1 400px; min-width: 300px;'>\n<div style='border: 1px solid rgba(150&comma;150&comma;150&comma;0.4); border-radius: 8px; overflow: hidden; display: flex; flex-direction: column;'>\n<div style='padding: 15px; border-bottom: 1px solid rgba(150&comma;150&comma;150&comma;0.2); font-weight: bold; font-size: 18px; color: inherit;'>Ethernet<\/div>\n<div style='padding: 15px; color: inherit;'>\n<ul style='padding-left: 20px; margin: 0; font-size: 14px; list-style-type: disc;'>\n<li style='margin-bottom: 5px;'><strong>Puertos Ethernet:<\/strong> 3 x 10\/100\/1000 Mbps<\/li>\n<\/ul><\/div>\n<\/p><\/div>\n<\/p><\/div>\n<div style='flex: 1 1 400px; min-width: 300px;'>\n<div style='border: 1px solid rgba(150&comma;150&comma;150&comma;0.4); border-radius: 8px; overflow: hidden; display: flex; flex-direction: column;'>\n<div style='padding: 15px; border-bottom: 1px solid rgba(150&comma;150&comma;150&comma;0.2); font-weight: bold; font-size: 18px; color: inherit;'>Perif\u00e9ricos<\/div>\n<div style='padding: 15px; color: inherit;'>\n<ul style='padding-left: 20px; margin: 0; font-size: 14px; list-style-type: disc;'>\n<li style='margin-bottom: 5px;'><strong>Tipo de Memory card:<\/strong> CF<\/li>\n<li style='margin-bottom: 5px;'><strong>Cantidad de Memory Cards:<\/strong> 1<\/li>\n<li style='margin-bottom: 5px;'><strong>Cantidad de Slots MiniPCI:<\/strong> 4<\/li>\n<li style='margin-bottom: 5px;'><strong>Cantidad de Slots MiniPCI-e:<\/strong> 1<\/li>\n<li style='margin-bottom: 5px;'><strong>Puerto Serial:<\/strong> RS232<\/li>\n<\/ul><\/div>\n<\/p><\/div>\n<\/p><\/div>\n<div style='flex: 1 1 400px; min-width: 300px;'>\n<div style='border: 1px solid rgba(150&comma;150&comma;150&comma;0.4); border-radius: 8px; overflow: hidden; display: flex; flex-direction: column;'>\n<div style='padding: 15px; border-bottom: 1px solid rgba(150&comma;150&comma;150&comma;0.2); font-weight: bold; font-size: 18px; color: inherit;'>Otros<\/div>\n<div style='padding: 15px; color: inherit;'>\n<ul style='padding-left: 20px; margin: 0; font-size: 14px; list-style-type: disc;'>\n<li style='margin-bottom: 5px;'><strong>Monitor de Temperatura del CPU:<\/strong> S\u00ed<\/li>\n<li style='margin-bottom: 5px;'><strong>Monitor de Voltage:<\/strong> S\u00ed<\/li>\n<\/ul><\/div>\n<\/p><\/div>\n<\/p><\/div>\n<\/p><\/div>\n<p> <!-- Pruebas de rendimiento --> <\/p>\n<div style='margin-bottom: 30px;'>\n<div style='border: 1px solid rgba(150&comma;150&comma;150&comma;0.4); border-radius: 8px; overflow: hidden;'>\n<div style='padding: 15px; border-bottom: 1px solid rgba(150&comma;150&comma;150&comma;0.2); font-weight: bold; font-size: 18px; color: inherit;'>Resultado de pruebas de Ethernet<\/div>\n<div style='padding: 15px; color: inherit;'>\n<table style='width: 100%; border-collapse: collapse; margin-bottom: 20px;'>\n<thead>\n<tr style='background-color: #f9f9f9; border-bottom: 1px solid rgba(150&comma;150&comma;150&comma;0.2);'>\n<th style='padding: 10px; text-align: left;' colspan='2'>RB800<\/th>\n<th style='padding: 10px; text-align: left;' colspan='6'>MPC8533 1G all port test<\/th>\n<\/tr>\n<tr style='background-color: #f9f9f9; border-bottom: 1px solid rgba(150&comma;150&comma;150&comma;0.2);'>\n<th style='padding: 10px;' rowspan='2'>Modo<\/th>\n<th style='padding: 10px;' rowspan='2'>Configuraci\u00f3n<\/th>\n<th style='padding: 10px; text-align: center;' colspan='2'>1518 byte<\/th>\n<th style='padding: 10px; text-align: center;' colspan='2'>512 byte<\/th>\n<th style='padding: 10px; text-align: center;' colspan='2'>64 byte<\/th>\n<\/tr>\n<tr style='background-color: #f9f9f9;'>\n<th style='padding: 10px; text-align: center;'>kpps<\/th>\n<th style='padding: 10px; text-align: center;'>Mbps<\/th>\n<th style='padding: 10px; text-align: center;'>kpps<\/th>\n<th style='padding: 10px; text-align: center;'>Mbps<\/th>\n<th style='padding: 10px; text-align: center;'>kpps<\/th>\n<th style='padding: 10px; text-align: center;'>Mbps<\/th>\n<\/tr>\n<\/thead>\n<tbody>\n<tr style='border-bottom: 1px solid rgba(150&comma;150&comma;150&comma;0.2);'>\n<td style='padding: 10px;'>Bridging<\/td>\n<td style='padding: 10px;'>none (fast path)<\/td>\n<td style='padding: 10px; text-align: center;'>243.5<\/td>\n<td style='padding: 10px; text-align: center;'>2&comma;957.1<\/td>\n<td style='padding: 10px; text-align: center;'>330.4<\/td>\n<td style='padding: 10px; text-align: center;'>1&comma;353.3<\/td>\n<td style='padding: 10px; text-align: center;'>883.8<\/td>\n<td style='padding: 10px; text-align: center;'>452.5<\/td>\n<\/tr>\n<tr style='border-bottom: 1px solid rgba(150&comma;150&comma;150&comma;0.2); background-color: rgba(150&comma;150&comma;150&comma;0.05);'>\n<td style='padding: 10px;'>Bridging<\/td>\n<td style='padding: 10px;'>25 bridge filter rules<\/td>\n<td style='padding: 10px; text-align: center;'>162.3<\/td>\n<td style='padding: 10px; text-align: center;'>1&comma;971.0<\/td>\n<td style='padding: 10px; text-align: center;'>185.3<\/td>\n<td style='padding: 10px; text-align: center;'>759.0<\/td>\n<td style='padding: 10px; text-align: center;'>187.4<\/td>\n<td style='padding: 10px; text-align: center;'>95.9<\/td>\n<\/tr>\n<tr style='border-bottom: 1px solid rgba(150&comma;150&comma;150&comma;0.2);'>\n<td style='padding: 10px;'>Routing<\/td>\n<td style='padding: 10px;'>none (fast path)<\/td>\n<td style='padding: 10px; text-align: center;'>243.5<\/td>\n<td style='padding: 10px; text-align: center;'>2&comma;957.1<\/td>\n<td style='padding: 10px; text-align: center;'>330.0<\/td>\n<td style='padding: 10px; text-align: center;'>1&comma;351.7<\/td>\n<td style='padding: 10px; text-align: center;'>755.4<\/td>\n<td style='padding: 10px; text-align: center;'>386.8<\/td>\n<\/tr>\n<tr style='border-bottom: 1px solid rgba(150&comma;150&comma;150&comma;0.2); background-color: rgba(150&comma;150&comma;150&comma;0.05);'>\n<td style='padding: 10px;'>Routing<\/td>\n<td style='padding: 10px;'>25 simple queues<\/td>\n<td style='padding: 10px; text-align: center;'>205.0<\/td>\n<td style='padding: 10px; text-align: center;'>2&comma;489.5<\/td>\n<td style='padding: 10px; text-align: center;'>294.4<\/td>\n<td style='padding: 10px; text-align: center;'>1&comma;205.9<\/td>\n<td style='padding: 10px; text-align: center;'>303.2<\/td>\n<td style='padding: 10px; text-align: center;'>155.2<\/td>\n<\/tr>\n<tr style='border-bottom: 1px solid rgba(150&comma;150&comma;150&comma;0.2);'>\n<td style='padding: 10px;'>Routing<\/td>\n<td style='padding: 10px;'>25 ip filter rules<\/td>\n<td style='padding: 10px; text-align: center;'>121.4<\/td>\n<td style='padding: 10px; text-align: center;'>1&comma;474.3<\/td>\n<td style='padding: 10px; text-align: center;'>122.9<\/td>\n<td style='padding: 10px; text-align: center;'>503.4<\/td>\n<td style='padding: 10px; text-align: center;'>122.6<\/td>\n<td style='padding: 10px; text-align: center;'>62.8<\/td>\n<\/tr>\n<\/tbody>\n<\/table>\n<ul style='padding-left: 20px; margin: 0; font-size: 12px; list-style-type: disc;'>\n<li style='margin-bottom: 5px;'>All tests are done with Xena Networks specialized test equipment (XenaBay)&comma; and done according to RFC2544 (Xena2544)<\/li>\n<li style='margin-bottom: 5px;'>Max throughput is determined with 30+ second attempts with 0&comma;1% packet loss tolerance in 64&comma; 512&comma; 1518 byte packet sizes<\/li>\n<li style='margin-bottom: 5px;'>Values in Italic indicate that max throughput was reached without maxing out CPU&comma; but because board interface configuration was maxed out<\/li>\n<li style='margin-bottom: 5px;'>Test results show device maximum performance&comma; and are reached using mentioned hardware and software configuration&comma; different configurations most likely will result in lower results<\/li>\n<\/ul><\/div>\n<\/p><\/div>\n<\/p><\/div>\n<\/p><\/div>\n","protected":false},"excerpt":{"rendered":"<p>(RB800) RouterBOARD, 3 puertos Gigabit, 4 ranuras miniPCI de expansi\u00f3n  para ofrecer un MIMO 8&#215;8<\/p>\n","protected":false},"featured_media":75302,"comment_status":"open","ping_status":"closed","template":"","meta":[],"product_brand":[],"product_cat":[2036,2035,2034],"product_tag":[2039,2038,643,664,2037],"class_list":{"0":"post-75303","1":"product","2":"type-product","3":"status-publish","4":"has-post-thumbnail","6":"product_cat-balanceadores","7":"product_cat-firewalls","8":"product_cat-routers","9":"product_tag-balanceadores","10":"product_tag-firewalls","11":"product_tag-mikrotik","12":"product_tag-networking","13":"product_tag-routers","15":"first","16":"outofstock","17":"sale","18":"shipping-taxable","19":"purchasable","20":"product-type-simple"},"_links":{"self":[{"href":"https:\/\/soydeaqui.ddns.net\/pachuca\/index.php\/wp-json\/wp\/v2\/product\/75303","targetHints":{"allow":["GET"]}}],"collection":[{"href":"https:\/\/soydeaqui.ddns.net\/pachuca\/index.php\/wp-json\/wp\/v2\/product"}],"about":[{"href":"https:\/\/soydeaqui.ddns.net\/pachuca\/index.php\/wp-json\/wp\/v2\/types\/product"}],"replies":[{"embeddable":true,"href":"https:\/\/soydeaqui.ddns.net\/pachuca\/index.php\/wp-json\/wp\/v2\/comments?post=75303"}],"wp:featuredmedia":[{"embeddable":true,"href":"https:\/\/soydeaqui.ddns.net\/pachuca\/index.php\/wp-json\/wp\/v2\/media\/75302"}],"wp:attachment":[{"href":"https:\/\/soydeaqui.ddns.net\/pachuca\/index.php\/wp-json\/wp\/v2\/media?parent=75303"}],"wp:term":[{"taxonomy":"product_brand","embeddable":true,"href":"https:\/\/soydeaqui.ddns.net\/pachuca\/index.php\/wp-json\/wp\/v2\/product_brand?post=75303"},{"taxonomy":"product_cat","embeddable":true,"href":"https:\/\/soydeaqui.ddns.net\/pachuca\/index.php\/wp-json\/wp\/v2\/product_cat?post=75303"},{"taxonomy":"product_tag","embeddable":true,"href":"https:\/\/soydeaqui.ddns.net\/pachuca\/index.php\/wp-json\/wp\/v2\/product_tag?post=75303"}],"curies":[{"name":"wp","href":"https:\/\/api.w.org\/{rel}","templated":true}]}}