{"id":75294,"date":"2026-03-19T14:34:35","date_gmt":"2026-03-19T14:34:35","guid":{"rendered":"https:\/\/soydeaqui.ddns.net\/pachuca\/index.php\/producto\/codificador-decodificador-de-video-sip-con-salida-de-audio-video-jack-3-5\/"},"modified":"2026-03-19T14:34:50","modified_gmt":"2026-03-19T14:34:50","slug":"codificador-decodificador-de-video-sip-con-salida-de-audio-video-jack-3-5","status":"publish","type":"product","link":"https:\/\/soydeaqui.ddns.net\/pachuca\/index.php\/producto\/codificador-decodificador-de-video-sip-con-salida-de-audio-video-jack-3-5\/","title":{"rendered":"Codificador \/ decodificador de v\u00eddeo SIP con salida de audio \/ v\u00eddeo (jack 3.5)"},"content":{"rendered":"<div style='width: 100%; max-width: 1200px; margin: 0 auto; font-family: sans-serif; line-height: 1.6; color: inherit; background-color: transparent;'>\n<div style='display: flex; flex-wrap: wrap; gap: 30px; margin-bottom: 30px;'>\n<div style='flex: 1 1 300px; min-width: 280px;'>\n<h3 style='font-size: 22px; border-bottom: 2px solid currentColor; padding-bottom: 5px; margin-top: 0; color: inherit; opacity: 0.8;'>Descripci\u00f3n<\/h3>\n<p style='font-size: 15px; color: inherit; margin-top: 0; margin-bottom: 15px;'>El GXV3500 es un codificador de v\u00eddeo IP y el decodificador que cuenta de forma exclusiva un sistema integrado de anuncio p\u00fablico para ofrecer un dispositivo de combinaci\u00f3n de 3-en-1. El dispositivo decodifica IP flujos de v\u00eddeo a v\u00eddeo anal\u00f3gico con el fin de permitir que las c\u00e1maras IP para ser utilizado en una red anal\u00f3gica y codifica v\u00eddeo anal\u00f3gico para permitir que las c\u00e1maras anal\u00f3gicas que deben utilizarse en una red IP. Como todos los productos de videovigilancia IP de Grandstream&comma; el GXV3500 es compatible con ONVIF y incluye una funci\u00f3n de PoE.<\/p>\n<\/p><\/div>\n<\/p><\/div>\n<div style='display: flex; flex-wrap: wrap; gap: 20px; margin-bottom: 30px;'>\n<div style='flex: 1 1 250px; border: 1px solid rgba(150&comma; 150&comma; 150&comma; 0.4); border-radius: 8px; overflow: hidden; display: flex; flex-direction: column;'>\n<div style='padding: 15px; border-bottom: 1px solid rgba(150&comma; 150&comma; 150&comma; 0.2); font-weight: bold; font-size: 18px; color: inherit;'>Caracter\u00edsticas<\/div>\n<div style='padding: 15px; color: inherit;'>\n<ul style='padding-left: 20px; margin: 0; font-size: 14px; list-style-type: disc;'>\n<li style='margin-bottom: 5px;'>Un puerto BNC para video<\/li>\n<li style='margin-bottom: 5px;'>Un puerto de red<\/li>\n<li style='margin-bottom: 5px;'>Una salida JACK 3.5 para audio\/video<\/li>\n<li style='margin-bottom: 5px;'>Built-in de servidor de streaming de alto rendimiento para permitir que varios espectadores simult\u00e1neos (modo Encoder solamente)<\/li>\n<li style='margin-bottom: 5px;'>Es compatible con IE&comma; Chrome y Firefox a trav\u00e9s de la red de previsualizaci\u00f3n<\/li>\n<li style='margin-bottom: 5px;'>SIP \/ VoIP apoyo de audio y video streaming de dos v\u00edas a los tel\u00e9fonos m\u00f3viles y tel\u00e9fonos de video<\/li>\n<li style='margin-bottom: 5px;'>Integrated Power-over-Ethernet (802.3af)<\/li>\n<li style='margin-bottom: 5px;'>El pleno cumplimiento con ONVIF<\/li>\n<li style='margin-bottom: 5px;'>Codifica \/ Decodifica definici\u00f3n est\u00e1ndar PAL \/ secuencia de v\u00eddeo compuesto NTSC o resoluciones m\u00e1s peque\u00f1os<\/li>\n<li style='margin-bottom: 5px;'>tasa de transmisi\u00f3n m\u00faltiple avanzada en tiempo real H.264&comma; Motion JPEG<\/li>\n<li style='margin-bottom: 5px;'>Pre evento \/ post grabaci\u00f3n de amortiguamiento&comma; salida de l\u00ednea y entrada de micr\u00f3fono conexiones de audio<\/li>\n<li style='margin-bottom: 5px;'>Soporta compuesto (RCA) Salida de v\u00eddeo a la televisi\u00f3n&comma; detecci\u00f3n de movimiento y notificaci\u00f3n de alarma<\/li>\n<li style='margin-bottom: 5px;'>Soporta tanto la velocidad de bits variable y velocidad de cuadro variable<\/li>\n<\/ul><\/div>\n<\/p><\/div>\n<\/p><\/div>\n<hr style='border: 0; border-top: 1px solid rgba(150&comma; 150&comma; 150&comma; 0.3); margin: 30px 0;'> <\/div>\n","protected":false},"excerpt":{"rendered":"<p>Codificador \/ decodificador de v\u00eddeo SIP con salida de audio \/ v\u00eddeo (jack 3.5)<\/p>\n","protected":false},"featured_media":75293,"comment_status":"open","ping_status":"closed","template":"","meta":[],"product_brand":[],"product_cat":[2040],"product_tag":[93,909,2004],"class_list":{"0":"post-75294","1":"product","2":"type-product","3":"status-publish","4":"has-post-thumbnail","6":"product_cat-accesorios-voip-telefonia-ip-videoconferencia","7":"product_tag-accesorios","8":"product_tag-grandstream","9":"product_tag-voip-telefonia-ip-videoconferencia","11":"first","12":"outofstock","13":"sale","14":"shipping-taxable","15":"purchasable","16":"product-type-simple"},"_links":{"self":[{"href":"https:\/\/soydeaqui.ddns.net\/pachuca\/index.php\/wp-json\/wp\/v2\/product\/75294","targetHints":{"allow":["GET"]}}],"collection":[{"href":"https:\/\/soydeaqui.ddns.net\/pachuca\/index.php\/wp-json\/wp\/v2\/product"}],"about":[{"href":"https:\/\/soydeaqui.ddns.net\/pachuca\/index.php\/wp-json\/wp\/v2\/types\/product"}],"replies":[{"embeddable":true,"href":"https:\/\/soydeaqui.ddns.net\/pachuca\/index.php\/wp-json\/wp\/v2\/comments?post=75294"}],"wp:featuredmedia":[{"embeddable":true,"href":"https:\/\/soydeaqui.ddns.net\/pachuca\/index.php\/wp-json\/wp\/v2\/media\/75293"}],"wp:attachment":[{"href":"https:\/\/soydeaqui.ddns.net\/pachuca\/index.php\/wp-json\/wp\/v2\/media?parent=75294"}],"wp:term":[{"taxonomy":"product_brand","embeddable":true,"href":"https:\/\/soydeaqui.ddns.net\/pachuca\/index.php\/wp-json\/wp\/v2\/product_brand?post=75294"},{"taxonomy":"product_cat","embeddable":true,"href":"https:\/\/soydeaqui.ddns.net\/pachuca\/index.php\/wp-json\/wp\/v2\/product_cat?post=75294"},{"taxonomy":"product_tag","embeddable":true,"href":"https:\/\/soydeaqui.ddns.net\/pachuca\/index.php\/wp-json\/wp\/v2\/product_tag?post=75294"}],"curies":[{"name":"wp","href":"https:\/\/api.w.org\/{rel}","templated":true}]}}