{"id":75291,"date":"2026-03-19T14:34:29","date_gmt":"2026-03-19T14:34:29","guid":{"rendered":"https:\/\/soydeaqui.ddns.net\/pachuca\/index.php\/producto\/cloud-router-switch-crs125-24g-1s-2hnd-in-24-puertos-gigabit-ethernet-1-puerto-sfp-802-11b-g-n-para-escritorio\/"},"modified":"2026-03-19T14:34:33","modified_gmt":"2026-03-19T14:34:33","slug":"cloud-router-switch-crs125-24g-1s-2hnd-in-24-puertos-gigabit-ethernet-1-puerto-sfp-802-11b-g-n-para-escritorio","status":"publish","type":"product","link":"https:\/\/soydeaqui.ddns.net\/pachuca\/index.php\/producto\/cloud-router-switch-crs125-24g-1s-2hnd-in-24-puertos-gigabit-ethernet-1-puerto-sfp-802-11b-g-n-para-escritorio\/","title":{"rendered":"Cloud Router Switch CRS125-24G-1S-2HnD-IN 24 Puertos Gigabit Ethernet, 1 Puerto SFP, 802.11b\/g\/n, Para escritorio"},"content":{"rendered":"<div style='width: 100%; max-width: 1200px; margin: 0 auto; font-family: sans-serif; line-height: 1.6; color: inherit; background-color: transparent;'>\n<div style='margin-bottom: 30px;'>\n<p style='margin: 0 0 15px; font-size: 15px; color: inherit;'> Cloud Router Switch es nuestra nueva serie Smart Switch. Combina las mejores caracter\u00edsticas de un enrutador completamente funcional y un switch de Capa 3&comma; que funciona con el familiar RouterOS. Todas las opciones de configuraci\u00f3n espec\u00edficas de Switch est\u00e1n disponibles en un men\u00fa especial de Switch&comma; pero si lo desea&comma; los puertos pueden eliminarse de la configuraci\u00f3n del switch y utilizarse para el enrutamiento. <\/p>\n<p style='margin: 0 0 15px; font-size: 15px; color: inherit;'> Adem\u00e1s&comma; este dispositivo tiene un punto de acceso inal\u00e1mbrico incorporado de 2.4GHz&comma; esto significa que puede tener un AP&comma; un enrutador con cualquier cantidad de puertos y un conmutador inteligente de velocidad de cable completo&comma; todo en un solo dispositivo&comma; ideal para medianas y peque\u00f1as empresas y oficinas. Tiene 24 puertos Gigabit&comma; una jaula SFP&comma; un puerto microUSB y un Wireless AP integrado. <\/p>\n<p style='margin: 0 0 15px; font-size: 15px; color: inherit;'> Enrutador de puerta de enlace SOHO perfecto&comma; interruptor&comma; AP 11n todo en una caja: <\/p>\n<ul style='padding-left: 20px; margin: 15px 0; font-size: 15px; color: inherit;'>\n<li style='margin-bottom: 5px;'><strong>Conexi\u00f3n de puerta de enlace<\/strong>: Ethernet&comma; Fiber o 4G (con m\u00f3dem USB opcional) a Internet<\/li>\n<li style='margin-bottom: 5px;'><strong>RouterOS gateway<\/strong>: firewall \/ VPN con refrigeraci\u00f3n pasiva<\/li>\n<li style='margin-bottom: 5px;'><strong>Hasta veinticinco puertos<\/strong>: switch gigabit (1xSFP y 24xRJ45)<\/li>\n<li style='margin-bottom: 5px;'><strong>Alta potencia 2.4GHz<\/strong>: 11n AP inal\u00e1mbrico<\/li>\n<\/ul><\/div>\n<p> <!-- Especificaciones --> <\/p>\n<div style='display: flex; flex-wrap: wrap; gap: 20px; margin-bottom: 30px;'>\n<div style='flex: 1 1 250px; min-width: 220px; border: 1px solid rgba(150&comma; 150&comma; 150&comma; 0.4); border-radius: 8px; overflow: hidden; display: flex; flex-direction: column;'>\n<div style='padding: 15px; border-bottom: 1px solid rgba(150&comma; 150&comma; 150&comma; 0.2); font-weight: bold; font-size: 18px; color: inherit;'>Especificaciones<\/div>\n<div style='padding: 15px; color: inherit;'>\n<ul style='padding-left: 20px; margin: 0; font-size: 14px; list-style-type: disc; color: inherit;'>\n<li style='margin-bottom: 5px;'><strong>Product code:<\/strong> CRS125-24G-1S-2HnD-IN<\/li>\n<li style='margin-bottom: 5px;'><strong>Architecture:<\/strong> MIPSBE<\/li>\n<li style='margin-bottom: 5px;'><strong>CPU:<\/strong> AR9344<\/li>\n<li style='margin-bottom: 5px;'><strong>CPU core count:<\/strong> 1<\/li>\n<li style='margin-bottom: 5px;'><strong>CPU nominal frequency:<\/strong> 600 MHz<\/li>\n<li style='margin-bottom: 5px;'><strong>Dimensions:<\/strong> 285x145x45mm (Para Escritorio)<\/li>\n<li style='margin-bottom: 5px;'><strong>License level:<\/strong> 5<\/li>\n<li style='margin-bottom: 5px;'><strong>Operating System:<\/strong> RouterOS<\/li>\n<li style='margin-bottom: 5px;'><strong>Size of RAM:<\/strong> 128 MB<\/li>\n<li style='margin-bottom: 5px;'><strong>Storage size:<\/strong> 128 MB<\/li>\n<li style='margin-bottom: 5px;'><strong>Storage type:<\/strong> NAND<\/li>\n<li style='margin-bottom: 5px;'><strong>Tested ambient temperature:<\/strong> -35C a +65C<\/li>\n<\/ul><\/div>\n<\/p><\/div>\n<div style='flex: 1 1 250px; min-width: 220px; border: 1px solid rgba(150&comma; 150&comma; 150&comma; 0.4); border-radius: 8px; overflow: hidden; display: flex; flex-direction: column;'>\n<div style='padding: 15px; border-bottom: 1px solid rgba(150&comma; 150&comma; 150&comma; 0.2); font-weight: bold; font-size: 18px; color: inherit;'>Alimentaci\u00f3n<\/div>\n<div style='padding: 15px; color: inherit;'>\n<ul style='padding-left: 20px; margin: 0; font-size: 14px; list-style-type: disc; color: inherit;'>\n<li style='margin-bottom: 5px;'><strong>Max Power consumption:<\/strong> 19W<\/li>\n<li style='margin-bottom: 5px;'><strong>PoE in:<\/strong> Passive PoE<\/li>\n<li style='margin-bottom: 5px;'><strong>PoE in input Voltage:<\/strong> 8-28 V<\/li>\n<li style='margin-bottom: 5px;'><strong>Number of DC inputs:<\/strong> 2 (DC jack&comma; PoE-IN)<\/li>\n<li style='margin-bottom: 5px;'><strong>DC jack input Voltage:<\/strong> 8-28 V<\/li>\n<\/ul><\/div>\n<\/p><\/div>\n<div style='flex: 1 1 250px; min-width: 220px; border: 1px solid rgba(150&comma; 150&comma; 150&comma; 0.4); border-radius: 8px; overflow: hidden; display: flex; flex-direction: column;'>\n<div style='padding: 15px; border-bottom: 1px solid rgba(150&comma; 150&comma; 150&comma; 0.2); font-weight: bold; font-size: 18px; color: inherit;'>Inal\u00e1mbrico<\/div>\n<div style='padding: 15px; color: inherit;'>\n<ul style='padding-left: 20px; margin: 0; font-size: 14px; list-style-type: disc; color: inherit;'>\n<li style='margin-bottom: 5px;'><strong>Wireless 2.4 GHz number of chains:<\/strong> 2<\/li>\n<li style='margin-bottom: 5px;'><strong>Wireless 2.4 GHz standards:<\/strong> 802.11b\/g\/n<\/li>\n<li style='margin-bottom: 5px;'><strong>Antenna gain dBi for 2.4 GHz:<\/strong> 4<\/li>\n<li style='margin-bottom: 5px;'><strong>Wireless 2.4 GHz chip model:<\/strong> AR9344<\/li>\n<\/ul><\/div>\n<\/p><\/div>\n<div style='flex: 1 1 250px; min-width: 220px; border: 1px solid rgba(150&comma; 150&comma; 150&comma; 0.4); border-radius: 8px; overflow: hidden; display: flex; flex-direction: column;'>\n<div style='padding: 15px; border-bottom: 1px solid rgba(150&comma; 150&comma; 150&comma; 0.2); font-weight: bold; font-size: 18px; color: inherit;'>Ethernet<\/div>\n<div style='padding: 15px; color: inherit;'>\n<ul style='padding-left: 20px; margin: 0; font-size: 14px; list-style-type: disc; color: inherit;'>\n<li style='margin-bottom: 5px;'><strong>10\/100\/1000 Ethernet ports:<\/strong> 24<\/li>\n<\/ul><\/div>\n<\/p><\/div>\n<div style='flex: 1 1 250px; min-width: 220px; border: 1px solid rgba(150&comma; 150&comma; 150&comma; 0.4); border-radius: 8px; overflow: hidden; display: flex; flex-direction: column;'>\n<div style='padding: 15px; border-bottom: 1px solid rgba(150&comma; 150&comma; 150&comma; 0.2); font-weight: bold; font-size: 18px; color: inherit;'>Fibra<\/div>\n<div style='padding: 15px; color: inherit;'>\n<ul style='padding-left: 20px; margin: 0; font-size: 14px; list-style-type: disc; color: inherit;'>\n<li style='margin-bottom: 5px;'><strong>SFP DDMI:<\/strong> Yes<\/li>\n<li style='margin-bottom: 5px;'><strong>SFP ports:<\/strong> 1<\/li>\n<\/ul><\/div>\n<\/p><\/div>\n<div style='flex: 1 1 250px; min-width: 220px; border: 1px solid rgba(150&comma; 150&comma; 150&comma; 0.4); border-radius: 8px; overflow: hidden; display: flex; flex-direction: column;'>\n<div style='padding: 15px; border-bottom: 1px solid rgba(150&comma; 150&comma; 150&comma; 0.2); font-weight: bold; font-size: 18px; color: inherit;'>Perif\u00e9ricos<\/div>\n<div style='padding: 15px; color: inherit;'>\n<ul style='padding-left: 20px; margin: 0; font-size: 14px; list-style-type: disc; color: inherit;'>\n<li style='margin-bottom: 5px;'><strong>Number of USB ports:<\/strong> 1<\/li>\n<li style='margin-bottom: 5px;'><strong>Serial port:<\/strong> RJ45<\/li>\n<li style='margin-bottom: 5px;'><strong>USB Power Reset:<\/strong> Yes<\/li>\n<li style='margin-bottom: 5px;'><strong>USB slot type:<\/strong> microUSB type AB<\/li>\n<\/ul><\/div>\n<\/p><\/div>\n<div style='flex: 1 1 250px; min-width: 220px; border: 1px solid rgba(150&comma; 150&comma; 150&comma; 0.4); border-radius: 8px; overflow: hidden; display: flex; flex-direction: column;'>\n<div style='padding: 15px; border-bottom: 1px solid rgba(150&comma; 150&comma; 150&comma; 0.2); font-weight: bold; font-size: 18px; color: inherit;'>Otros<\/div>\n<div style='padding: 15px; color: inherit;'>\n<ul style='padding-left: 20px; margin: 0; font-size: 14px; list-style-type: disc; color: inherit;'>\n<li style='margin-bottom: 5px;'><strong>PCB temperature monitor:<\/strong> Yes<\/li>\n<li style='margin-bottom: 5px;'><strong>Voltage Monitor:<\/strong> Yes<\/li>\n<\/ul><\/div>\n<\/p><\/div>\n<\/p><\/div>\n<p> <!-- Tabla de especificaciones inal\u00e1mbricas --> <\/p>\n<div style='margin-bottom: 30px;'>\n<div style='font-size: 18px; font-weight: bold; margin-bottom: 15px; color: inherit; opacity: 0.8;'>Especificaciones inal\u00e1mbricas<\/div>\n<div style='overflow-x: auto;'>\n<table style='width: 100%; border-collapse: collapse; margin-bottom: 15px; color: inherit;'>\n<thead style='background-color: rgba(150&comma; 150&comma; 150&comma; 0.1);'>\n<tr>\n<th style='padding: 10px; border: 1px solid rgba(150&comma;150&comma;150&comma;0.3); font-weight: bold; text-align: left; color: inherit;'>2.4 GHz<\/th>\n<th style='padding: 10px; border: 1px solid rgba(150&comma;150&comma;150&comma;0.3); font-weight: bold; text-align: left; color: inherit;'>Transmit (dBm)<\/th>\n<th style='padding: 10px; border: 1px solid rgba(150&comma;150&comma;150&comma;0.3); font-weight: bold; text-align: left; color: inherit;'>Receive Sensitivity<\/th>\n<\/tr>\n<\/thead>\n<tbody>\n<tr style='background-color: rgba(150&comma; 150&comma; 150&comma; 0.05);'>\n<td style='padding: 10px; border: 1px solid rgba(150&comma;150&comma;150&comma;0.3); color: inherit;'>1MBit\/s<\/td>\n<td style='padding: 10px; border: 1px solid rgba(150&comma;150&comma;150&comma;0.3); color: inherit;'>29<\/td>\n<td style='padding: 10px; border: 1px solid rgba(150&comma;150&comma;150&comma;0.3); color: inherit;'>-97<\/td>\n<\/tr>\n<tr>\n<td style='padding: 10px; border: 1px solid rgba(150&comma;150&comma;150&comma;0.3); color: inherit;'>11MBit\/s<\/td>\n<td style='padding: 10px; border: 1px solid rgba(150&comma;150&comma;150&comma;0.3); color: inherit;'>28<\/td>\n<td style='padding: 10px; border: 1px solid rgba(150&comma;150&comma;150&comma;0.3); color: inherit;'>-90<\/td>\n<\/tr>\n<tr style='background-color: rgba(150&comma; 150&comma; 150&comma; 0.05);'>\n<td style='padding: 10px; border: 1px solid rgba(150&comma;150&comma;150&comma;0.3); color: inherit;'>6MBit\/s<\/td>\n<td style='padding: 10px; border: 1px solid rgba(150&comma;150&comma;150&comma;0.3); color: inherit;'>30<\/td>\n<td style='padding: 10px; border: 1px solid rgba(150&comma;150&comma;150&comma;0.3); color: inherit;'>-96<\/td>\n<\/tr>\n<tr>\n<td style='padding: 10px; border: 1px solid rgba(150&comma;150&comma;150&comma;0.3); color: inherit;'>54MBit\/s<\/td>\n<td style='padding: 10px; border: 1px solid rgba(150&comma;150&comma;150&comma;0.3); color: inherit;'>25<\/td>\n<td style='padding: 10px; border: 1px solid rgba(150&comma;150&comma;150&comma;0.3); color: inherit;'>-76<\/td>\n<\/tr>\n<tr style='background-color: rgba(150&comma; 150&comma; 150&comma; 0.05);'>\n<td style='padding: 10px; border: 1px solid rgba(150&comma;150&comma;150&comma;0.3); color: inherit;'>MCS0<\/td>\n<td style='padding: 10px; border: 1px solid rgba(150&comma;150&comma;150&comma;0.3); color: inherit;'>30<\/td>\n<td style='padding: 10px; border: 1px solid rgba(150&comma;150&comma;150&comma;0.3); color: inherit;'>-96<\/td>\n<\/tr>\n<tr>\n<td style='padding: 10px; border: 1px solid rgba(150&comma;150&comma;150&comma;0.3); color: inherit;'>MCS7<\/td>\n<td style='padding: 10px; border: 1px solid rgba(150&comma;150&comma;150&comma;0.3); color: inherit;'>23<\/td>\n<td style='padding: 10px; border: 1px solid rgba(150&comma;150&comma;150&comma;0.3); color: inherit;'>-73<\/td>\n<\/tr>\n<\/tbody>\n<\/table><\/div>\n<\/p><\/div>\n<p> <!-- Tabla de resultados de conmutaci\u00f3n --> <\/p>\n<div style='margin-bottom: 30px;'>\n<div style='font-size: 18px; font-weight: bold; margin-bottom: 15px; color: inherit; opacity: 0.8;'>Resultados de conmutaci\u00f3n<\/div>\n<div style='overflow-x: auto;'>\n<table style='width: 100%; border-collapse: collapse; margin-bottom: 15px; color: inherit;'>\n<thead style='background-color: rgba(150&comma; 150&comma; 150&comma; 0.1);'>\n<tr>\n<th style='padding: 10px; border: 1px solid rgba(150&comma;150&comma;150&comma;0.3); font-weight: bold; text-align: left; color: inherit;' colspan='2'>CRS125-24G-1S-2HnD-IN<\/th>\n<th style='padding: 10px; border: 1px solid rgba(150&comma;150&comma;150&comma;0.3); font-weight: bold; text-align: left; color: inherit;' colspan='2'>64 byte<\/th>\n<th style='padding: 10px; border: 1px solid rgba(150&comma;150&comma;150&comma;0.3); font-weight: bold; text-align: left; color: inherit;' colspan='2'>512 byte<\/th>\n<th style='padding: 10px; border: 1px solid rgba(150&comma;150&comma;150&comma;0.3); font-weight: bold; text-align: left; color: inherit;' colspan='2'>1518 byte<\/th>\n<\/tr>\n<tr>\n<th style='padding: 10px; border: 1px solid rgba(150&comma;150&comma;150&comma;0.3); font-weight: bold; text-align: left; color: inherit;'>Modo<\/th>\n<th style='padding: 10px; border: 1px solid rgba(150&comma;150&comma;150&comma;0.3); font-weight: bold; text-align: left; color: inherit;'>Configuraci\u00f3n<\/th>\n<th style='padding: 10px; border: 1px solid rgba(150&comma;150&comma;150&comma;0.3); font-weight: bold; text-align: left; color: inherit;'>kpps<\/th>\n<th style='padding: 10px; border: 1px solid rgba(150&comma;150&comma;150&comma;0.3); font-weight: bold; text-align: left; color: inherit;'>Mbps<\/th>\n<th style='padding: 10px; border: 1px solid rgba(150&comma;150&comma;150&comma;0.3); font-weight: bold; text-align: left; color: inherit;'>kpps<\/th>\n<th style='padding: 10px; border: 1px solid rgba(150&comma;150&comma;150&comma;0.3); font-weight: bold; text-align: left; color: inherit;'>Mbps<\/th>\n<th style='padding: 10px; border: 1px solid rgba(150&comma;150&comma;150&comma;0.3); font-weight: bold; text-align: left; color: inherit;'>kpps<\/th>\n<th style='padding: 10px; border: 1px solid rgba(150&comma;150&comma;150&comma;0.3); font-weight: bold; text-align: left; color: inherit;'>Mbps<\/th>\n<\/tr>\n<\/thead>\n<tbody>\n<tr style='background-color: rgba(150&comma; 150&comma; 150&comma; 0.05);'>\n<td style='padding: 10px; border: 1px solid rgba(150&comma;150&comma;150&comma;0.3); color: inherit;'>Switching<\/td>\n<td style='padding: 10px; border: 1px solid rgba(150&comma;150&comma;150&comma;0.3); color: inherit;'>Non blocking Layer 2 throughput<\/td>\n<td style='padding: 10px; border: 1px solid rgba(150&comma;150&comma;150&comma;0.3); color: inherit;'>37&comma;202.4<\/td>\n<td style='padding: 10px; border: 1px solid rgba(150&comma;150&comma;150&comma;0.3); color: inherit;'>19&comma;047.6<\/td>\n<td style='padding: 10px; border: 1px solid rgba(150&comma;150&comma;150&comma;0.3); color: inherit;'>5&comma;874.1<\/td>\n<td style='padding: 10px; border: 1px solid rgba(150&comma;150&comma;150&comma;0.3); color: inherit;'>24&comma;060.2<\/td>\n<td style='padding: 10px; border: 1px solid rgba(150&comma;150&comma;150&comma;0.3); color: inherit;'>2&comma;031.9<\/td>\n<td style='padding: 10px; border: 1px solid rgba(150&comma;150&comma;150&comma;0.3); color: inherit;'>24&comma;674.9<\/td>\n<\/tr>\n<tr>\n<td style='padding: 10px; border: 1px solid rgba(150&comma;150&comma;150&comma;0.3); color: inherit;'>Switching<\/td>\n<td style='padding: 10px; border: 1px solid rgba(150&comma;150&comma;150&comma;0.3); color: inherit;'>Non blocking Layer 2 capacity<\/td>\n<td style='padding: 10px; border: 1px solid rgba(150&comma;150&comma;150&comma;0.3); color: inherit;'>37&comma;202.4<\/td>\n<td style='padding: 10px; border: 1px solid rgba(150&comma;150&comma;150&comma;0.3); color: inherit;'>38&comma;095.2<\/td>\n<td style='padding: 10px; border: 1px solid rgba(150&comma;150&comma;150&comma;0.3); color: inherit;'>5&comma;874.1<\/td>\n<td style='padding: 10px; border: 1px solid rgba(150&comma;150&comma;150&comma;0.3); color: inherit;'>48&comma;120.3<\/td>\n<td style='padding: 10px; border: 1px solid rgba(150&comma;150&comma;150&comma;0.3); color: inherit;'>2&comma;031.9<\/td>\n<td style='padding: 10px; border: 1px solid rgba(150&comma;150&comma;150&comma;0.3); color: inherit;'>49&comma;349.8<\/td>\n<\/tr>\n<tr style='background-color: rgba(150&comma; 150&comma; 150&comma; 0.05);'>\n<td style='padding: 10px; border: 1px solid rgba(150&comma;150&comma;150&comma;0.3); color: inherit;'>Switching<\/td>\n<td style='padding: 10px; border: 1px solid rgba(150&comma;150&comma;150&comma;0.3); color: inherit;'>Non blocking Layer 1 throughput<\/td>\n<td style='padding: 10px; border: 1px solid rgba(150&comma;150&comma;150&comma;0.3); color: inherit;'>37&comma;202.4<\/td>\n<td style='padding: 10px; border: 1px solid rgba(150&comma;150&comma;150&comma;0.3); color: inherit;'>25&comma;000.0<\/td>\n<td style='padding: 10px; border: 1px solid rgba(150&comma;150&comma;150&comma;0.3); color: inherit;'>5&comma;874.1<\/td>\n<td style='padding: 10px; border: 1px solid rgba(150&comma;150&comma;150&comma;0.3); color: inherit;'>25&comma;000.0<\/td>\n<td style='padding: 10px; border: 1px solid rgba(150&comma;150&comma;150&comma;0.3); color: inherit;'>2&comma;031.9<\/td>\n<td style='padding: 10px; border: 1px solid rgba(150&comma;150&comma;150&comma;0.3); color: inherit;'>25&comma;000.0<\/td>\n<\/tr>\n<tr>\n<td style='padding: 10px; border: 1px solid rgba(150&comma;150&comma;150&comma;0.3); color: inherit;'>Switching<\/td>\n<td style='padding: 10px; border: 1px solid rgba(150&comma;150&comma;150&comma;0.3); color: inherit;'>Non blocking Layer 1 capacity<\/td>\n<td style='padding: 10px; border: 1px solid rgba(150&comma;150&comma;150&comma;0.3); color: inherit;'>37&comma;202.4<\/td>\n<td style='padding: 10px; border: 1px solid rgba(150&comma;150&comma;150&comma;0.3); color: inherit;'>50&comma;000.0<\/td>\n<td style='padding: 10px; border: 1px solid rgba(150&comma;150&comma;150&comma;0.3); color: inherit;'>5&comma;874.1<\/td>\n<td style='padding: 10px; border: 1px solid rgba(150&comma;150&comma;150&comma;0.3); color: inherit;'>50&comma;000.0<\/td>\n<td style='padding: 10px; border: 1px solid rgba(150&comma;150&comma;150&comma;0.3); color: inherit;'>2&comma;031.9<\/td>\n<td style='padding: 10px; border: 1px solid rgba(150&comma;150&comma;150&comma;0.3); color: inherit;'>50&comma;000.0<\/td>\n<\/tr>\n<\/tbody>\n<\/table><\/div>\n<\/p><\/div>\n<p> <!-- Tabla de resultados Ethernet --> <\/p>\n<div style='margin-bottom: 30px;'>\n<div style='font-size: 18px; font-weight: bold; margin-bottom: 15px; color: inherit; opacity: 0.8;'>Resultados de pruebas Ethernet<\/div>\n<div style='overflow-x: auto;'>\n<table style='width: 100%; border-collapse: collapse; margin-bottom: 15px; color: inherit;'>\n<thead style='background-color: rgba(150&comma; 150&comma; 150&comma; 0.1);'>\n<tr>\n<th style='padding: 10px; border: 1px solid rgba(150&comma;150&comma;150&comma;0.3); font-weight: bold; text-align: left; color: inherit;' colspan='2'>CRS125-24G-1S-2HnD-IN<\/th>\n<th style='padding: 10px; border: 1px solid rgba(150&comma;150&comma;150&comma;0.3); font-weight: bold; text-align: left; color: inherit;' colspan='2'>AR9344 1G all port test<\/th>\n<\/tr>\n<tr>\n<th style='padding: 10px; border: 1px solid rgba(150&comma;150&comma;150&comma;0.3); font-weight: bold; text-align: left; color: inherit;'>Modo<\/th>\n<th style='padding: 10px; border: 1px solid rgba(150&comma;150&comma;150&comma;0.3); font-weight: bold; text-align: left; color: inherit;'>Configuraci\u00f3n<\/th>\n<th style='padding: 10px; border: 1px solid rgba(150&comma;150&comma;150&comma;0.3); font-weight: bold; text-align: left; color: inherit;'>1518 byte<\/th>\n<th style='padding: 10px; border: 1px solid rgba(150&comma;150&comma;150&comma;0.3); font-weight: bold; text-align: left; color: inherit;'>kpps<\/th>\n<th style='padding: 10px; border: 1px solid rgba(150&comma;150&comma;150&comma;0.3); font-weight: bold; text-align: left; color: inherit;'>Mbps<\/th>\n<th style='padding: 10px; border: 1px solid rgba(150&comma;150&comma;150&comma;0.3); font-weight: bold; text-align: left; color: inherit;'>512 byte<\/th>\n<th style='padding: 10px; border: 1px solid rgba(150&comma;150&comma;150&comma;0.3); font-weight: bold; text-align: left; color: inherit;'>kpps<\/th>\n<th style='padding: 10px; border: 1px solid rgba(150&comma;150&comma;150&comma;0.3); font-weight: bold; text-align: left; color: inherit;'>Mbps<\/th>\n<\/tr>\n<\/thead>\n<tbody>\n<tr style='background-color: rgba(150&comma; 150&comma; 150&comma; 0.05);'>\n<td style='padding: 10px; border: 1px solid rgba(150&comma;150&comma;150&comma;0.3); color: inherit;'>Bridging<\/td>\n<td style='padding: 10px; border: 1px solid rgba(150&comma;150&comma;150&comma;0.3); color: inherit;'>none (fast path)<\/td>\n<td style='padding: 10px; border: 1px solid rgba(150&comma;150&comma;150&comma;0.3); color: inherit;'>81.0<\/td>\n<td style='padding: 10px; border: 1px solid rgba(150&comma;150&comma;150&comma;0.3); color: inherit;'>983.7<\/td>\n<td style='padding: 10px; border: 1px solid rgba(150&comma;150&comma;150&comma;0.3); color: inherit;'>232.0<\/td>\n<td style='padding: 10px; border: 1px solid rgba(150&comma;150&comma;150&comma;0.3); color: inherit;'>950.3<\/td>\n<td style='padding: 10px; border: 1px solid rgba(150&comma;150&comma;150&comma;0.3); color: inherit;'>269.6<\/td>\n<td style='padding: 10px; border: 1px solid rgba(150&comma;150&comma;150&comma;0.3); color: inherit;'>138.0<\/td>\n<\/tr>\n<tr>\n<td style='padding: 10px; border: 1px solid rgba(150&comma;150&comma;150&comma;0.3); color: inherit;'>Bridging<\/td>\n<td style='padding: 10px; border: 1px solid rgba(150&comma;150&comma;150&comma;0.3); color: inherit;'>25 bridge filter rules<\/td>\n<td style='padding: 10px; border: 1px solid rgba(150&comma;150&comma;150&comma;0.3); color: inherit;'>81.0<\/td>\n<td style='padding: 10px; border: 1px solid rgba(150&comma;150&comma;150&comma;0.3); color: inherit;'>983.7<\/td>\n<td style='padding: 10px; border: 1px solid rgba(150&comma;150&comma;150&comma;0.3); color: inherit;'>86.0<\/td>\n<td style='padding: 10px; border: 1px solid rgba(150&comma;150&comma;150&comma;0.3); color: inherit;'>352.3<\/td>\n<td style='padding: 10px; border: 1px solid rgba(150&comma;150&comma;150&comma;0.3); color: inherit;'>87.6<\/td>\n<td style='padding: 10px; border: 1px solid rgba(150&comma;150&comma;150&comma;0.3); color: inherit;'>44.9<\/td>\n<\/tr>\n<\/tbody>\n<\/table><\/div>\n<\/p><\/div>\n<\/p><\/div>\n","protected":false},"excerpt":{"rendered":"<p>Cloud Router Switch CRS125-24G-1S-2HnD-IN 24 Puertos Gigabit Ethernet, 1 Puerto SFP, 802.11b\/g\/n, Para escritorio<\/p>\n","protected":false},"featured_media":75290,"comment_status":"open","ping_status":"closed","template":"","meta":[],"product_brand":[],"product_cat":[1970],"product_tag":[643,664,1971],"class_list":{"0":"post-75291","1":"product","2":"type-product","3":"status-publish","4":"has-post-thumbnail","6":"product_cat-switches","7":"product_tag-mikrotik","8":"product_tag-networking","9":"product_tag-switches","11":"first","12":"outofstock","13":"sale","14":"shipping-taxable","15":"purchasable","16":"product-type-simple"},"_links":{"self":[{"href":"https:\/\/soydeaqui.ddns.net\/pachuca\/index.php\/wp-json\/wp\/v2\/product\/75291","targetHints":{"allow":["GET"]}}],"collection":[{"href":"https:\/\/soydeaqui.ddns.net\/pachuca\/index.php\/wp-json\/wp\/v2\/product"}],"about":[{"href":"https:\/\/soydeaqui.ddns.net\/pachuca\/index.php\/wp-json\/wp\/v2\/types\/product"}],"replies":[{"embeddable":true,"href":"https:\/\/soydeaqui.ddns.net\/pachuca\/index.php\/wp-json\/wp\/v2\/comments?post=75291"}],"wp:featuredmedia":[{"embeddable":true,"href":"https:\/\/soydeaqui.ddns.net\/pachuca\/index.php\/wp-json\/wp\/v2\/media\/75290"}],"wp:attachment":[{"href":"https:\/\/soydeaqui.ddns.net\/pachuca\/index.php\/wp-json\/wp\/v2\/media?parent=75291"}],"wp:term":[{"taxonomy":"product_brand","embeddable":true,"href":"https:\/\/soydeaqui.ddns.net\/pachuca\/index.php\/wp-json\/wp\/v2\/product_brand?post=75291"},{"taxonomy":"product_cat","embeddable":true,"href":"https:\/\/soydeaqui.ddns.net\/pachuca\/index.php\/wp-json\/wp\/v2\/product_cat?post=75291"},{"taxonomy":"product_tag","embeddable":true,"href":"https:\/\/soydeaqui.ddns.net\/pachuca\/index.php\/wp-json\/wp\/v2\/product_tag?post=75291"}],"curies":[{"name":"wp","href":"https:\/\/api.w.org\/{rel}","templated":true}]}}