{"id":75284,"date":"2026-03-19T14:34:12","date_gmt":"2026-03-19T14:34:12","guid":{"rendered":"https:\/\/soydeaqui.ddns.net\/pachuca\/index.php\/producto\/router-board-10-puertos-ethernet-1-puerto-sfp-wi-fi-de-gran-cobertura-2-4-ghz-antenas-de-4-dbi-hasta-1-watt-de-potencia\/"},"modified":"2026-03-19T14:34:13","modified_gmt":"2026-03-19T14:34:13","slug":"router-board-10-puertos-ethernet-1-puerto-sfp-wi-fi-de-gran-cobertura-2-4-ghz-antenas-de-4-dbi-hasta-1-watt-de-potencia","status":"publish","type":"product","link":"https:\/\/soydeaqui.ddns.net\/pachuca\/index.php\/producto\/router-board-10-puertos-ethernet-1-puerto-sfp-wi-fi-de-gran-cobertura-2-4-ghz-antenas-de-4-dbi-hasta-1-watt-de-potencia\/","title":{"rendered":"Router Board, 10 Puertos Ethernet, 1 Puerto SFP, Wi-Fi de Gran Cobertura 2.4 GHz Antenas de 4 dBi, hasta 1 Watt de potencia"},"content":{"rendered":"<div style='width: 100%; max-width: 1200px; margin: 0 auto; font-family: sans-serif; line-height: 1.6; color: inherit; background-color: transparent;'>\n<div style='display: flex; flex-wrap: wrap; gap: 30px; margin-bottom: 30px;'>\n<div style='flex: 1 1 300px; min-width: 280px;'>\n<p style='margin: 0; padding: 0;'> <a href='https:\/\/soporte.syscom.mx\/es\/collections\/3502429-mikrotik' target='_blank' rel='noopener'> <img style='width: 100%; height: auto; border: 1px solid rgba(150&comma;150&comma;150&comma;0.3); border-radius: 8px;' src='https:\/\/ftp3.syscom.mx\/usuarios\/raragon\/Imagenes_Generales\/Manuales_de_configuracion.jpg' alt=''> <\/a> <\/p>\n<p style='margin: 30px 0 0 0; padding: 0;'> <img style='width: 100%; height: auto; border: 1px solid rgba(150&comma;150&comma;150&comma;0.3); border-radius: 8px;' src='https:\/\/ftp3.syscom.mx\/usuarios\/fotos\/RB2011UiAS2HNDIN\/85626-banner_2011.png' alt=''> <\/p>\n<\/p><\/div>\n<div style='flex: 2 1 600px; min-width: 300px;'>\n<h3 style='font-size: 22px; border-bottom: 2px solid currentColor; padding-bottom: 5px; margin-top: 0; color: inherit; opacity: 0.8;'>Descripci\u00f3n general<\/h3>\n<p style='margin: 15px 0 0 0; font-size: 15px; color: inherit;'> El RB2011Ui es una serie de dispositivos multipuerto de bajo costo. Dise\u00f1ado para uso en interiores y disponible en muchos casos diferentes&comma; con una multitud de opciones. <\/p>\n<p style='margin: 15px 0 0 0; font-size: 15px; color: inherit;'> El RB2011 est\u00e1 alimentado por RouterOS&comma; un sistema operativo de enrutamiento con todas las funciones que se ha mejorado continuamente durante quince a\u00f1os. Enrutamiento din\u00e1mico&comma; hotspot&comma; firewall&comma; MPLS&comma; VPN&comma; calidad de servicio avanzada&comma; equilibrio de carga y enlace&comma; configuraci\u00f3n y monitoreo en tiempo real&comma; solo algunas de las muchas funciones que admite RouterOS. <\/p>\n<p style='margin: 15px 0 0 0; font-size: 15px; color: inherit;'> RouterBOARD 2011UiAS-2HnD tiene la mayor\u00eda de las funciones e interfaces de todos nuestros enrutadores inal\u00e1mbricos. Est\u00e1 alimentado por el nuevo procesador de red Atheros 600MHz 74K MIPS&comma; tiene 128 MB de RAM&comma; cinco puertos Gigabit LAN&comma; cinco puertos Fast Ethernet LAN y caja SFP (m\u00f3dulo SFP no incluido). Adem\u00e1s&comma; cuenta con una potente cadena dual de 2.4GHz (2312-2732MHz seg\u00fan las regulaciones del pa\u00eds) 802.11bgn AP inal\u00e1mbrico&comma; puerto serie RJ45&comma; puerto USB y licencia RouterOS L5&comma; as\u00ed como estuche de escritorio con fuente de alimentaci\u00f3n&comma; dos antenas Omni de 4dBi y panel LCD. <\/p>\n<p style='margin: 15px 0 0 0; font-size: 15px; color: inherit;'> El RB2011Ui tambi\u00e9n tiene capacidad de salida PoE pasiva en el \u00faltimo puerto (ETH10)&comma; esto significa que puede alimentar otro dispositivo simplemente conect\u00e1ndolo a trav\u00e9s de un cable Ethernet normal <\/p>\n<\/p><\/div>\n<\/p><\/div>\n<div style='display: flex; flex-wrap: wrap; gap: 20px; margin-bottom: 30px;'>\n<div style='flex: 1 1 250px; border: 1px solid rgba(150&comma; 150&comma; 150&comma; 0.4); border-radius: 8px; overflow: hidden; display: flex; flex-direction: column;'>\n<div style='padding: 15px; border-bottom: 1px solid rgba(150&comma; 150&comma; 150&comma; 0.2); font-weight: bold; font-size: 18px; color: inherit;'>Especificaciones<\/div>\n<div style='padding: 15px; color: inherit;'>\n<ul style='padding-left: 20px; margin: 0; font-size: 14px; list-style-type: disc;'>\n<li style='margin-bottom: 5px;'><strong>C\u00f3digo de producto:<\/strong> RB2011UiAS-2HnD-IN<\/li>\n<li style='margin-bottom: 5px;'><strong>Arquitectura:<\/strong> MIPSBE<\/li>\n<li style='margin-bottom: 5px;'><strong>UPC:<\/strong> AR9344<\/li>\n<li style='margin-bottom: 5px;'><strong>Recuento de n\u00facleos de CPU:<\/strong> 1<\/li>\n<li style='margin-bottom: 5px;'><strong>Frecuencia nominal de la CPU:<\/strong> 600 MHz<\/li>\n<li style='margin-bottom: 5px;'><strong>Dimensiones:<\/strong> 214mm x 86mm para PCB<\/li>\n<li style='margin-bottom: 5px;'><strong>Nivel de licencia:<\/strong> 5<\/li>\n<li style='margin-bottom: 5px;'><strong>Sistema operativo:<\/strong> RouterOS<\/li>\n<li style='margin-bottom: 5px;'><strong>Tama\u00f1o de la memoria RAM:<\/strong> 128 MB<\/li>\n<li style='margin-bottom: 5px;'><strong>Tama\u00f1o de almacenamiento:<\/strong> 128 MB<\/li>\n<li style='margin-bottom: 5px;'><strong>Tipo de almacenamiento:<\/strong> NAND<\/li>\n<li style='margin-bottom: 5px;'><strong>Temperatura ambiente probada:<\/strong> -35C a +65C<\/li>\n<\/ul><\/div>\n<\/p><\/div>\n<div style='flex: 1 1 250px; border: 1px solid rgba(150&comma; 150&comma; 150&comma; 0.4); border-radius: 8px; overflow: hidden; display: flex; flex-direction: column;'>\n<div style='padding: 15px; border-bottom: 1px solid rgba(150&comma; 150&comma; 150&comma; 0.2); font-weight: bold; font-size: 18px; color: inherit;'>Alimentaci\u00f3n<\/div>\n<div style='padding: 15px; color: inherit;'>\n<ul style='padding-left: 20px; margin: 0; font-size: 14px; list-style-type: disc;'>\n<li style='margin-bottom: 5px;'><strong>PoE en:<\/strong> PoE pasivo<\/li>\n<li style='margin-bottom: 5px;'><strong>PoE fuera:<\/strong> PoE pasivo<\/li>\n<li style='margin-bottom: 5px;'><strong>PoE en voltaje de entrada:<\/strong> 8-30 V<\/li>\n<li style='margin-bottom: 5px;'><strong>N\u00famero de entradas de corriente continua:<\/strong> 2 (conector DC&comma; PoE-IN)<\/li>\n<li style='margin-bottom: 5px;'><strong>Voltaje de entrada de jack DC:<\/strong> 8-30 V<\/li>\n<li style='margin-bottom: 5px;'><strong>Salida m\u00e1xima por puerto (entrada <30 V):<\/strong> 510 mA<\/li>\n<li style='margin-bottom: 5px;'><strong>Max total hacia fuera:<\/strong> 510 mA<\/li>\n<li style='margin-bottom: 5px;'><strong>Consumo m\u00e1ximo de energ\u00eda:<\/strong> 6W<\/li>\n<li style='margin-bottom: 5px;'><strong>Consumo m\u00e1ximo de energ\u00eda sin accesorios:<\/strong> 6W<\/li>\n<\/ul><\/div>\n<\/p><\/div>\n<div style='flex: 1 1 250px; border: 1px solid rgba(150&comma; 150&comma; 150&comma; 0.4); border-radius: 8px; overflow: hidden; display: flex; flex-direction: column;'>\n<div style='padding: 15px; border-bottom: 1px solid rgba(150&comma; 150&comma; 150&comma; 0.2); font-weight: bold; font-size: 18px; color: inherit;'>Inal\u00e1mbrico<\/div>\n<div style='padding: 15px; color: inherit;'>\n<ul style='padding-left: 20px; margin: 0; font-size: 14px; list-style-type: disc;'>\n<li style='margin-bottom: 5px;'><strong>N\u00famero de cadenas inal\u00e1mbricas de 2.4 GHz:<\/strong> 2<\/li>\n<li style='margin-bottom: 5px;'><strong>Est\u00e1ndares inal\u00e1mbricos de 2.4 GHz:<\/strong> 802.11b \/ g \/ n<\/li>\n<li style='margin-bottom: 5px;'><strong>Antena de ganancia dBi para 2.4 GHz:<\/strong> 4<\/li>\n<li style='margin-bottom: 5px;'><strong>Modelo de chip inal\u00e1mbrico de 2.4 GHz:<\/strong> AR9344<\/li>\n<\/ul><\/div>\n<\/p><\/div>\n<div style='flex: 1 1 250px; border: 1px solid rgba(150&comma; 150&comma; 150&comma; 0.4); border-radius: 8px; overflow: hidden; display: flex; flex-direction: column;'>\n<div style='padding: 15px; border-bottom: 1px solid rgba(150&comma; 150&comma; 150&comma; 0.2); font-weight: bold; font-size: 18px; color: inherit;'>Ethernet<\/div>\n<div style='padding: 15px; color: inherit;'>\n<ul style='padding-left: 20px; margin: 0; font-size: 14px; list-style-type: disc;'>\n<li style='margin-bottom: 5px;'><strong>10\/100 puertos Ethernet:<\/strong> 5<\/li>\n<li style='margin-bottom: 5px;'><strong>10\/100\/1000 puertos Ethernet:<\/strong> 5<\/li>\n<\/ul><\/div>\n<\/p><\/div>\n<div style='flex: 1 1 250px; border: 1px solid rgba(150&comma; 150&comma; 150&comma; 0.4); border-radius: 8px; overflow: hidden; display: flex; flex-direction: column;'>\n<div style='padding: 15px; border-bottom: 1px solid rgba(150&comma; 150&comma; 150&comma; 0.2); font-weight: bold; font-size: 18px; color: inherit;'>Fibra<\/div>\n<div style='padding: 15px; color: inherit;'>\n<ul style='padding-left: 20px; margin: 0; font-size: 14px; list-style-type: disc;'>\n<li style='margin-bottom: 5px;'><strong>SFP DDMI:<\/strong> S\u00ed<\/li>\n<li style='margin-bottom: 5px;'><strong>Puertos SFP:<\/strong> 1<\/li>\n<\/ul><\/div>\n<\/p><\/div>\n<div style='flex: 1 1 250px; border: 1px solid rgba(150&comma; 150&comma; 150&comma; 0.4); border-radius: 8px; overflow: hidden; display: flex; flex-direction: column;'>\n<div style='padding: 15px; border-bottom: 1px solid rgba(150&comma; 150&comma; 150&comma; 0.2); font-weight: bold; font-size: 18px; color: inherit;'>Perif\u00e9ricos<\/div>\n<div style='padding: 15px; color: inherit;'>\n<ul style='padding-left: 20px; margin: 0; font-size: 14px; list-style-type: disc;'>\n<li style='margin-bottom: 5px;'><strong>Puerto serial:<\/strong> RJ45<\/li>\n<li style='margin-bottom: 5px;'><strong>N\u00famero de puertos USB:<\/strong> 1<\/li>\n<li style='margin-bottom: 5px;'><strong>Restablecimiento de alimentaci\u00f3n USB:<\/strong> S\u00ed<\/li>\n<li style='margin-bottom: 5px;'><strong>Tipo de ranura USB:<\/strong> USB tipo A<\/li>\n<li style='margin-bottom: 5px;'><strong>Corriente USB m\u00e1xima:<\/strong> 1A<\/li>\n<\/ul><\/div>\n<\/p><\/div>\n<div style='flex: 1 1 250px; border: 1px solid rgba(150&comma; 150&comma; 150&comma; 0.4); border-radius: 8px; overflow: hidden; display: flex; flex-direction: column;'>\n<div style='padding: 15px; border-bottom: 1px solid rgba(150&comma; 150&comma; 150&comma; 0.2); font-weight: bold; font-size: 18px; color: inherit;'>Otro<\/div>\n<div style='padding: 15px; color: inherit;'>\n<ul style='padding-left: 20px; margin: 0; font-size: 14px; list-style-type: disc;'>\n<li style='margin-bottom: 5px;'><strong>Monitor de temperatura PCB:<\/strong> S\u00ed<\/li>\n<li style='margin-bottom: 5px;'><strong>Monitor de voltaje:<\/strong> S\u00ed<\/li>\n<\/ul><\/div>\n<\/p><\/div>\n<div style='flex: 1 1 250px; border: 1px solid rgba(150&comma; 150&comma; 150&comma; 0.4); border-radius: 8px; overflow: hidden; display: flex; flex-direction: column;'>\n<div style='padding: 15px; border-bottom: 1px solid rgba(150&comma; 150&comma; 150&comma; 0.2); font-weight: bold; font-size: 18px; color: inherit;'>Especificaciones inal\u00e1mbricas<\/div>\n<div style='padding: 15px; color: inherit;'>\n<ul style='padding-left: 20px; margin: 0; font-size: 14px; list-style-type: disc;'>\n<li style='margin-bottom: 5px;'><strong>1MBit\/s:<\/strong> Transmitir 30dBm&comma; Recibir -96<\/li>\n<li style='margin-bottom: 5px;'><strong>11MBit\/s:<\/strong> Transmitir 28dBm&comma; Recibir -80<\/li>\n<li style='margin-bottom: 5px;'><strong>6MBit\/s:<\/strong> Transmitir 30dBm&comma; Recibir -96<\/li>\n<\/ul><\/div>\n<\/p><\/div>\n<\/p><\/div>\n<\/p><\/div>\n","protected":false},"excerpt":{"rendered":"<p>Router Board, 10 Puertos Ethernet, 1 Puerto SFP, Wi-Fi de Gran Cobertura 2.4 GHz Antenas de 4 dBi, hasta 1 Watt de potencia<\/p>\n","protected":false},"featured_media":75283,"comment_status":"open","ping_status":"closed","template":"","meta":[],"product_brand":[],"product_cat":[2036,2035,2034],"product_tag":[2039,2038,643,664,2037],"class_list":{"0":"post-75284","1":"product","2":"type-product","3":"status-publish","4":"has-post-thumbnail","6":"product_cat-balanceadores","7":"product_cat-firewalls","8":"product_cat-routers","9":"product_tag-balanceadores","10":"product_tag-firewalls","11":"product_tag-mikrotik","12":"product_tag-networking","13":"product_tag-routers","15":"first","16":"outofstock","17":"sale","18":"shipping-taxable","19":"purchasable","20":"product-type-simple"},"_links":{"self":[{"href":"https:\/\/soydeaqui.ddns.net\/pachuca\/index.php\/wp-json\/wp\/v2\/product\/75284","targetHints":{"allow":["GET"]}}],"collection":[{"href":"https:\/\/soydeaqui.ddns.net\/pachuca\/index.php\/wp-json\/wp\/v2\/product"}],"about":[{"href":"https:\/\/soydeaqui.ddns.net\/pachuca\/index.php\/wp-json\/wp\/v2\/types\/product"}],"replies":[{"embeddable":true,"href":"https:\/\/soydeaqui.ddns.net\/pachuca\/index.php\/wp-json\/wp\/v2\/comments?post=75284"}],"wp:featuredmedia":[{"embeddable":true,"href":"https:\/\/soydeaqui.ddns.net\/pachuca\/index.php\/wp-json\/wp\/v2\/media\/75283"}],"wp:attachment":[{"href":"https:\/\/soydeaqui.ddns.net\/pachuca\/index.php\/wp-json\/wp\/v2\/media?parent=75284"}],"wp:term":[{"taxonomy":"product_brand","embeddable":true,"href":"https:\/\/soydeaqui.ddns.net\/pachuca\/index.php\/wp-json\/wp\/v2\/product_brand?post=75284"},{"taxonomy":"product_cat","embeddable":true,"href":"https:\/\/soydeaqui.ddns.net\/pachuca\/index.php\/wp-json\/wp\/v2\/product_cat?post=75284"},{"taxonomy":"product_tag","embeddable":true,"href":"https:\/\/soydeaqui.ddns.net\/pachuca\/index.php\/wp-json\/wp\/v2\/product_tag?post=75284"}],"curies":[{"name":"wp","href":"https:\/\/api.w.org\/{rel}","templated":true}]}}