{"id":75265,"date":"2026-03-19T14:33:30","date_gmt":"2026-03-19T14:33:30","guid":{"rendered":"https:\/\/soydeaqui.ddns.net\/pachuca\/index.php\/producto\/telefono-ip-ejecutivo-para-6-lineas-sip-con-video-conferencia-hd720-pantalla-multi-touch-voz-hd-y-conferencia-de-10-vias-con-soporte-para-poe\/"},"modified":"2026-03-19T14:33:33","modified_gmt":"2026-03-19T14:33:33","slug":"telefono-ip-ejecutivo-para-6-lineas-sip-con-video-conferencia-hd720-pantalla-multi-touch-voz-hd-y-conferencia-de-10-vias-con-soporte-para-poe","status":"publish","type":"product","link":"https:\/\/soydeaqui.ddns.net\/pachuca\/index.php\/producto\/telefono-ip-ejecutivo-para-6-lineas-sip-con-video-conferencia-hd720-pantalla-multi-touch-voz-hd-y-conferencia-de-10-vias-con-soporte-para-poe\/","title":{"rendered":"Tel\u00e9fono IP Ejecutivo Para 6 L\u00edneas SIP con Video Conferencia HD720, Pantalla Multi-Touch, Voz HD y Conferencia de 10 v\u00edas con Soporte Para PoE"},"content":{"rendered":"<div style='width: 100%; max-width: 1200px; margin: 0 auto; font-family: sans-serif; line-height: 1.6; color: inherit; background-color: transparent;'>\n<div style='display: flex; flex-wrap: wrap; gap: 30px; margin-bottom: 30px;'>\n<div style='flex: 1 1 300px; min-width: 280px;'>\n<h3 style='font-size: 22px; border-bottom: 2px solid currentColor; padding-bottom: 5px; margin-top: 0; color: inherit; opacity: 0.8;'>Descripci\u00f3n<\/h3>\n<p style='margin-top: 0; font-size: 15px; color: inherit;'> El C600 es un nuevo video tel\u00e9fono mas elegante y vers\u00e1til; es un tel\u00e9fono de escritorio completo con una funcionalidad flexible&comma; calidad de voz y muy f\u00e1cil de operar&comma; pantalla Touch y full color ideal para video conferencia y ejecutivos exigentes. <\/p>\n<div style='margin: 20px 0;'> <img style='width: 100%; height: auto; border: 1px solid rgba(150&comma;150&comma;150&comma;0.3); border-radius: 8px;' src='http:\/\/ftp3.syscom.mx\/usuarios\/hortega\/Fanvil\/Images\/FANVIL.PNG' alt=''> <\/div>\n<\/p><\/div>\n<\/p><\/div>\n<div style='display: flex; flex-wrap: wrap; gap: 20px; margin-bottom: 30px;'>\n<div style='flex: 1 1 250px; border: 1px solid rgba(150&comma; 150&comma; 150&comma; 0.4); border-radius: 8px; overflow: hidden; display: flex; flex-direction: column;'>\n<div style='padding: 15px; border-bottom: 1px solid rgba(150&comma; 150&comma; 150&comma; 0.2); font-weight: bold; font-size: 18px; color: inherit;'>Caracter\u00edsticas<\/div>\n<div style='padding: 15px; color: inherit;'>\n<ul style='padding-left: 20px; margin: 0; font-size: 14px; list-style-type: disc;'>\n<li style='margin-bottom: 5px;'>Android OS 4.2<\/li>\n<li style='margin-bottom: 5px;'>6 Cuentas SIP<\/li>\n<li style='margin-bottom: 5px;'>Procesador Quad-Core 1 Ghz<\/li>\n<li style='margin-bottom: 5px;'>Salida HDMI<\/li>\n<li style='margin-bottom: 5px;'>SIP 2.0 (RFC3261)<\/li>\n<li style='margin-bottom: 5px;'>Codecs: G.722&comma; G.711(A\/\u03bc)&comma; G.723.1&comma; G.729AB&comma; iLBC&comma; AMR<\/li>\n<li style='margin-bottom: 5px;'>Pantalla de LCD 800 x 480 pixeles Capacitive Multi Touch<\/li>\n<li style='margin-bottom: 5px;'>Altavoz full-duplex<\/li>\n<li style='margin-bottom: 5px;'>2 puertos 10\/100\/1000 GigaE RJ-45&comma; RJ11&comma; Multimedia (3.5mm) y 1 USB 2.0<\/li>\n<li style='margin-bottom: 5px;'>Soporta voz HD en auricular y altavoz<\/li>\n<li style='margin-bottom: 5px;'>Pantalla t\u00e1ctil<\/li>\n<li style='margin-bottom: 5px;'>Desv\u00edo de llamadas<\/li>\n<li style='margin-bottom: 5px;'>Transferencia de llamadas (ciego \/ asistido \/ alerta)<\/li>\n<li style='margin-bottom: 5px;'>Llamada en espera<\/li>\n<li style='margin-bottom: 5px;'>Llamada en conferencia<\/li>\n<li style='margin-bottom: 5px;'>Lista BLF<\/li>\n<li style='margin-bottom: 5px;'>Capacidad de 10 v\u00edas de conversaci\u00f3n en una llamada<\/li>\n<li style='margin-bottom: 5px;'>Conclusi\u00f3n de llamada<\/li>\n<li style='margin-bottom: 5px;'>Tecla suave DSS (hasta 100)<\/li>\n<li style='margin-bottom: 5px;'>Auto Redial \/ remarcado<\/li>\n<li style='margin-bottom: 5px;'>Apoyar multi-l\u00ednea y pre-marcaci\u00f3n<\/li>\n<li style='margin-bottom: 5px;'>Mensajes de apoyo y MWI<\/li>\n<li style='margin-bottom: 5px;'>Grabaci\u00f3n de voz al hablar<\/li>\n<li style='margin-bottom: 5px;'>Plan de marcado flexible<\/li>\n<li style='margin-bottom: 5px;'>Hotline \/ l\u00ednea caliente<\/li>\n<li style='margin-bottom: 5px;'>Rechazo de llamada<\/li>\n<li style='margin-bottom: 5px;'>Lista negra<\/li>\n<li style='margin-bottom: 5px;'>Funci\u00f3n de restricci\u00f3n de llamadas salientes<\/li>\n<li style='margin-bottom: 5px;'>No molestar<\/li>\n<li style='margin-bottom: 5px;'>Respuesta autom\u00e1tica (Headset Handsfree)<\/li>\n<li style='margin-bottom: 5px;'>Pantalla de identificaci\u00f3n de llamadas<\/li>\n<li style='margin-bottom: 5px;'>CLIR (rechaza las llamadas an\u00f3nimas)<\/li>\n<li style='margin-bottom: 5px;'>CLIP (para hacer una llamada an\u00f3nima)<\/li>\n<li style='margin-bottom: 5px;'>Marque sin registro<\/li>\n<li style='margin-bottom: 5px;'>Soporta registros de llamadas con \/ llamadas entrantes \/ salientes perdidas<\/li>\n<li style='margin-bottom: 5px;'>Intercom \/ Intercom barcaza<\/li>\n<li style='margin-bottom: 5px;'>Contrase\u00f1a de l\u00ednea<\/li>\n<li style='margin-bottom: 5px;'>Anillo Headset<\/li>\n<li style='margin-bottom: 5px;'>Llamada IP directa sin proxy SIP<\/li>\n<\/ul><\/div>\n<\/p><\/div>\n<\/p><\/div>\n<hr style='border: 0; border-top: 1px solid rgba(150&comma; 150&comma; 150&comma; 0.3); margin: 30px 0;'> <\/div>\n","protected":false},"excerpt":{"rendered":"<p>Tel\u00e9fono IP Ejecutivo Para 6 L\u00edneas SIP con Video Conferencia HD720, Pantalla Multi-Touch, Voz HD y Conferencia de 10 v\u00edas con Soporte Para PoE<\/p>\n","protected":false},"featured_media":75264,"comment_status":"open","ping_status":"closed","template":"","meta":[],"product_brand":[],"product_cat":[2003],"product_tag":[859,2005,2004],"class_list":{"0":"post-75265","1":"product","2":"type-product","3":"status-publish","4":"has-post-thumbnail","6":"product_cat-telefonos-ip","7":"product_tag-fanvil","8":"product_tag-telefonos-ip","9":"product_tag-voip-telefonia-ip-videoconferencia","11":"first","12":"outofstock","13":"sale","14":"shipping-taxable","15":"purchasable","16":"product-type-simple"},"_links":{"self":[{"href":"https:\/\/soydeaqui.ddns.net\/pachuca\/index.php\/wp-json\/wp\/v2\/product\/75265","targetHints":{"allow":["GET"]}}],"collection":[{"href":"https:\/\/soydeaqui.ddns.net\/pachuca\/index.php\/wp-json\/wp\/v2\/product"}],"about":[{"href":"https:\/\/soydeaqui.ddns.net\/pachuca\/index.php\/wp-json\/wp\/v2\/types\/product"}],"replies":[{"embeddable":true,"href":"https:\/\/soydeaqui.ddns.net\/pachuca\/index.php\/wp-json\/wp\/v2\/comments?post=75265"}],"wp:featuredmedia":[{"embeddable":true,"href":"https:\/\/soydeaqui.ddns.net\/pachuca\/index.php\/wp-json\/wp\/v2\/media\/75264"}],"wp:attachment":[{"href":"https:\/\/soydeaqui.ddns.net\/pachuca\/index.php\/wp-json\/wp\/v2\/media?parent=75265"}],"wp:term":[{"taxonomy":"product_brand","embeddable":true,"href":"https:\/\/soydeaqui.ddns.net\/pachuca\/index.php\/wp-json\/wp\/v2\/product_brand?post=75265"},{"taxonomy":"product_cat","embeddable":true,"href":"https:\/\/soydeaqui.ddns.net\/pachuca\/index.php\/wp-json\/wp\/v2\/product_cat?post=75265"},{"taxonomy":"product_tag","embeddable":true,"href":"https:\/\/soydeaqui.ddns.net\/pachuca\/index.php\/wp-json\/wp\/v2\/product_tag?post=75265"}],"curies":[{"name":"wp","href":"https:\/\/api.w.org\/{rel}","templated":true}]}}