{"id":75263,"date":"2026-03-19T14:33:23","date_gmt":"2026-03-19T14:33:23","guid":{"rendered":"https:\/\/soydeaqui.ddns.net\/pachuca\/index.php\/producto\/diadema-con-tecnologia-antishock-para-telefonos-ip-fanvil-y-polycom-microfono-de-cancelacion-de-ruido-y-cable-resistente-a-jaloneos\/"},"modified":"2026-03-19T14:33:25","modified_gmt":"2026-03-19T14:33:25","slug":"diadema-con-tecnologia-antishock-para-telefonos-ip-fanvil-y-polycom-microfono-de-cancelacion-de-ruido-y-cable-resistente-a-jaloneos","status":"publish","type":"product","link":"https:\/\/soydeaqui.ddns.net\/pachuca\/index.php\/producto\/diadema-con-tecnologia-antishock-para-telefonos-ip-fanvil-y-polycom-microfono-de-cancelacion-de-ruido-y-cable-resistente-a-jaloneos\/","title":{"rendered":"Diadema Con Tecnolog\u00eda AntiShock Para Tel\u00e9fonos IP FANVIL Y Polycom Micr\u00f3fono de Cancelaci\u00f3n de Ruido y Cable Resistente a Jaloneos"},"content":{"rendered":"<div style='width: 100%; max-width: 1200px; margin: 0 auto; font-family: sans-serif; line-height: 1.6; color: inherit;'>\n<div style='display: flex; flex-direction: column; gap: 30px;'>\n<div style='display: flex; flex-direction: column; gap: 15px;'> <img style='width: 185px; height: 66px; align-self: flex-start; border: 1px solid rgba(150&comma;150&comma;150&comma;0.3);' src='http:\/\/ftp3.syscom.mx\/usuarios\/hortega\/Fanvil\/Images\/FANVIL.PNG' alt='' \/> <\/p>\n<p>La diadema HT101 de Fanvil es una pieza maestra dise\u00f1ada para el tel\u00e9fono X2P que acompa\u00f1a a los centros de contacto o Call Centers con tel\u00e9fonos con compatibilidad para IP o equipos an\u00e1logos&comma; ayudando en el desempe\u00f1o y productividad de los usuarios aislando el ruido exterior con el sonido del micr\u00f3fono y brindando una tecnolog\u00eda con cancelaci\u00f3n de ruido.<\/p>\n<\/p><\/div>\n<div style='display: flex; flex-wrap: wrap; gap: 30px;'>\n<div style='flex: 1 1 300px; min-width: 280px;'>\n<h3 style='font-size: 22px; border-bottom: 2px solid currentColor; padding-bottom: 5px; margin-top: 0; color: inherit; opacity: 0.8;'>Especificaciones<\/h3>\n<ul style='padding-left: 20px; font-size: 15px; color: inherit; list-style-type: disc;'>\n<li style='margin-bottom: 5px;'>Tecnolog\u00eda Ac\u00fastica: Shock Protection<\/li>\n<li style='margin-bottom: 5px;'>Compatible solo con tel\u00e9fonos Fanvil y Polycom<\/li>\n<li style='margin-bottom: 5px;'>Para compatibilidad con Tel\u00e9fonos Grandstream&comma; an\u00e1logos y digitales utilizar adaptador modelo QD03<\/li>\n<li style='margin-bottom: 5px;'>Auriculares con cancelaci\u00f3n de ruido<\/li>\n<li style='margin-bottom: 5px;'>Ruido ECM<\/li>\n<li style='margin-bottom: 5px;'>Micr\u00f3fono de cancelaci\u00f3n<\/li>\n<li style='margin-bottom: 5px;'>Sistema de imanes de neodimio para una reproducci\u00f3n precisa y un audio balanceado<\/li>\n<li style='margin-bottom: 5px;'>Respuesta de frecuencia 300Hz-3400Hz<\/li>\n<li style='margin-bottom: 5px;'>Bajo sonido de presi\u00f3n&comma; menos de 118dB<\/li>\n<\/ul><\/div>\n<div style='flex: 1 1 300px; min-width: 280px;'>\n<h3 style='font-size: 22px; border-bottom: 2px solid currentColor; padding-bottom: 5px; margin-top: 0; color: inherit; opacity: 0.8;'>Caracter\u00edsticas f\u00edsicas<\/h3>\n<ul style='padding-left: 20px; font-size: 15px; color: inherit; list-style-type: disc;'>\n<li style='margin-bottom: 5px;'>Escudo EMI<\/li>\n<li style='margin-bottom: 5px;'>\u00danico T-Bar Pad<\/li>\n<li style='margin-bottom: 5px;'>Conector para cable de tel\u00e9fono RJ9<\/li>\n<li style='margin-bottom: 5px;'>Cable con longitud de 2m<\/li>\n<li style='margin-bottom: 5px;'>Cableado de Kevlar\/ blindado con anti-oxidante esta\u00f1ado<\/li>\n<li style='margin-bottom: 5px;'>Construcci\u00f3n T-bar Steam<\/li>\n<li style='margin-bottom: 5px;'>Brazos con rotaci\u00f3n de 320 grados flexible para un posicionamiento \u00f3ptimo<\/li>\n<li style='margin-bottom: 5px;'>Cuero sint\u00e9tico acolchado con almohadilla para el o\u00eddo<\/li>\n<\/ul><\/div>\n<div style='flex: 1 1 300px; min-width: 280px;'>\n<h3 style='font-size: 22px; border-bottom: 2px solid currentColor; padding-bottom: 5px; margin-top: 0; color: inherit; opacity: 0.8;'>Peso \/ dimensi\u00f3n<\/h3>\n<ul style='padding-left: 20px; font-size: 15px; color: inherit; list-style-type: disc;'>\n<li style='margin-bottom: 5px;'>Peso: 0.18kg<\/li>\n<li style='margin-bottom: 5px;'>Dimensi\u00f3n: 190x140x60mm<\/li>\n<\/ul>\n<div style='display: flex; flex-wrap: wrap; gap: 15px; margin-top: 15px;'> <img style='width: 100%; height: auto; border: 1px solid rgba(150&comma;150&comma;150&comma;0.3); border-radius: 8px;' src='http:\/\/ftp3.syscom.mx\/usuarios\/fotos\/HT101\/HT101_1.png' alt='' \/> <img style='width: 100%; height: auto; border: 1px solid rgba(150&comma;150&comma;150&comma;0.3); border-radius: 8px;' src='http:\/\/ftp3.syscom.mx\/usuarios\/fotos\/HT101\/HT101_2.png' alt='' \/> <\/div>\n<\/p><\/div>\n<\/p><\/div>\n<\/p><\/div>\n<\/p><\/div>\n","protected":false},"excerpt":{"rendered":"<p>Diadema Con Tecnolog\u00eda AntiShock Para Tel\u00e9fonos IP FANVIL Y Polycom Micr\u00f3fono de Cancelaci\u00f3n de Ruido y Cable Resistente a Jaloneos<\/p>\n","protected":false},"featured_media":75262,"comment_status":"open","ping_status":"closed","template":"","meta":[],"product_brand":[],"product_cat":[2040],"product_tag":[93,859,2004],"class_list":{"0":"post-75263","1":"product","2":"type-product","3":"status-publish","4":"has-post-thumbnail","6":"product_cat-accesorios-voip-telefonia-ip-videoconferencia","7":"product_tag-accesorios","8":"product_tag-fanvil","9":"product_tag-voip-telefonia-ip-videoconferencia","11":"first","12":"outofstock","13":"sale","14":"shipping-taxable","15":"purchasable","16":"product-type-simple"},"_links":{"self":[{"href":"https:\/\/soydeaqui.ddns.net\/pachuca\/index.php\/wp-json\/wp\/v2\/product\/75263","targetHints":{"allow":["GET"]}}],"collection":[{"href":"https:\/\/soydeaqui.ddns.net\/pachuca\/index.php\/wp-json\/wp\/v2\/product"}],"about":[{"href":"https:\/\/soydeaqui.ddns.net\/pachuca\/index.php\/wp-json\/wp\/v2\/types\/product"}],"replies":[{"embeddable":true,"href":"https:\/\/soydeaqui.ddns.net\/pachuca\/index.php\/wp-json\/wp\/v2\/comments?post=75263"}],"wp:featuredmedia":[{"embeddable":true,"href":"https:\/\/soydeaqui.ddns.net\/pachuca\/index.php\/wp-json\/wp\/v2\/media\/75262"}],"wp:attachment":[{"href":"https:\/\/soydeaqui.ddns.net\/pachuca\/index.php\/wp-json\/wp\/v2\/media?parent=75263"}],"wp:term":[{"taxonomy":"product_brand","embeddable":true,"href":"https:\/\/soydeaqui.ddns.net\/pachuca\/index.php\/wp-json\/wp\/v2\/product_brand?post=75263"},{"taxonomy":"product_cat","embeddable":true,"href":"https:\/\/soydeaqui.ddns.net\/pachuca\/index.php\/wp-json\/wp\/v2\/product_cat?post=75263"},{"taxonomy":"product_tag","embeddable":true,"href":"https:\/\/soydeaqui.ddns.net\/pachuca\/index.php\/wp-json\/wp\/v2\/product_tag?post=75263"}],"curies":[{"name":"wp","href":"https:\/\/api.w.org\/{rel}","templated":true}]}}