{"id":75261,"date":"2026-03-19T14:33:19","date_gmt":"2026-03-19T14:33:19","guid":{"rendered":"https:\/\/soydeaqui.ddns.net\/pachuca\/index.php\/producto\/controlador-switch-poe-l2-de-24-puertos-serie-neutron-de-370w\/"},"modified":"2026-03-19T14:33:21","modified_gmt":"2026-03-19T14:33:21","slug":"controlador-switch-poe-l2-de-24-puertos-serie-neutron-de-370w","status":"publish","type":"product","link":"https:\/\/soydeaqui.ddns.net\/pachuca\/index.php\/producto\/controlador-switch-poe-l2-de-24-puertos-serie-neutron-de-370w\/","title":{"rendered":"Controlador Switch PoE L2 de 24 puertos Serie Neutron de 370W"},"content":{"rendered":"<div style='width: 100%; max-width: 1200px; margin: 0 auto; font-family: sans-serif; line-height: 1.6; color: inherit; background-color: transparent;'> <!-- Descripci\u00f3n principal --> <\/p>\n<div style='margin-bottom: 30px; font-size: 16px;'>\n<p style='margin: 0 0 20px 0; padding: 0; color: inherit;'> El Switch <strong>EWS7928FP<\/strong> simplifica las opciones de configuraci\u00f3n&comma; supervisi\u00f3n y gesti\u00f3n de red junto con una interfaz Web intuitiva. Gestione localmente hasta 50 puntos de acceso EWS Serie Neutron y gestione centralmente redes cableadas e inal\u00e1mbricas a trav\u00e9s de <strong>EzMaster<\/strong>. <\/p>\n<\/p><\/div>\n<p> <!-- Especificaciones t\u00e9cnicas --> <\/p>\n<div style='display: flex; flex-wrap: wrap; gap: 30px; margin-bottom: 30px;'>\n<div style='flex: 1 1 300px; min-width: 280px;'>\n<h3 style='font-size: 22px; border-bottom: 2px solid currentColor; padding-bottom: 5px; margin-top: 0; color: inherit; opacity: 0.8;'>Especificaciones<\/h3>\n<ul style='padding-left: 20px; font-size: 15px; color: inherit;'>\n<li style='margin-bottom: 5px;'><big>24 puertos en el panel frontal (10\/100\/1000Mbps).<\/big><\/li>\n<li style='margin-bottom: 5px;'><big>4 SFP Slot (100\/1000Mbps).<\/big><\/li>\n<li style='margin-bottom: 5px;'><big>1 Puerto de consola RJ45.<\/big><\/li>\n<li style='margin-bottom: 5px;'><big>Detecci\u00f3n autom\u00e1tica y Asignaci\u00f3n de aprovisionamiento.<\/big><\/li>\n<li style='margin-bottom: 5px;'><big>Administraci\u00f3n de cl\u00faster.<\/big><\/li>\n<li style='margin-bottom: 5px;'><big>Fast Roaming.<\/big><\/li>\n<li style='margin-bottom: 5px;'><big>VLAN.<\/big><\/li>\n<li style='margin-bottom: 5px;'><big>M\u00faltiples SSID.<\/big><\/li>\n<li style='margin-bottom: 5px;'><big>Red Invitado.<\/big><\/li>\n<li style='margin-bottom: 5px;'><big>Monitorizaci\u00f3n del estado del Punto de acceso.<\/big><\/li>\n<li style='margin-bottom: 5px;'><big>Tr\u00e1fico y Estad\u00edsticas de uso.<\/big><\/li>\n<li style='margin-bottom: 5px;'><big>Monitoreo en tiempo real.<\/big><\/li>\n<li style='margin-bottom: 5px;'><big>Vista de topolog\u00eda.<\/big><\/li>\n<li style='margin-bottom: 5px;'><big>Diagn\u00f3stico Inteligente.<\/big><\/li>\n<li style='margin-bottom: 5px;'><big><strong>1 A\u00f1o de garant\u00eda.<\/strong><\/big><\/li>\n<\/ul><\/div>\n<\/p><\/div>\n<p> <!-- Imagen del producto --> <\/p>\n<div style='margin-bottom: 30px;'> <img style='width: 100%; max-width: 450px; height: auto; border: 1px solid rgba(150&comma;150&comma;150&comma;0.3); border-radius: 8px;' src='https:\/\/www.engeniustech.com\/wp-content\/uploads\/2016\/11\/xews7928fp_prod_photo.png.pagespeed.ic.tkWkrdE9vq.webp' alt='Switch EWS7928FP'> <\/div>\n<p> <!-- Separador --> <\/p>\n<hr style='border: 0; border-top: 1px solid rgba(150&comma; 150&comma; 150&comma; 0.3); margin: 30px 0;'> <\/div>\n","protected":false},"excerpt":{"rendered":"<p>Controlador Switch PoE L2 de 24 puertos Serie Neutron de 370W<\/p>\n","protected":false},"featured_media":75260,"comment_status":"open","ping_status":"closed","template":"","meta":[],"product_brand":[],"product_cat":[1986],"product_tag":[738,664,1987],"class_list":{"0":"post-75261","1":"product","2":"type-product","3":"status-publish","4":"has-post-thumbnail","6":"product_cat-switches-poe","7":"product_tag-engenius","8":"product_tag-networking","9":"product_tag-switches-poe","11":"first","12":"outofstock","13":"sale","14":"shipping-taxable","15":"purchasable","16":"product-type-simple"},"_links":{"self":[{"href":"https:\/\/soydeaqui.ddns.net\/pachuca\/index.php\/wp-json\/wp\/v2\/product\/75261","targetHints":{"allow":["GET"]}}],"collection":[{"href":"https:\/\/soydeaqui.ddns.net\/pachuca\/index.php\/wp-json\/wp\/v2\/product"}],"about":[{"href":"https:\/\/soydeaqui.ddns.net\/pachuca\/index.php\/wp-json\/wp\/v2\/types\/product"}],"replies":[{"embeddable":true,"href":"https:\/\/soydeaqui.ddns.net\/pachuca\/index.php\/wp-json\/wp\/v2\/comments?post=75261"}],"wp:featuredmedia":[{"embeddable":true,"href":"https:\/\/soydeaqui.ddns.net\/pachuca\/index.php\/wp-json\/wp\/v2\/media\/75260"}],"wp:attachment":[{"href":"https:\/\/soydeaqui.ddns.net\/pachuca\/index.php\/wp-json\/wp\/v2\/media?parent=75261"}],"wp:term":[{"taxonomy":"product_brand","embeddable":true,"href":"https:\/\/soydeaqui.ddns.net\/pachuca\/index.php\/wp-json\/wp\/v2\/product_brand?post=75261"},{"taxonomy":"product_cat","embeddable":true,"href":"https:\/\/soydeaqui.ddns.net\/pachuca\/index.php\/wp-json\/wp\/v2\/product_cat?post=75261"},{"taxonomy":"product_tag","embeddable":true,"href":"https:\/\/soydeaqui.ddns.net\/pachuca\/index.php\/wp-json\/wp\/v2\/product_tag?post=75261"}],"curies":[{"name":"wp","href":"https:\/\/api.w.org\/{rel}","templated":true}]}}