{"id":75244,"date":"2026-03-19T14:32:42","date_gmt":"2026-03-19T14:32:42","guid":{"rendered":"https:\/\/soydeaqui.ddns.net\/pachuca\/index.php\/producto\/adaptador-de-telefono-analogico-ata-con-1-puerto-fxs-y-1-puerto-fxo-de-supervivencia-cuando-no-hay-red-voip\/"},"modified":"2026-03-19T14:32:43","modified_gmt":"2026-03-19T14:32:43","slug":"adaptador-de-telefono-analogico-ata-con-1-puerto-fxs-y-1-puerto-fxo-de-supervivencia-cuando-no-hay-red-voip","status":"publish","type":"product","link":"https:\/\/soydeaqui.ddns.net\/pachuca\/index.php\/producto\/adaptador-de-telefono-analogico-ata-con-1-puerto-fxs-y-1-puerto-fxo-de-supervivencia-cuando-no-hay-red-voip\/","title":{"rendered":"Adaptador de Tel\u00e9fono Anal\u00f3gico (ATA)  con 1 puerto FXS y 1 puerto FXO de Supervivencia (Cuando No Hay Red VoIP)"},"content":{"rendered":"<div style='width: 100%; max-width: 1200px; margin: 0 auto; font-family: sans-serif; line-height: 1.6; color: inherit; background-color: transparent;'>\n<div style='display: flex; flex-wrap: wrap; gap: 30px; margin-bottom: 30px;'>\n<div style='flex: 1 1 300px; min-width: 280px;'>\n<h3 style='font-size: 22px; border-bottom: 2px solid currentColor; padding-bottom: 5px; margin-top: 0; color: inherit; opacity: 0.8;'>Descripci\u00f3n<\/h3>\n<div style='font-size: 15px; color: inherit;'>\n<p> <img style='width: 185px; height: 66px;' src='http:\/\/ftp3.syscom.mx\/usuarios\/hortega\/Fanvil\/Images\/FANVIL.PNG' alt='' \/> <\/p>\n<p> El Fanvil A1 es un adaptador de tel\u00e9fono anal\u00f3gico VoIP o ATA utiliza para conectar dispositivos anal\u00f3gicos como tel\u00e9fonos y m\u00e1quinas de fax a un sistema telef\u00f3nico IP. El A1 es compatible con SIP 2.0 y RFC correlativos y como opci\u00f3n tambi\u00e9n puede apoyar el protocolo IAX2. <\/p>\n<p> La configuraci\u00f3n del puerto en esta Fanvil ATA es 1 FXS&comma; FXO 1&comma; 1 LAN y 1 de PC. El puerto FXS se utiliza para conectar un dispositivo anal\u00f3gico y el puerto FXO es para conectar una l\u00ednea PSTN para el apoyo de conmutaci\u00f3n por error salvavidas. Lifeline cambia el Fanvil A1 a la l\u00ednea PSTN cuando la unidad est\u00e1 apagada o la conexi\u00f3n a Internet est\u00e1 ca\u00eddo. El puerto LAN Ethernet RJ45 se utiliza para conectar el Fanvil A1 a la red y el PC o puerto WAN RJ45 se puede utilizar para la conectividad de internet mano a un segundo dispositivo tal como un ordenador PC. <\/p>\n<\/p><\/div>\n<\/p><\/div>\n<\/p><\/div>\n<div style='display: flex; flex-wrap: wrap; gap: 20px; margin-bottom: 30px;'>\n<div style='flex: 1 1 250px; border: 1px solid rgba(150&comma; 150&comma; 150&comma; 0.4); border-radius: 8px; overflow: hidden; display: flex; flex-direction: column;'>\n<div style='padding: 15px; border-bottom: 1px solid rgba(150&comma; 150&comma; 150&comma; 0.2); font-weight: bold; font-size: 18px; color: inherit;'>Generales<\/div>\n<div style='padding: 15px; color: inherit;'>\n<ul style='padding-left: 20px; margin: 0; font-size: 14px; list-style-type: disc;'>\n<li style='margin-bottom: 5px;'>2 Puertos RJ45 Ethernet 10\/100<\/li>\n<li style='margin-bottom: 5px;'>Soporta 01 cuentas SIP<\/li>\n<li style='margin-bottom: 5px;'>1 puerto FXS y 1 puerto PSTN de Supervivencia (en caso de caerse la red VoIP)<\/li>\n<li style='margin-bottom: 5px;'>02 Puertos Ethernet WAN\/LAN: 10\/100M<\/li>\n<li style='margin-bottom: 5px;'>Codecs: G.711A\/U&comma; G.729&comma; G.729a\/b&comma; G.726-32k<\/li>\n<li style='margin-bottom: 5px;'>Soporta DHCP server on LAN<\/li>\n<li style='margin-bottom: 5px;'>Soporta VLAN (802.1Q\/P)<\/li>\n<li style='margin-bottom: 5px;'>Soporta Voice Gain Setting&comma; VAD&comma; CNG&comma; QoS<\/li>\n<\/ul><\/div>\n<\/p><\/div>\n<div style='flex: 1 1 250px; border: 1px solid rgba(150&comma; 150&comma; 150&comma; 0.4); border-radius: 8px; overflow: hidden; display: flex; flex-direction: column;'>\n<div style='padding: 15px; border-bottom: 1px solid rgba(150&comma; 150&comma; 150&comma; 0.2); font-weight: bold; font-size: 18px; color: inherit;'>Caracter\u00edstica de voz<\/div>\n<div style='padding: 15px; color: inherit;'>\n<ul style='padding-left: 20px; margin: 0; font-size: 14px; list-style-type: disc;'>\n<li style='margin-bottom: 5px;'>Soporte SIP 2.0 y RFC correlativos<\/li>\n<li style='margin-bottom: 5px;'>Soporte IAX2 (opcional)<\/li>\n<li style='margin-bottom: 5px;'>SIP soporta 2 servidores SIP&comma; servidor p\u00fablico y privado. Puede conectar al servidor SIP p\u00fablica y servidor SIP privada al mismo tiempo<\/li>\n<li style='margin-bottom: 5px;'>C\u00f3dec: G.711A \/ u&comma; G.729&comma; G.729a \/ b&comma; G.726-32k<\/li>\n<li style='margin-bottom: 5px;'>Cancelaci\u00f3n de eco: G.168 Cumplimiento en LEC<\/li>\n<li style='margin-bottom: 5px;'>Voz de ayuda Gain Setting&comma; VAD&comma; CNG<\/li>\n<li style='margin-bottom: 5px;'>NAT transversal: soporte de cliente STUN<\/li>\n<li style='margin-bottom: 5px;'>SIP dominio soporte SIP&comma; la autenticaci\u00f3n SIP (ninguna&comma; b\u00e1sico&comma; MD5)&comma; nombre DNS del servidor&comma; Peer to Peer llamada \/ IP<\/li>\n<li style='margin-bottom: 5px;'>Soporte Seleccione la l\u00ednea de forma autom\u00e1tica&comma; utilizando servidor privado para marcar autom\u00e1ticamente cuando el servidor p\u00fablico desconectado<\/li>\n<li style='margin-bottom: 5px;'>DTMF Relay: apoyo en banda&comma; informaci\u00f3n SIP&comma; RFC2833<\/li>\n<li style='margin-bottom: 5px;'>Aplicaci\u00f3n SIP: apoyo desv\u00edo de llamadas \/ transferencia \/ retenci\u00f3n \/ espera \/ conferencias<\/li>\n<li style='margin-bottom: 5px;'>Registro de voz de la ayuda en el servidor SIP<\/li>\n<li style='margin-bottom: 5px;'>Responder o hacer llamadas PSTN con el tel\u00e9fono an\u00e1logo conectado en el puerto phone.<\/li>\n<li style='margin-bottom: 5px;'>Asistencia de Lifeline: cambiar a llamada PSTN autom\u00e1ticamente cuando Internet ha fallado o est\u00e1 apagado<\/li>\n<li style='margin-bottom: 5px;'>Soporte T.38<\/li>\n<\/ul><\/div>\n<\/p><\/div>\n<div style='flex: 1 1 250px; border: 1px solid rgba(150&comma; 150&comma; 150&comma; 0.4); border-radius: 8px; overflow: hidden; display: flex; flex-direction: column;'>\n<div style='padding: 15px; border-bottom: 1px solid rgba(150&comma; 150&comma; 150&comma; 0.2); font-weight: bold; font-size: 18px; color: inherit;'>Caracter\u00edsticas de red<\/div>\n<div style='padding: 15px; color: inherit;'>\n<ul style='padding-left: 20px; margin: 0; font-size: 14px; list-style-type: disc;'>\n<li style='margin-bottom: 5px;'>WAN \/ LAN: puente de apoyo y modelo de router<\/li>\n<li style='margin-bottom: 5px;'>Soporte PPPoE para xDSL y concesionarios reconexi\u00f3n despu\u00e9s de desconectar servidor<\/li>\n<li style='margin-bottom: 5px;'>NAT b\u00e1sico y NAPT&comma; Soporte UPNP<\/li>\n<li style='margin-bottom: 5px;'>Soporte cliente DHCP en WAN y DHCP servidor en LAN<\/li>\n<li style='margin-bottom: 5px;'>Soporte IGMP Proxy \/ IGMP<\/li>\n<li style='margin-bottom: 5px;'>Soporte prueba de ping con teclado y mando<\/li>\n<li style='margin-bottom: 5px;'>Apoyar DNS principal y servidor DNS secundario<\/li>\n<li style='margin-bottom: 5px;'>Relay DNS Soporte \/ PPPoE Relay<\/li>\n<li style='margin-bottom: 5px;'>Soporte a Clientes NTP<\/li>\n<li style='margin-bottom: 5px;'>Soporte Firewall \/ Stateful Packet Inspection (SPI)<\/li>\n<li style='margin-bottom: 5px;'>Apoyo Webs URL Filtro \/ Filtro de contenido<\/li>\n<li style='margin-bottom: 5px;'>Soporte MAC \/ IP \/ Filtro Puerto<\/li>\n<li style='margin-bottom: 5px;'>Soporte VPN (L2TP \/ PPTP)<\/li>\n<li style='margin-bottom: 5px;'>Cambiar el modo de soporte VLAN (802.1Q \/ P) y VLAN<\/li>\n<li style='margin-bottom: 5px;'>QoS con DiffServ (Opcional)<\/li>\n<li style='margin-bottom: 5px;'>Apoyo Virtual Server<\/li>\n<\/ul><\/div>\n<\/p><\/div>\n<div style='flex: 1 1 250px; border: 1px solid rgba(150&comma; 150&comma; 150&comma; 0.4); border-radius: 8px; overflow: hidden; display: flex; flex-direction: column;'>\n<div style='padding: 15px; border-bottom: 1px solid rgba(150&comma; 150&comma; 150&comma; 0.2); font-weight: bold; font-size: 18px; color: inherit;'>Mantenimiento y Gesti\u00f3n<\/div>\n<div style='padding: 15px; color: inherit;'>\n<ul style='padding-left: 20px; margin: 0; font-size: 14px; list-style-type: disc;'>\n<li style='margin-bottom: 5px;'>Gesti\u00f3n Web<\/li>\n<li style='margin-bottom: 5px;'>Gesti\u00f3n con diversa cuenta correcta<\/li>\n<li style='margin-bottom: 5px;'>Actualizaci\u00f3n del firmware a trav\u00e9s del modo de POST<\/li>\n<li style='margin-bottom: 5px;'>Actualizaci\u00f3n de firmware a trav\u00e9s de HTTP&comma; FTP o TFTP<\/li>\n<li style='margin-bottom: 5px;'>Auto Provisioning<\/li>\n<li style='margin-bottom: 5px;'>El modo seguro proporcionar fiabilidad<\/li>\n<li style='margin-bottom: 5px;'>Soporte Auto Provisioning (firmware de actualizaci\u00f3n y archivo de configuraci\u00f3n)<\/li>\n<\/ul><\/div>\n<\/p><\/div>\n<\/p><\/div>\n<\/p><\/div>\n","protected":false},"excerpt":{"rendered":"<p>Adaptador de Tel\u00e9fono Anal\u00f3gico (ATA)  con 1 puerto FXS y 1 puerto FXO de Supervivencia (Cuando No Hay Red VoIP)<\/p>\n","protected":false},"featured_media":75243,"comment_status":"open","ping_status":"closed","template":"","meta":[],"product_brand":[],"product_cat":[2070],"product_tag":[859,2071,2004],"class_list":{"0":"post-75244","1":"product","2":"type-product","3":"status-publish","4":"has-post-thumbnail","6":"product_cat-gateways-y-atas","7":"product_tag-fanvil","8":"product_tag-gateways-y-atas","9":"product_tag-voip-telefonia-ip-videoconferencia","11":"first","12":"outofstock","13":"sale","14":"shipping-taxable","15":"purchasable","16":"product-type-simple"},"_links":{"self":[{"href":"https:\/\/soydeaqui.ddns.net\/pachuca\/index.php\/wp-json\/wp\/v2\/product\/75244","targetHints":{"allow":["GET"]}}],"collection":[{"href":"https:\/\/soydeaqui.ddns.net\/pachuca\/index.php\/wp-json\/wp\/v2\/product"}],"about":[{"href":"https:\/\/soydeaqui.ddns.net\/pachuca\/index.php\/wp-json\/wp\/v2\/types\/product"}],"replies":[{"embeddable":true,"href":"https:\/\/soydeaqui.ddns.net\/pachuca\/index.php\/wp-json\/wp\/v2\/comments?post=75244"}],"wp:featuredmedia":[{"embeddable":true,"href":"https:\/\/soydeaqui.ddns.net\/pachuca\/index.php\/wp-json\/wp\/v2\/media\/75243"}],"wp:attachment":[{"href":"https:\/\/soydeaqui.ddns.net\/pachuca\/index.php\/wp-json\/wp\/v2\/media?parent=75244"}],"wp:term":[{"taxonomy":"product_brand","embeddable":true,"href":"https:\/\/soydeaqui.ddns.net\/pachuca\/index.php\/wp-json\/wp\/v2\/product_brand?post=75244"},{"taxonomy":"product_cat","embeddable":true,"href":"https:\/\/soydeaqui.ddns.net\/pachuca\/index.php\/wp-json\/wp\/v2\/product_cat?post=75244"},{"taxonomy":"product_tag","embeddable":true,"href":"https:\/\/soydeaqui.ddns.net\/pachuca\/index.php\/wp-json\/wp\/v2\/product_tag?post=75244"}],"curies":[{"name":"wp","href":"https:\/\/api.w.org\/{rel}","templated":true}]}}