{"id":75242,"date":"2026-03-19T14:32:38","date_gmt":"2026-03-19T14:32:38","guid":{"rendered":"https:\/\/soydeaqui.ddns.net\/pachuca\/index.php\/producto\/switch-industrial-administrable-de-8-puertos-10-100-1000t-4-puertos-100-1000x-sfp\/"},"modified":"2026-03-19T14:32:39","modified_gmt":"2026-03-19T14:32:39","slug":"switch-industrial-administrable-de-8-puertos-10-100-1000t-4-puertos-100-1000x-sfp","status":"publish","type":"product","link":"https:\/\/soydeaqui.ddns.net\/pachuca\/index.php\/producto\/switch-industrial-administrable-de-8-puertos-10-100-1000t-4-puertos-100-1000x-sfp\/","title":{"rendered":"Switch Industrial Administrable de 8-Puertos 10\/100\/1000T + 4-Puertos 100\/1000X SFP"},"content":{"rendered":"<div style='width: 100%; max-width: 1200px; margin: 0 auto; font-family: sans-serif; line-height: 1.6; color: inherit; background-color: transparent;'> <!-- Secci\u00f3n de Puertos --> <\/p>\n<div style='display: flex; flex-wrap: wrap; gap: 30px; margin-bottom: 30px;'>\n<div style='flex: 1 1 300px; min-width: 280px;'>\n<h3 style='font-size: 22px; border-bottom: 2px solid currentColor; padding-bottom: 5px; margin-top: 0; color: inherit; opacity: 0.8;'>Puertos<\/h3>\n<ul style='padding-left: 20px; font-size: 15px; color: inherit;'>\n<li style='margin-bottom: 5px;'><strong>8-Puertos 10\/100\/1000BASE-T<\/strong> cobre RJ45<\/li>\n<li style='margin-bottom: 5px;'><strong>4 ranuras 100\/1000BASE-X mini-GBIC\/SFP<\/strong>&comma; auto-detecci\u00f3n SFP<\/li>\n<li style='margin-bottom: 5px;'>Una interface de consola RJ45 para f\u00e1cil administraci\u00f3n y configuraci\u00f3n<\/li>\n<\/ul><\/div>\n<\/p><\/div>\n<p> <!-- Secci\u00f3n de Especificaciones de hardware --> <\/p>\n<div style='display: flex; flex-wrap: wrap; gap: 30px; margin-bottom: 30px;'>\n<div style='flex: 1 1 300px; min-width: 280px;'>\n<h3 style='font-size: 22px; border-bottom: 2px solid currentColor; padding-bottom: 5px; margin-top: 0; color: inherit; opacity: 0.8;'>Especificaciones de hardware<\/h3>\n<ul style='padding-left: 20px; font-size: 15px; color: inherit;'>\n<li style='margin-bottom: 5px;'>Throughput: 17.85Mpps<\/li>\n<li style='margin-bottom: 5px;'>Alimentaci\u00f3n: 12 &#8211; 72 Vcc&comma; 24 VCA <strong>(No incluye fuentes de alimentaci\u00f3n)<\/strong><\/li>\n<\/ul><\/div>\n<\/p><\/div>\n<p> <!-- Secci\u00f3n de Caracter\u00edsticas de la Capa 2 --> <\/p>\n<div style='display: flex; flex-wrap: wrap; gap: 30px; margin-bottom: 30px;'>\n<div style='flex: 1 1 300px; min-width: 280px;'>\n<h3 style='font-size: 22px; border-bottom: 2px solid currentColor; padding-bottom: 5px; margin-top: 0; color: inherit; opacity: 0.8;'>Caracter\u00edsticas de la Capa 2<\/h3>\n<ul style='padding-left: 20px; font-size: 15px; color: inherit;'>\n<li style='margin-bottom: 5px;'>Soporte Storm Control<\/li>\n<li style='margin-bottom: 5px;'>Soporte de <strong>VLAN<\/strong><\/li>\n<li style='margin-bottom: 5px;'>Soporte de <strong>Spanning Tree Protocol<\/strong><\/li>\n<li style='margin-bottom: 5px;'>Soporte de <strong>Link Aggregation<\/strong><\/li>\n<li style='margin-bottom: 5px;'>Provee duplicaci\u00f3n de puertos (muchos-a-1)<\/li>\n<li style='margin-bottom: 5px;'>Duplicaci\u00f3n de puertos del tr\u00e1fico entrante o saliente de un puerto particular<\/li>\n<li style='margin-bottom: 5px;'>Soporte de E.R.P.S. <strong>(Ethernet Ring Protection Switching)<\/strong><\/li>\n<li style='margin-bottom: 5px;'>IEEE 1588 y Synchronous Ethernet network timing<\/li>\n<\/ul><\/div>\n<\/p><\/div>\n<p> <!-- Secci\u00f3n de Caracter\u00edsticas de IP Routing Capa 3 --> <\/p>\n<div style='display: flex; flex-wrap: wrap; gap: 30px; margin-bottom: 30px;'>\n<div style='flex: 1 1 300px; min-width: 280px;'>\n<h3 style='font-size: 22px; border-bottom: 2px solid currentColor; padding-bottom: 5px; margin-top: 0; color: inherit; opacity: 0.8;'>Caracter\u00edsticas de IP Routing Capa 3<\/h3>\n<ul style='padding-left: 20px; font-size: 15px; color: inherit;'>\n<li style='margin-bottom: 5px;'>Soporta un m\u00e1ximo de 32 routes est\u00e1ticos y resumen de routes<\/li>\n<\/ul><\/div>\n<\/p><\/div>\n<p> <!-- Secci\u00f3n de Quality of Service --> <\/p>\n<div style='display: flex; flex-wrap: wrap; gap: 30px; margin-bottom: 30px;'>\n<div style='flex: 1 1 300px; min-width: 280px;'>\n<h3 style='font-size: 22px; border-bottom: 2px solid currentColor; padding-bottom: 5px; margin-top: 0; color: inherit; opacity: 0.8;'>Quality of Service<\/h3>\n<ul style='padding-left: 20px; font-size: 15px; color: inherit;'>\n<li style='margin-bottom: 5px;'>Ingrese la velocidad de egreso e ingreso&comma; puede limitar estos valores por puerto y mantener el control del ancho de banda<\/li>\n<li style='margin-bottom: 5px;'>8 colas de prioridad en todos los puertos switch<\/li>\n<li style='margin-bottom: 5px;'>Clasificaci\u00f3n del tr\u00e1fico<\/li>\n<li style='margin-bottom: 5px;'>Prioridad estricta y Weighted Round Robin (WRR) pol\u00edticas QoS<\/li>\n<li style='margin-bottom: 5px;'>Soporte de QoS y Control del ancho de banda por puerto<\/li>\n<li style='margin-bottom: 5px;'>Remarcado DSCP<\/li>\n<\/ul><\/div>\n<\/p><\/div>\n<p> <!-- Secci\u00f3n de Seguridad --> <\/p>\n<div style='display: flex; flex-wrap: wrap; gap: 30px; margin-bottom: 30px;'>\n<div style='flex: 1 1 300px; min-width: 280px;'>\n<h3 style='font-size: 22px; border-bottom: 2px solid currentColor; padding-bottom: 5px; margin-top: 0; color: inherit; opacity: 0.8;'>Seguridad<\/h3>\n<ul style='padding-left: 20px; font-size: 15px; color: inherit;'>\n<li style='margin-bottom: 5px;'>Autenticaci\u00f3n<\/li>\n<li style='margin-bottom: 5px;'>Lista de control de acceso<\/li>\n<li style='margin-bottom: 5px;'>Uni\u00f3n de fuente MAC \/ direccionamiento IP<\/li>\n<li style='margin-bottom: 5px;'><strong>DHCP Snooping<\/strong> para filtrar mensajes dudosos del DHCP<\/li>\n<li style='margin-bottom: 5px;'><strong>Inspecion Dinamica ARP<\/strong> descarta paquetes ARP con direcciones MAC invalidas a direcciones IP enlazadas<\/li>\n<li style='margin-bottom: 5px;'><strong>IP Source Guard<\/strong> previene ataques de suplantaci\u00f3n IP<\/li>\n<li style='margin-bottom: 5px;'>Regla Auto DoS para defender de ataques DoS<\/li>\n<li style='margin-bottom: 5px;'>Manejo de direcciones IP para evitar usuarios no autorizados<\/li>\n<\/ul><\/div>\n<\/p><\/div>\n<p> <!-- Separador final --> <\/p>\n<hr style='border: 0; border-top: 1px solid rgba(150&comma; 150&comma; 150&comma; 0.3); margin: 30px 0;'> <\/div>\n","protected":false},"excerpt":{"rendered":"<p>Switch Industrial Administrable de 8-Puertos 10\/100\/1000T + 4-Puertos 100\/1000X SFP<\/p>\n","protected":false},"featured_media":75241,"comment_status":"open","ping_status":"closed","template":"","meta":[],"product_brand":[],"product_cat":[1984],"product_tag":[1985,664,2033],"class_list":{"0":"post-75242","1":"product","2":"type-product","3":"status-publish","4":"has-post-thumbnail","6":"product_cat-industrial","7":"product_tag-industrial","8":"product_tag-networking","9":"product_tag-planet","11":"first","12":"outofstock","13":"sale","14":"shipping-taxable","15":"purchasable","16":"product-type-simple"},"_links":{"self":[{"href":"https:\/\/soydeaqui.ddns.net\/pachuca\/index.php\/wp-json\/wp\/v2\/product\/75242","targetHints":{"allow":["GET"]}}],"collection":[{"href":"https:\/\/soydeaqui.ddns.net\/pachuca\/index.php\/wp-json\/wp\/v2\/product"}],"about":[{"href":"https:\/\/soydeaqui.ddns.net\/pachuca\/index.php\/wp-json\/wp\/v2\/types\/product"}],"replies":[{"embeddable":true,"href":"https:\/\/soydeaqui.ddns.net\/pachuca\/index.php\/wp-json\/wp\/v2\/comments?post=75242"}],"wp:featuredmedia":[{"embeddable":true,"href":"https:\/\/soydeaqui.ddns.net\/pachuca\/index.php\/wp-json\/wp\/v2\/media\/75241"}],"wp:attachment":[{"href":"https:\/\/soydeaqui.ddns.net\/pachuca\/index.php\/wp-json\/wp\/v2\/media?parent=75242"}],"wp:term":[{"taxonomy":"product_brand","embeddable":true,"href":"https:\/\/soydeaqui.ddns.net\/pachuca\/index.php\/wp-json\/wp\/v2\/product_brand?post=75242"},{"taxonomy":"product_cat","embeddable":true,"href":"https:\/\/soydeaqui.ddns.net\/pachuca\/index.php\/wp-json\/wp\/v2\/product_cat?post=75242"},{"taxonomy":"product_tag","embeddable":true,"href":"https:\/\/soydeaqui.ddns.net\/pachuca\/index.php\/wp-json\/wp\/v2\/product_tag?post=75242"}],"curies":[{"name":"wp","href":"https:\/\/api.w.org\/{rel}","templated":true}]}}