{"id":75215,"date":"2026-03-19T14:31:32","date_gmt":"2026-03-19T14:31:32","guid":{"rendered":"https:\/\/soydeaqui.ddns.net\/pachuca\/index.php\/producto\/switch-mikrotik-5-puertos-gigabit-ethernet-y-1-sfp\/"},"modified":"2026-03-19T14:31:40","modified_gmt":"2026-03-19T14:31:40","slug":"switch-mikrotik-5-puertos-gigabit-ethernet-y-1-sfp","status":"publish","type":"product","link":"https:\/\/soydeaqui.ddns.net\/pachuca\/index.php\/producto\/switch-mikrotik-5-puertos-gigabit-ethernet-y-1-sfp\/","title":{"rendered":"Switch Mikrotik 5 puertos Gigabit Ethernet y 1 SFP"},"content":{"rendered":"<div style='width: 100%; max-width: 1200px; margin: 0 auto; font-family: sans-serif; line-height: 1.6; color: inherit; background-color: transparent;'>\n<div style='margin-bottom: 30px;'>\n<p style='font-size: 15px; margin: 0 0 15px 0; color: inherit;'> El RB260GS es un peque\u00f1o Switch SOHO. Cuenta con cinco puertos Gigabit Ethernet y una interface SFP potencializado por un Atheros Switch Chip. <\/p>\n<p style='font-size: 15px; margin: 0 0 15px 0; color: inherit;'> Probado y recomendado para usar con m\u00f3dulos MikroTik SFP: S-85DLC05D&comma; S-31DLC20D y S-35\/53LC20D (no incluido) <\/p>\n<p style='font-size: 15px; margin: 0 0 15px 0; color: inherit;'> Est\u00e1 administrado por un sistema operativo dise\u00f1ado espec\u00edficamente para productos switch MikroTik &#8211; SwOS. <\/p>\n<p style='font-size: 15px; margin: 0 0 15px 0; color: inherit;'> SwOS es configurable desde el navegador web. Se le proporciona toda la funcionalidad b\u00e1sica de un switch administrado&comma; y m\u00e1s: permite gestionar el reenv\u00edo de puerto a puerto&comma; aplicar el filtro MAC&comma; configurar VLAN&comma; el tr\u00e1fico espejo&comma; aplique la limitaci\u00f3n de ancho de banda e incluso ajustar algunos campos de cabecera MAC e IP. <\/p>\n<\/p><\/div>\n<div style='margin-bottom: 30px;'>\n<h3 style='font-size: 20px; border-bottom: 2px solid currentColor; padding-bottom: 5px; margin-top: 0; margin-bottom: 15px; color: inherit; opacity: 0.8;'>Nota Importante<\/h3>\n<p style='font-size: 15px; margin: 0 0 15px 0; color: inherit;'> Se recomienda para su correcto funcionamiento realizar la actualizaci\u00f3n del Sistema Operativo SwitchOS 1.17 para equipos con Board: RB260 <\/p>\n<p style='font-size: 15px; margin: 0; color: inherit;'> Modelos con Board: CCS106-5G-1S requieren la Versi\u00f3n del SwitchOS 2.0 en adelante. <\/p>\n<\/p><\/div>\n<div style='margin-bottom: 30px;'>\n<h3 style='font-size: 20px; border-bottom: 2px solid currentColor; padding-bottom: 5px; margin-top: 0; margin-bottom: 15px; color: inherit; opacity: 0.8;'>Especificaciones<\/h3>\n<div style='display: flex; flex-wrap: wrap; gap: 20px;'>\n<div style='flex: 1 1 250px; border: 1px solid rgba(150&comma; 150&comma; 150&comma; 0.4); border-radius: 8px; overflow: hidden; display: flex; flex-direction: column;'>\n<div style='padding: 15px; border-bottom: 1px solid rgba(150&comma; 150&comma; 150&comma; 0.2); font-weight: bold; font-size: 18px; color: inherit;'>Detalles<\/div>\n<div style='padding: 15px; color: inherit;'>\n<ul style='padding-left: 20px; margin: 0; font-size: 14px; list-style-type: disc;'>\n<li style='margin-bottom: 5px;'><strong>C\u00f3digo de producto:<\/strong> CSS106-5G-1S<\/li>\n<li style='margin-bottom: 5px;'><strong>Dimensiones:<\/strong> 113x139x28mm<\/li>\n<li style='margin-bottom: 5px;'><strong>Sistema operativo:<\/strong> <a href='https:\/\/wiki.mikrotik.com\/wiki\/SwOS' style='color: inherit; text-decoration: underline;' target='_blank' rel='noopener'>MikroTik SwOS<\/a><\/li>\n<li style='margin-bottom: 5px;'><strong>Tama\u00f1o de almacenamiento:<\/strong> 128 KB<\/li>\n<li style='margin-bottom: 5px;'><strong>Tipo de almacenamiento:<\/strong> FLASH<\/li>\n<li style='margin-bottom: 5px;'><strong>Temperatura ambiente probada:<\/strong> -20 \u00b0C hasta 70 \u00b0C<\/li>\n<li style='margin-bottom: 5px;'><strong>MTBF:<\/strong> Aproximadamente 100.000 horas a 25 \u00b0C<\/li>\n<\/ul><\/div>\n<\/p><\/div>\n<\/p><\/div>\n<\/p><\/div>\n<div style='margin-bottom: 30px;'>\n<h3 style='font-size: 20px; border-bottom: 2px solid currentColor; padding-bottom: 5px; margin-top: 0; margin-bottom: 15px; color: inherit; opacity: 0.8;'>Alimentaci\u00f3n<\/h3>\n<div style='display: flex; flex-wrap: wrap; gap: 20px;'>\n<div style='flex: 1 1 250px; border: 1px solid rgba(150&comma; 150&comma; 150&comma; 0.4); border-radius: 8px; overflow: hidden; display: flex; flex-direction: column;'>\n<div style='padding: 15px; border-bottom: 1px solid rgba(150&comma; 150&comma; 150&comma; 0.2); font-weight: bold; font-size: 18px; color: inherit;'>Detalles<\/div>\n<div style='padding: 15px; color: inherit;'>\n<ul style='padding-left: 20px; margin: 0; font-size: 14px; list-style-type: disc;'>\n<li style='margin-bottom: 5px;'><strong>PoE in:<\/strong> PoE pasivo<\/li>\n<li style='margin-bottom: 5px;'><strong>PoE in voltaje de entrada:<\/strong> 11-30 V<\/li>\n<li style='margin-bottom: 5px;'><strong>N\u00famero de entradas DC:<\/strong> 2 (toma de CC&comma; PoE-IN)<\/li>\n<li style='margin-bottom: 10px;'><strong>Voltaje de entrada DC jack:<\/strong> 11-30 V<\/li>\n<li style='margin-bottom: 5px;'><strong>Consumo m\u00e1ximo de energ\u00eda:<\/strong> 5 W<\/li>\n<li style='margin-bottom: 5px;'><strong>Recuento de ventiladores:<\/strong> Pasivo<\/li>\n<\/ul><\/div>\n<\/p><\/div>\n<\/p><\/div>\n<\/p><\/div>\n<div style='margin-bottom: 30px;'>\n<h3 style='font-size: 20px; border-bottom: 2px solid currentColor; padding-bottom: 5px; margin-top: 0; margin-bottom: 15px; color: inherit; opacity: 0.8;'>Ethernet<\/h3>\n<div style='display: flex; flex-wrap: wrap; gap: 20px;'>\n<div style='flex: 1 1 250px; border: 1px solid rgba(150&comma; 150&comma; 150&comma; 0.4); border-radius: 8px; overflow: hidden; display: flex; flex-direction: column;'>\n<div style='padding: 15px; border-bottom: 1px solid rgba(150&comma; 150&comma; 150&comma; 0.2); font-weight: bold; font-size: 18px; color: inherit;'>Detalles<\/div>\n<div style='padding: 15px; color: inherit;'>\n<ul style='padding-left: 20px; margin: 0; font-size: 14px; list-style-type: disc;'>\n<li style='margin-bottom: 5px;'><strong>Puertos Ethernet 10\/100\/1000:<\/strong> 5<\/li>\n<\/ul><\/div>\n<\/p><\/div>\n<\/p><\/div>\n<\/p><\/div>\n<div style='margin-bottom: 30px;'>\n<h3 style='font-size: 20px; border-bottom: 2px solid currentColor; padding-bottom: 5px; margin-top: 0; margin-bottom: 15px; color: inherit; opacity: 0.8;'>Fibra<\/h3>\n<div style='display: flex; flex-wrap: wrap; gap: 20px;'>\n<div style='flex: 1 1 250px; border: 1px solid rgba(150&comma; 150&comma; 150&comma; 0.4); border-radius: 8px; overflow: hidden; display: flex; flex-direction: column;'>\n<div style='padding: 15px; border-bottom: 1px solid rgba(150&comma; 150&comma; 150&comma; 0.2); font-weight: bold; font-size: 18px; color: inherit;'>Detalles<\/div>\n<div style='padding: 15px; color: inherit;'>\n<ul style='padding-left: 20px; margin: 0; font-size: 14px; list-style-type: disc;'>\n<li style='margin-bottom: 5px;'><strong>SFP DDMI:<\/strong> S\u00ed<\/li>\n<li style='margin-bottom: 5px;'><strong>Puertos SFP:<\/strong> 1<\/li>\n<\/ul><\/div>\n<\/p><\/div>\n<\/p><\/div>\n<\/p><\/div>\n<div style='margin-bottom: 30px;'>\n<h3 style='font-size: 20px; border-bottom: 2px solid currentColor; padding-bottom: 5px; margin-top: 0; margin-bottom: 15px; color: inherit; opacity: 0.8;'>Certificaciones y aprobaciones<\/h3>\n<div style='display: flex; flex-wrap: wrap; gap: 20px;'>\n<div style='flex: 1 1 250px; border: 1px solid rgba(150&comma; 150&comma; 150&comma; 0.4); border-radius: 8px; overflow: hidden; display: flex; flex-direction: column;'>\n<div style='padding: 15px; border-bottom: 1px solid rgba(150&comma; 150&comma; 150&comma; 0.2); font-weight: bold; font-size: 18px; color: inherit;'>Detalles<\/div>\n<div style='padding: 15px; color: inherit;'>\n<ul style='padding-left: 20px; margin: 0; font-size: 14px; list-style-type: disc;'>\n<li style='margin-bottom: 5px;'><strong>Certificaci\u00f3n:<\/strong> CE&comma; EAC&comma; ROHS<\/li>\n<\/ul><\/div>\n<\/p><\/div>\n<\/p><\/div>\n<\/p><\/div>\n<div style='margin-bottom: 30px;'>\n<h3 style='font-size: 20px; border-bottom: 2px solid currentColor; padding-bottom: 5px; margin-top: 0; margin-bottom: 15px; color: inherit; opacity: 0.8;'>Resultados de conmutaci\u00f3n<\/h3>\n<div style='overflow-x: auto;'>\n<table style='width: 100%; border-collapse: collapse; margin-bottom: 20px;'>\n<thead style='background-color: #f9f9f9;'>\n<tr style='border-bottom: 1px solid rgba(150&comma; 150&comma; 150&comma; 0.3); border-top: 1px solid rgba(150&comma; 150&comma; 150&comma; 0.3);'>\n<th style='padding: 6px 8px; font-size: 14px; text-align: left; background-color: #f9f9f9;' colspan='2'>CSS106-5G-1S<\/th>\n<th style='padding: 6px 8px; font-size: 14px; text-align: left; background-color: #f9f9f9;' colspan='6'><\/th>\n<\/tr>\n<tr style='border-bottom: 1px solid rgba(150&comma; 150&comma; 150&comma; 0.3); border-top: 1px solid rgba(150&comma; 150&comma; 150&comma; 0.3);'>\n<th style='padding: 6px 8px; font-size: 14px; text-align: left; background-color: #f9f9f9;' rowspan='2'>Modo<\/th>\n<th style='padding: 6px 8px; font-size: 14px; text-align: left; background-color: #f9f9f9;' rowspan='2'>Configuraci\u00f3n<\/th>\n<th style='padding: 6px 8px; font-size: 14px; text-align: left; background-color: #f9f9f9;' colspan='2'>1518 byte<\/th>\n<th style='padding: 6px 8px; font-size: 14px; text-align: left; background-color: #f9f9f9;' colspan='2'>512 byte<\/th>\n<th style='padding: 6px 8px; font-size: 14px; text-align: left; background-color: #f9f9f9;' colspan='2'>64 byte<\/th>\n<\/tr>\n<tr style='border-bottom: 1px solid rgba(150&comma; 150&comma; 150&comma; 0.3); border-top: 1px solid rgba(150&comma; 150&comma; 150&comma; 0.3);'>\n<th style='padding: 6px 8px; font-size: 14px; text-align: left; background-color: #f9f9f9;'>kpps<\/th>\n<th style='padding: 6px 8px; font-size: 14px; text-align: left; background-color: #f9f9f9;'>Mbps<\/th>\n<th style='padding: 6px 8px; font-size: 14px; text-align: left; background-color: #f9f9f9;'>kpps<\/th>\n<th style='padding: 6px 8px; font-size: 14px; text-align: left; background-color: #f9f9f9;'>Mbps<\/th>\n<th style='padding: 6px 8px; font-size: 14px; text-align: left; background-color: #f9f9f9;'>kpps<\/th>\n<th style='padding: 6px 8px; font-size: 14px; text-align: left; background-color: #f9f9f9;'>Mbps<\/th>\n<\/tr>\n<\/thead>\n<tbody>\n<tr style='border-bottom: 1px solid rgba(150&comma; 150&comma; 150&comma; 0.3);'>\n<td style='padding: 6px 8px; font-size: 14px;'>Conmutaci\u00f3n<\/td>\n<td style='padding: 6px 8px; font-size: 14px;'>Rendimiento de capa 2 no bloqueante<\/td>\n<td style='padding: 6px 8px; font-size: 14px;'>487.6<\/td>\n<td style='padding: 6px 8px; font-size: 14px;'>5&comma;922.0<\/td>\n<td style='padding: 6px 8px; font-size: 14px;'>1&comma;409.8<\/td>\n<td style='padding: 6px 8px; font-size: 14px;'>5&comma;774.4<\/td>\n<td style='padding: 6px 8px; font-size: 14px;'>8&comma;928.6<\/td>\n<td style='padding: 6px 8px; font-size: 14px;'>4&comma;571.4<\/td>\n<\/tr>\n<tr style='border-bottom: 1px solid rgba(150&comma; 150&comma; 150&comma; 0.3);'>\n<td style='padding: 6px 8px; font-size: 14px;'>Conmutaci\u00f3n<\/td>\n<td style='padding: 6px 8px; font-size: 14px;'>Capacidad de capa 2 no bloqueante<\/td>\n<td style='padding: 6px 8px; font-size: 14px;'>487.6<\/td>\n<td style='padding: 6px 8px; font-size: 14px;'>11&comma;844.0<\/td>\n<td style='padding: 6px 8px; font-size: 14px;'>1&comma;409.8<\/td>\n<td style='padding: 6px 8px; font-size: 14px;'>11&comma;548.9<\/td>\n<td style='padding: 6px 8px; font-size: 14px;'>8&comma;928.6<\/td>\n<td style='padding: 6px 8px; font-size: 14px;'>9&comma;142.9<\/td>\n<\/tr>\n<tr style='border-bottom: 1px solid rgba(150&comma; 150&comma; 150&comma; 0.3);'>\n<td style='padding: 6px 8px; font-size: 14px;'>Conmutaci\u00f3n<\/td>\n<td style='padding: 6px 8px; font-size: 14px;'>Rendimiento de capa 1 no bloqueante<\/td>\n<td style='padding: 6px 8px; font-size: 14px;'>487.6<\/td>\n<td style='padding: 6px 8px; font-size: 14px;'>6&comma;000.0<\/td>\n<td style='padding: 6px 8px; font-size: 14px;'>1&comma;409.8<\/td>\n<td style='padding: 6px 8px; font-size: 14px;'>6&comma;000.0<\/td>\n<td style='padding: 6px 8px; font-size: 14px;'>8&comma;928.6<\/td>\n<td style='padding: 6px 8px; font-size: 14px;'>6&comma;000.0<\/td>\n<\/tr>\n<tr style='border-bottom: 1px solid rgba(150&comma; 150&comma; 150&comma; 0.3);'>\n<td style='padding: 6px 8px; font-size: 14px;'>Conmutaci\u00f3n<\/td>\n<td style='padding: 6px 8px; font-size: 14px;'>Capacidad de capa 1 no bloqueante<\/td>\n<td style='padding: 6px 8px; font-size: 14px;'>487.6<\/td>\n<td style='padding: 6px 8px; font-size: 14px;'>12&comma;000.0<\/td>\n<td style='padding: 6px 8px; font-size: 14px;'>1&comma;409.8<\/td>\n<td style='padding: 6px 8px; font-size: 14px;'>12&comma;000.0<\/td>\n<td style='padding: 6px 8px; font-size: 14px;'>8&comma;928.6<\/td>\n<td style='padding: 6px 8px; font-size: 14px;'>12&comma;000.0<\/td>\n<\/tr>\n<\/tbody>\n<\/table><\/div>\n<\/p><\/div>\n<div style='margin-bottom: 30px;'>\n<h3 style='font-size: 20px; border-bottom: 2px solid currentColor; padding-bottom: 5px; margin-top: 0; margin-bottom: 15px; color: inherit; opacity: 0.8;'>Partes incluidas<\/h3>\n<div style='display: flex; flex-wrap: wrap; gap: 15px;'>\n<div style='flex: 1 1 150px; min-width: 120px; text-align: center;'> <a href='https:\/\/i.mt.lv\/cdn\/rb_images\/part211397647775m.jpg' style='text-decoration: none; color: inherit;' target='_blank' rel='noopener'> <img style='width: 100%; height: auto; border: 1px solid rgba(150&comma;150&comma;150&comma;0.3); border-radius: 8px; margin-bottom: 10px;' src='https:\/\/i.mt.lv\/cdn\/rb_images\/part211397647775s.jpg' alt='Adaptador de corriente 12V 1A'> <span style='display: block; font-size: 14px; color: inherit;'>Adaptador de corriente 12V 1A<\/span> <\/a> <\/div>\n<\/p><\/div>\n<\/p><\/div>\n<div style='margin-bottom: 30px;'> <img style='width: 100%; max-width: 400px; height: auto; border: 1px solid rgba(150&comma;150&comma;150&comma;0.3); border-radius: 8px;' src='https:\/\/ftp3.syscom.mx\/usuarios\/fotos\/RB260GS\/84910-garantia1.png' alt=''> <\/div>\n<hr style='border: 0; border-top: 1px solid rgba(150&comma; 150&comma; 150&comma; 0.3); margin: 30px 0;'> <\/div>\n","protected":false},"excerpt":{"rendered":"<p>Switch Mikrotik 5 puertos Gigabit Ethernet y 1 SFP<\/p>\n","protected":false},"featured_media":75214,"comment_status":"open","ping_status":"closed","template":"","meta":[],"product_brand":[],"product_cat":[1970],"product_tag":[643,664,1971],"class_list":{"0":"post-75215","1":"product","2":"type-product","3":"status-publish","4":"has-post-thumbnail","6":"product_cat-switches","7":"product_tag-mikrotik","8":"product_tag-networking","9":"product_tag-switches","11":"first","12":"instock","13":"sale","14":"shipping-taxable","15":"purchasable","16":"product-type-simple"},"_links":{"self":[{"href":"https:\/\/soydeaqui.ddns.net\/pachuca\/index.php\/wp-json\/wp\/v2\/product\/75215","targetHints":{"allow":["GET"]}}],"collection":[{"href":"https:\/\/soydeaqui.ddns.net\/pachuca\/index.php\/wp-json\/wp\/v2\/product"}],"about":[{"href":"https:\/\/soydeaqui.ddns.net\/pachuca\/index.php\/wp-json\/wp\/v2\/types\/product"}],"replies":[{"embeddable":true,"href":"https:\/\/soydeaqui.ddns.net\/pachuca\/index.php\/wp-json\/wp\/v2\/comments?post=75215"}],"wp:featuredmedia":[{"embeddable":true,"href":"https:\/\/soydeaqui.ddns.net\/pachuca\/index.php\/wp-json\/wp\/v2\/media\/75214"}],"wp:attachment":[{"href":"https:\/\/soydeaqui.ddns.net\/pachuca\/index.php\/wp-json\/wp\/v2\/media?parent=75215"}],"wp:term":[{"taxonomy":"product_brand","embeddable":true,"href":"https:\/\/soydeaqui.ddns.net\/pachuca\/index.php\/wp-json\/wp\/v2\/product_brand?post=75215"},{"taxonomy":"product_cat","embeddable":true,"href":"https:\/\/soydeaqui.ddns.net\/pachuca\/index.php\/wp-json\/wp\/v2\/product_cat?post=75215"},{"taxonomy":"product_tag","embeddable":true,"href":"https:\/\/soydeaqui.ddns.net\/pachuca\/index.php\/wp-json\/wp\/v2\/product_tag?post=75215"}],"curies":[{"name":"wp","href":"https:\/\/api.w.org\/{rel}","templated":true}]}}