{"id":75191,"date":"2026-03-19T14:30:34","date_gmt":"2026-03-19T14:30:34","guid":{"rendered":"https:\/\/soydeaqui.ddns.net\/pachuca\/index.php\/producto\/barra-de-conexion-a-tierra-para-rack-de-19-con-20-orificios-para-conexion-rapida-de-equipos-incluye-20-tornillos-12-24-x-1-2-instalados\/"},"modified":"2026-03-19T14:30:47","modified_gmt":"2026-03-19T14:30:47","slug":"barra-de-conexion-a-tierra-para-rack-de-19-con-20-orificios-para-conexion-rapida-de-equipos-incluye-20-tornillos-12-24-x-1-2-instalados","status":"publish","type":"product","link":"https:\/\/soydeaqui.ddns.net\/pachuca\/index.php\/producto\/barra-de-conexion-a-tierra-para-rack-de-19-con-20-orificios-para-conexion-rapida-de-equipos-incluye-20-tornillos-12-24-x-1-2-instalados\/","title":{"rendered":"Barra de Conexi\u00f3n a Tierra, Para Rack de 19&#8243;, Con 20 Orificios Para Conexi\u00f3n R\u00e1pida de Equipos, Incluye 20 Tornillos # 12-24 x 1\/2&#8243; Instalados"},"content":{"rendered":"<div style='width: 100%; max-width: 1200px; margin: 0 auto; font-family: sans-serif; line-height: 1.6; color: inherit; background-color: transparent;'> <!-- Secci\u00f3n de caracter\u00edsticas principales --> <\/p>\n<div style='display: flex; flex-wrap: wrap; gap: 30px; margin-bottom: 30px;'>\n<div style='flex: 1 1 300px; min-width: 280px;'>\n<h3 style='font-size: 22px; border-bottom: 2px solid currentColor; padding-bottom: 5px; margin-top: 0; color: inherit; opacity: 0.8;'>Caracter\u00edsticas Principales<\/h3>\n<ul style='padding-left: 20px; font-size: 15px; color: inherit;'>\n<li style='margin-bottom: 5px;'>Longitud de 19&#8242; (483 mm) para racks est\u00e1ndar<\/li>\n<li style='margin-bottom: 5px;'>Veinte orificios para flexibilidad en montaje<\/li>\n<li style='margin-bottom: 5px;'>Incluye tornillos hexagonales #12-24 x 1\/2&#8242;<\/li>\n<li style='margin-bottom: 5px;'>Cumple con est\u00e1ndar EIA-310 y RoHS<\/li>\n<li style='margin-bottom: 5px;'>Espaciado de orificios de montaje 5\/8&#8242; (15.9 mm)<\/li>\n<\/ul><\/div>\n<\/p><\/div>\n<p> <!-- Secci\u00f3n de especificaciones t\u00e9cnicas --> <\/p>\n<div style='display: flex; flex-wrap: wrap; gap: 20px; margin-bottom: 30px;'>\n<div style='flex: 1 1 250px; border: 1px solid rgba(150&comma; 150&comma; 150&comma; 0.4); border-radius: 8px; overflow: hidden; display: flex; flex-direction: column;'>\n<div style='padding: 15px; border-bottom: 1px solid rgba(150&comma; 150&comma; 150&comma; 0.2); font-weight: bold; font-size: 18px; color: inherit;'>Especificaciones T\u00e9cnicas<\/div>\n<div style='padding: 15px; color: inherit;'>\n<ul style='padding-left: 20px; margin: 0; font-size: 14px; list-style-type: disc;'>\n<li style='margin-bottom: 5px;'><strong>Longitud:<\/strong> 19&#8242; (483 mm)<\/li>\n<li style='margin-bottom: 5px;'><strong>N\u00famero de orificios:<\/strong> 20<\/li>\n<li style='margin-bottom: 5px;'><strong>Tornillos incluidos:<\/strong> 20 tornillos hexagonales #12-24 x 1\/2&#8242;<\/li>\n<li style='margin-bottom: 5px;'><strong>Espaciado de orificios:<\/strong> 5\/8&#8242; (15.9 mm)<\/li>\n<li style='margin-bottom: 5px;'><strong>Material:<\/strong> Barra esta\u00f1ada<\/li>\n<li style='margin-bottom: 5px;'><strong>Est\u00e1ndares:<\/strong> EIA-310&comma; RoHS<\/li>\n<\/ul><\/div>\n<\/p><\/div>\n<p> <!-- Secci\u00f3n de compatibilidad --> <\/p>\n<div style='flex: 1 1 250px; border: 1px solid rgba(150&comma; 150&comma; 150&comma; 0.4); border-radius: 8px; overflow: hidden; display: flex; flex-direction: column;'>\n<div style='padding: 15px; border-bottom: 1px solid rgba(150&comma; 150&comma; 150&comma; 0.2); font-weight: bold; font-size: 18px; color: inherit;'>Compatibilidad<\/div>\n<div style='padding: 15px; color: inherit;'>\n<ul style='padding-left: 20px; margin: 0; font-size: 14px; list-style-type: disc;'>\n<li style='margin-bottom: 5px;'><strong>Tipo de rack:<\/strong> 19&#8242; est\u00e1ndar<\/li>\n<li style='margin-bottom: 5px;'><strong>Montaje:<\/strong> Compatible con orificios est\u00e1ndar EIA-310-D<\/li>\n<li style='margin-bottom: 5px;'><strong>Sistemas compatibles:<\/strong> PANDUIT NET-ACCESS\u2122 Cabinas y racks de 4 postes<\/li>\n<\/ul><\/div>\n<\/p><\/div>\n<p> <!-- Secci\u00f3n de aplicaciones --> <\/p>\n<div style='flex: 1 1 250px; border: 1px solid rgba(150&comma; 150&comma; 150&comma; 0.4); border-radius: 8px; overflow: hidden; display: flex; flex-direction: column;'>\n<div style='padding: 15px; border-bottom: 1px solid rgba(150&comma; 150&comma; 150&comma; 0.2); font-weight: bold; font-size: 18px; color: inherit;'>Aplicaciones<\/div>\n<div style='padding: 15px; color: inherit;'>\n<ul style='padding-left: 20px; margin: 0; font-size: 14px; list-style-type: disc;'>\n<li style='margin-bottom: 5px;'>Para racks y cabinas de telecomunicaciones<\/li>\n<li style='margin-bottom: 5px;'>Centros de datos y servidores<\/li>\n<li style='margin-bottom: 5px;'>Sistemas de red y telecomunicaciones<\/li>\n<\/ul><\/div>\n<\/p><\/div>\n<\/p><\/div>\n<p> <!-- Secci\u00f3n de beneficios --> <\/p>\n<div style='display: flex; flex-wrap: wrap; gap: 30px; margin-bottom: 30px;'>\n<div style='flex: 1 1 300px; min-width: 280px;'>\n<h3 style='font-size: 22px; border-bottom: 2px solid currentColor; padding-bottom: 5px; margin-top: 0; color: inherit; opacity: 0.8;'>Beneficios<\/h3>\n<ul style='padding-left: 20px; font-size: 15px; color: inherit;'>\n<li style='margin-bottom: 5px;'>Sistema de conexi\u00f3n a tierra dedicado y de baja resistencia<\/li>\n<li style='margin-bottom: 5px;'>Elimina la necesidad de remover manualmente la pintura del rack<\/li>\n<li style='margin-bottom: 5px;'>Dise\u00f1o flexible para instalaci\u00f3n en racks nuevos y existentes<\/li>\n<li style='margin-bottom: 5px;'>Ahorra tiempo y costos de instalaci\u00f3n<\/li>\n<li style='margin-bottom: 5px;'>Compatible con sistemas de piso elevado y tierra superior<\/li>\n<\/ul><\/div>\n<\/p><\/div>\n<p> <!-- Secci\u00f3n de est\u00e1ndares y certificaciones --> <\/p>\n<div style='display: flex; flex-wrap: wrap; gap: 20px; margin-bottom: 30px;'>\n<div style='flex: 1 1 250px; border: 1px solid rgba(150&comma; 150&comma; 150&comma; 0.4); border-radius: 8px; overflow: hidden; display: flex; flex-direction: column;'>\n<div style='padding: 15px; border-bottom: 1px solid rgba(150&comma; 150&comma; 150&comma; 0.2); font-weight: bold; font-size: 18px; color: inherit;'>Est\u00e1ndares y Certificaciones<\/div>\n<div style='padding: 15px; color: inherit;'>\n<ul style='padding-left: 20px; margin: 0; font-size: 14px; list-style-type: disc;'>\n<li style='margin-bottom: 5px;'>TIA-942 Compliant<\/li>\n<li style='margin-bottom: 5px;'>UL Listed<\/li>\n<li style='margin-bottom: 5px;'>CSA Certified<\/li>\n<li style='margin-bottom: 5px;'>RoHS Compliant<\/li>\n<li style='margin-bottom: 5px;'>EIA-310-D<\/li>\n<\/ul><\/div>\n<\/p><\/div>\n<\/p><\/div>\n<p> <!-- Separador --> <\/p>\n<hr style='border: 0; border-top: 1px solid rgba(150&comma; 150&comma; 150&comma; 0.3); margin: 30px 0;'> <\/div>\n","protected":false},"excerpt":{"rendered":"<p>Barra de Conexi\u00f3n a Tierra, Para Rack de 19&#8243;, Con 20 Orificios Para Conexi\u00f3n R\u00e1pida de Equipos, Incluye 20 Tornillos # 12-24 x 1\/2&#8243; Instalados<\/p>\n","protected":false},"featured_media":75190,"comment_status":"open","ping_status":"closed","template":"","meta":[],"product_brand":[],"product_cat":[604],"product_tag":[606,445,605],"class_list":{"0":"post-75191","1":"product","2":"type-product","3":"status-publish","4":"has-post-thumbnail","6":"product_cat-accesorios-para-racks-y-gabinetes","7":"product_tag-accesorios-para-racks-y-gabinetes","8":"product_tag-panduit","9":"product_tag-racks-y-gabinetes","11":"first","12":"instock","13":"sale","14":"shipping-taxable","15":"purchasable","16":"product-type-simple"},"_links":{"self":[{"href":"https:\/\/soydeaqui.ddns.net\/pachuca\/index.php\/wp-json\/wp\/v2\/product\/75191","targetHints":{"allow":["GET"]}}],"collection":[{"href":"https:\/\/soydeaqui.ddns.net\/pachuca\/index.php\/wp-json\/wp\/v2\/product"}],"about":[{"href":"https:\/\/soydeaqui.ddns.net\/pachuca\/index.php\/wp-json\/wp\/v2\/types\/product"}],"replies":[{"embeddable":true,"href":"https:\/\/soydeaqui.ddns.net\/pachuca\/index.php\/wp-json\/wp\/v2\/comments?post=75191"}],"wp:featuredmedia":[{"embeddable":true,"href":"https:\/\/soydeaqui.ddns.net\/pachuca\/index.php\/wp-json\/wp\/v2\/media\/75190"}],"wp:attachment":[{"href":"https:\/\/soydeaqui.ddns.net\/pachuca\/index.php\/wp-json\/wp\/v2\/media?parent=75191"}],"wp:term":[{"taxonomy":"product_brand","embeddable":true,"href":"https:\/\/soydeaqui.ddns.net\/pachuca\/index.php\/wp-json\/wp\/v2\/product_brand?post=75191"},{"taxonomy":"product_cat","embeddable":true,"href":"https:\/\/soydeaqui.ddns.net\/pachuca\/index.php\/wp-json\/wp\/v2\/product_cat?post=75191"},{"taxonomy":"product_tag","embeddable":true,"href":"https:\/\/soydeaqui.ddns.net\/pachuca\/index.php\/wp-json\/wp\/v2\/product_tag?post=75191"}],"curies":[{"name":"wp","href":"https:\/\/api.w.org\/{rel}","templated":true}]}}