{"id":75185,"date":"2026-03-19T14:30:15","date_gmt":"2026-03-19T14:30:15","guid":{"rendered":"https:\/\/soydeaqui.ddns.net\/pachuca\/index.php\/producto\/protector-de-datos-poe-para-c5x-y-c5c-de-mimosa-networks\/"},"modified":"2026-03-19T14:30:31","modified_gmt":"2026-03-19T14:30:31","slug":"protector-de-datos-poe-para-c5x-y-c5c-de-mimosa-networks","status":"publish","type":"product","link":"https:\/\/soydeaqui.ddns.net\/pachuca\/index.php\/producto\/protector-de-datos-poe-para-c5x-y-c5c-de-mimosa-networks\/","title":{"rendered":"Protector de datos PoE para C5x y C5c de Mimosa Networks"},"content":{"rendered":"<div style='width: 100%; max-width: 1200px; margin: 0 auto; font-family: sans-serif; line-height: 1.6; color: inherit; background-color: transparent;'> <!-- Secci\u00f3n de caracter\u00edsticas principales --> <\/p>\n<div style='display: flex; flex-wrap: wrap; gap: 30px; margin-bottom: 30px;'>\n<div style='flex: 1 1 300px; min-width: 280px;'>\n<h3 style='font-size: 22px; border-bottom: 2px solid currentColor; padding-bottom: 5px; margin-top: 0; color: inherit; opacity: 0.8;'>Caracter\u00edsticas Principales<\/h3>\n<ul style='padding-left: 20px; font-size: 15px; color: inherit;'>\n<li style='margin-bottom: 5px;'>Puertos RJ-45 Gigabit compatibles con C5x y C5c<\/li>\n<li style='margin-bottom: 5px;'>Protecci\u00f3n l\u00ednea a l\u00ednea y l\u00ednea a tierra<\/li>\n<li style='margin-bottom: 5px;'>Tecnolog\u00eda de tubo de descarga de gas (GDT)<\/li>\n<li style='margin-bottom: 5px;'>Rango de temperatura: -40 a 55\u00b0C<\/li>\n<li style='margin-bottom: 5px;'>Protecci\u00f3n IP54 contra polvo y agua<\/li>\n<li style='margin-bottom: 5px;'>Montaje en pared<\/li>\n<li style='margin-bottom: 5px;'>Dimensiones: 84 x 42 x 131 mm<\/li>\n<\/ul><\/div>\n<\/p><\/div>\n<p> <!-- Secci\u00f3n de especificaciones t\u00e9cnicas --> <\/p>\n<div style='display: flex; flex-wrap: wrap; gap: 20px; margin-bottom: 30px;'>\n<div style='flex: 1 1 250px; border: 1px solid rgba(150&comma; 150&comma; 150&comma; 0.4); border-radius: 8px; overflow: hidden; display: flex; flex-direction: column;'>\n<div style='padding: 15px; border-bottom: 1px solid rgba(150&comma; 150&comma; 150&comma; 0.2); font-weight: bold; font-size: 18px; color: inherit;'>Especificaciones T\u00e9cnicas<\/div>\n<div style='padding: 15px; color: inherit;'>\n<ul style='padding-left: 20px; margin: 0; font-size: 14px; list-style-type: disc;'>\n<li style='margin-bottom: 5px;'><strong>Tasa de transferencia de datos:<\/strong> Gigabit nominal<\/li>\n<li style='margin-bottom: 5px;'><strong>Conectores:<\/strong> Dos (2) RJ-45<\/li>\n<li style='margin-bottom: 5px;'><strong>Modo de protecci\u00f3n:<\/strong> L\u00ednea a l\u00ednea y l\u00ednea a tierra<\/li>\n<li style='margin-bottom: 5px;'><strong>Pararrayos:<\/strong> GDT (Tubo de descarga de gas)<\/li>\n<li style='margin-bottom: 5px;'><strong>DC Sparkover:<\/strong> 90 V a 100 V\/s<\/li>\n<li style='margin-bottom: 5px;'><strong>Sparkover de impulso:<\/strong> 550 V a 1000 V\/\u03bcs<\/li>\n<li style='margin-bottom: 5px;'><strong>Corriente de descarga de impulso:<\/strong> 10 kA<\/li>\n<li style='margin-bottom: 5px;'><strong>Capacitancia:<\/strong> < 1&comma;0 pF a 1 MHz<\/li>\n<\/ul><\/div>\n<\/p><\/div>\n<p> <!-- Secci\u00f3n de especificaciones ambientales --> <\/p>\n<div style='flex: 1 1 250px; border: 1px solid rgba(150&comma; 150&comma; 150&comma; 0.4); border-radius: 8px; overflow: hidden; display: flex; flex-direction: column;'>\n<div style='padding: 15px; border-bottom: 1px solid rgba(150&comma; 150&comma; 150&comma; 0.2); font-weight: bold; font-size: 18px; color: inherit;'>Especificaciones Ambientales<\/div>\n<div style='padding: 15px; color: inherit;'>\n<ul style='padding-left: 20px; margin: 0; font-size: 14px; list-style-type: disc;'>\n<li style='margin-bottom: 5px;'><strong>Rango de temperatura:<\/strong> -40 a 55\u00b0C<\/li>\n<li style='margin-bottom: 5px;'><strong>Humedad:<\/strong> 5 a 100% de condensaci\u00f3n<\/li>\n<li style='margin-bottom: 5px;'><strong>Protecci\u00f3n ambiental:<\/strong> IP54<\/li>\n<\/ul><\/div>\n<\/p><\/div>\n<p> <!-- Secci\u00f3n de especificaciones f\u00edsicas --> <\/p>\n<div style='flex: 1 1 250px; border: 1px solid rgba(150&comma; 150&comma; 150&comma; 0.4); border-radius: 8px; overflow: hidden; display: flex; flex-direction: column;'>\n<div style='padding: 15px; border-bottom: 1px solid rgba(150&comma; 150&comma; 150&comma; 0.2); font-weight: bold; font-size: 18px; color: inherit;'>Especificaciones F\u00edsicas<\/div>\n<div style='padding: 15px; color: inherit;'>\n<ul style='padding-left: 20px; margin: 0; font-size: 14px; list-style-type: disc;'>\n<li style='margin-bottom: 5px;'><strong>Montaje:<\/strong> Montaje en pared con dos puntos de montaje<\/li>\n<li style='margin-bottom: 5px;'><strong>Dimensiones:<\/strong> 84 x 42 x 131 mm (3.3 x 1.6 x 5.1&#8242;)<\/li>\n<li style='margin-bottom: 5px;'><strong>Peso:<\/strong> 0.13 kg (4.8 onzas)<\/li>\n<\/ul><\/div>\n<\/p><\/div>\n<\/p><\/div>\n<p> <!-- Secci\u00f3n de beneficios --> <\/p>\n<div style='display: flex; flex-wrap: wrap; gap: 30px; margin-bottom: 30px;'>\n<div style='flex: 1 1 300px; min-width: 280px;'>\n<h3 style='font-size: 22px; border-bottom: 2px solid currentColor; padding-bottom: 5px; margin-top: 0; color: inherit; opacity: 0.8;'>Beneficios<\/h3>\n<ul style='padding-left: 20px; font-size: 15px; color: inherit;'>\n<li style='margin-bottom: 5px;'>Protecci\u00f3n ESD entre la entrada a las instalaciones del suscriptor y el hogar<\/li>\n<li style='margin-bottom: 5px;'>Protecci\u00f3n ESD entre radios y la fuente de energ\u00eda<\/li>\n<li style='margin-bottom: 5px;'>Protege la fuente de energ\u00eda y el equipo el\u00e9ctrico<\/li>\n<li style='margin-bottom: 5px;'>Interfaz de servicio para solucionar problemas de f\u00e1cil acceso<\/li>\n<li style='margin-bottom: 5px;'>Soluci\u00f3n rentable para cada implementaci\u00f3n<\/li>\n<\/ul><\/div>\n<\/p><\/div>\n<p> <!-- Secci\u00f3n de im\u00e1genes --> <\/p>\n<div style='display: flex; flex-wrap: wrap; gap: 30px; margin-bottom: 30px;'>\n<div style='flex: 1 1 300px; min-width: 280px;'>\n<h3 style='font-size: 22px; border-bottom: 2px solid currentColor; padding-bottom: 5px; margin-top: 0; color: inherit; opacity: 0.8;'>Im\u00e1genes<\/h3>\n<div style='margin-bottom: 20px;'> <img style='width: 100%; height: auto; border: 1px solid rgba(150&comma;150&comma;150&comma;0.3); border-radius: 8px;' src='http:\/\/ftp3.syscom.mx\/usuarios\/fotos\/NID\/NID_1.png' alt=''> <\/div>\n<div style='margin-bottom: 20px;'> <img style='width: 100%; height: auto; border: 1px solid rgba(150&comma;150&comma;150&comma;0.3); border-radius: 8px;' src='https:\/\/ftp3.syscom.mx\/usuarios\/fotos\/NID\/86080-captura3.jpg' alt=''> <\/div>\n<\/p><\/div>\n<\/p><\/div>\n<p> <!-- Separador --> <\/p>\n<hr style='border: 0; border-top: 1px solid rgba(150&comma; 150&comma; 150&comma; 0.3); margin: 30px 0;'> <\/div>\n","protected":false},"excerpt":{"rendered":"<p>Protector de datos PoE para C5x y C5c de Mimosa Networks<\/p>\n","protected":false},"featured_media":75184,"comment_status":"open","ping_status":"closed","template":"","meta":[],"product_brand":[],"product_cat":[953],"product_tag":[2046,898,954],"class_list":{"0":"post-75185","1":"product","2":"type-product","3":"status-publish","4":"has-post-thumbnail","6":"product_cat-redes","7":"product_tag-mimosa-networks","8":"product_tag-proteccion-contra-descargas","9":"product_tag-redes","11":"first","12":"outofstock","13":"sale","14":"shipping-taxable","15":"purchasable","16":"product-type-simple"},"_links":{"self":[{"href":"https:\/\/soydeaqui.ddns.net\/pachuca\/index.php\/wp-json\/wp\/v2\/product\/75185","targetHints":{"allow":["GET"]}}],"collection":[{"href":"https:\/\/soydeaqui.ddns.net\/pachuca\/index.php\/wp-json\/wp\/v2\/product"}],"about":[{"href":"https:\/\/soydeaqui.ddns.net\/pachuca\/index.php\/wp-json\/wp\/v2\/types\/product"}],"replies":[{"embeddable":true,"href":"https:\/\/soydeaqui.ddns.net\/pachuca\/index.php\/wp-json\/wp\/v2\/comments?post=75185"}],"wp:featuredmedia":[{"embeddable":true,"href":"https:\/\/soydeaqui.ddns.net\/pachuca\/index.php\/wp-json\/wp\/v2\/media\/75184"}],"wp:attachment":[{"href":"https:\/\/soydeaqui.ddns.net\/pachuca\/index.php\/wp-json\/wp\/v2\/media?parent=75185"}],"wp:term":[{"taxonomy":"product_brand","embeddable":true,"href":"https:\/\/soydeaqui.ddns.net\/pachuca\/index.php\/wp-json\/wp\/v2\/product_brand?post=75185"},{"taxonomy":"product_cat","embeddable":true,"href":"https:\/\/soydeaqui.ddns.net\/pachuca\/index.php\/wp-json\/wp\/v2\/product_cat?post=75185"},{"taxonomy":"product_tag","embeddable":true,"href":"https:\/\/soydeaqui.ddns.net\/pachuca\/index.php\/wp-json\/wp\/v2\/product_tag?post=75185"}],"curies":[{"name":"wp","href":"https:\/\/api.w.org\/{rel}","templated":true}]}}