{"id":75180,"date":"2026-03-19T14:30:03","date_gmt":"2026-03-19T14:30:03","guid":{"rendered":"https:\/\/soydeaqui.ddns.net\/pachuca\/index.php\/producto\/switch-poe-distancia-250-metros-8-puertos-2-combo-tp-sfp-gigabit-y-pantalla-lcd-para-monitoreo\/"},"modified":"2026-03-19T14:30:10","modified_gmt":"2026-03-19T14:30:10","slug":"switch-poe-distancia-250-metros-8-puertos-2-combo-tp-sfp-gigabit-y-pantalla-lcd-para-monitoreo","status":"publish","type":"product","link":"https:\/\/soydeaqui.ddns.net\/pachuca\/index.php\/producto\/switch-poe-distancia-250-metros-8-puertos-2-combo-tp-sfp-gigabit-y-pantalla-lcd-para-monitoreo\/","title":{"rendered":"Switch PoE+ \/ Distancia 250 Metros \/ 8 Puertos + 2 Combo TP\/SFP Gigabit y Pantalla LCD Para Monitoreo"},"content":{"rendered":"<div style='width: 100%; max-width: 1200px; margin: 0 auto; font-family: sans-serif; line-height: 1.6; color: inherit; background-color: transparent;'>\n<div style='display: flex; flex-wrap: wrap; gap: 30px; margin-bottom: 30px;'>\n<div style='flex: 1 1 300px; min-width: 280px;'>\n<h3 style='font-size: 22px; border-bottom: 2px solid currentColor; padding-bottom: 5px; margin-top: 0; color: inherit; opacity: 0.8;'>Puertos<\/h3>\n<ul style='padding-left: 20px; font-size: 15px; color: inherit;'>\n<li style='margin-bottom: 5px;'>8 Puertos 10\/100BASE-TX RJ45<\/li>\n<li style='margin-bottom: 5px;'>2 Puertos 10\/100\/1000BASE-T RJ45<\/li>\n<li style='margin-bottom: 5px;'>2 Interfaces 1000BASE-X SFP&comma; compartidas con puertos 9 y 10<\/li>\n<\/ul><\/div>\n<div style='flex: 1 1 300px; min-width: 280px;'>\n<h3 style='font-size: 22px; border-bottom: 2px solid currentColor; padding-bottom: 5px; margin-top: 0; color: inherit; opacity: 0.8;'>PoE<\/h3>\n<ul style='padding-left: 20px; font-size: 15px; color: inherit;'>\n<li style='margin-bottom: 5px;'>Alimenta dispositivos PoE 802.3af y PoE+ 802.3at hasta 250 m en modo Extend<\/li>\n<li style='margin-bottom: 5px; font-style: italic;'><em><span style='line-height: 20.8px;'>**En Modo Extend el switch negocia a 10Mbps en los puertos PoE<\/span><\/em><\/li>\n<li style='margin-bottom: 5px;'>Potencia total: 120W<\/li>\n<\/ul><\/div>\n<div style='flex: 1 1 300px; min-width: 280px;'>\n<h3 style='font-size: 22px; border-bottom: 2px solid currentColor; padding-bottom: 5px; margin-top: 0; color: inherit; opacity: 0.8;'>Funciones Pantalla LCD y Modo Extend<\/h3>\n<ul style='padding-left: 20px; font-size: 15px; color: inherit;'>\n<li style='margin-bottom: 5px;'>Muestra la Potencia Total disponible y usada<\/li>\n<li style='margin-bottom: 5px;'>Muestra y protege contra sobrecarga&comma; bajo voltaje&comma; alto voltaje y alta temperatura<\/li>\n<li style='margin-bottom: 5px;'>Switch para activar Modo Extend que permite alimentar dispositivos PoE hasta 250 m Datos<\/li>\n<\/ul><\/div>\n<div style='flex: 1 1 300px; min-width: 280px;'>\n<h3 style='font-size: 22px; border-bottom: 2px solid currentColor; padding-bottom: 5px; margin-top: 0; color: inherit; opacity: 0.8;'>Alimentaci\u00f3n<\/h3>\n<ul style='padding-left: 20px; font-size: 15px; color: inherit;'>\n<li style='margin-bottom: 5px;'>Caracter\u00edsticas f\u00edsicas y el\u00e9ctricas<\/li>\n<li style='margin-bottom: 5px;'>Alimentaci\u00f3n: 100~240 VCA&comma; 130W<\/li>\n<li style='margin-bottom: 5px;'>Protecci\u00f3n: Protecci\u00f3n contra descargas de +-4KV<\/li>\n<li style='margin-bottom: 5px;'>Temperatura de operaci\u00f3n: 0 ~ 50\u00b0C<\/li>\n<\/ul><\/div>\n<div style='flex: 1 1 300px; min-width: 280px;'>\n<h3 style='font-size: 22px; border-bottom: 2px solid currentColor; padding-bottom: 5px; margin-top: 0; color: inherit; opacity: 0.8;'>Dimensiones y Peso<\/h3>\n<ul style='padding-left: 20px; font-size: 15px; color: inherit;'>\n<li style='margin-bottom: 5px;'>Dimensiones: 180 x 280 x 44 mm (7.09 x 11.02 x 1.73&#8242; in)<\/li>\n<li style='margin-bottom: 5px;'>Peso: 1.8 Kg (3.97 lb)<\/li>\n<\/ul><\/div>\n<\/p><\/div>\n<div style='display: flex; flex-wrap: wrap; gap: 20px; margin-bottom: 30px; justify-content: center;'>\n<div style='flex: 1 1 300px; max-width: 490px;'> <img style='width: 100%; height: auto; border: 1px solid rgba(150&comma;150&comma;150&comma;0.3); border-radius: 8px;' src='http:\/\/ftp3.syscom.mx\/usuarios\/fotos\/FGSD1022VHP\/85877-fgsd1022vhp.png' alt=''> <\/div>\n<\/p><\/div>\n<hr style='border: 0; border-top: 1px solid rgba(150&comma; 150&comma; 150&comma; 0.3); margin: 30px 0;'> <\/div>\n","protected":false},"excerpt":{"rendered":"<p>Switch PoE+ \/ Distancia 250 Metros \/ 8 Puertos + 2 Combo TP\/SFP Gigabit y Pantalla LCD Para Monitoreo<\/p>\n","protected":false},"featured_media":75179,"comment_status":"open","ping_status":"closed","template":"","meta":[],"product_brand":[],"product_cat":[1986],"product_tag":[664,2033,1987],"class_list":{"0":"post-75180","1":"product","2":"type-product","3":"status-publish","4":"has-post-thumbnail","6":"product_cat-switches-poe","7":"product_tag-networking","8":"product_tag-planet","9":"product_tag-switches-poe","11":"first","12":"instock","13":"sale","14":"shipping-taxable","15":"purchasable","16":"product-type-simple"},"_links":{"self":[{"href":"https:\/\/soydeaqui.ddns.net\/pachuca\/index.php\/wp-json\/wp\/v2\/product\/75180","targetHints":{"allow":["GET"]}}],"collection":[{"href":"https:\/\/soydeaqui.ddns.net\/pachuca\/index.php\/wp-json\/wp\/v2\/product"}],"about":[{"href":"https:\/\/soydeaqui.ddns.net\/pachuca\/index.php\/wp-json\/wp\/v2\/types\/product"}],"replies":[{"embeddable":true,"href":"https:\/\/soydeaqui.ddns.net\/pachuca\/index.php\/wp-json\/wp\/v2\/comments?post=75180"}],"wp:featuredmedia":[{"embeddable":true,"href":"https:\/\/soydeaqui.ddns.net\/pachuca\/index.php\/wp-json\/wp\/v2\/media\/75179"}],"wp:attachment":[{"href":"https:\/\/soydeaqui.ddns.net\/pachuca\/index.php\/wp-json\/wp\/v2\/media?parent=75180"}],"wp:term":[{"taxonomy":"product_brand","embeddable":true,"href":"https:\/\/soydeaqui.ddns.net\/pachuca\/index.php\/wp-json\/wp\/v2\/product_brand?post=75180"},{"taxonomy":"product_cat","embeddable":true,"href":"https:\/\/soydeaqui.ddns.net\/pachuca\/index.php\/wp-json\/wp\/v2\/product_cat?post=75180"},{"taxonomy":"product_tag","embeddable":true,"href":"https:\/\/soydeaqui.ddns.net\/pachuca\/index.php\/wp-json\/wp\/v2\/product_tag?post=75180"}],"curies":[{"name":"wp","href":"https:\/\/api.w.org\/{rel}","templated":true}]}}