{"id":75163,"date":"2026-03-19T14:29:21","date_gmt":"2026-03-19T14:29:21","guid":{"rendered":"https:\/\/soydeaqui.ddns.net\/pachuca\/index.php\/producto\/1092hh-cmm4-rack-mount-assembly\/"},"modified":"2026-03-19T14:29:23","modified_gmt":"2026-03-19T14:29:23","slug":"1092hh-cmm4-rack-mount-assembly","status":"publish","type":"product","link":"https:\/\/soydeaqui.ddns.net\/pachuca\/index.php\/producto\/1092hh-cmm4-rack-mount-assembly\/","title":{"rendered":"1092HH &#8211; CMM4 RACK MOUNT ASSEMBLY"},"content":{"rendered":"<div style='width: 100%; max-width: 1200px; margin: 0 auto; font-family: sans-serif; line-height: 1.6; color: inherit; background-color: transparent;'>\n<div style='display: flex; flex-wrap: wrap; gap: 30px; margin-bottom: 30px;'>\n<div style='flex: 1 1 300px; min-width: 280px;'>\n<h3 style='font-size: 22px; border-bottom: 2px solid currentColor; padding-bottom: 5px; margin-top: 0; color: inherit; opacity: 0.8;'>Descripci\u00f3n<\/h3>\n<p style='font-size: 15px; color: inherit;'> <span style='font-family: verdana&comma; arial&comma; helvetica&comma; sans-serif; font-size: small;'>Cluster Management Module 4 permite a los operadores de red reducir el tiempo y costo de instalaci\u00f3n y mantenimiento del sistema en PMP Clusters de trabajo. La CMM4 integra sincronizaci\u00f3n de red fiable GPS junto con datos y alimentaci\u00f3n a trav\u00e9s de un solo cable a cada radio. Dise\u00f1ado para ofrecer un servicio fiable de banda ancha inal\u00e1mbrica y consistente&comma; el sistema soporta grandes en tres versiones&comma; existe un modelo que satisface las necesidades de cualquier operador de red: un cl\u00f3set con interruptor integrado completo de exterior (1090CKBA)&comma; el mismo cl\u00f3set sin el switch (1091AA)&comma; o una versi\u00f3n para montaje en rack (1092AA). Cambium Networks proporciona soluciones de conectividad de banda ancha inal\u00e1mbrica excepcional. Con m\u00e1s de 3 millones de m\u00f3dulos implementados en miles de redes en todo el mundo&comma; las soluciones de Cambium se han demostrado para proporcionar datos&comma; voz y video cable de antena (Tipo de lmr-200 con N-MALE a N-MALE CONECTORES) se vende por separado y est\u00e1 disponible con longitud personalizada &#8211; P\/N CAS-CX200-NM-NM<\/span> <\/p>\n<\/p><\/div>\n<\/p><\/div>\n<div style='display: flex; flex-wrap: wrap; gap: 20px; margin-bottom: 30px;'>\n<div style='flex: 1 1 250px; border: 1px solid rgba(150&comma; 150&comma; 150&comma; 0.4); border-radius: 8px; overflow: hidden; display: flex; flex-direction: column;'>\n<div style='padding: 15px; border-bottom: 1px solid rgba(150&comma; 150&comma; 150&comma; 0.2); font-weight: bold; font-size: 18px; color: inherit;'>Caracter\u00edsticas<\/div>\n<div style='padding: 15px; color: inherit;'>\n<ul style='padding-left: 20px; margin: 0; font-size: 14px; list-style-type: disc;'>\n<li style='margin-bottom: 5px;'>8 Puertos de entrada de alimentaci\u00f3n (desde las radios)<\/li>\n<li style='margin-bottom: 5px;'>8 Puertos de salida de datos (hacia el switch)<\/li>\n<li style='margin-bottom: 5px;'>1 Puerto de sincronizaci\u00f3n GPS (RJ-25)<\/li>\n<li style='margin-bottom: 5px;'>1 Puerto de controlador CMM (administraci\u00f3n)<\/li>\n<\/ul><\/div>\n<\/p><\/div>\n<\/p><\/div>\n<hr style='border: 0; border-top: 1px solid rgba(150&comma; 150&comma; 150&comma; 0.3); margin: 30px 0;'> <\/div>\n","protected":false},"excerpt":{"rendered":"<p>1092HH &#8211; CMM4 RACK MOUNT ASSEMBLY<\/p>\n","protected":false},"featured_media":75162,"comment_status":"open","ping_status":"closed","template":"","meta":[],"product_brand":[],"product_cat":[1970],"product_tag":[1316,664,1971],"class_list":{"0":"post-75163","1":"product","2":"type-product","3":"status-publish","4":"has-post-thumbnail","6":"product_cat-switches","7":"product_tag-cambium-networks","8":"product_tag-networking","9":"product_tag-switches","11":"first","12":"outofstock","13":"sale","14":"shipping-taxable","15":"purchasable","16":"product-type-simple"},"_links":{"self":[{"href":"https:\/\/soydeaqui.ddns.net\/pachuca\/index.php\/wp-json\/wp\/v2\/product\/75163","targetHints":{"allow":["GET"]}}],"collection":[{"href":"https:\/\/soydeaqui.ddns.net\/pachuca\/index.php\/wp-json\/wp\/v2\/product"}],"about":[{"href":"https:\/\/soydeaqui.ddns.net\/pachuca\/index.php\/wp-json\/wp\/v2\/types\/product"}],"replies":[{"embeddable":true,"href":"https:\/\/soydeaqui.ddns.net\/pachuca\/index.php\/wp-json\/wp\/v2\/comments?post=75163"}],"wp:featuredmedia":[{"embeddable":true,"href":"https:\/\/soydeaqui.ddns.net\/pachuca\/index.php\/wp-json\/wp\/v2\/media\/75162"}],"wp:attachment":[{"href":"https:\/\/soydeaqui.ddns.net\/pachuca\/index.php\/wp-json\/wp\/v2\/media?parent=75163"}],"wp:term":[{"taxonomy":"product_brand","embeddable":true,"href":"https:\/\/soydeaqui.ddns.net\/pachuca\/index.php\/wp-json\/wp\/v2\/product_brand?post=75163"},{"taxonomy":"product_cat","embeddable":true,"href":"https:\/\/soydeaqui.ddns.net\/pachuca\/index.php\/wp-json\/wp\/v2\/product_cat?post=75163"},{"taxonomy":"product_tag","embeddable":true,"href":"https:\/\/soydeaqui.ddns.net\/pachuca\/index.php\/wp-json\/wp\/v2\/product_tag?post=75163"}],"curies":[{"name":"wp","href":"https:\/\/api.w.org\/{rel}","templated":true}]}}