{"id":75153,"date":"2026-03-19T14:28:58","date_gmt":"2026-03-19T14:28:58","guid":{"rendered":"https:\/\/soydeaqui.ddns.net\/pachuca\/index.php\/producto\/organizador-de-cables-horizontal-de-19-2ur-the0040032001001\/"},"modified":"2026-03-19T14:29:07","modified_gmt":"2026-03-19T14:29:07","slug":"organizador-de-cables-horizontal-de-19-2ur-the0040032001001","status":"publish","type":"product","link":"https:\/\/soydeaqui.ddns.net\/pachuca\/index.php\/producto\/organizador-de-cables-horizontal-de-19-2ur-the0040032001001\/","title":{"rendered":"Organizador de cables horizontal de 19&#8243;, 2UR (THE0040032001001 )"},"content":{"rendered":"<div style='width: 100%; max-width: 1200px; margin: 0 auto; font-family: sans-serif; line-height: 1.6; color: inherit; background-color: transparent;'> <!-- Imagen de marca --> <\/p>\n<div style='text-align: center; margin-bottom: 20px;'> <img style='width: auto; max-width: 200px; height: auto; border: 1px solid rgba(150&comma;150&comma;150&comma;0.3); border-radius: 8px;' src='http:\/\/ftp3.syscom.mx\/usuarios\/jdelafuente\/THORSMAN\/THORSMAN%20logo.jpg' alt='Logo THORSMAN'> <\/div>\n<p> <!-- Secci\u00f3n de caracter\u00edsticas --> <\/p>\n<div style='display: flex; flex-wrap: wrap; gap: 30px; margin-bottom: 30px;'>\n<div style='flex: 1 1 300px; min-width: 280px;'>\n<h3 style='font-size: 22px; border-bottom: 2px solid currentColor; padding-bottom: 5px; margin-top: 0; color: inherit; opacity: 0.8;'>Caracter\u00edsticas<\/h3>\n<ul style='padding-left: 20px; font-size: 15px; color: inherit;'>\n<li style='margin-bottom: 5px;'>Organizador de cables para racks de telecomunicaciones<\/li>\n<li style='margin-bottom: 5px;'><strong>Color:<\/strong> Negro semi mate<\/li>\n<li style='margin-bottom: 5px;'><strong>Peso:<\/strong> 1.9 lb<\/li>\n<li style='margin-bottom: 5px;'><strong>Normas aplicables:<\/strong> EIA 310 D<\/li>\n<li style='margin-bottom: 5px;'><strong>Altura:<\/strong> 2UR<\/li>\n<li style='margin-bottom: 5px;'><strong>Profundidad:<\/strong> 2.52&#8242;<\/li>\n<li style='margin-bottom: 5px;'><strong>Ancho:<\/strong> 19&#8242;<\/li>\n<\/ul><\/div>\n<div style='flex: 1 1 300px; min-width: 280px;'>\n<h3 style='font-size: 22px; border-bottom: 2px solid currentColor; padding-bottom: 5px; margin-top: 0; color: inherit; opacity: 0.8;'>Presentaci\u00f3n comercial<\/h3>\n<ul style='padding-left: 20px; font-size: 15px; color: inherit;'>\n<li style='margin-bottom: 5px;'>Caja con 1 organizador<\/li>\n<li style='margin-bottom: 5px;'>4 tornillos<\/li>\n<li style='margin-bottom: 5px;'>4 arandelas<\/li>\n<\/ul><\/div>\n<div style='flex: 1 1 300px; min-width: 280px;'>\n<h3 style='font-size: 22px; border-bottom: 2px solid currentColor; padding-bottom: 5px; margin-top: 0; color: inherit; opacity: 0.8;'>Materiales<\/h3>\n<ul style='padding-left: 20px; font-size: 15px; color: inherit;'>\n<li style='margin-bottom: 5px;'>L\u00e1mina de acero calibre 18 (1.21 mm)<\/li>\n<li style='margin-bottom: 5px;'>Tapa de PVC<\/li>\n<li style='margin-bottom: 5px;'>Color negro semi mate por electrost\u00e1tico<\/li>\n<\/ul><\/div>\n<\/p><\/div>\n<p> <!-- Im\u00e1genes del producto --> <\/p>\n<div style='display: flex; flex-wrap: wrap; gap: 20px; margin-bottom: 30px; justify-content: center;'>\n<div style='flex: 1 1 300px; min-width: 280px;'> <img style='width: 100%; height: auto; border: 1px solid rgba(150&comma;150&comma;150&comma;0.3); border-radius: 8px;' src='http:\/\/ftp3.syscom.mx\/usuarios\/fotos\/THORG1UR\/78778-hecho_en_mexico.jpg' alt='Hecho en M\u00e9xico'> <\/p>\n<p style='text-align: center; margin-top: 10px; font-size: 14px; color: inherit; opacity: 0.8;'>Hecho en M\u00e9xico<\/p>\n<\/p><\/div>\n<div style='flex: 1 1 400px; min-width: 300px;'> <img style='width: 100%; height: auto; border: 1px solid rgba(150&comma;150&comma;150&comma;0.3); border-radius: 8px;' src='http:\/\/ftp3.syscom.mx\/usuarios\/fotos\/THORG2UR\/78779-th0rg2ur_pagina_1.jpg' alt='Vista frontal del organizador'> <\/div>\n<div style='flex: 1 1 400px; min-width: 300px;'> <img style='width: 100%; height: auto; border: 1px solid rgba(150&comma;150&comma;150&comma;0.3); border-radius: 8px;' src='http:\/\/ftp3.syscom.mx\/usuarios\/fotos\/THORG2UR\/78779-th0rg2ur_pagina_2.jpg' alt='Vista detallada del organizador'> <\/div>\n<\/p><\/div>\n<p> <!-- Secci\u00f3n de im\u00e1genes adicionales --> <\/p>\n<div style='display: flex; flex-wrap: wrap; gap: 20px; margin-bottom: 30px;'>\n<div style='flex: 1 1 400px; min-width: 300px;'> <img style='width: 100%; height: auto; border: 1px solid rgba(150&comma;150&comma;150&comma;0.3); border-radius: 8px;' src='https:\/\/ftp3.syscom.mx\/usuarios\/ftp\/single_page\/thorsman\/Thorsman1-02.jpg' alt='Thorsman - Soluciones para instalaciones'> <\/div>\n<div style='flex: 1 1 400px; min-width: 300px;'> <img style='width: 100%; height: auto; border: 1px solid rgba(150&comma;150&comma;150&comma;0.3); border-radius: 8px;' src='https:\/\/ftp3.syscom.mx\/usuarios\/ftp\/single_page\/thorsman\/Thorsman1-01.jpg' alt='Thorsman - Soluciones para cableado'> <\/div>\n<\/p><\/div>\n<p> <!-- Banner destacado --> <\/p>\n<div style='background-image: linear-gradient(90deg&comma; #2a397a 50%&comma; #0080ff 100%); color: white; padding: 20px; border-radius: 8px; margin-bottom: 30px;'>\n<h2 style='font-size: 22px; font-family: sans-serif; font-weight: 300; text-align: center; margin: 0; color: inherit; opacity: 0.95;'> Thorsman es la Marca L\u00edder en M\u00e9xico Reconocida por Productos de Canalizaci\u00f3n y Fijaci\u00f3n <\/h2>\n<\/p><\/div>\n<p> <!-- Contenido adicional --> <\/p>\n<div style='display: flex; flex-wrap: wrap; gap: 30px; margin-bottom: 30px;'>\n<div style='flex: 1 1 400px; min-width: 300px;'> <img style='width: 100%; height: auto; border: 1px solid rgba(150&comma;150&comma;150&comma;0.3); border-radius: 8px;' src='https:\/\/ftp3.syscom.mx\/usuarios\/ftp\/single_page\/thorsman\/thorsman1-04.png' alt='Soluciones para instalaciones'> <\/p>\n<p style='margin-top: 15px; font-size: 15px; color: inherit;'> Cuenta con amplia gama de soluciones para instalaciones el\u00e9ctricas y de cableado estructurado&comma; brindan funcionalidad&comma; distribuci\u00f3n&comma; protecci\u00f3n y est\u00e9tica. <\/p>\n<\/p><\/div>\n<div style='flex: 1 1 400px; min-width: 300px;'> <img style='width: 100%; height: auto; border: 1px solid rgba(150&comma;150&comma;150&comma;0.3); border-radius: 8px;' src='https:\/\/ftp3.syscom.mx\/usuarios\/ftp\/single_page\/thorsman\/thorsman1-05.png' alt='Capacidad recomendada'> <\/p>\n<p style='margin-top: 15px; font-size: 15px; color: inherit;'> El 40% de la capacidad es la m\u00e1xima recomendada por EIA\/TIA-569-A para dise\u00f1ar sistemas de cableado estructurado. <\/p>\n<\/p><\/div>\n<div style='flex: 1 1 400px; min-width: 300px;'> <img style='width: 100%; height: auto; border: 1px solid rgba(150&comma;150&comma;150&comma;0.3); border-radius: 8px;' src='https:\/\/ftp3.syscom.mx\/usuarios\/ftp\/single_page\/thorsman\/thorsman1-06.png' alt='Sistemas de fijaci\u00f3n'> <\/p>\n<p style='margin-top: 15px; font-size: 15px; color: inherit;'> Los sistemas de fijaci\u00f3n de Thorsman son fundamentales para la seguridad en cualquier instalaci\u00f3n. <\/p>\n<\/p><\/div>\n<div style='flex: 1 1 400px; min-width: 300px;'> <img style='width: 100%; height: auto; border: 1px solid rgba(150&comma;150&comma;150&comma;0.3); border-radius: 8px;' src='https:\/\/ftp3.syscom.mx\/usuarios\/ftp\/single_page\/thorsman\/thorsman1-07.png' alt='Sistemas de conectividad'> <\/p>\n<p style='margin-top: 15px; font-size: 15px; color: inherit;'> Los sistemas telecom de Thorsman brindan soluciones completas en conectividad para centros de entretenimiento. <\/p>\n<\/p><\/div>\n<\/p><\/div>\n<p> <!-- Aplicaciones por sector --> <\/p>\n<div style='background-color: #2a397a; color: white; padding: 20px; border-radius: 8px; margin-bottom: 30px;'>\n<h3 style='text-align: center; margin-top: 0; margin-bottom: 20px; font-size: 18px; color: inherit;'> Sistemas que cubren todas las necesidades <\/h3>\n<div style='display: flex; flex-wrap: wrap; gap: 20px; justify-content: center;'>\n<div style='flex: 1 1 120px; text-align: center;'> <img style='width: 80px; height: auto; border: none;' src='https:\/\/ftp3.syscom.mx\/usuarios\/ftp\/single_page\/thorsman\/thorsman1-09.png' alt='Hospital'> <\/p>\n<p style='margin-top: 10px; margin-bottom: 0; color: inherit; opacity: 0.9;'>Hospital<\/p>\n<\/p><\/div>\n<div style='flex: 1 1 120px; text-align: center;'> <img style='width: 80px; height: auto; border: none;' src='https:\/\/ftp3.syscom.mx\/usuarios\/ftp\/single_page\/thorsman\/thorsman1-08.png' alt='Hogar'> <\/p>\n<p style='margin-top: 10px; margin-bottom: 0; color: inherit; opacity: 0.9;'>Hogar<\/p>\n<\/p><\/div>\n<div style='flex: 1 1 120px; text-align: center;'> <img style='width: 80px; height: auto; border: none;' src='https:\/\/ftp3.syscom.mx\/usuarios\/ftp\/single_page\/thorsman\/thorsman1-10.png' alt='Industria'> <\/p>\n<p style='margin-top: 10px; margin-bottom: 0; color: inherit; opacity: 0.9;'>Industria<\/p>\n<\/p><\/div>\n<div style='flex: 1 1 120px; text-align: center;'> <img style='width: 80px; height: auto; border: none;' src='https:\/\/ftp3.syscom.mx\/usuarios\/ftp\/single_page\/thorsman\/thorsman1-11.png' alt='Oficina'> <\/p>\n<p style='margin-top: 10px; margin-bottom: 0; color: inherit; opacity: 0.9;'>Oficina<\/p>\n<\/p><\/div>\n<\/p><\/div>\n<\/p><\/div>\n<\/p><\/div>\n","protected":false},"excerpt":{"rendered":"<p>Organizador de cables horizontal de 19&#8243;, 2UR (THE0040032001001 )<\/p>\n","protected":false},"featured_media":75152,"comment_status":"open","ping_status":"closed","template":"","meta":[],"product_brand":[],"product_cat":[604],"product_tag":[606,605,583],"class_list":{"0":"post-75153","1":"product","2":"type-product","3":"status-publish","4":"has-post-thumbnail","6":"product_cat-accesorios-para-racks-y-gabinetes","7":"product_tag-accesorios-para-racks-y-gabinetes","8":"product_tag-racks-y-gabinetes","9":"product_tag-thorsman","11":"first","12":"instock","13":"sale","14":"shipping-taxable","15":"purchasable","16":"product-type-simple"},"_links":{"self":[{"href":"https:\/\/soydeaqui.ddns.net\/pachuca\/index.php\/wp-json\/wp\/v2\/product\/75153","targetHints":{"allow":["GET"]}}],"collection":[{"href":"https:\/\/soydeaqui.ddns.net\/pachuca\/index.php\/wp-json\/wp\/v2\/product"}],"about":[{"href":"https:\/\/soydeaqui.ddns.net\/pachuca\/index.php\/wp-json\/wp\/v2\/types\/product"}],"replies":[{"embeddable":true,"href":"https:\/\/soydeaqui.ddns.net\/pachuca\/index.php\/wp-json\/wp\/v2\/comments?post=75153"}],"wp:featuredmedia":[{"embeddable":true,"href":"https:\/\/soydeaqui.ddns.net\/pachuca\/index.php\/wp-json\/wp\/v2\/media\/75152"}],"wp:attachment":[{"href":"https:\/\/soydeaqui.ddns.net\/pachuca\/index.php\/wp-json\/wp\/v2\/media?parent=75153"}],"wp:term":[{"taxonomy":"product_brand","embeddable":true,"href":"https:\/\/soydeaqui.ddns.net\/pachuca\/index.php\/wp-json\/wp\/v2\/product_brand?post=75153"},{"taxonomy":"product_cat","embeddable":true,"href":"https:\/\/soydeaqui.ddns.net\/pachuca\/index.php\/wp-json\/wp\/v2\/product_cat?post=75153"},{"taxonomy":"product_tag","embeddable":true,"href":"https:\/\/soydeaqui.ddns.net\/pachuca\/index.php\/wp-json\/wp\/v2\/product_tag?post=75153"}],"curies":[{"name":"wp","href":"https:\/\/api.w.org\/{rel}","templated":true}]}}