{"id":75113,"date":"2026-03-19T14:27:19","date_gmt":"2026-03-19T14:27:19","guid":{"rendered":"https:\/\/soydeaqui.ddns.net\/pachuca\/index.php\/producto\/ptp450-radio-backhaul-conectorizado-4-9-5-9-ghz-hasta-300-mbps-proteccion-ip67-filtro-dinamico-contra-interferencias-c050045b001b\/"},"modified":"2026-03-19T14:27:28","modified_gmt":"2026-03-19T14:27:28","slug":"ptp450-radio-backhaul-conectorizado-4-9-5-9-ghz-hasta-300-mbps-proteccion-ip67-filtro-dinamico-contra-interferencias-c050045b001b","status":"publish","type":"product","link":"https:\/\/soydeaqui.ddns.net\/pachuca\/index.php\/producto\/ptp450-radio-backhaul-conectorizado-4-9-5-9-ghz-hasta-300-mbps-proteccion-ip67-filtro-dinamico-contra-interferencias-c050045b001b\/","title":{"rendered":"PTP450 &#8211; Radio Backhaul Conectorizado, 4.9-5.9 Ghz, hasta 300 Mbps, protecci\u00f3n IP67, filtro din\u00e1mico contra interferencias  (C050045B001B)"},"content":{"rendered":"<div style='width: 100%; max-width: 1200px; margin: 0 auto; font-family: sans-serif; line-height: 1.6; color: inherit; background-color: transparent;'> <!-- Logo --> <\/p>\n<div style='text-align: center; margin: 20px 0;'> <img style='width: 100%; max-width: 300px; height: auto; border: 1px solid rgba(150&comma;150&comma;150&comma;0.3); border-radius: 8px;' src='http:\/\/ftp3.syscom.mx\/usuarios\/hortega\/Cambium\/cambium-networks-logo.png' alt=''> <\/div>\n<p> <!-- Especificaciones principales --> <\/p>\n<div style='display: flex; flex-wrap: wrap; justify-content: center; gap: 15px; margin: 20px 0;'>\n<div style='flex: 1 1 150px; min-width: 120px; background: rgba(150&comma;150&comma;150&comma;0.1); border: 1px solid rgba(150&comma;150&comma;150&comma;0.3); border-radius: 8px; padding: 10px; text-align: center;'>\n<div style='font-size: 18px; font-weight: bold; color: inherit;'>4.9-5.9<\/div>\n<div style='font-size: 14px; color: inherit;'>GHz<\/div>\n<\/p><\/div>\n<div style='flex: 1 1 150px; min-width: 120px; background: rgba(150&comma;150&comma;150&comma;0.1); border: 1px solid rgba(150&comma;150&comma;150&comma;0.3); border-radius: 8px; padding: 10px; text-align: center;'>\n<div style='font-size: 18px; font-weight: bold; color: inherit;'>300<\/div>\n<div style='font-size: 14px; color: inherit;'>Mbps<\/div>\n<\/p><\/div>\n<div style='flex: 1 1 150px; min-width: 120px; background: rgba(150&comma;150&comma;150&comma;0.1); border: 1px solid rgba(150&comma;150&comma;150&comma;0.3); border-radius: 8px; padding: 10px; text-align: center;'>\n<div style='font-size: 18px; font-weight: bold; color: inherit;'>IP-67<\/div>\n<div style='font-size: 14px; color: inherit;'>Para intemperie<\/div>\n<\/p><\/div>\n<\/p><\/div>\n<p> <!-- Secci\u00f3n de caracter\u00edsticas --> <\/p>\n<div style='display: grid; grid-template-columns: repeat(auto-fill&comma; minmax(280px&comma; 1fr)); gap: 30px; margin: 40px 0 30px;'>\n<div style='border: 1px solid rgba(150&comma;150&comma;150&comma;0.3); border-radius: 8px; overflow: hidden;'> <img style='width: 100%; height: auto; border: 1px solid rgba(150&comma;150&comma;150&comma;0.3); border-radius: 0;' src='data:image\/png;base64&comma;iVBORw0KGgoAAAANSUhEUgAAACoAAAA4CAYAAACL3WrLAAACNUlEQVRoBe2ZO0sDQRSF80v8A9rYqYUINooWVmvAIk1ABCHGRkHQoEUiSEStfEB8EoiFiIiIloGICNoEC7WQiIqFIoIBi4yckVl2kzXcWfdhwlwYJoGTvd+9O7ubZG7y1k0qUCOcTIE6faWq7ej7R5HNr5+ybWUNHeOeDPSCD9S2qgpH8zePrC046wmcnQlNvTEGhvIqB+2KwB27sR0J7H0YzeDffvMxthdvPZBm4P3z1w9z4H54+OJt6H\/61uKz0S1GKlDnH95H8OjF29jO3Xww12aG5vDp64hB48FJZvM18FjP6aK31OwJ6IvSx2bs759GkSgRZV15bR9FolT42j6KRGnwtX0Uicr8a\/sEEqXG1\/YJJEqDr+0TSJQaX9snkCg1vraPIlFqfG2fQKLU+No+gUSp8bV9AolS42v7BBKlxtf2CSSq9v4HjK5zZv85j5oAAAAASUVORK5CYII=' alt=''> <\/p>\n<div style='padding: 15px;'>\n<h3 style='font-size: 18px; border-bottom: 1px solid rgba(150&comma;150&comma;150&comma;0.3); padding-bottom: 5px; margin-top: 0; margin-bottom: 10px; color: inherit; font-weight: 500; text-align: center;'>CUBIERTA DE METAL RESISTENTE<\/h3>\n<p style='margin: 0; font-size: 14px; text-align: center; color: inherit;'>Dise\u00f1ado para cumplir con los est\u00e1ndares IP66 e IP67 para soportar entornos hostiles.<\/p>\n<\/p><\/div>\n<\/p><\/div>\n<div style='border: 1px solid rgba(150&comma;150&comma;150&comma;0.3); border-radius: 8px; overflow: hidden;'> <img style='width: 100%; height: auto; border: 1px solid rgba(150&comma;150&comma;150&comma;0.3); border-radius: 0;' src='data:image\/png;base64&comma;iVBORw0KGgoAAAANSUhEUgAAAD0AAAA0CAYAAAA5bTAhAAACoElEQVRoBe2ZQUtbQRDH\/ST9Cr30UG+9FHoTK6Q3i6AnBUsLKm0PUlqSU6gIilIq5JgcehBJQLxIQQ9CCSgUxF4KXgSheEjpZeX\/cB\/j9M3uBl5e9m12YHnzsjOb\/c3MbvL2jakRlLERZFaFQtd39lXl1baxnZ1fDjwPhUKPv6ipB09WjK3ZPgkLOovmz01PPZtdSwNR2+5kmeX6WaGZ5jOnwNNLXxPw6Fabm+V+PzRoCvy62lTH3V9hQ3NgpNIEjaDYNkD0v6m1nKqi8ExnAdugbZsf7XehLhRaAnaBrixuGXnQD3gXKQzaBBwktA04OGgXYEB3f\/5OynOtcfBfhaJsS1PersCa8ur6Rqv3rqWB7hf4HiW7KQV0nsDg9x46b2DvoQcB7DW0Dfjox4XTX8m59w2Fsah4Wd42YADgAAGTd2kIEBXvoF2AKTQHonA6MNzGK2hX4GCg+wEOBnr2XSNZn3jWdRGpdKmvZONNeeMAb3V9l87ZqEtA1Emy8QaaTtZFl4Cor2QzVGisYxzJ2I5u8FvLd2AJyHtogCDqLg2QVEoPjc0LAchqX1rfk6AEB82BaEZ1NXCb0meaA0Xou3XPAxMzTUuD6FJghvqTJa1XMu9kc8MkY6bJoyUCJ0nMNIlMLG8SDKoO7LVOXNM0zESXAiOtV+KaHinxdR\/Lm0aJ6LG8STCy1L5e1UqlSweWbGJ50ygRXQpMoWu69\/efwptE3TqHp8lj48eNvfQz3aevkg18MHn0a1t+lWzgNzm\/IfphHPTDjo8JBi7G8n409SkZCIOVtYGBixH6bf2bwqmnbi+Xd9TjSlU9nPhgbc8XNlM\/+OPexQ\/j43v0d+L6dOazky\/sqB90MHAxQnPjUO4jdCiZtHHETNsiFEr\/SGb6FuoFMzeKNU1tAAAAAElFTkSuQmCC' alt=''> <\/p>\n<div style='padding: 15px;'>\n<h3 style='font-size: 18px; border-bottom: 1px solid rgba(150&comma;150&comma;150&comma;0.3); padding-bottom: 5px; margin-top: 0; margin-bottom: 10px; color: inherit; font-weight: 500; text-align: center;'>PUERTO AUXILIAR MULTIFUNCI\u00d3N<\/h3>\n<p style='margin: 0; font-size: 14px; text-align: center; color: inherit;'>Permite una mayor flexibilidad de implementaci\u00f3n al agregar una c\u00e1mara u otro PoE directamente.<\/p>\n<\/p><\/div>\n<\/p><\/div>\n<div style='border: 1px solid rgba(150&comma;150&comma;150&comma;0.3); border-radius: 8px; overflow: hidden;'> <img style='width: 100%; height: auto; border: 1px solid rgba(150&comma;150&comma;150&comma;0.3); border-radius: 0;' src='data:image\/png;base64&comma;iVBORw0KGgoAAAANSUhEUgAAADcAAAAxCAYAAAB+gjFbAAADS0lEQVRoBe2av4pTQRTG90l8AX0BrSwCClqv9q61EhtBi1i5NopoowiaLTelhSvaubCNYppgYbRZWFMJEmSxGvkNfMv15sydG5JzSfAeGGbu\/Dvfd86ZmTCTjdCQjL4ehXtPX4fNm89jokydp2x4Tq65Xwz2w6nzt81Em5e4kzv4\/C2SOn2pFx6+fBf4JlGmDtJ8e4g7ubNXtiOBvQ+jGfy7bz7GtnNXH8y0LaPCldyv6XEEj3dSonBNtS9S70qODSMHXu0em4srOawu8HixLHU8Wx4zz7c7ua07O5EgW39Zuvd3Yxu5h7iTwzvaFdk4bm0PYqKMV2mzvLoMsu7kAMl6unDt8UmIKlSp81hrMkwj5KSM84xDm+R1tkkXeaPkioqbKLfkmrCyh47Wcx5WbWLORj33+\/hPGH45jImyt7ROTmdcS25B17aeW9CAJ8MJxZUNy263GzqdzkoksORkrrD8L8j1+\/2c0cz2ZYTlcDiMkePmuZac4bvWc4ZRilVuYTkejwOTTyaTor7aZT636M+v6XQaMYAlJ3PtlrnJVq29JbdqHqmLp\/VcXUutWr\/anuN+cbD3KTx69T683R+Fwx8\/5+bCdR7jSQfD73OPRye6GQ+W3J1nlhy3wVyF69e88jOXe8F6lrIQA+Li1uylLHU5gJqP5y50Sr9ysKVurLPkdNfPtTdlHg03bzw7UZIjiLUFirc63gVIerejLQWuSExk0A0GsOia\/vrdHXX9J68kp8dBgJQBQAqFgKsKURmn9yT9EEKflBSNUzYkmGSkchvzVZITMEhaIg9aE6u\/LF42Du3UqV39y7mMiC5L5ADrpaiSnMCn7vUJD8CRW8J6woFXe2rt5XSAjTks8rXIpTyT8yyEBd4iX6ddnkmFbpVnK8npLxbWgiWktFGkrA54rQkrtAWcPimR91Mbjwxs\/eWjklxxwUKQM4bziTNGj4fWRlEEqrABnM435qAs46TCXvOggwhAJ7oZDxYwUW9teIytJEcHLCfrK8SUYzVroxAo5YoAjSvmlsU1Tjk65KHiWMpgS0VOlhwKmBwQLFoSilLrUIDKOQDwgOagnAJVHqtvdKJbc4Cpyri1yGnydctbcuvmMeFtPSdLrFv+F+ZJTrHeOLpuAAAAAElFTkSuQmCC' alt=''> <\/p>\n<div style='padding: 15px;'>\n<h3 style='font-size: 18px; border-bottom: 1px solid rgba(150&comma;150&comma;150&comma;0.3); padding-bottom: 5px; margin-top: 0; margin-bottom: 10px; color: inherit; font-weight: 500; text-align: center;'>FILTRADO DIN\u00e1MICO DE INTERFERENCIAS<\/h3>\n<p style='margin: 0; font-size: 14px; text-align: center; color: inherit;'>Proporciona aislamiento de ruido l\u00edder en la industria para un mejor rendimiento.<\/p>\n<\/p><\/div>\n<\/p><\/div>\n<div style='border: 1px solid rgba(150&comma;150&comma;150&comma;0.3); border-radius: 8px; overflow: hidden;'> <img style='width: 100%; height: auto; border: 1px solid rgba(150&comma;150&comma;150&comma;0.3); border-radius: 0;' src='data:image\/png;base64&comma;iVBORw0KGgoAAAANSUhEUgAAADoAAAAuCAYAAAB5\/AqlAAADUUlEQVRoBe2YMWsVURCF80v8A\/oHtLKLoHW0N6kVbQQt0hkbJVgpgpIyKS0UtFOwEaxSiZWgnSAWlivfkxNmfXfmzl3cZMnbgWX37b137jlzZuYub61bEbduRXh2M9HTpvSs6Eoqev\/5m+7nL9+T4D4USzV1b93f785cudtd3Nw7c6Lbj18usGzd22vGEhJ9duh+4RgSifJp2+Hnb93Zq1sLTKBb9w4iXHv70OtzRSTK8dyVvxG7cH13MvUpVmQXWQbGr98f9Dq8F4nKES5Il6kZ2cByP5KxJWJWzayTzEYtMwju7Z2DMEu2tDKqLhFVlyVakQMi2lIjLUSlVq3Tb97dS6u6RJSahGTU1dDm6YBjnK\/4XL++W8WB8mClVmvWI6qFLCY1SobKjHPRAbPGuihD\/vWTwcIaCVPD0iOqJoRSnim1s\/WLT3VwRf\/Ri7epTBAeUtQz4YkykLU9oqqNiITUzKij9NMae6f+amnPuNZ4c3Wugj2yIlEiWTI5JV1qJjXIDr6wZDQwfd1EAdV8BctrfOq+tTrtEdXgqSIaZdFoRKMuKCWkWKkMVFcA9JqM\/OjM\/q+pq8L3nArghWsPhMO9K+VoEvaMw4eOm0glORamUsCYI0wELbJejep48YjiSEpxoEeGUgIJCMiJIL8Zq6lpa92bq8bWdLxIhegbExUAunHzacRzMQY4zWeNLt55wK1TrY1KRakdNSt89hS1n13eBwEApapNSQuw9EyKcWUIst6mJM+eDfoExJlIeDXBHP3FQirWUtgDGL3Hp9I8UsoKE\/ljrKcoL5QuUfraebXaqAEojatX1OpYWLnXbImobQCRqjimprOpWENhx\/AI+8m1xemVmfS5RZRD5gDrrOjVcTzG7F5mmDp5R0yXKgHVWS2ELYuxn241bsAoqK7A6V8fqrlqXfLfdOJuy8h0SZpP+gOK8ipqDHI55V13SjVutSlQdcIzzshUsWYYEvEq0FcxU589Ep6rMUFyzooMjNxU1BZyqMkNxzYoOjdxU182KTlWZobhmRYdGbqrrVkbRP\/h4SrBiNsJHAAAAAElFTkSuQmCC' alt=''> <\/p>\n<div style='padding: 15px;'>\n<h3 style='font-size: 18px; border-bottom: 1px solid rgba(150&comma;150&comma;150&comma;0.3); padding-bottom: 5px; margin-top: 0; margin-bottom: 10px; color: inherit; font-weight: 500; text-align: center;'>SINCRONIZACI\u00d3N GPS<\/h3>\n<p style='margin: 0; font-size: 14px; text-align: center; color: inherit;'>La sincronizaci\u00f3n GPS permite mitigar la auto-interferencia de la misma torre&comma; La sincronizaci\u00f3n puede lograr con un CMM5.<\/p>\n<\/p><\/div>\n<\/p><\/div>\n<div style='border: 1px solid rgba(150&comma;150&comma;150&comma;0.3); border-radius: 8px; overflow: hidden;'> <img style='width: 100%; height: auto; border: 1px solid rgba(150&comma;150&comma;150&comma;0.3); border-radius: 0;' src='data:image\/png;base64&comma;iVBORw0KGgoAAAANSUhEUgAAAD0AAAA0CAYAAAA5bTAhAAACoElEQVRoBe2ZQUtbQRDH\/ST9Cr30UG+9FHoTK6Q3i6AnBUsLKm0PUlqSU6gIilIq5JgcehBJQLxIQQ9CCSgUxF4KXgSheEjpZeX\/cB\/j9M3uBl5e9m12YHnzsjOb\/c3MbvL2jakRlLERZFaFQtd39lXl1baxnZ1fDjwPhUKPv6ipB09WjK3ZPgkLOovmz01PPZtdSwNR2+5kmeX6WaGZ5jOnwNNLXxPw6Fabm+V+PzRoCvy62lTH3V9hQ3NgpNIEjaDYNkD0v6m1nKqi8ExnAdugbZsf7XehLhRaAnaBrixuGXnQD3gXKQzaBBwktA04OGgXYEB3f\/5OynOtcfBfhaJsS1PersCa8ur6Rqv3rqWB7hf4HiW7KQV0nsDg9x46b2DvoQcB7DW0Dfjox4XTX8m59w2Fsah4Wd42YADgAAGTd2kIEBXvoF2AKTQHonA6MNzGK2hX4GCg+wEOBnr2XSNZn3jWdRGpdKmvZONNeeMAb3V9l87ZqEtA1Emy8QaaTtZFl4Cor2QzVGisYxzJ2I5u8FvLd2AJyHtogCDqLg2QVEoPjc0LAchqX1rfk6AEB82BaEZ1NXCb0meaA0Xou3XPAxMzTUuD6FJghvqTJa1XMu9kc8MkY6bJoyUCJ0nMNIlMLG8SDKoO7LVOXNM0zESXAiOtV+KaHinxdR\/Lm0aJ6LG8STCy1L5e1UqlSweWbGJ50ygRXQpMoWu69\/efwptE3TqHp8lj48eNvfQz3aevkg18MHn0a1t+lWzgNzm\/IfphHPTDjo8JBi7G8n409SkZCIOVtYGBixH6bf2bwqmnbi+Xd9TjSlU9nPhgbc8XNlM\/+OPexQ\/j43v0d+L6dOazky\/sqB90MHAxQnPjUO4jdCiZtHHETNsiFEr\/SGb6FuoFMzeKNU1tAAAAAElFTkSuQmCC' alt=''> <\/p>\n<div style='padding: 15px;'>\n<h3 style='font-size: 18px; border-bottom: 1px solid rgba(150&comma;150&comma;150&comma;0.3); padding-bottom: 5px; margin-top: 0; margin-bottom: 10px; color: inherit; font-weight: 500; text-align: center;'>SUPERVIVENCIA DEL SITIO<\/h3>\n<p style='margin: 0; font-size: 14px; text-align: center; color: inherit;'>Operaci\u00f3n ininterrumpida incluso cuando se pierde la conectividad a la nube<\/p>\n<\/p><\/div>\n<\/p><\/div>\n<div style='border: 1px solid rgba(150&comma;150&comma;150&comma;0.3); border-radius: 8px; overflow: hidden;'> <img style='width: 100%; height: auto; border: 1px solid rgba(150&comma;150&comma;150&comma;0.3); border-radius: 0;' src='data:image\/png;base64&comma;iVBORw0KGgoAAAANSUhEUgAAAD4AAAAuCAYAAABwF6rfAAAFNklEQVRoBe1a\/2uXRRz3L6l+isgw\/CWoH8QktFBikGlWRPgFwWiJ+kO6XMv8ysi5lsN0YbMmuUm6jcytnLMJc6ZsKRt+Sa0FrrVYbtPpVHjL69ZrnLfnnnvuns8Dszx4uG\/vu\/f7de\/Xve\/us02S\/2maFIp7YOim1Bw+LSs31wjKD1ryBn64pVOWfLBHHpn+\/thXUXP8QcMt3sDnvfe5ArxiU7VgEZ6dv1leXFz63wdeVFavgHdevKrAsv5HT3\/m4Hv6BqTpxDn5trFdGlo65VJ3X7BOb48DMGgOwEisZ0n3Q8fOyrzlO8e2lr7NZi7cJpUHW70XwBs4NIDez722ZUxZlnRftWW\/ArzUnCIp\/LRO6o+ekRMdl6XxeJcUf9Eo094sVv0LVuySP\/sGxmxyFYKAk95Z031p4dcKVEHJQbk+PGLFsr3qqJKD9\/8ZHLbK6R1BwLGfs6Z7yZc\/Kh3FFQ26vdby\/obTSn5ZUZVVRu8IAo4JZi0qzYzuf\/UPyaPPr5bXV9botjrLH302Gnh\/+vmCUzYYOIIZvG7SnXWn5hiBnfta1NzNJ8\/HSI3v6v17UI1bvmHf+E6jJRi4je6M9oYer+rCNZUy5eV1XmMoDJY88+omVq15MHDMGEV3PdpbtTo6Xni7RPKWlTukorvXbqtVXr81cida4N\/WVMCzovuMtz6RV97dEWu4rZMnzvBN+ymAsamAm3Q36zbjXO1vrEpG16h5sE2eTrBNUgGHYtAdlwsmk\/5s98m37v5B0bW9q9tnmIzcviOPz1oriwv2OMelBk6648GCxHqa6H7ht14FPH\/9N04AusD2qmY1rvZIh94cWU4NnPTGaw2J9bTRfc3WAQrE3vq2SMPNxtaOy0p+bn6y2JAaOAzIgu4jt+\/KnKVlCsyu6hYT5311PGKeeKlQnpz9oXT92nNfn62SE+DV359SBuaS7jAYj465+aPv\/7x3yqWqrk0u\/t4r1waHpftqv9Q1\/SKLCkZ\/FMFD6eSZKzacs9oDByM0l47uNP5eKJcquTbX9I8aV3ukQ2+OLKcGTrrjwYLEeprofuG3XgU8f\/03TgC6wPaqZjWu9kiH3hxZTg2c9MZrDYn1tNH92nZ3CsjO+laZ9mZx1P7IcmrgpDseLEisp4nu65pOxQzF3vq2yMYdh6S08oh8d+ysDN24FTRlEHDQCp+ebHQn\/XXZiVD2Bk6AyPVkozvpr8uGllvbLwmeq1EforrOQJcOb+BR3qYSk+74YTIXdAdgvAHM\/W3WoSspw7yA27xN4OyncrNOOZ+cc0yeXSQoR12M0IYOOcWLAzHIlbyAx3kbikh3XhlZD6U7HxwYn4TGkCHLcJGKS4mBc+WRxyWAxqrTUEM9+uPG6n3wIOYBEJ\/Em6NrsRMDh7dBNwKyGWNcINZJf9s4vR3GY79Cp0ufPo5l3CRdB5YIOPaTjO4wGnNE7WeXfvRzfJxsIuBQwSTepiLQLJTufJImWWTqM\/OcAMdRDoA8DPFmMh6Q0ZgrLsHD0IWFTpNyAhwT+XibBmMM6Y42F2jIkFmuiEwdtjw18BBv0xh4PQlYynN7JDmDOcaWpwYe6m2bQbZ2gnYdQbbxZnsq4Km8bRpiq+MEwH9UaF\/nCjQ0pQKeg0POURtQvR0Ly\/u3Hgt0mbCWaY8bH3mc0dthPPYrdLr06eNYxk3SdWCJgOMfRz0BzTZXFMZCAiz+ZQS0xgcvZ8Um2h+3QJEehydoYJLcdsbjXMbVk3PguMLDI\/RGFgdE74MOXHfjUiRweAJeSvLFgcA82C44olysiDMyi75I4FkommhzPgQ+0TyStT0PPZ71Ck+0+e8BWgy6nhMUAm0AAAAASUVORK5CYII=' alt=''> <\/p>\n<div style='padding: 15px;'>\n<h3 style='font-size: 18px; border-bottom: 1px solid rgba(150&comma;150&comma;150&comma;0.3); padding-bottom: 5px; margin-top: 0; margin-bottom: 10px; color: inherit; font-weight: 500; text-align: center;'>GESTI\u00d3N DE LA NUBE<\/h3>\n<p style='margin: 0; font-size: 14px; text-align: center; color: inherit;'>La plataforma de gesti\u00f3n gratuita basada en la nube de cnMaestro proporciona una rica gesti\u00f3n del ciclo de vida&comma; configuraci\u00f3n y control&comma; y servicios de seguridad; que tambi\u00e9n puede estar disponible con opciones de implementaci\u00f3n en las instalaciones<\/p>\n<\/p><\/div>\n<\/p><\/div>\n<\/p><\/div>\n<p> <!-- Especificaciones --> <\/p>\n<h2 style='font-size: 24px; text-align: center; margin: 40px 0 20px; color: inherit; font-weight: normal;'>Especificaciones<\/h2>\n<p> <!-- Secci\u00f3n de especificaciones --> <\/p>\n<div style='display: flex; flex-wrap: wrap; gap: 20px; margin-bottom: 30px;'>\n<div style='flex: 1 1 250px; border: 1px solid rgba(150&comma;150&comma;150&comma;0.4); border-radius: 8px; overflow: hidden; display: flex; flex-direction: column;'>\n<div style='padding: 15px; border-bottom: 1px solid rgba(150&comma;150&comma;150&comma;0.2); font-weight: bold; font-size: 18px; color: inherit; background: #51a4f5; color: #fff;'>INAL\u00c1MBRICO<\/div>\n<div style='padding: 15px; color: inherit;'>\n<ul style='padding-left: 20px; margin: 0; font-size: 14px; list-style-type: disc;'>\n<li style='margin-bottom: 5px;'><strong>Ancho de Canal en MHz:<\/strong> 5 | 10 | 15 | 20 | 30 | 40<\/li>\n<li style='margin-bottom: 5px;'><strong>Tecnolog\u00eda OFDM:<\/strong> Orthogonal Frequency Division Multiplexing<\/li>\n<li style='margin-bottom: 5px;'><strong>Polaridad:<\/strong> Vertical\/Horizontal 2X2<\/li>\n<li style='margin-bottom: 5px;'><strong>Modulaci\u00f3n Adaptativa:<\/strong> QPSK hasta 256QAM<\/li>\n<li style='margin-bottom: 5px;'><strong>Rango de Frecuencia:<\/strong> 4900 &#8211; 5925 MHz<\/li>\n<\/ul><\/div>\n<\/p><\/div>\n<div style='flex: 1 1 250px; border: 1px solid rgba(150&comma;150&comma;150&comma;0.4); border-radius: 8px; overflow: hidden; display: flex; flex-direction: column;'>\n<div style='padding: 15px; border-bottom: 1px solid rgba(150&comma;150&comma;150&comma;0.2); font-weight: bold; font-size: 18px; color: inherit; background: #51a4f5; color: #fff;'>SOFTWARE<\/div>\n<div style='padding: 15px; color: inherit;'>\n<ul style='padding-left: 20px; margin: 0; font-size: 14px; list-style-type: disc;'>\n<li style='margin-bottom: 5px;'><strong>QoS:<\/strong> (802.1p&comma; 8 niveles)&comma; VLAN (802.1ad Q-inQ&comma; 802.1Q con prioridad 802.1p)<\/li>\n<li style='margin-bottom: 5px;'><strong>Encriptaci\u00f3n:<\/strong> 56 bits DES&comma; FIPS 197&comma; 128 bits AES (Requiere Licencia)<\/li>\n<li style='margin-bottom: 5px;'><strong>Administraci\u00f3n:<\/strong> IPv4\/IPv6 (dual stack)&comma; HTTP&comma; HTTPS&comma; Telnet&comma; FTP&comma; SNMPv2c and v3&comma; Cambium Networks cnMaestro<\/li>\n<li style='margin-bottom: 5px;'><strong>Sincronizaci\u00f3n GPS:<\/strong> S\u00ed&comma; via Autosync (UGPS&comma; CMM4 or CMM5)<\/li>\n<\/ul><\/div>\n<\/p><\/div>\n<div style='flex: 1 1 250px; border: 1px solid rgba(150&comma;150&comma;150&comma;0.4); border-radius: 8px; overflow: hidden; display: flex; flex-direction: column;'>\n<div style='padding: 15px; border-bottom: 1px solid rgba(150&comma;150&comma;150&comma;0.2); font-weight: bold; font-size: 18px; color: inherit; background: #51a4f5; color: #fff;'>F\u00cdSICAS<\/div>\n<div style='padding: 15px; color: inherit;'>\n<ul style='padding-left: 20px; margin: 0; font-size: 14px; list-style-type: disc;'>\n<li style='margin-bottom: 5px;'><strong>Temperatura de operaci\u00f3n:<\/strong> -40 a +75 \u00baC<\/li>\n<li style='margin-bottom: 5px;'><strong>Consumo m\u00e1ximo:<\/strong> 25 W<\/li>\n<li style='margin-bottom: 5px;'><strong>Dimensiones \/ Peso:<\/strong> 260 x 134 x 64 mm \/ 2 Kg<\/li>\n<li style='margin-bottom: 5px;'><strong>Protecci\u00f3n:<\/strong> IP66&comma; IP67<\/li>\n<li style='margin-bottom: 5px;'><strong>Alimentaci\u00f3n:<\/strong> 48-59 Vdc (Compatible con 802.3at)<\/li>\n<\/ul><\/div>\n<\/p><\/div>\n<div style='flex: 1 1 250px; border: 1px solid rgba(150&comma;150&comma;150&comma;0.4); border-radius: 8px; overflow: hidden; display: flex; flex-direction: column;'>\n<div style='padding: 15px; border-bottom: 1px solid rgba(150&comma;150&comma;150&comma;0.2); font-weight: bold; font-size: 18px; color: inherit; background: #51a4f5; color: #fff;'>SOFTWARE DE PLANECI\u00d3N &#8216;LINK PLANNER&#8217;<\/div>\n<div style='padding: 15px; color: inherit;'>\n<p style='margin: 0; text-align: center;'> <a title='Descargar LinkPlanner' href='https:\/\/www.cambiumnetworks.com\/products\/software\/linkplanner\/' target='_blank' rel='noopener' style='color: #51a4f5; text-decoration: none;'> <img style='width: 100%; height: auto; border: 1px solid rgba(150&comma;150&comma;150&comma;0.3); border-radius: 8px; max-width: 300px;' src='https:\/\/ftp3.syscom.mx\/usuarios\/fotos\/PTP450IC\/80896-cn_linkplanner_laptop_screen.png' alt=''> <\/a> <\/p>\n<\/p><\/div>\n<\/p><\/div>\n<div style='flex: 1 1 250px; border: 1px solid rgba(150&comma;150&comma;150&comma;0.4); border-radius: 8px; overflow: hidden; display: flex; flex-direction: column;'>\n<div style='padding: 15px; border-bottom: 1px solid rgba(150&comma;150&comma;150&comma;0.2); font-weight: bold; font-size: 18px; color: inherit; background: #ff0000; color: #fff;'>REQUIERE<\/div>\n<div style='padding: 15px; color: inherit;'>\n<ul style='padding-left: 20px; margin: 0; font-size: 14px; list-style-type: disc;'>\n<li style='margin-bottom: 5px;'><strong>Inyector PoE modelo:<\/strong> N000000L034A<\/li>\n<li style='margin-bottom: 5px;'><strong>Montaje modelo:<\/strong> 450MBR<\/li>\n<li style='margin-bottom: 5px;'><strong>Cable de Corriente:<\/strong> CABEPMP<\/li>\n<\/ul><\/div>\n<\/p><\/div>\n<\/p><\/div>\n<p> <!-- Separador --> <\/p>\n<hr style='border: 0; border-top: 1px solid rgba(150&comma;150&comma;150&comma;0.3); margin: 30px 0;'> <\/div>\n","protected":false},"excerpt":{"rendered":"<p>PTP450 &#8211; Radio Backhaul Conectorizado, 4.9-5.9 Ghz, hasta 300 Mbps, protecci\u00f3n IP67, filtro din\u00e1mico contra interferencias  (C050045B001B)<\/p>\n","protected":false},"featured_media":75112,"comment_status":"open","ping_status":"closed","template":"","meta":[],"product_brand":[],"product_cat":[1998],"product_tag":[1999,1316,1980],"class_list":{"0":"post-75113","1":"product","2":"type-product","3":"status-publish","4":"has-post-thumbnail","6":"product_cat-5-y-6-ghz","7":"product_tag-5-y-6-ghz","8":"product_tag-cambium-networks","9":"product_tag-enlaces-ptp-y-ptmp","11":"first","12":"outofstock","13":"sale","14":"shipping-taxable","15":"purchasable","16":"product-type-simple"},"_links":{"self":[{"href":"https:\/\/soydeaqui.ddns.net\/pachuca\/index.php\/wp-json\/wp\/v2\/product\/75113","targetHints":{"allow":["GET"]}}],"collection":[{"href":"https:\/\/soydeaqui.ddns.net\/pachuca\/index.php\/wp-json\/wp\/v2\/product"}],"about":[{"href":"https:\/\/soydeaqui.ddns.net\/pachuca\/index.php\/wp-json\/wp\/v2\/types\/product"}],"replies":[{"embeddable":true,"href":"https:\/\/soydeaqui.ddns.net\/pachuca\/index.php\/wp-json\/wp\/v2\/comments?post=75113"}],"wp:featuredmedia":[{"embeddable":true,"href":"https:\/\/soydeaqui.ddns.net\/pachuca\/index.php\/wp-json\/wp\/v2\/media\/75112"}],"wp:attachment":[{"href":"https:\/\/soydeaqui.ddns.net\/pachuca\/index.php\/wp-json\/wp\/v2\/media?parent=75113"}],"wp:term":[{"taxonomy":"product_brand","embeddable":true,"href":"https:\/\/soydeaqui.ddns.net\/pachuca\/index.php\/wp-json\/wp\/v2\/product_brand?post=75113"},{"taxonomy":"product_cat","embeddable":true,"href":"https:\/\/soydeaqui.ddns.net\/pachuca\/index.php\/wp-json\/wp\/v2\/product_cat?post=75113"},{"taxonomy":"product_tag","embeddable":true,"href":"https:\/\/soydeaqui.ddns.net\/pachuca\/index.php\/wp-json\/wp\/v2\/product_tag?post=75113"}],"curies":[{"name":"wp","href":"https:\/\/api.w.org\/{rel}","templated":true}]}}