{"id":75085,"date":"2026-03-19T14:26:12","date_gmt":"2026-03-19T14:26:12","guid":{"rendered":"https:\/\/soydeaqui.ddns.net\/pachuca\/index.php\/producto\/ups-2000-va-1540-w-topologia-linea-interactiva-entrada-120-vca-nema-5-20p-onda-senoidal-pura-torre-o-rack-2-ur-con-2-tomas-nema-5-20r-y-6-nema-5-15r\/"},"modified":"2026-03-19T14:26:22","modified_gmt":"2026-03-19T14:26:22","slug":"ups-2000-va-1540-w-topologia-linea-interactiva-entrada-120-vca-nema-5-20p-onda-senoidal-pura-torre-o-rack-2-ur-con-2-tomas-nema-5-20r-y-6-nema-5-15r","status":"publish","type":"product","link":"https:\/\/soydeaqui.ddns.net\/pachuca\/index.php\/producto\/ups-2000-va-1540-w-topologia-linea-interactiva-entrada-120-vca-nema-5-20p-onda-senoidal-pura-torre-o-rack-2-ur-con-2-tomas-nema-5-20r-y-6-nema-5-15r\/","title":{"rendered":"UPS 2000 VA\/1540 W, Topolog\u00eda L\u00ednea Interactiva, Entrada 120 Vca NEMA 5-20P, Onda Senoidal Pura, Torre o Rack 2 UR, Con 2 Tomas NEMA 5-20R y 6 NEMA 5-15R"},"content":{"rendered":"<div style='width: 100%; max-width: 1200px; margin: 0 auto; font-family: sans-serif; line-height: 1.6; color: inherit; background-color: transparent;'>\n<div style='display: flex; flex-wrap: wrap; gap: 30px; margin-bottom: 30px;'>\n<div style='flex: 1 1 300px; min-width: 280px;'>\n<h3 style='font-size: 22px; border-bottom: 2px solid currentColor; padding-bottom: 5px; margin-top: 0; color: inherit; opacity: 0.8;'>Descripci\u00f3n General<\/h3>\n<p style='margin-bottom: 15px;'> <img style='width: 100%; height: auto; border: 1px solid rgba(150&comma;150&comma;150&comma;0.3); border-radius: 8px;' src='https:\/\/ftp3.syscom.mx\/usuarios\/fotos\/logotipos\/cyberpower.png' alt=''> <\/p>\n<p style='margin-bottom: 15px;'>CyberPower OR2200PFCRT2U con salida de onda sinusoidal pura protege los sistemas inform\u00e1ticos de rango medio a alto&comma; los servidores y el hardware de red que utilizan fuentes de alimentaci\u00f3n de correcci\u00f3n de factor de potencia activo (PFC) convencionales.<\/p>\n<p style='margin-bottom: 15px;'>Dise\u00f1ados con la tecnolog\u00eda GreenPower UPS \u2122 para mejorar la eficiencia operativa y minimizar el consumo de energ\u00eda&comma; los usuarios pueden disfrutar de importantes ahorros de costos de energ\u00eda con respecto a los sistemas UPS convencionales.<\/p>\n<p style='margin-bottom: 15px;'>El UPS proporciona regulaci\u00f3n autom\u00e1tica de voltaje (AVR) para mantener niveles seguros de voltaje para los equipos conectados. La protecci\u00f3n de l\u00ednea de datos presentada protege los tel\u00e9fonos&comma; redes y equipos de comunicaci\u00f3n contra sobretensiones y picos y otras irregularidades de alimentaci\u00f3n.<\/p>\n<p style='margin-bottom: 15px;'>Los usuarios pueden acceder a la informaci\u00f3n de las condiciones de energ\u00eda \/ bater\u00eda y configurar ajustes avanzados&comma; incluida la alerta de posibles problemas de energ\u00eda y la autoevaluaci\u00f3n con solo presionar un bot\u00f3n.<\/p>\n<\/p><\/div>\n<div style='flex: 1 1 300px; min-width: 280px;'>\n<h3 style='font-size: 22px; border-bottom: 2px solid currentColor; padding-bottom: 5px; margin-top: 0; color: inherit; opacity: 0.8;'>Caracter\u00edsticas Principales<\/h3>\n<ul style='padding-left: 20px; font-size: 15px; color: inherit;'>\n<li style='margin-bottom: 5px;'>Tecnolog\u00eda GreenPower UPS\u2122 para eficiencia energ\u00e9tica<\/li>\n<li style='margin-bottom: 5px;'>Topolog\u00eda L\u00ednea Interactiva<\/li>\n<li style='margin-bottom: 5px;'>Onda Senoidal Pura en la salida<\/li>\n<li style='margin-bottom: 5px;'>Dise\u00f1o convertible Torre o Rack 2U<\/li>\n<li style='margin-bottom: 5px;'>Regulaci\u00f3n autom\u00e1tica de voltaje (AVR)<\/li>\n<li style='margin-bottom: 5px;'>Protecci\u00f3n de l\u00ednea de datos RJ11 y Ethernet RJ45<\/li>\n<li style='margin-bottom: 5px;'>Interfaz de comunicaci\u00f3n USB&comma; Serial y EPO<\/li>\n<li style='margin-bottom: 5px;'>Indicadores LCD y LED para monitoreo<\/li>\n<li style='margin-bottom: 5px;'>Alarma audible para modo de bater\u00eda&comma; bater\u00eda baja y sobrecarga<\/li>\n<li style='margin-bottom: 5px;'>Incluye bater\u00edas<\/li>\n<\/ul><\/div>\n<\/p><\/div>\n<div style='display: flex; flex-wrap: wrap; gap: 20px; margin-bottom: 30px;'>\n<div style='flex: 1 1 250px; border: 1px solid rgba(150&comma; 150&comma; 150&comma; 0.4); border-radius: 8px; overflow: hidden; display: flex; flex-direction: column;'>\n<div style='padding: 15px; border-bottom: 1px solid rgba(150&comma; 150&comma; 150&comma; 0.2); font-weight: bold; font-size: 18px; color: inherit;'>Especificaciones El\u00e9ctricas<\/div>\n<div style='padding: 15px; color: inherit;'>\n<ul style='padding-left: 20px; margin: 0; font-size: 14px; list-style-type: disc;'>\n<li style='margin-bottom: 5px;'><strong>Voltaje de entrada:<\/strong> 88 &#8211; 139 V<\/li>\n<li style='margin-bottom: 5px;'><strong>Frecuencia de entrada:<\/strong> 60 Hz \u00b1 3 Hz<\/li>\n<li style='margin-bottom: 5px;'><strong>Voltaje de salida:<\/strong> 120VCA \u00b1 5%<\/li>\n<li style='margin-bottom: 5px;'><strong>Frecuencia salida bater\u00eda:<\/strong> 60Hz \u00b1 1%<\/li>\n<li style='margin-bottom: 5px;'><strong>Factor de potencia:<\/strong> 0.7<\/li>\n<li style='margin-bottom: 5px;'><strong>Protecci\u00f3n de picos:<\/strong> 1470 Joules<\/li>\n<\/ul><\/div>\n<\/p><\/div>\n<div style='flex: 1 1 250px; border: 1px solid rgba(150&comma; 150&comma; 150&comma; 0.4); border-radius: 8px; overflow: hidden; display: flex; flex-direction: column;'>\n<div style='padding: 15px; border-bottom: 1px solid rgba(150&comma; 150&comma; 150&comma; 0.2); font-weight: bold; font-size: 18px; color: inherit;'>Conexiones<\/div>\n<div style='padding: 15px; color: inherit;'>\n<ul style='padding-left: 20px; margin: 0; font-size: 14px; list-style-type: disc;'>\n<li style='margin-bottom: 5px;'><strong>Entrada:<\/strong> NEMA 5-20P<\/li>\n<li style='margin-bottom: 5px;'> <strong>Salida:<\/strong> 2 NEMA 5-20R <img style='width: 40px; height: 40px; vertical-align: middle; border: 1px solid rgba(150&comma;150&comma;150&comma;0.3); border-radius: 4px;' src='https:\/\/www.cyberpower.com\/mx\/es\/File\/GetImageByDocId\/GeneralAttribute-370' alt=''> &nbsp;y 6 NEMA 5-15R <img style='width: 40px; height: 40px; vertical-align: middle; border: 1px solid rgba(150&comma;150&comma;150&comma;0.3); border-radius: 4px;' src='https:\/\/www.cyberpower.com\/mx\/es\/File\/GetImageByDocId\/GeneralAttribute-238' alt=''> <\/li>\n<li style='margin-bottom: 5px;'><strong>Cable de entrada:<\/strong> 3 metros<\/li>\n<li style='margin-bottom: 5px;'><strong>Protecci\u00f3n de datos:<\/strong> RJ11 y Ethernet RJ45<\/li>\n<li style='margin-bottom: 5px;'><strong>Comunicaci\u00f3n:<\/strong> USB&comma; Serial y EPO<\/li>\n<\/ul><\/div>\n<\/p><\/div>\n<div style='flex: 1 1 250px; border: 1px solid rgba(150&comma; 150&comma; 150&comma; 0.4); border-radius: 8px; overflow: hidden; display: flex; flex-direction: column;'>\n<div style='padding: 15px; border-bottom: 1px solid rgba(150&comma; 150&comma; 150&comma; 0.2); font-weight: bold; font-size: 18px; color: inherit;'>Especificaciones F\u00edsicas<\/div>\n<div style='padding: 15px; color: inherit;'>\n<ul style='padding-left: 20px; margin: 0; font-size: 14px; list-style-type: disc;'>\n<li style='margin-bottom: 5px;'><strong>Dimensiones:<\/strong> 433 x 88 x 387 mm (Ancho x Alto x Profundidad)<\/li>\n<li style='margin-bottom: 5px;'><strong>Peso:<\/strong> 26 kg<\/li>\n<li style='margin-bottom: 5px;'><strong>Tama\u00f1o en Rack:<\/strong> 2U<\/li>\n<\/ul><\/div>\n<\/p><\/div>\n<div style='flex: 1 1 250px; border: 1px solid rgba(150&comma; 150&comma; 150&comma; 0.4); border-radius: 8px; overflow: hidden; display: flex; flex-direction: column;'>\n<div style='padding: 15px; border-bottom: 1px solid rgba(150&comma; 150&comma; 150&comma; 0.2); font-weight: bold; font-size: 18px; color: inherit;'>Bater\u00eda y Autonom\u00eda<\/div>\n<div style='padding: 15px; color: inherit;'>\n<ul style='padding-left: 20px; margin: 0; font-size: 14px; list-style-type: disc;'>\n<li style='margin-bottom: 5px;'><strong>Tipo de bater\u00eda:<\/strong> 4 x 12V\/9Ah<\/li>\n<li style='margin-bottom: 5px;'><strong>Tiempo de respaldo 50% carga:<\/strong> 15.5 minutos (770 W)<\/li>\n<li style='margin-bottom: 5px;'><strong>Tiempo de respaldo 100% carga:<\/strong> 4.5 minutos (1540 W)<\/li>\n<\/ul><\/div>\n<\/p><\/div>\n<div style='flex: 1 1 250px; border: 1px solid rgba(150&comma; 150&comma; 150&comma; 0.4); border-radius: 8px; overflow: hidden; display: flex; flex-direction: column;'>\n<div style='padding: 15px; border-bottom: 1px solid rgba(150&comma; 150&comma; 150&comma; 0.2); font-weight: bold; font-size: 18px; color: inherit;'>Detalles Adicionales<\/div>\n<div style='padding: 15px; color: inherit;'>\n<ul style='padding-left: 20px; margin: 0; font-size: 14px; list-style-type: disc;'>\n<li style='margin-bottom: 5px;'>No compatible con generador de energ\u00eda (plantas de respaldo)<\/li>\n<li style='margin-bottom: 5px;'><strong>Incluye bater\u00edas<\/strong><\/li>\n<\/ul><\/div>\n<\/p><\/div>\n<\/p><\/div>\n<\/p><\/div>\n","protected":false},"excerpt":{"rendered":"<p>UPS 2000 VA\/1540 W, Topolog\u00eda L\u00ednea Interactiva, Entrada 120 Vca NEMA 5-20P, Onda Senoidal Pura, Torre o Rack 2 UR, Con 2 Tomas NEMA 5-20R y 6 NEMA 5-15R<\/p>\n","protected":false},"featured_media":75084,"comment_status":"open","ping_status":"closed","template":"","meta":[],"product_brand":[],"product_cat":[1222],"product_tag":[677,62,1062],"class_list":{"0":"post-75085","1":"product","2":"type-product","3":"status-publish","4":"has-post-thumbnail","6":"product_cat-todos-ups-respaldo","7":"product_tag-cyberpower","8":"product_tag-todos","9":"product_tag-ups-respaldo","11":"first","12":"instock","13":"sale","14":"shipping-taxable","15":"purchasable","16":"product-type-simple"},"_links":{"self":[{"href":"https:\/\/soydeaqui.ddns.net\/pachuca\/index.php\/wp-json\/wp\/v2\/product\/75085","targetHints":{"allow":["GET"]}}],"collection":[{"href":"https:\/\/soydeaqui.ddns.net\/pachuca\/index.php\/wp-json\/wp\/v2\/product"}],"about":[{"href":"https:\/\/soydeaqui.ddns.net\/pachuca\/index.php\/wp-json\/wp\/v2\/types\/product"}],"replies":[{"embeddable":true,"href":"https:\/\/soydeaqui.ddns.net\/pachuca\/index.php\/wp-json\/wp\/v2\/comments?post=75085"}],"wp:featuredmedia":[{"embeddable":true,"href":"https:\/\/soydeaqui.ddns.net\/pachuca\/index.php\/wp-json\/wp\/v2\/media\/75084"}],"wp:attachment":[{"href":"https:\/\/soydeaqui.ddns.net\/pachuca\/index.php\/wp-json\/wp\/v2\/media?parent=75085"}],"wp:term":[{"taxonomy":"product_brand","embeddable":true,"href":"https:\/\/soydeaqui.ddns.net\/pachuca\/index.php\/wp-json\/wp\/v2\/product_brand?post=75085"},{"taxonomy":"product_cat","embeddable":true,"href":"https:\/\/soydeaqui.ddns.net\/pachuca\/index.php\/wp-json\/wp\/v2\/product_cat?post=75085"},{"taxonomy":"product_tag","embeddable":true,"href":"https:\/\/soydeaqui.ddns.net\/pachuca\/index.php\/wp-json\/wp\/v2\/product_tag?post=75085"}],"curies":[{"name":"wp","href":"https:\/\/api.w.org\/{rel}","templated":true}]}}