{"id":75079,"date":"2026-03-19T14:25:56","date_gmt":"2026-03-19T14:25:56","guid":{"rendered":"https:\/\/soydeaqui.ddns.net\/pachuca\/index.php\/producto\/hap-lite-4-puertos-fast-ethernet-y-wi-fi-2-4-ghz-802-11-b-g-n\/"},"modified":"2026-03-19T14:26:08","modified_gmt":"2026-03-19T14:26:08","slug":"hap-lite-4-puertos-fast-ethernet-y-wi-fi-2-4-ghz-802-11-b-g-n","status":"publish","type":"product","link":"https:\/\/soydeaqui.ddns.net\/pachuca\/index.php\/producto\/hap-lite-4-puertos-fast-ethernet-y-wi-fi-2-4-ghz-802-11-b-g-n\/","title":{"rendered":"(hAP Lite) 4 Puertos Fast Ethernet y  Wi-Fi 2.4 GHz 802.11 b\/g\/n"},"content":{"rendered":"<div style='width: 100%; max-width: 1200px; margin: 0 auto; font-family: sans-serif; line-height: 1.6; color: inherit; background-color: transparent;'> <!-- Descripci\u00f3n principal --> <\/p>\n<div style='margin-bottom: 30px; font-size: 15px; color: inherit;'>\n<p style='margin-top: 0; margin-bottom: 15px; color: inherit; opacity: 0.85;'>El home Access Point lite (hAP lite) es un peque\u00f1o dispositivo ideal para su apartamento&comma; casa o peque\u00f1a oficina.<\/p>\n<p style='margin-bottom: 15px; color: inherit; opacity: 0.85;'>Es compatible con el bot\u00f3n WPS activa&comma; para la comodidad de no escribir una contrase\u00f1a complicada cuando alguien quiere tener acceso inal\u00e1mbrico a Internet&comma; y tambi\u00e9n puede solicitar que cambie al modo de cAP y unirse a una red gestionada de forma centralizada CAPsMAN.<\/p>\n<p style='margin-bottom: 15px; color: inherit; opacity: 0.85;'>Por supuesto&comma; el dispositivo tiene el RouterOS con todas las caracter\u00edsticas para la administraci\u00f3n de ancho de banda&comma; firewall&comma; control de acceso de usuarios y muchos otros.<\/p>\n<p style='margin-bottom: 15px; color: inherit; opacity: 0.85;'>La hAP Lite est\u00e1 equipado con un CPU de 650 MHz&comma; 32 MB de RAM&comma; 2&comma;4 GHz de doble cadena&comma; cuatro puertos Fast Ethernet y una licencia RouterOS L4. Se incluye fuente de alimentaci\u00f3n USB.<\/p>\n<\/p><\/div>\n<p> <!-- Secci\u00f3n de caracter\u00edsticas --> <\/p>\n<div style='display: flex; flex-wrap: wrap; gap: 30px; margin-bottom: 30px;'>\n<div style='flex: 1 1 300px; min-width: 280px;'>\n<h3 style='font-size: 22px; border-bottom: 2px solid currentColor; padding-bottom: 5px; margin-top: 0; color: inherit; opacity: 0.8;'>Caracter\u00edsticas principales<\/h3>\n<ul style='padding-left: 20px; font-size: 15px; color: inherit;'>\n<li style='margin-bottom: 5px; color: inherit; opacity: 0.85;'>Arquitectura del RouterBOARD: SMIPS<\/li>\n<\/ul><\/div>\n<\/p><\/div>\n<p> <!-- Secci\u00f3n de especificaciones --> <\/p>\n<div style='display: flex; flex-wrap: wrap; gap: 20px; margin-bottom: 30px;'>\n<div style='flex: 1 1 250px; border: 1px solid rgba(150&comma; 150&comma; 150&comma; 0.4); border-radius: 8px; overflow: hidden; display: flex; flex-direction: column;'>\n<div style='padding: 15px; border-bottom: 1px solid rgba(150&comma; 150&comma; 150&comma; 0.2); font-weight: bold; font-size: 18px; color: inherit;'>Especificaciones T\u00e9cnicas<\/div>\n<div style='padding: 15px; color: inherit;'>\n<ul style='padding-left: 20px; margin: 0; font-size: 14px; list-style-type: disc; color: inherit;'>\n<li style='margin-bottom: 5px; color: inherit; opacity: 0.85;'><strong>C\u00f3digo Mikrotik:<\/strong> RB941-2nD<\/li>\n<li style='margin-bottom: 5px; color: inherit; opacity: 0.85;'><strong>CPU:<\/strong> 650 MHz<\/li>\n<li style='margin-bottom: 5px; color: inherit; opacity: 0.85;'><strong>N\u00facleos de CPU:<\/strong> 1<\/li>\n<li style='margin-bottom: 5px; color: inherit; opacity: 0.85;'><strong>Memoria RAM:<\/strong> 32 MB<\/li>\n<li style='margin-bottom: 5px; color: inherit; opacity: 0.85;'><strong>Puertos Ethernet 10\/100:<\/strong> 4<\/li>\n<li style='margin-bottom: 5px; color: inherit; opacity: 0.85;'><strong>Puertos Gigabit 10\/100\/1000:<\/strong> N\/A<\/li>\n<li style='margin-bottom: 5px; color: inherit; opacity: 0.85;'><strong>Slots MiniPCI:<\/strong> 0<\/li>\n<li style='margin-bottom: 5px; color: inherit; opacity: 0.85;'><strong>Slots MiniPCI-e:<\/strong> 0<\/li>\n<li style='margin-bottom: 5px; color: inherit; opacity: 0.85;'><strong>Modelo de Chip inal\u00e1mbrico:<\/strong> QCA9531-BL3A-R<\/li>\n<li style='margin-bottom: 5px; color: inherit; opacity: 0.85;'><strong>Estandar inal\u00e1mbrico:<\/strong> 802.11b\/g\/n<\/li>\n<li style='margin-bottom: 5px; color: inherit; opacity: 0.85;'><strong>Puertos USB:<\/strong> 0<\/li>\n<li style='margin-bottom: 5px; color: inherit; opacity: 0.85;'><strong>Jack de Alimentaci\u00f3n:<\/strong> 1<\/li>\n<li style='margin-bottom: 5px; color: inherit; opacity: 0.85;'><strong>Salida PoE:<\/strong> No<\/li>\n<li style='margin-bottom: 5px; color: inherit; opacity: 0.85;'><strong>Voltaje de entrada:<\/strong> 5 V &#8211; 5 V<\/li>\n<li style='margin-bottom: 5px; color: inherit; opacity: 0.85;'><strong>Entrada PoE:<\/strong> No<\/li>\n<li style='margin-bottom: 5px; color: inherit; opacity: 0.85;'><strong>Consumo m\u00e1ximo:<\/strong> 3W<\/li>\n<li style='margin-bottom: 5px; color: inherit; opacity: 0.85;'><strong>N\u00famero de cadenas:<\/strong> 2<\/li>\n<li style='margin-bottom: 5px; color: inherit; opacity: 0.85;'><strong>Puerto Serial:<\/strong> N\/A<\/li>\n<\/ul><\/div>\n<\/p><\/div>\n<div style='flex: 1 1 250px; border: 1px solid rgba(150&comma; 150&comma; 150&comma; 0.4); border-radius: 8px; overflow: hidden; display: flex; flex-direction: column;'>\n<div style='padding: 15px; border-bottom: 1px solid rgba(150&comma; 150&comma; 150&comma; 0.2); font-weight: bold; font-size: 18px; color: inherit;'>Caracter\u00edsticas Adicionales<\/div>\n<div style='padding: 15px; color: inherit;'>\n<ul style='padding-left: 20px; margin: 0; font-size: 14px; list-style-type: disc; color: inherit;'>\n<li style='margin-bottom: 5px; color: inherit; opacity: 0.85;'><strong>Monitor de voltaje:<\/strong> No<\/li>\n<li style='margin-bottom: 5px; color: inherit; opacity: 0.85;'><strong>Monitor de temperatura de CPU:<\/strong> No<\/li>\n<li style='margin-bottom: 5px; color: inherit; opacity: 0.85;'><strong>Monitor de temperatura de PCB:<\/strong> No<\/li>\n<li style='margin-bottom: 5px; color: inherit; opacity: 0.85;'><strong>Nivel de Licencia:<\/strong> 4<\/li>\n<li style='margin-bottom: 5px; color: inherit; opacity: 0.85;'><strong>Ganancia de la antena:<\/strong> 1.5<\/li>\n<li style='margin-bottom: 5px; color: inherit; opacity: 0.85;'><strong>Monitor:<\/strong> No<\/li>\n<li style='margin-bottom: 5px; color: inherit; opacity: 0.85;'><strong>Puertos SFP:<\/strong> N\/A<\/li>\n<li style='margin-bottom: 5px; color: inherit; opacity: 0.85;'><strong>Puertos SFP+:<\/strong> N\/A<\/li>\n<\/ul><\/div>\n<\/p><\/div>\n<\/p><\/div>\n<p> <!-- Secci\u00f3n de enlaces y accesorios --> <\/p>\n<div style='display: flex; flex-wrap: wrap; gap: 30px; margin-bottom: 30px;'>\n<div style='flex: 1 1 300px; min-width: 280px;'>\n<h3 style='font-size: 22px; border-bottom: 2px solid currentColor; padding-bottom: 5px; margin-top: 0; color: inherit; opacity: 0.8;'>Recursos<\/h3>\n<ul style='padding-left: 20px; font-size: 15px; color: inherit;'>\n<li style='margin-bottom: 10px; color: inherit; opacity: 0.85;'><a href='https:\/\/soporte.syscom.mx\/es\/collections\/3502429-mikrotik' target='_blank' rel='noopener' style='color: inherit; text-decoration: underline; opacity: 0.9; transition: opacity 0.3s;' onmouseover='this.style.opacity='1'' onmouseout='this.style.opacity='0.9''>Manuales de configuraci\u00f3n<\/a><\/li>\n<li style='margin-bottom: 10px; color: inherit; opacity: 0.85;'><a href='https:\/\/soporte.syscom.mx\/es\/articles\/2259977-mikrotik-caracteristicas-principales-de-routeros' target='_blank' rel='noopener' style='color: inherit; text-decoration: underline; opacity: 0.9; transition: opacity 0.3s;' onmouseover='this.style.opacity='1'' onmouseout='this.style.opacity='0.9''>Caracter\u00edsticas principales de RouterOS<\/a><\/li>\n<\/ul><\/div>\n<div style='flex: 1 1 300px; min-width: 280px;'>\n<h3 style='font-size: 22px; border-bottom: 2px solid currentColor; padding-bottom: 5px; margin-top: 0; color: inherit; opacity: 0.8;'>Accesorios Incluidos<\/h3>\n<div style='margin-top: 15px;'> <img style='width: 100%; height: auto; border: 1px solid rgba(150&comma;150&comma;150&comma;0.3); border-radius: 8px;' src='http:\/\/img.routerboard.com\/mimg\/part501438679412s.jpg' alt='Accesorio Incluido' \/> <\/p>\n<p style='margin-top: 10px; font-size: 14px; color: inherit; opacity: 0.85; text-align: center;'>*Im\u00e1genes meramente ilustrativas<\/p>\n<\/p><\/div>\n<\/p><\/div>\n<\/p><\/div>\n<p> <!-- Imagen de garant\u00eda --> <\/p>\n<div style='margin-top: 30px; padding: 15px; border: 1px solid rgba(150&comma; 150&comma; 150&comma; 0.3); border-radius: 8px; text-align: center;'> <img style='width: auto; max-width: 100%; height: auto; border: none;' src='https:\/\/ftp3.syscom.mx\/usuarios\/fotos\/CCR101612G\/81966-garantia1.png' alt='Garant\u00eda' \/> <\/div>\n<p> <!-- Separador final --> <\/p>\n<hr style='border: 0; border-top: 1px solid rgba(150&comma; 150&comma; 150&comma; 0.3); margin: 30px 0;'> <\/div>\n","protected":false},"excerpt":{"rendered":"<p>(hAP Lite) 4 Puertos Fast Ethernet y  Wi-Fi 2.4 GHz 802.11 b\/g\/n<\/p>\n","protected":false},"featured_media":75078,"comment_status":"open","ping_status":"closed","template":"","meta":[],"product_brand":[],"product_cat":[2024],"product_tag":[643,1479,2025],"class_list":{"0":"post-75079","1":"product","2":"type-product","3":"status-publish","4":"has-post-thumbnail","6":"product_cat-routers-inalambricos","7":"product_tag-mikrotik","8":"product_tag-redes-wifi","9":"product_tag-routers-inalambricos","11":"first","12":"outofstock","13":"sale","14":"shipping-taxable","15":"purchasable","16":"product-type-simple"},"_links":{"self":[{"href":"https:\/\/soydeaqui.ddns.net\/pachuca\/index.php\/wp-json\/wp\/v2\/product\/75079","targetHints":{"allow":["GET"]}}],"collection":[{"href":"https:\/\/soydeaqui.ddns.net\/pachuca\/index.php\/wp-json\/wp\/v2\/product"}],"about":[{"href":"https:\/\/soydeaqui.ddns.net\/pachuca\/index.php\/wp-json\/wp\/v2\/types\/product"}],"replies":[{"embeddable":true,"href":"https:\/\/soydeaqui.ddns.net\/pachuca\/index.php\/wp-json\/wp\/v2\/comments?post=75079"}],"wp:featuredmedia":[{"embeddable":true,"href":"https:\/\/soydeaqui.ddns.net\/pachuca\/index.php\/wp-json\/wp\/v2\/media\/75078"}],"wp:attachment":[{"href":"https:\/\/soydeaqui.ddns.net\/pachuca\/index.php\/wp-json\/wp\/v2\/media?parent=75079"}],"wp:term":[{"taxonomy":"product_brand","embeddable":true,"href":"https:\/\/soydeaqui.ddns.net\/pachuca\/index.php\/wp-json\/wp\/v2\/product_brand?post=75079"},{"taxonomy":"product_cat","embeddable":true,"href":"https:\/\/soydeaqui.ddns.net\/pachuca\/index.php\/wp-json\/wp\/v2\/product_cat?post=75079"},{"taxonomy":"product_tag","embeddable":true,"href":"https:\/\/soydeaqui.ddns.net\/pachuca\/index.php\/wp-json\/wp\/v2\/product_tag?post=75079"}],"curies":[{"name":"wp","href":"https:\/\/api.w.org\/{rel}","templated":true}]}}