{"id":75029,"date":"2026-03-19T14:23:54","date_gmt":"2026-03-19T14:23:54","guid":{"rendered":"https:\/\/soydeaqui.ddns.net\/pachuca\/index.php\/producto\/c050065h035a-serie-ptp-650-enlace-punto-punto-ptp-para-bandas-licenciadas-y-de-uso-libre-con-antena-integrada-de-19-dbi-4-9-6-05-ghz-300-mbps-incluye-fuente-sencilla-ca-version-us\/"},"modified":"2026-03-19T14:23:58","modified_gmt":"2026-03-19T14:23:58","slug":"c050065h035a-serie-ptp-650-enlace-punto-punto-ptp-para-bandas-licenciadas-y-de-uso-libre-con-antena-integrada-de-19-dbi-4-9-6-05-ghz-300-mbps-incluye-fuente-sencilla-ca-version-us","status":"publish","type":"product","link":"https:\/\/soydeaqui.ddns.net\/pachuca\/index.php\/producto\/c050065h035a-serie-ptp-650-enlace-punto-punto-ptp-para-bandas-licenciadas-y-de-uso-libre-con-antena-integrada-de-19-dbi-4-9-6-05-ghz-300-mbps-incluye-fuente-sencilla-ca-version-us\/","title":{"rendered":"C050065H035A &#8211; Serie PTP 650 &#8211; enlace punto &#8211; punto (PTP) para bandas licenciadas y de uso libre con antena integrada de 19 dBi, 4.9 &#8211; 6.05 GHz (300 Mbps), incluye fuente sencilla (ca) &#8211; Versi\u00f3n US"},"content":{"rendered":"<div style='width: 100%; max-width: 1200px; margin: 0 auto; font-family: sans-serif; line-height: 1.6; color: inherit; background-color: transparent;'>\n<div style='display: flex; flex-wrap: wrap; gap: 30px; margin-bottom: 30px;'>\n<div style='flex: 1 1 300px; min-width: 280px;'>\n<h3 style='font-size: 22px; border-bottom: 2px solid currentColor; padding-bottom: 5px; margin-top: 0; color: inherit; opacity: 0.8;'>Caracter\u00edsticas principales<\/h3>\n<ul style='padding-left: 20px; font-size: 15px; color: inherit;'>\n<li style='margin-bottom: 5px;'>Enlaces Sin L\u00ednea de Vista (NLOS) hasta 6 km (requiere previo an\u00e1lisis)<\/li>\n<li style='margin-bottom: 5px;'>99.999% de viabilidad del enlace&comma; operando en condiciones normales<\/li>\n<li style='margin-bottom: 5px;'>Modulaci\u00f3n din\u00e1mica hasta 256 QAM<\/li>\n<li style='margin-bottom: 5px;'>Certificaciones ATEX (atm\u00f3sferas explosivas) y HAZLOC (zonas peligrosas). Intr\u00ednsicamente seguro<\/li>\n<li style='margin-bottom: 5px;'>Polaridad vertical\/horizontal simult\u00e1neas (MIMO 2X2)<\/li>\n<li style='margin-bottom: 5px;'>Ancho de canal: 5&comma; 10&comma; 15&comma; 20 y 30 (ajustable dependiendo de la frecuencia)<\/li>\n<li style='margin-bottom: 5px;'>QoS (802.1p&comma; 8 niveles)&comma; VLAN (802.1ad&comma; 802.1Q con prioridad 802.1p)<\/li>\n<li style='margin-bottom: 5px;'>Soporte para IPv6 e IPv4<\/li>\n<li style='margin-bottom: 5px;'>2 puertos Gigabit Ethernet (uno de ellos 802.3af) y un SFP (fibra \u00f3ptica)<\/li>\n<li style='margin-bottom: 5px;'>Soporta enlaces de mediano alcance (9 km)<\/li>\n<li style='margin-bottom: 5px;'>Temperatura de operaci\u00f3n: -40 a 60 \u00baC<\/li>\n<li style='margin-bottom: 5px;'>Encripci\u00f3n propietaria: FIPS 197 AES 128\/256 bits&comma; FIPS 140-2 opcional<\/li>\n<li style='margin-bottom: 5px;'>Alimentaci\u00f3n PoE: 55 Vcc (incluido)<\/li>\n<li style='margin-bottom: 5px;'>Sistemas de videovigilancia de muy alta calidad (megapixel)<\/li>\n<li style='margin-bottom: 5px;'>Env\u00edo\/recepci\u00f3n de hasta 8 l\u00edneas dedicadas E1\/T1 (requiere accesorio adicional)<\/li>\n<li style='margin-bottom: 5px;'>Extensi\u00f3n o sustituci\u00f3n de aplicaciones con fibra \u00f3ptica monomodo o multimodo<\/li>\n<li style='margin-bottom: 5px;'>Videoconferencias en alta definici\u00f3n (720p&comma; 1080p)<\/li>\n<li style='margin-bottom: 5px;'>Servicios de emergencia<\/li>\n<li style='margin-bottom: 5px;'>Telemedicina<\/li>\n<li style='margin-bottom: 5px;'>Sistemas backhaul para LTE<\/li>\n<li style='margin-bottom: 5px;'>Consumo t\u00edpico 30 W; el consumo m\u00e1ximo puede ser de hasta 70 W si alimenta un dispositivo 802.3at desde el puerto auxiliar<\/li>\n<li style='margin-bottom: 5px;'>Dimensiones: 204 x 318 x 90 mm \/ Peso: 3.1 kg<\/li>\n<\/ul><\/div>\n<\/p><\/div>\n<div style='display: flex; flex-wrap: wrap; gap: 30px; margin-bottom: 30px;'>\n<div style='flex: 1 1 300px; min-width: 280px;'>\n<h3 style='font-size: 22px; border-bottom: 2px solid currentColor; padding-bottom: 5px; margin-top: 0; color: inherit; opacity: 0.8;'>Especificaciones t\u00e9cnicas<\/h3>\n<ul style='padding-left: 20px; font-size: 15px; color: inherit;'>\n<li style='margin-bottom: 5px;'><strong>Frecuencia:<\/strong> 4.9 &#8211; 6.05 GHz<\/li>\n<li style='margin-bottom: 5px;'><strong>Velocidad:<\/strong> Hasta 300 Mbps<\/li>\n<li style='margin-bottom: 5px;'><strong>Antena:<\/strong> Integrada de 19 dBi<\/li>\n<li style='margin-bottom: 5px;'><strong>Est\u00e1ndares:<\/strong> IEEE 802.1p&comma; 802.1ad&comma; 802.1Q&comma; 802.3af&comma; 802.3at<\/li>\n<li style='margin-bottom: 5px;'><strong>Protocolos:<\/strong> IPv4&comma; IPv6<\/li>\n<li style='margin-bottom: 5px;'><strong>Seguridad:<\/strong> FIPS 197 AES 128\/256 bits&comma; FIPS 140-2 opcional<\/li>\n<li style='margin-bottom: 5px;'><strong>Interfaz:<\/strong> 2 puertos Gigabit Ethernet&comma; 1 puerto SFP<\/li>\n<li style='margin-bottom: 5px;'><strong>Alimentaci\u00f3n:<\/strong> PoE 55 Vcc (incluido)<\/li>\n<li style='margin-bottom: 5px;'><strong>Consumo:<\/strong> 30 W t\u00edpico&comma; hasta 70 W m\u00e1ximo<\/li>\n<li style='margin-bottom: 5px;'><strong>Temperatura operaci\u00f3n:<\/strong> -40 a 60 \u00baC<\/li>\n<li style='margin-bottom: 5px;'><strong>Dimensiones:<\/strong> 204 x 318 x 90 mm<\/li>\n<li style='margin-bottom: 5px;'><strong>Peso:<\/strong> 3.1 kg<\/li>\n<li style='margin-bottom: 5px;'><strong>Garant\u00eda:<\/strong> 1 a\u00f1o<\/li>\n<\/ul><\/div>\n<\/p><\/div>\n<div style='display: flex; flex-wrap: wrap; gap: 30px; margin-bottom: 30px;'>\n<div style='flex: 1 1 300px; min-width: 280px;'>\n<h3 style='font-size: 22px; border-bottom: 2px solid currentColor; padding-bottom: 5px; margin-top: 0; color: inherit; opacity: 0.8;'>Aplicaciones<\/h3>\n<ul style='padding-left: 20px; font-size: 15px; color: inherit;'>\n<li style='margin-bottom: 5px;'>Sistemas de videovigilancia de muy alta calidad (megapixel)<\/li>\n<li style='margin-bottom: 5px;'>Videoconferencias en alta definici\u00f3n (720p&comma; 1080p)<\/li>\n<li style='margin-bottom: 5px;'>Servicios de emergencia<\/li>\n<li style='margin-bottom: 5px;'>Telemedicina<\/li>\n<li style='margin-bottom: 5px;'>Sistemas backhaul para LTE<\/li>\n<li style='margin-bottom: 5px;'>Extensi\u00f3n o sustituci\u00f3n de aplicaciones con fibra \u00f3ptica monomodo o multimodo<\/li>\n<\/ul><\/div>\n<\/p><\/div>\n<div style='display: flex; flex-wrap: wrap; gap: 30px; margin-bottom: 30px;'>\n<div style='flex: 1 1 300px; min-width: 280px;'>\n<h3 style='font-size: 22px; border-bottom: 2px solid currentColor; padding-bottom: 5px; margin-top: 0; color: inherit; opacity: 0.8;'>Certificaciones<\/h3>\n<ul style='padding-left: 20px; font-size: 15px; color: inherit;'>\n<li style='margin-bottom: 5px;'>ATEX (atm\u00f3sferas explosivas)<\/li>\n<li style='margin-bottom: 5px;'>HAZLOC (zonas peligrosas)<\/li>\n<li style='margin-bottom: 5px;'>Intr\u00ednsicamente seguro<\/li>\n<\/ul><\/div>\n<\/p><\/div>\n<div style='display: flex; flex-wrap: wrap; gap: 30px; margin-bottom: 30px;'>\n<div style='flex: 1 1 300px; min-width: 280px;'>\n<h3 style='font-size: 22px; border-bottom: 2px solid currentColor; padding-bottom: 5px; margin-top: 0; color: inherit; opacity: 0.8;'>Conectividad<\/h3>\n<ul style='padding-left: 20px; font-size: 15px; color: inherit;'>\n<li style='margin-bottom: 5px;'>2 puertos Gigabit Ethernet (uno de ellos 802.3af)<\/li>\n<li style='margin-bottom: 5px;'>1 puerto SFP (fibra \u00f3ptica)<\/li>\n<\/ul><\/div>\n<\/p><\/div>\n<div style='display: flex; flex-wrap: wrap; gap: 30px; margin-bottom: 30px;'>\n<div style='flex: 1 1 300px; min-width: 280px;'>\n<h3 style='font-size: 22px; border-bottom: 2px solid currentColor; padding-bottom: 5px; margin-top: 0; color: inherit; opacity: 0.8;'>Garant\u00eda<\/h3>\n<ul style='padding-left: 20px; font-size: 15px; color: inherit;'>\n<li style='margin-bottom: 5px;'>1 a\u00f1o<\/li>\n<\/ul><\/div>\n<\/p><\/div>\n<div style='display: flex; flex-wrap: wrap; gap: 30px; margin-bottom: 30px;'>\n<div style='flex: 1 1 300px; min-width: 280px;'> <img style='width: 100%; height: auto; border: 1px solid rgba(150&comma;150&comma;150&comma;0.3); border-radius: 8px;' src='http:\/\/ftp3.syscom.mx\/usuarios\/hortega\/Cambium\/cambium-networks-logo.png' alt='Logo de Cambium Networks'> <\/div>\n<\/p><\/div>\n<hr style='border: 0; border-top: 1px solid rgba(150&comma; 150&comma; 150&comma; 0.3); margin: 30px 0;'> <\/div>\n","protected":false},"excerpt":{"rendered":"<p>C050065H035A &#8211; Serie PTP 650 &#8211; enlace punto &#8211; punto (PTP) para bandas licenciadas y de uso libre con antena integrada de 19 dBi, 4.9 &#8211; 6.05 GHz (300 Mbps), incluye fuente sencilla (ca) &#8211; Versi\u00f3n US<\/p>\n","protected":false},"featured_media":75028,"comment_status":"open","ping_status":"closed","template":"","meta":[],"product_brand":[],"product_cat":[2006],"product_tag":[1316,1980,2007],"class_list":{"0":"post-75029","1":"product","2":"type-product","3":"status-publish","4":"has-post-thumbnail","6":"product_cat-otras-bandas","7":"product_tag-cambium-networks","8":"product_tag-enlaces-ptp-y-ptmp","9":"product_tag-otras-bandas","11":"first","12":"outofstock","13":"sale","14":"shipping-taxable","15":"purchasable","16":"product-type-simple"},"_links":{"self":[{"href":"https:\/\/soydeaqui.ddns.net\/pachuca\/index.php\/wp-json\/wp\/v2\/product\/75029","targetHints":{"allow":["GET"]}}],"collection":[{"href":"https:\/\/soydeaqui.ddns.net\/pachuca\/index.php\/wp-json\/wp\/v2\/product"}],"about":[{"href":"https:\/\/soydeaqui.ddns.net\/pachuca\/index.php\/wp-json\/wp\/v2\/types\/product"}],"replies":[{"embeddable":true,"href":"https:\/\/soydeaqui.ddns.net\/pachuca\/index.php\/wp-json\/wp\/v2\/comments?post=75029"}],"wp:featuredmedia":[{"embeddable":true,"href":"https:\/\/soydeaqui.ddns.net\/pachuca\/index.php\/wp-json\/wp\/v2\/media\/75028"}],"wp:attachment":[{"href":"https:\/\/soydeaqui.ddns.net\/pachuca\/index.php\/wp-json\/wp\/v2\/media?parent=75029"}],"wp:term":[{"taxonomy":"product_brand","embeddable":true,"href":"https:\/\/soydeaqui.ddns.net\/pachuca\/index.php\/wp-json\/wp\/v2\/product_brand?post=75029"},{"taxonomy":"product_cat","embeddable":true,"href":"https:\/\/soydeaqui.ddns.net\/pachuca\/index.php\/wp-json\/wp\/v2\/product_cat?post=75029"},{"taxonomy":"product_tag","embeddable":true,"href":"https:\/\/soydeaqui.ddns.net\/pachuca\/index.php\/wp-json\/wp\/v2\/product_tag?post=75029"}],"curies":[{"name":"wp","href":"https:\/\/api.w.org\/{rel}","templated":true}]}}