{"id":74999,"date":"2026-03-19T14:22:41","date_gmt":"2026-03-19T14:22:41","guid":{"rendered":"https:\/\/soydeaqui.ddns.net\/pachuca\/index.php\/producto\/uap-ac-pro-unifi-con-bocina-integrada-para-voceo-mediante-aplicacion-unifi-listo-registro-sip\/"},"modified":"2026-03-19T14:22:53","modified_gmt":"2026-03-19T14:22:53","slug":"uap-ac-pro-unifi-con-bocina-integrada-para-voceo-mediante-aplicacion-unifi-listo-registro-sip","status":"publish","type":"product","link":"https:\/\/soydeaqui.ddns.net\/pachuca\/index.php\/producto\/uap-ac-pro-unifi-con-bocina-integrada-para-voceo-mediante-aplicacion-unifi-listo-registro-sip\/","title":{"rendered":"UAP-AC-PRO UniFi con bocina integrada para voceo mediante aplicaci\u00f3n UniFi, listo registro SIP"},"content":{"rendered":"<div style='width: 100%; max-width: 1200px; margin: 0 auto; font-family: sans-serif; line-height: 1.6; color: inherit; background-color: transparent;'>\n<div style='display: flex; flex-wrap: wrap; gap: 30px; margin-bottom: 30px;'>\n<div style='flex: 1 1 300px; min-width: 280px;'>\n<h3 style='font-size: 22px; border-bottom: 2px solid currentColor; padding-bottom: 5px; margin-top: 0; color: inherit; opacity: 0.8;'>Descripci\u00f3n<\/h3>\n<p style='font-size: 15px; color: inherit; margin: 0 0 15px;'><a href='https:\/\/ftp3.syscom.mx\/usuarios\/dquezada\/Ubiquiti\/UniFi\/UAP-AC-EDU\/Instalacion.PNG'><img style='width: 100%; height: auto; border: 1px solid rgba(150&comma;150&comma;150&comma;0.3); border-radius: 8px;' src='https:\/\/ftp3.syscom.mx\/usuarios\/dquezada\/Ubiquiti\/UniFi\/UAP-AC-EDU\/Instalacion.PNG' alt='' \/><\/a><\/p>\n<p style='font-size: 15px; color: inherit; margin: 0 0 15px;'>UAP-AC-PRO con sistema para voceo. Actualmente para registro SIP. Equipo para interior.<\/p>\n<p style='font-size: 15px; color: inherit; margin: 0 0 15px;'><strong>N\u00famero m\u00e1ximo de dispositivos WiFi conectados:<\/strong> 250 dispositivos m\u00e1ximo.<\/p>\n<\/p><\/div>\n<\/p><\/div>\n<div style='display: flex; flex-wrap: wrap; gap: 30px; margin-bottom: 30px;'>\n<div style='flex: 1 1 300px; min-width: 280px;'>\n<h3 style='font-size: 22px; border-bottom: 2px solid currentColor; padding-bottom: 5px; margin-top: 0; color: inherit; opacity: 0.8;'>Caracter\u00edsticas principales<\/h3>\n<ul style='padding-left: 20px; font-size: 15px; color: inherit; list-style-type: disc;'>\n<li style='margin-bottom: 5px;'>Bocina integrada<\/li>\n<li style='margin-bottom: 5px;'>Est\u00e1ndar Wi-Fi 802.11a\/b\/g\/n\/ac<\/li>\n<li style='margin-bottom: 5px;'>Doble banda 5GHz y 2.4 GHz<\/li>\n<li style='margin-bottom: 5px;'>MIMO 3X3<\/li>\n<li style='margin-bottom: 5px;'>Hasta 1300 Mbps en 5GHz (802.11ac)<\/li>\n<li style='margin-bottom: 5px;'>Hasta 450 Mbps en 2.4GHz y 5 GHz (802.11n)<\/li>\n<\/ul><\/div>\n<div style='flex: 1 1 300px; min-width: 280px;'>\n<h3 style='font-size: 22px; border-bottom: 2px solid currentColor; padding-bottom: 5px; margin-top: 0; color: inherit; opacity: 0.8;'>Caracter\u00edsticas generales<\/h3>\n<ul style='padding-left: 20px; font-size: 15px; color: inherit; list-style-type: disc;'>\n<li style='margin-bottom: 5px;'>1 Puerto Gigabit 10\/100\/1000 Mbps PoE IN 48V 0.5A&comma; soporta alimentaci\u00f3n 802.3at<\/li>\n<li style='margin-bottom: 5px;'>1 Puerto Gigabit secundario para pasar datos<\/li>\n<li style='margin-bottom: 5px;'>Dos antenas duales de 3 dBi<\/li>\n<li style='margin-bottom: 5px;'>Alimentaci\u00f3n de entrada: PoE pasivo 48V 0.5A&comma; soporta alimentaci\u00f3n 802.3at<\/li>\n<li style='margin-bottom: 5px;'>Potencia de salida: 160 mW por banda<\/li>\n<li style='margin-bottom: 5px;'>Consumo m\u00e1ximo de energ\u00eda: 20 W<\/li>\n<li style='margin-bottom: 5px;'>Soporta hasta 8 SSID por radio<\/li>\n<li style='margin-bottom: 5px;'>Dimensiones: 287.5 x 125.9 mm<\/li>\n<\/ul><\/div>\n<\/p><\/div>\n<div style='display: flex; flex-wrap: wrap; gap: 30px; margin-bottom: 30px;'>\n<div style='flex: 1 1 300px; min-width: 280px;'>\n<h3 style='font-size: 22px; border-bottom: 2px solid currentColor; padding-bottom: 5px; margin-top: 0; color: inherit; opacity: 0.8;'>Recomendaciones<\/h3>\n<p style='font-size: 15px; color: inherit; margin: 0 0 15px;'>Se recomienda adquirir controladora UniFi para administrar dispositivos v\u00eda remota&comma; crear hotspot&comma; enviar alertas criticas&comma; etc: Modelo <a href='https:\/\/www.syscom.mx\/producto\/UC-CK-UBIQUITI-NETWORKS-81988.html' style='color: inherit; text-decoration: underline;'>UCCK<\/a><\/p>\n<p style='font-size: 15px; color: inherit; margin: 0 0 15px;'>Incluye alimentador PoE<\/p>\n<\/p><\/div>\n<\/p><\/div>\n<div style='display: flex; flex-wrap: wrap; gap: 30px; margin-bottom: 30px;'>\n<div style='flex: 1 1 300px; min-width: 280px;'>\n<h3 style='font-size: 22px; border-bottom: 2px solid currentColor; padding-bottom: 5px; margin-top: 0; color: inherit; opacity: 0.8;'>Sistema de voceo<\/h3>\n<p style='font-size: 15px; color: inherit; margin: 0 0 15px;'><strong>Sistema de voceo mediante aplicaci\u00f3n para celular v\u00eda WiFi (aplicaci\u00f3n gratuita)<\/strong><\/p>\n<p style='margin: 0 0 15px;'><img style='width: 100%; height: auto; border: 1px solid rgba(150&comma;150&comma;150&comma;0.3); border-radius: 8px;' src='https:\/\/prd-www-cdn.ubnt.com\/media\/images\/product-features\/unifi-ap-ac-edu-features-unified.jpg' alt='' \/><\/p>\n<\/p><\/div>\n<\/p><\/div>\n<div style='display: flex; flex-wrap: wrap; gap: 30px; margin-bottom: 30px;'>\n<div style='flex: 1 1 300px; min-width: 280px;'>\n<h3 style='font-size: 22px; border-bottom: 2px solid currentColor; padding-bottom: 5px; margin-top: 0; color: inherit; opacity: 0.8;'>Sistema ac\u00fastico<\/h3>\n<p style='margin: 0 0 15px;'><img style='width: 100%; height: auto; border: 1px solid rgba(150&comma;150&comma;150&comma;0.3); border-radius: 8px;' src='https:\/\/prd-www-cdn.ubnt.com\/media\/images\/product-features\/unifi-ap-ac-edu-features-acoustics.jpg' alt='' \/><\/p>\n<\/p><\/div>\n<\/p><\/div>\n<div style='display: flex; flex-wrap: wrap; gap: 30px; margin-bottom: 30px;'>\n<div style='flex: 1 1 300px; min-width: 280px;'>\n<h3 style='font-size: 22px; border-bottom: 2px solid currentColor; padding-bottom: 5px; margin-top: 0; color: inherit; opacity: 0.8;'>Grupos de voceo<\/h3>\n<p style='font-size: 15px; color: inherit; margin: 0 0 15px;'>Selecciona en cuales UAPACEDU deseas vocear&comma; elige y crea grupos de voceo<\/p>\n<p style='margin: 0 0 15px;'><img style='width: 100%; height: auto; border: 1px solid rgba(150&comma;150&comma;150&comma;0.3); border-radius: 8px;' src='https:\/\/prd-www-cdn.ubnt.com\/media\/images\/product-features\/unifi-ap-ac-edu-features-mobile-app-2x.jpg' alt='' \/><\/p>\n<\/p><\/div>\n<\/p><\/div>\n<\/p><\/div>\n","protected":false},"excerpt":{"rendered":"<p>UAP-AC-PRO UniFi con bocina integrada para voceo mediante aplicaci\u00f3n UniFi, listo registro SIP<\/p>\n","protected":false},"featured_media":74998,"comment_status":"open","ping_status":"closed","template":"","meta":[],"product_brand":[],"product_cat":[1794],"product_tag":[1795,1479,166],"class_list":{"0":"post-74999","1":"product","2":"type-product","3":"status-publish","4":"has-post-thumbnail","6":"product_cat-puntos-de-acceso","7":"product_tag-puntos-de-acceso","8":"product_tag-redes-wifi","9":"product_tag-ubiquiti","11":"first","12":"outofstock","13":"sale","14":"shipping-taxable","15":"purchasable","16":"product-type-simple"},"_links":{"self":[{"href":"https:\/\/soydeaqui.ddns.net\/pachuca\/index.php\/wp-json\/wp\/v2\/product\/74999","targetHints":{"allow":["GET"]}}],"collection":[{"href":"https:\/\/soydeaqui.ddns.net\/pachuca\/index.php\/wp-json\/wp\/v2\/product"}],"about":[{"href":"https:\/\/soydeaqui.ddns.net\/pachuca\/index.php\/wp-json\/wp\/v2\/types\/product"}],"replies":[{"embeddable":true,"href":"https:\/\/soydeaqui.ddns.net\/pachuca\/index.php\/wp-json\/wp\/v2\/comments?post=74999"}],"wp:featuredmedia":[{"embeddable":true,"href":"https:\/\/soydeaqui.ddns.net\/pachuca\/index.php\/wp-json\/wp\/v2\/media\/74998"}],"wp:attachment":[{"href":"https:\/\/soydeaqui.ddns.net\/pachuca\/index.php\/wp-json\/wp\/v2\/media?parent=74999"}],"wp:term":[{"taxonomy":"product_brand","embeddable":true,"href":"https:\/\/soydeaqui.ddns.net\/pachuca\/index.php\/wp-json\/wp\/v2\/product_brand?post=74999"},{"taxonomy":"product_cat","embeddable":true,"href":"https:\/\/soydeaqui.ddns.net\/pachuca\/index.php\/wp-json\/wp\/v2\/product_cat?post=74999"},{"taxonomy":"product_tag","embeddable":true,"href":"https:\/\/soydeaqui.ddns.net\/pachuca\/index.php\/wp-json\/wp\/v2\/product_tag?post=74999"}],"curies":[{"name":"wp","href":"https:\/\/api.w.org\/{rel}","templated":true}]}}