{"id":7499,"date":"2026-03-18T06:57:08","date_gmt":"2026-03-18T06:57:08","guid":{"rendered":"https:\/\/soydeaqui.ddns.net\/pachuca\/index.php\/producto\/control-pico-inalambrico-para-abanico-de-techo-2\/"},"modified":"2026-03-18T06:57:08","modified_gmt":"2026-03-18T06:57:08","slug":"control-pico-inalambrico-para-abanico-de-techo-2","status":"publish","type":"product","link":"https:\/\/soydeaqui.ddns.net\/pachuca\/index.php\/producto\/control-pico-inalambrico-para-abanico-de-techo-2\/","title":{"rendered":"Control PICO inalambrico para abanico de techo."},"content":{"rendered":"<div style='width: 100%; max-width: 1200px; margin: 0 auto; font-family: sans-serif; line-height: 1.6; color: inherit; background-color: transparent;'>\n<div style='display: flex; flex-wrap: wrap; gap: 30px; margin-bottom: 30px;'>\n<div style='flex: 1 1 300px; min-width: 280px;'>\n<h3 style='font-size: 22px; border-bottom: 2px solid currentColor; padding-bottom: 5px; margin-top: 0; color: inherit; opacity: 0.8;'>Caracter\u00edsticas Principales<\/h3>\n<ul style='padding-left: 20px; font-size: 15px; color: inherit;'>\n<li style='margin-bottom: 5px;'>Control inal\u00e1mbrico compatible con abanicos de techo<\/li>\n<li style='margin-bottom: 5px;'>Conexi\u00f3n inal\u00e1mbrica fiable hasta 30 metros<\/li>\n<li style='margin-bottom: 5px;'>Operaci\u00f3n sencilla con botones t\u00e1ctiles<\/li>\n<li style='margin-bottom: 5px;'>Funciona con hasta 3 niveles de velocidad<\/li>\n<li style='margin-bottom: 5px;'>Bater\u00eda de larga duraci\u00f3n sin cables<\/li>\n<\/ul><\/div>\n<div style='flex: 1 1 300px; min-width: 280px;'>\n<h3 style='font-size: 22px; border-bottom: 2px solid currentColor; padding-bottom: 5px; margin-top: 0; color: inherit; opacity: 0.8;'>Especificaciones T\u00e9cnicas<\/h3>\n<ul style='padding-left: 20px; font-size: 15px; color: inherit;'>\n<li style='margin-bottom: 5px;'><strong>Alimentaci\u00f3n:<\/strong> 3 V con bater\u00eda CR2032 (incluida)<\/li>\n<li style='margin-bottom: 5px;'><strong>Duraci\u00f3n de bater\u00eda:<\/strong> 10 a\u00f1os<\/li>\n<li style='margin-bottom: 5px;'><strong>Comunicaci\u00f3n:<\/strong> RF de 431-437 MHz<\/li>\n<li style='margin-bottom: 5px;'><strong>Rango de operaci\u00f3n:<\/strong> 30 ft (9 m) a trav\u00e9s de paredes&comma; 60 ft (18 m) en l\u00ednea de visi\u00f3n<\/li>\n<li style='margin-bottom: 5px;'><strong>Temperatura operaci\u00f3n:<\/strong> 32 \u02daF a 140 \u02daF (0 \u02daC a 60 \u02daC)<\/li>\n<li style='margin-bottom: 5px;'><strong>Humedad:<\/strong> M\u00e1ximo 90% de humedad relativa no condensante<\/li>\n<li style='margin-bottom: 5px;'><strong>Garant\u00eda:<\/strong> 1 a\u00f1o<\/li>\n<\/ul><\/div>\n<\/p><\/div>\n<div style='display: flex; flex-wrap: wrap; gap: 20px; margin-bottom: 30px;'>\n<div style='flex: 1 1 250px; border: 1px solid rgba(150&comma; 150&comma; 150&comma; 0.4); border-radius: 8px; overflow: hidden; display: flex; flex-direction: column;'>\n<div style='padding: 15px; border-bottom: 1px solid rgba(150&comma; 150&comma; 150&comma; 0.2); font-weight: bold; font-size: 18px; color: inherit;'>Compatibilidad<\/div>\n<div style='padding: 15px; color: inherit;'>\n<ul style='padding-left: 20px; margin: 0; font-size: 14px; list-style-type: disc;'>\n<li style='margin-bottom: 5px;'>Cas\u00e9ta Wireless controls<\/li>\n<li style='margin-bottom: 5px;'>Energi Savr NodeT&comma; Quantum&comma; myRoomT sistemas<\/li>\n<li style='margin-bottom: 5px;'>Vive sistemas (Maestro Wireless&comma; PowPak modules)<\/li>\n<li style='margin-bottom: 5px;'>GRAFIK Eye QS wireless systems<\/li>\n<li style='margin-bottom: 5px;'>HomeWorks QS wireless systems<\/li>\n<li style='margin-bottom: 5px;'>RadioRA 2 systems<\/li>\n<li style='margin-bottom: 5px;'>Serena RF remote control shades<\/li>\n<li style='margin-bottom: 5px;'>Sivoia QS wireless systems<\/li>\n<\/ul><\/div>\n<\/p><\/div>\n<div style='flex: 1 1 250px; border: 1px solid rgba(150&comma; 150&comma; 150&comma; 0.4); border-radius: 8px; overflow: hidden; display: flex; flex-direction: column;'>\n<div style='padding: 15px; border-bottom: 1px solid rgba(150&comma; 150&comma; 150&comma; 0.2); font-weight: bold; font-size: 18px; color: inherit;'>Configuraciones<\/div>\n<div style='padding: 15px; color: inherit;'>\n<ul style='padding-left: 20px; margin: 0; font-size: 14px; list-style-type: disc;'>\n<li style='margin-bottom: 5px;'>Configurable como control de mano<\/li>\n<li style='margin-bottom: 5px;'>Montaje en pared (con o sin placa frontal)<\/li>\n<li style='margin-bottom: 5px;'>Control para visor de autom\u00f3vil<\/li>\n<li style='margin-bottom: 5px;'>Control de escritorio<\/li>\n<\/ul><\/div>\n<\/p><\/div>\n<div style='flex: 1 1 250px; border: 1px solid rgba(150&comma; 150&comma; 150&comma; 0.4); border-radius: 8px; overflow: hidden; display: flex; flex-direction: column;'>\n<div style='padding: 15px; border-bottom: 1px solid rgba(150&comma; 150&comma; 150&comma; 0.2); font-weight: bold; font-size: 18px; color: inherit;'>Modelo PJ23BRLGWHF01<\/div>\n<div style='padding: 15px; color: inherit;'>\n<ul style='padding-left: 20px; margin: 0; font-size: 14px; list-style-type: disc;'>\n<li style='margin-bottom: 5px;'><strong>Botones:<\/strong> 2 con subir\/bajar<\/li>\n<li style='margin-bottom: 5px;'><strong>Color:<\/strong> Blanco brillante<\/li>\n<li style='margin-bottom: 5px;'><strong>Frecuencia:<\/strong> 431.0 &#8211; 437.0 MHz<\/li>\n<li style='margin-bottom: 5px;'><strong>Funci\u00f3n:<\/strong> Control de luz con iconos<\/li>\n<\/ul><\/div>\n<\/p><\/div>\n<\/p><\/div>\n<hr style='border: 0; border-top: 1px solid rgba(150&comma; 150&comma; 150&comma; 0.3); margin: 30px 0;'>\n<div style='display: flex; flex-wrap: wrap; gap: 30px; margin-bottom: 30px;'>\n<div style='flex: 1 1 300px; min-width: 280px;'>\n<h3 style='font-size: 22px; border-bottom: 2px solid currentColor; padding-bottom: 5px; margin-top: 0; color: inherit; opacity: 0.8;'>Consideraciones de Montaje<\/h3>\n<ul style='padding-left: 20px; font-size: 15px; color: inherit;'>\n<li style='margin-bottom: 5px;'>Evitar montar en superficies met\u00e1licas<\/li>\n<li style='margin-bottom: 5px;'>Usar materiales no conductivos para montaje<\/li>\n<li style='margin-bottom: 5px;'>Usar PICO-MOUNT-1-XX-CPN5733 para montaje en superficies met\u00e1licas<\/li>\n<li style='margin-bottom: 5px;'>Disponible kit de montaje en pared (PICO-WB-KIT)<\/li>\n<li style='margin-bottom: 5px;'>Adaptador de pared (PICO-WBX-ADAPT) disponible por separado<\/li>\n<li style='margin-bottom: 5px;'>Clip para visor de autom\u00f3vil (PICO-CARVISOR-CL) disponible por separado<\/li>\n<\/ul><\/div>\n<div style='flex: 1 1 300px; min-width: 280px;'>\n<h3 style='font-size: 22px; border-bottom: 2px solid currentColor; padding-bottom: 5px; margin-top: 0; color: inherit; opacity: 0.8;'>Opciones de Montaje<\/h3>\n<ul style='padding-left: 20px; font-size: 15px; color: inherit;'>\n<li style='margin-bottom: 5px;'>Montaje independiente con adhesivo (incluido)<\/li>\n<li style='margin-bottom: 5px;'>Montaje con tornillos (modelo PICO-SM-KIT)<\/li>\n<li style='margin-bottom: 5px;'>Adaptador para pared (modelo PICO-WBX-ADAPT)<\/li>\n<li style='margin-bottom: 5px;'>Kit de montaje en pared (modelo PJ2-WALL-WH-L01R)<\/li>\n<li style='margin-bottom: 5px;'>Soporte para escritorio (modelo L-PEDX-XX)<\/li>\n<li style='margin-bottom: 5px;'>Soportes disponibles en capacidades de 1 a 4 controles<\/li>\n<\/ul><\/div>\n<\/p><\/div>\n<\/p><\/div>\n","protected":false},"excerpt":{"rendered":"<p>Control PICO inalambrico para abanico de techo.<\/p>\n","protected":false},"featured_media":7498,"comment_status":"open","ping_status":"closed","template":"","meta":[],"product_brand":[],"product_cat":[72],"product_tag":[30,73,36],"class_list":{"0":"post-7499","1":"product","2":"type-product","3":"status-publish","4":"has-post-thumbnail","6":"product_cat-lutron-caseta-wireless","7":"product_tag-automatizacion-casa-inteligente","8":"product_tag-lutron-caseta-wireless","9":"product_tag-lutron-electronics","11":"first","12":"instock","13":"sale","14":"shipping-taxable","15":"purchasable","16":"product-type-simple"},"_links":{"self":[{"href":"https:\/\/soydeaqui.ddns.net\/pachuca\/index.php\/wp-json\/wp\/v2\/product\/7499","targetHints":{"allow":["GET"]}}],"collection":[{"href":"https:\/\/soydeaqui.ddns.net\/pachuca\/index.php\/wp-json\/wp\/v2\/product"}],"about":[{"href":"https:\/\/soydeaqui.ddns.net\/pachuca\/index.php\/wp-json\/wp\/v2\/types\/product"}],"replies":[{"embeddable":true,"href":"https:\/\/soydeaqui.ddns.net\/pachuca\/index.php\/wp-json\/wp\/v2\/comments?post=7499"}],"wp:featuredmedia":[{"embeddable":true,"href":"https:\/\/soydeaqui.ddns.net\/pachuca\/index.php\/wp-json\/wp\/v2\/media\/7498"}],"wp:attachment":[{"href":"https:\/\/soydeaqui.ddns.net\/pachuca\/index.php\/wp-json\/wp\/v2\/media?parent=7499"}],"wp:term":[{"taxonomy":"product_brand","embeddable":true,"href":"https:\/\/soydeaqui.ddns.net\/pachuca\/index.php\/wp-json\/wp\/v2\/product_brand?post=7499"},{"taxonomy":"product_cat","embeddable":true,"href":"https:\/\/soydeaqui.ddns.net\/pachuca\/index.php\/wp-json\/wp\/v2\/product_cat?post=7499"},{"taxonomy":"product_tag","embeddable":true,"href":"https:\/\/soydeaqui.ddns.net\/pachuca\/index.php\/wp-json\/wp\/v2\/product_tag?post=7499"}],"curies":[{"name":"wp","href":"https:\/\/api.w.org\/{rel}","templated":true}]}}