{"id":74978,"date":"2026-03-19T14:21:57","date_gmt":"2026-03-19T14:21:57","guid":{"rendered":"https:\/\/soydeaqui.ddns.net\/pachuca\/index.php\/producto\/access-point-unifi-lite-doble-banda-802-11ac-mimo-2x2-por-banda-soporta-100-clientes-hasta-867-mbps-para-interior-incluye-inyector-poe\/"},"modified":"2026-03-19T14:22:04","modified_gmt":"2026-03-19T14:22:04","slug":"access-point-unifi-lite-doble-banda-802-11ac-mimo-2x2-por-banda-soporta-100-clientes-hasta-867-mbps-para-interior-incluye-inyector-poe","status":"publish","type":"product","link":"https:\/\/soydeaqui.ddns.net\/pachuca\/index.php\/producto\/access-point-unifi-lite-doble-banda-802-11ac-mimo-2x2-por-banda-soporta-100-clientes-hasta-867-mbps-para-interior-incluye-inyector-poe\/","title":{"rendered":"Access Point UniFi Lite \/ Doble Banda 802.11ac \/ MIMO 2X2 por banda \/ Soporta 100 clientes \/ Hasta 867 Mbps \/ Para interior, Incluye Inyector PoE"},"content":{"rendered":"<div style='width: 100%; max-width: 1200px; margin: 0 auto; font-family: sans-serif; line-height: 1.6; color: inherit; background-color: transparent;'>\n<div style='display: flex; flex-direction: column; gap: 20px;'>\n<div style='flex: 1 1 100%;'>\n<h3 style='font-size: 22px; border-bottom: 2px solid currentColor; padding-bottom: 5px; margin-top: 0; color: inherit; opacity: 0.8;'>Access Point WiFi 5 Lite<\/h3>\n<p style='font-size: 15px; margin-top: 0; margin-bottom: 20px;'>WiFi de entrada&comma; para montaje en techo&comma; con 4 cadenas espaciales&comma; dise\u00f1ado para hogares y peque\u00f1as oficinas.<\/p>\n<\/p><\/div>\n<div style='display: flex; flex-wrap: wrap; gap: 20px; margin-bottom: 30px;'>\n<div style='flex: 1 1 250px; border: 1px solid rgba(150&comma; 150&comma; 150&comma; 0.4); border-radius: 8px; overflow: hidden; display: flex; flex-direction: column;'>\n<div style='padding: 15px; border-bottom: 1px solid rgba(150&comma; 150&comma; 150&comma; 0.2); font-weight: bold; font-size: 18px; color: inherit;'>Caracter\u00edsticas<\/div>\n<div style='padding: 15px; color: inherit;'>\n<ul style='padding-left: 20px; margin: 0; font-size: 14px; list-style-type: disc;'>\n<li style='margin-bottom: 5px; display: flex; align-items: center;'> <img style='width: 20px; height: 20px; margin-right: 10px; border: 1px solid rgba(150&comma;150&comma;150&comma;0.3); border-radius: 4px;' src='https:\/\/assets.ecomm.ui.com\/static\/key-features\/wifi5.svg' alt='WiFi 5'> <span style='font-size: 14px;'>WiFi 5<\/span> <\/li>\n<li style='margin-bottom: 5px; display: flex; align-items: center;'> <img style='width: 20px; height: 20px; margin-right: 10px; border: 1px solid rgba(150&comma;150&comma;150&comma;0.3); border-radius: 4px;' src='https:\/\/assets.ecomm.ui.com\/static\/key-features\/streams.svg' alt='Cadenas espaciales'> <span style='font-size: 14px;'>4 cadenas espaciales<\/span> <\/li>\n<li style='margin-bottom: 5px; display: flex; align-items: center;'> <img style='width: 20px; height: 20px; margin-right: 10px; border: 1px solid rgba(150&comma;150&comma;150&comma;0.3); border-radius: 4px;' src='https:\/\/assets.ecomm.ui.com\/static\/key-features\/floorplan.svg' alt='Cobertura'> <span style='font-size: 14px;'>Cobertura hasta 115 m\u00b2 (1&comma;250 ft\u00b2)<\/span> <\/li>\n<li style='margin-bottom: 5px; display: flex; align-items: center;'> <img style='width: 20px; height: 20px; margin-right: 10px; border: 1px solid rgba(150&comma;150&comma;150&comma;0.3); border-radius: 4px;' src='https:\/\/assets.ecomm.ui.com\/static\/key-features\/connection.svg' alt='Dispositivos conectados'> <span style='font-size: 14px;'>Hasta 100 dispositivos conectados<\/span> <\/li>\n<li style='margin-bottom: 5px; display: flex; align-items: center;'> <img style='width: 20px; height: 20px; margin-right: 10px; border: 1px solid rgba(150&comma;150&comma;150&comma;0.3); border-radius: 4px;' src='https:\/\/assets.ecomm.ui.com\/static\/key-features\/poe.svg' alt='PoE'> <span style='font-size: 14px;'>Se energiza con PoE*<\/span> <\/li>\n<li style='margin-bottom: 5px; display: flex; align-items: center;'> <img style='width: 20px; height: 20px; margin-right: 10px; border: 1px solid rgba(150&comma;150&comma;150&comma;0.3); border-radius: 4px;' src='https:\/\/assets.ecomm.ui.com\/static\/key-features\/uplink.svg' alt='Puerto GbE uplink'> <span style='font-size: 14px;'>Puerto GbE uplink<\/span> <\/li>\n<\/ul><\/div>\n<div style='padding: 10px 15px; font-size: 12px; color: inherit; background-color: rgba(150&comma; 150&comma; 150&comma; 0.1);'> *Adaptador de corriente PoE incluido con la compra de unidades individuales. <\/div>\n<\/p><\/div>\n<div style='flex: 1 1 250px; border: 1px solid rgba(150&comma; 150&comma; 150&comma; 0.4); border-radius: 8px; overflow: hidden; display: flex; flex-direction: column;'>\n<div style='padding: 15px; border-bottom: 1px solid rgba(150&comma; 150&comma; 150&comma; 0.2); font-weight: bold; font-size: 18px; color: inherit;'>Especificaciones<\/div>\n<div style='padding: 15px; color: inherit;'>\n<ul style='padding-left: 20px; margin: 0; font-size: 14px; list-style-type: disc;'>\n<li style='margin-bottom: 5px;'><strong>Dimensiones:<\/strong> 160 x 31.45 mm (6.3 x 1.2&#8242;)<\/li>\n<li style='margin-bottom: 5px;'><strong>Est\u00e1ndar WiFi:<\/strong> WiFi 5<\/li>\n<li style='margin-bottom: 5px;'><strong>Corrientes Espaciales:<\/strong> 4<\/li>\n<li style='margin-bottom: 5px;'><strong>\u00c1rea de Cobertura:<\/strong> 115 m\u00b2 (1&comma;250 ft\u00b2)<\/li>\n<li style='margin-bottom: 5px;'><strong>Max. Cuenta de Cliente:<\/strong> 250+<\/li>\n<li style='margin-bottom: 5px;'><strong>Subir:<\/strong> GbE<\/li>\n<li style='margin-bottom: 5px;'><strong>Montaje:<\/strong> Techo&comma; Pared (Monte Lite Incluido)<\/li>\n<li style='margin-bottom: 5px;'><strong>M\u00e9todo de Potencia:<\/strong> PoE 802.3af (Incluido) \/ Compatible con PoE pasivo 24V (pines 4&comma;5 + \/ 6&comma;7 -)<\/li>\n<\/ul><\/div>\n<\/p><\/div>\n<div style='flex: 1 1 250px; border: 1px solid rgba(150&comma; 150&comma; 150&comma; 0.4); border-radius: 8px; overflow: hidden; display: flex; flex-direction: column;'>\n<div style='padding: 15px; border-bottom: 1px solid rgba(150&comma; 150&comma; 150&comma; 0.2); font-weight: bold; font-size: 18px; color: inherit;'>Capacidades WiFi<\/div>\n<div style='padding: 15px; color: inherit;'>\n<ul style='padding-left: 20px; margin: 0; font-size: 14px; list-style-type: disc;'>\n<li style='margin-bottom: 5px;'><strong>MIMO 5 GHz:<\/strong> 2 x 2 (DL MU-MIMO)<\/li>\n<li style='margin-bottom: 5px;'><strong>MIMO 2.4 GHz:<\/strong> 2 x 2 (DL MU-MIMO)<\/li>\n<li style='margin-bottom: 5px;'><strong>Max. Tasa de Datos 5 GHz:<\/strong> 867 Mbps (BW80)<\/li>\n<li style='margin-bottom: 5px;'><strong>Max. Tasa de Datos 2.4 GHz:<\/strong> 450 Mbps (BW40)<\/li>\n<li style='margin-bottom: 5px;'><strong>Ganancia de Antena 5 GHz:<\/strong> 3 dBi<\/li>\n<li style='margin-bottom: 5px;'><strong>Ganancia de Antena 2.4 GHz:<\/strong> 3 dBi<\/li>\n<li style='margin-bottom: 5px;'><strong>Max. TX Poder 5 GHz:<\/strong> 20 dBm<\/li>\n<li style='margin-bottom: 5px;'><strong>Max. TX Poder 2.4 GHz:<\/strong> 20 dBm<\/li>\n<li style='margin-bottom: 5px;'><strong>Max. BSSID:<\/strong> 8 Por Radio<\/li>\n<\/ul><\/div>\n<\/p><\/div>\n<\/p><\/div>\n<div style='display: flex; flex-wrap: wrap; gap: 30px;'>\n<div style='flex: 1 1 100%; min-width: 280px;'>\n<h3 style='font-size: 22px; border-bottom: 2px solid currentColor; padding-bottom: 5px; margin-top: 0; color: inherit; opacity: 0.8;'>Contenido del paquete<\/h3>\n<div style='display: flex; flex-direction: column; gap: 15px;'> <img style='width: 100%; height: auto; border: 1px solid rgba(150&comma;150&comma;150&comma;0.3); border-radius: 8px;' src='https:\/\/ftp3.syscom.mx\/usuarios\/fotos\/UAPACLITE\/80400-captura_de_pantalla_2025-05-22_a_la(s)_9.29.51 a.m..png' alt=''> <\/div>\n<\/p><\/div>\n<\/p><\/div>\n<div style='display: flex; flex-wrap: wrap; gap: 30px;'>\n<div style='flex: 1 1 100%; min-width: 280px;'>\n<h3 style='font-size: 22px; border-bottom: 2px solid currentColor; padding-bottom: 5px; margin-top: 0; color: inherit; opacity: 0.8;'>Funciona con la aplicaci\u00f3n UniFi Network<\/h3>\n<div style='display: flex; flex-direction: column; gap: 15px;'>\n<ul style='padding-left: 20px; font-size: 15px; color: inherit;'>\n<li style='margin-bottom: 5px;'>Administre de forma centralizada m\u00faltiples redes desde una interfaz intuitiva<\/li>\n<li style='margin-bottom: 5px;'>Disfrute de informaci\u00f3n de dispositivos en tiempo real y opciones de configuraci\u00f3n profundas<\/li>\n<li style='margin-bottom: 5px;'>Actualice el firmware del dispositivo de forma remota<\/li>\n<li style='margin-bottom: 5px;'>Administre usuarios de red e invitados con facilidad<\/li>\n<li style='margin-bottom: 5px;'>Personalice el dise\u00f1o&comma; la arquitectura y la privacidad de los puntos de acceso para invitados<\/li>\n<li style='margin-bottom: 5px;'>Configure dispositivos r\u00e1pidamente y admin\u00edstrelos sobre la marcha con una potente aplicaci\u00f3n m\u00f3vil<\/li>\n<\/ul><\/div>\n<\/p><\/div>\n<\/p><\/div>\n<div style='display: flex; flex-wrap: wrap; gap: 30px;'>\n<div style='flex: 1 1 100%; min-width: 280px;'> <img style='width: 100%; height: auto; border: 1px solid rgba(150&comma;150&comma;150&comma;0.3); border-radius: 8px;' src='https:\/\/images.svc.ui.com\/?u=https%3A%2F%2Fcdn.ecomm.ui.com%2Fproducts%2F30ea4cce-588f-40dc-8ce4-a15b02fc43e9%2F780a8528-9bf5-4b1e-b05b-1f72b30fc46c.png&#038;q=75&#038;w=3840' alt=''> <\/div>\n<div style='flex: 1 1 100%; min-width: 280px;'> <img style='width: 100%; height: auto; border: 1px solid rgba(150&comma;150&comma;150&comma;0.3); border-radius: 8px;' src='https:\/\/images.svc.ui.com\/?u=https%3A%2F%2Fcdn.ecomm.ui.com%2Fproducts%2F30ea4cce-588f-40dc-8ce4-a15b02fc43e9%2F551d1410-415c-4469-bec4-1c63a62ae7ec.png&#038;q=75&#038;w=3840' alt=''> <\/div>\n<\/p><\/div>\n<\/p><\/div>\n<\/p><\/div>\n","protected":false},"excerpt":{"rendered":"<p>Access Point UniFi Lite \/ Doble Banda 802.11ac \/ MIMO 2X2 por banda \/ Soporta 100 clientes \/ Hasta 867 Mbps \/ Para interior, Incluye Inyector PoE<\/p>\n","protected":false},"featured_media":74977,"comment_status":"open","ping_status":"closed","template":"","meta":[],"product_brand":[],"product_cat":[1794],"product_tag":[1795,1479,166],"class_list":{"0":"post-74978","1":"product","2":"type-product","3":"status-publish","4":"has-post-thumbnail","6":"product_cat-puntos-de-acceso","7":"product_tag-puntos-de-acceso","8":"product_tag-redes-wifi","9":"product_tag-ubiquiti","11":"first","12":"instock","13":"sale","14":"shipping-taxable","15":"purchasable","16":"product-type-simple"},"_links":{"self":[{"href":"https:\/\/soydeaqui.ddns.net\/pachuca\/index.php\/wp-json\/wp\/v2\/product\/74978","targetHints":{"allow":["GET"]}}],"collection":[{"href":"https:\/\/soydeaqui.ddns.net\/pachuca\/index.php\/wp-json\/wp\/v2\/product"}],"about":[{"href":"https:\/\/soydeaqui.ddns.net\/pachuca\/index.php\/wp-json\/wp\/v2\/types\/product"}],"replies":[{"embeddable":true,"href":"https:\/\/soydeaqui.ddns.net\/pachuca\/index.php\/wp-json\/wp\/v2\/comments?post=74978"}],"wp:featuredmedia":[{"embeddable":true,"href":"https:\/\/soydeaqui.ddns.net\/pachuca\/index.php\/wp-json\/wp\/v2\/media\/74977"}],"wp:attachment":[{"href":"https:\/\/soydeaqui.ddns.net\/pachuca\/index.php\/wp-json\/wp\/v2\/media?parent=74978"}],"wp:term":[{"taxonomy":"product_brand","embeddable":true,"href":"https:\/\/soydeaqui.ddns.net\/pachuca\/index.php\/wp-json\/wp\/v2\/product_brand?post=74978"},{"taxonomy":"product_cat","embeddable":true,"href":"https:\/\/soydeaqui.ddns.net\/pachuca\/index.php\/wp-json\/wp\/v2\/product_cat?post=74978"},{"taxonomy":"product_tag","embeddable":true,"href":"https:\/\/soydeaqui.ddns.net\/pachuca\/index.php\/wp-json\/wp\/v2\/product_tag?post=74978"}],"curies":[{"name":"wp","href":"https:\/\/api.w.org\/{rel}","templated":true}]}}