{"id":74973,"date":"2026-03-19T14:21:43","date_gmt":"2026-03-19T14:21:43","guid":{"rendered":"https:\/\/soydeaqui.ddns.net\/pachuca\/index.php\/producto\/punto-de-acceso-wifi-y-ptmp-sectorial-hasta-512-dispositivos-doble-banda-en-2-4-y-5-ghz-ac-3x3-para-la-industria-4-0-hasta-800-m-de-cobertura-wifi-soporta-fichas-vouchers\/"},"modified":"2026-03-19T14:21:52","modified_gmt":"2026-03-19T14:21:52","slug":"punto-de-acceso-wifi-y-ptmp-sectorial-hasta-512-dispositivos-doble-banda-en-2-4-y-5-ghz-ac-3x3-para-la-industria-4-0-hasta-800-m-de-cobertura-wifi-soporta-fichas-vouchers","status":"publish","type":"product","link":"https:\/\/soydeaqui.ddns.net\/pachuca\/index.php\/producto\/punto-de-acceso-wifi-y-ptmp-sectorial-hasta-512-dispositivos-doble-banda-en-2-4-y-5-ghz-ac-3x3-para-la-industria-4-0-hasta-800-m-de-cobertura-wifi-soporta-fichas-vouchers\/","title":{"rendered":"Punto de Acceso WiFi y PTMP Sectorial, Hasta 512 dispositivos, Doble Banda en 2.4 y 5 GHz AC, 3&#215;3, Para la Industria 4.0, Hasta 800 m de Cobertura Wifi, Soporta Fichas-Vouchers"},"content":{"rendered":"<div style='width: 100%; max-width: 1200px; margin: 0 auto; font-family: sans-serif; line-height: 1.6; color: inherit; background-color: transparent;'>\n<div style='display: flex; flex-wrap: wrap; gap: 30px; margin-bottom: 30px;'>\n<div style='flex: 1 1 300px; min-width: 280px;'>\n<h3 style='font-size: 22px; border-bottom: 2px solid currentColor; padding-bottom: 5px; margin-top: 0; color: inherit; opacity: 0.8;'>Caracter\u00edsticas Principales<\/h3>\n<ul style='padding-left: 20px; font-size: 15px; color: inherit;'>\n<li style='margin-bottom: 5px;'>Tecnolog\u00eda MIMO 3X3 en 2.4 y 5.1-5.8 GHz de Alta Sensibilidad en Recepci\u00f3n<\/li>\n<li style='margin-bottom: 5px;'>Hasta 450 Mbps en 2.4 GHz y 1300 Mbps en 5.1 \u2013 5.8 GHz<\/li>\n<li style='margin-bottom: 5px;'>Hasta 512 dispositivos WiFi concurrentes en total sumando ambas bandas en condiciones \u00f3ptimas<\/li>\n<li style='margin-bottom: 5px;'>Fast Roaming 802.11r para minimizar el tiempo de traslape entre c\u00e9lulas<\/li>\n<li style='margin-bottom: 5px;'>Band steering para balancear los usuarios en ambas bandas 2.4 y 5 GHz<\/li>\n<li style='margin-bottom: 5px;'>Gesti\u00f3n del umbral de conexi\u00f3n SNR para control de c\u00e9lulas de cobertura<\/li>\n<li style='margin-bottom: 5px;'>Super potencia hasta 30 dBm en 2.4 GHz y 5 GHz<\/li>\n<li style='margin-bottom: 5px;'>Cobertura de hasta 1 km en 2.4 Ghz con linea de vista plena<\/li>\n<li style='margin-bottom: 5px;'>Cobertura de hasta 800 m en 5 GHz con linea de vista plena<\/li>\n<\/ul><\/div>\n<div style='flex: 1 1 300px; min-width: 280px;'>\n<h3 style='font-size: 22px; border-bottom: 2px solid currentColor; padding-bottom: 5px; margin-top: 0; color: inherit; opacity: 0.8;'>Caracter\u00edsticas F\u00edsicas y El\u00e9ctricas<\/h3>\n<ul style='padding-left: 20px; font-size: 15px; color: inherit;'>\n<li style='margin-bottom: 5px;'>Antena sectorial integrada 2.4 GHz&comma; 12 dBi&comma; 60\u00ba H&comma; 25\u00ba V<\/li>\n<li style='margin-bottom: 5px;'>Antena sectorial integrada 5.1-5.8 GHz&comma; 13 dBi&comma; 80\u00ba H&comma; 12\u00ba V<\/li>\n<li style='margin-bottom: 5px;'>Alimentaci\u00f3n: 56 Vcc&comma; 1.1 A&comma; v\u00eda inyector PoE pasivo incluido o soporta 802.3at<\/li>\n<li style='margin-bottom: 5px;'>Instalaci\u00f3n en pared&comma; m\u00e1stil o torre en alturas de 6 a 12 m<\/li>\n<li style='margin-bottom: 5px;'>Dimensiones: 49 x 22.2 x 6.0 cm<\/li>\n<li style='margin-bottom: 5px;'>Peso: 5.7 kg<\/li>\n<\/ul><\/div>\n<div style='flex: 1 1 300px; min-width: 280px;'>\n<h3 style='font-size: 22px; border-bottom: 2px solid currentColor; padding-bottom: 5px; margin-top: 0; color: inherit; opacity: 0.8;'>El Paquete Incluye<\/h3>\n<ul style='padding-left: 20px; font-size: 15px; color: inherit;'>\n<li style='margin-bottom: 5px;'>1 Punto de Acceso A3-Ei<\/li>\n<li style='margin-bottom: 5px;'>1 PoE SD-PE-8N-00-00<\/li>\n<li style='margin-bottom: 5px;'>Kit de montaje<\/li>\n<\/ul><\/div>\n<\/p><\/div>\n<div style='display: flex; flex-wrap: wrap; gap: 20px; margin-bottom: 30px;'>\n<div style='flex: 1 1 250px; border: 1px solid rgba(150&comma; 150&comma; 150&comma; 0.4); border-radius: 8px; overflow: hidden; display: flex; flex-direction: column;'>\n<div style='padding: 15px; border-bottom: 1px solid rgba(150&comma; 150&comma; 150&comma; 0.2); font-weight: bold; font-size: 18px; color: inherit;'>Especificaciones T\u00e9cnicas<\/div>\n<div style='padding: 15px; color: inherit;'>\n<ul style='padding-left: 20px; margin: 0; font-size: 14px; list-style-type: disc;'>\n<li style='margin-bottom: 5px;'><strong>Estandar:<\/strong> 802.11 a\/b\/g\/n\/ac MIMO 3&#215;3:3<\/li>\n<li style='margin-bottom: 5px;'><strong>Dispositivos:<\/strong> Hasta 512 dispositivos concurrentes<\/li>\n<li style='margin-bottom: 5px;'><strong>Velocidad:<\/strong> 400 Mbps 2.4 GHz \/ 1.3 Gbps 5 GHz<\/li>\n<li style='margin-bottom: 5px;'><strong>Modos de operaci\u00f3n:<\/strong> Access Point \/ Cliente \/ Bridge \/ Repetidor<\/li>\n<li style='margin-bottom: 5px;'><strong>Potencia:<\/strong> 30 dBm Max. TX Power<\/li>\n<li style='margin-bottom: 5px;'><strong>Gesti\u00f3n:<\/strong> Altai Care \/ On-Premise<\/li>\n<\/ul><\/div>\n<\/p><\/div>\n<div style='flex: 1 1 250px; border: 1px solid rgba(150&comma; 150&comma; 150&comma; 0.4); border-radius: 8px; overflow: hidden; display: flex; flex-direction: column;'>\n<div style='padding: 15px; border-bottom: 1px solid rgba(150&comma; 150&comma; 150&comma; 0.2); font-weight: bold; font-size: 18px; color: inherit;'>Distancia M\u00e1xima<\/div>\n<div style='padding: 15px; color: inherit;'>\n<ul style='padding-left: 20px; margin: 0; font-size: 14px; list-style-type: disc;'>\n<li style='margin-bottom: 5px;'>Hasta 800m para dispositivos Wi-Fi 2.4 GHz<\/li>\n<li style='margin-bottom: 5px;'>Hasta 800m para dispositivos Wi-Fi 5 GHz<\/li>\n<\/ul><\/div>\n<\/p><\/div>\n<\/p><\/div>\n<div style='display: flex; flex-wrap: wrap; gap: 20px; margin-bottom: 30px;'>\n<div style='flex: 1 1 100%; min-width: 280px;'>\n<h3 style='font-size: 22px; border-bottom: 2px solid currentColor; padding-bottom: 5px; margin-top: 0; color: inherit; opacity: 0.8;'>Aplicaciones<\/h3>\n<div style='display: grid; grid-template-columns: repeat(auto-fill&comma; minmax(200px&comma; 1fr)); gap: 15px;'>\n<div style='border: 1px solid rgba(150&comma;150&comma;150&comma;0.3); border-radius: 8px; overflow: hidden;'> <img style='width: 100%; height: auto; border: 1px solid rgba(150&comma;150&comma;150&comma;0.3); border-radius: 8px;' src='https:\/\/ftp3.syscom.mx\/usuarios\/fotos\/VX200\/175994-mineria.jpeg' alt='Miner\u00eda'> <\/p>\n<div style='padding: 10px; font-size: 14px; color: inherit;'>Miner\u00eda<\/div>\n<\/p><\/div>\n<div style='border: 1px solid rgba(150&comma;150&comma;150&comma;0.3); border-radius: 8px; overflow: hidden;'> <img style='width: 100%; height: auto; border: 1px solid rgba(150&comma;150&comma;150&comma;0.3); border-radius: 8px;' src='https:\/\/ftp3.syscom.mx\/usuarios\/fotos\/VX200\/175994-puertos.jpeg' alt='Puertos\/Contenedores'> <\/p>\n<div style='padding: 10px; font-size: 14px; color: inherit;'>Puertos\/Contenedores<\/div>\n<\/p><\/div>\n<div style='border: 1px solid rgba(150&comma;150&comma;150&comma;0.3); border-radius: 8px; overflow: hidden;'> <img style='width: 100%; height: auto; border: 1px solid rgba(150&comma;150&comma;150&comma;0.3); border-radius: 8px;' src='https:\/\/ftp3.syscom.mx\/usuarios\/fotos\/VX200\/175994-estadios.jpeg' alt='Estadios'> <\/p>\n<div style='padding: 10px; font-size: 14px; color: inherit;'>Estadios<\/div>\n<\/p><\/div>\n<div style='border: 1px solid rgba(150&comma;150&comma;150&comma;0.3); border-radius: 8px; overflow: hidden;'> <img style='width: 100%; height: auto; border: 1px solid rgba(150&comma;150&comma;150&comma;0.3); border-radius: 8px;' src='https:\/\/ftp3.syscom.mx\/usuarios\/fotos\/A3W\/80581-aeropuertos.jpeg' alt='Aeropuertos'> <\/p>\n<div style='padding: 10px; font-size: 14px; color: inherit;'>Aeropuertos<\/div>\n<\/p><\/div>\n<div style='border: 1px solid rgba(150&comma;150&comma;150&comma;0.3); border-radius: 8px; overflow: hidden;'> <img style='width: 100%; height: auto; border: 1px solid rgba(150&comma;150&comma;150&comma;0.3); border-radius: 8px;' src='https:\/\/ftp3.syscom.mx\/usuarios\/fotos\/VX200\/175994-complejohabitacional.jpeg' alt='Complejos Tur\u00edsticos'> <\/p>\n<div style='padding: 10px; font-size: 14px; color: inherit;'>Complejos Tur\u00edsticos<\/div>\n<\/p><\/div>\n<div style='border: 1px solid rgba(150&comma;150&comma;150&comma;0.3); border-radius: 8px; overflow: hidden;'> <img style='width: 100%; height: auto; border: 1px solid rgba(150&comma;150&comma;150&comma;0.3); border-radius: 8px;' src='https:\/\/ftp3.syscom.mx\/usuarios\/fotos\/A3C\/80582-campus.jpeg' alt='Campus\/Educaci\u00f3n'> <\/p>\n<div style='padding: 10px; font-size: 14px; color: inherit;'>Campus\/Educaci\u00f3n<\/div>\n<\/p><\/div>\n<div style='border: 1px solid rgba(150&comma;150&comma;150&comma;0.3); border-radius: 8px; overflow: hidden;'> <img style='width: 100%; height: auto; border: 1px solid rgba(150&comma;150&comma;150&comma;0.3); border-radius: 8px;' src='https:\/\/ftp3.syscom.mx\/usuarios\/fotos\/VX200\/175994-hoteleria.jpeg' alt='Hoteler\u00eda'> <\/p>\n<div style='padding: 10px; font-size: 14px; color: inherit;'>Hoteler\u00eda<\/div>\n<\/p><\/div>\n<div style='border: 1px solid rgba(150&comma;150&comma;150&comma;0.3); border-radius: 8px; overflow: hidden;'> <img style='width: 100%; height: auto; border: 1px solid rgba(150&comma;150&comma;150&comma;0.3); border-radius: 8px;' src='https:\/\/ftp3.syscom.mx\/usuarios\/fotos\/VX200\/175994-metropolis.jpeg' alt='Urbano\/Habitacional'> <\/p>\n<div style='padding: 10px; font-size: 14px; color: inherit;'>Urbano\/Habitacional<\/div>\n<\/p><\/div>\n<\/p><\/div>\n<\/p><\/div>\n<\/p><\/div>\n<div style='display: flex; flex-wrap: wrap; gap: 20px; margin-bottom: 30px;'>\n<div style='flex: 1 1 100%; min-width: 280px;'>\n<h3 style='font-size: 22px; border-bottom: 2px solid currentColor; padding-bottom: 5px; margin-top: 0; color: inherit; opacity: 0.8;'>Recursos<\/h3>\n<div style='display: grid; grid-template-columns: repeat(auto-fill&comma; minmax(300px&comma; 1fr)); gap: 15px;'>\n<div style='position: relative; padding-bottom: 56.25%; height: 0; overflow: hidden; margin-bottom: 30px;'>   <\/div>\n<div style='position: relative; padding-bottom: 56.25%; height: 0; overflow: hidden; margin-bottom: 30px;'>   <\/div>\n<div style='position: relative; padding-bottom: 56.25%; height: 0; overflow: hidden; margin-bottom: 30px;'>   <\/div>\n<div style='position: relative; padding-bottom: 56.25%; height: 0; overflow: hidden; margin-bottom: 30px;'>   <\/div>\n<div style='position: relative; padding-bottom: 56.25%; height: 0; overflow: hidden; margin-bottom: 30px;'>   <\/div>\n<div style='position: relative; padding-bottom: 56.25%; height: 0; overflow: hidden; margin-bottom: 30px;'>   <\/div>\n<div style='position: relative; padding-bottom: 56.25%; height: 0; overflow: hidden; margin-bottom: 30px;'>   <\/div>\n<\/p><\/div>\n<\/p><\/div>\n<\/p><\/div>\n<div style='display: flex; flex-wrap: wrap; gap: 20px; margin-bottom: 30px;'>\n<div style='flex: 1 1 100%; min-width: 280px;'>\n<h3 style='font-size: 22px; border-bottom: 2px solid currentColor; padding-bottom: 5px; margin-top: 0; color: inherit; opacity: 0.8;'>Diagramas<\/h3>\n<div style='display: grid; grid-template-columns: repeat(auto-fill&comma; minmax(200px&comma; 1fr)); gap: 15px;'>\n<div style='border: 1px solid rgba(150&comma;150&comma;150&comma;0.3); border-radius: 8px; overflow: hidden;'> <img style='width: 100%; height: auto; border: 1px solid rgba(150&comma;150&comma;150&comma;0.3); border-radius: 8px;' src='https:\/\/ftp3.syscom.mx\/usuarios\/hortega\/Altai\/Altai.png' alt='Altai'> <\/div>\n<div style='border: 1px solid rgba(150&comma;150&comma;150&comma;0.3); border-radius: 8px; overflow: hidden;'> <img style='width: 100%; height: auto; border: 1px solid rgba(150&comma;150&comma;150&comma;0.3); border-radius: 8px;' src='https:\/\/ftp3.syscom.mx\/usuarios\/fotos\/C1N\/74401-image_2019_11_19t22_34_31_506z.png' alt='Detalle'> <\/div>\n<div style='border: 1px solid rgba(150&comma;150&comma;150&comma;0.3); border-radius: 8px; overflow: hidden;'> <img style='width: 100%; height: auto; border: 1px solid rgba(150&comma;150&comma;150&comma;0.3); border-radius: 8px;' src='https:\/\/ftp3.syscom.mx\/usuarios\/hortega\/Altai\/Distancias\/a3_ei.png' alt='Distancia'> <\/div>\n<\/p><\/div>\n<\/p><\/div>\n<\/p><\/div>\n<div style='margin: 30px 0; text-align: center; color: rgba(0&comma;0&comma;0&comma;0.7); font-size: 14px;'> La m\u00e1xima distancia en cobertura&comma; capacidad de dispositivos m\u00f3viles WiFi&comma; velocidades de conexi\u00f3n&comma; etc. depender\u00e1 particularmente de cada sitio de instalaci\u00f3n&comma; l\u00ednea de vista plena 100%&comma; niveles de ruido e interferencia&comma; tipo de dispositivos WiFi&comma; alineaci\u00f3n y altura de las antenas. <\/div>\n<\/p><\/div>\n","protected":false},"excerpt":{"rendered":"<p>Punto de Acceso WiFi y PTMP Sectorial, Hasta 512 dispositivos, Doble Banda en 2.4 y 5 GHz AC, 3&#215;3, Para la Industria 4.0, Hasta 800 m de Cobertura Wifi, Soporta Fichas-Vouchers<\/p>\n","protected":false},"featured_media":74972,"comment_status":"open","ping_status":"closed","template":"","meta":[],"product_brand":[],"product_cat":[1794],"product_tag":[1950,1795,1479],"class_list":{"0":"post-74973","1":"product","2":"type-product","3":"status-publish","4":"has-post-thumbnail","6":"product_cat-puntos-de-acceso","7":"product_tag-altai-technologies","8":"product_tag-puntos-de-acceso","9":"product_tag-redes-wifi","11":"first","12":"outofstock","13":"sale","14":"shipping-taxable","15":"purchasable","16":"product-type-simple"},"_links":{"self":[{"href":"https:\/\/soydeaqui.ddns.net\/pachuca\/index.php\/wp-json\/wp\/v2\/product\/74973","targetHints":{"allow":["GET"]}}],"collection":[{"href":"https:\/\/soydeaqui.ddns.net\/pachuca\/index.php\/wp-json\/wp\/v2\/product"}],"about":[{"href":"https:\/\/soydeaqui.ddns.net\/pachuca\/index.php\/wp-json\/wp\/v2\/types\/product"}],"replies":[{"embeddable":true,"href":"https:\/\/soydeaqui.ddns.net\/pachuca\/index.php\/wp-json\/wp\/v2\/comments?post=74973"}],"wp:featuredmedia":[{"embeddable":true,"href":"https:\/\/soydeaqui.ddns.net\/pachuca\/index.php\/wp-json\/wp\/v2\/media\/74972"}],"wp:attachment":[{"href":"https:\/\/soydeaqui.ddns.net\/pachuca\/index.php\/wp-json\/wp\/v2\/media?parent=74973"}],"wp:term":[{"taxonomy":"product_brand","embeddable":true,"href":"https:\/\/soydeaqui.ddns.net\/pachuca\/index.php\/wp-json\/wp\/v2\/product_brand?post=74973"},{"taxonomy":"product_cat","embeddable":true,"href":"https:\/\/soydeaqui.ddns.net\/pachuca\/index.php\/wp-json\/wp\/v2\/product_cat?post=74973"},{"taxonomy":"product_tag","embeddable":true,"href":"https:\/\/soydeaqui.ddns.net\/pachuca\/index.php\/wp-json\/wp\/v2\/product_tag?post=74973"}],"curies":[{"name":"wp","href":"https:\/\/api.w.org\/{rel}","templated":true}]}}