{"id":74969,"date":"2026-03-19T14:21:34","date_gmt":"2026-03-19T14:21:34","guid":{"rendered":"https:\/\/soydeaqui.ddns.net\/pachuca\/index.php\/producto\/punto-de-acceso-empresarial-mimo-3x3-doble-banda-en-2-4-y-5-ghz-802-11-ac-hasta-250-m-de-coberturahasta-512-clientes-concurrentes-hasta-1750-mbps\/"},"modified":"2026-03-19T14:21:40","modified_gmt":"2026-03-19T14:21:40","slug":"punto-de-acceso-empresarial-mimo-3x3-doble-banda-en-2-4-y-5-ghz-802-11-ac-hasta-250-m-de-coberturahasta-512-clientes-concurrentes-hasta-1750-mbps","status":"publish","type":"product","link":"https:\/\/soydeaqui.ddns.net\/pachuca\/index.php\/producto\/punto-de-acceso-empresarial-mimo-3x3-doble-banda-en-2-4-y-5-ghz-802-11-ac-hasta-250-m-de-coberturahasta-512-clientes-concurrentes-hasta-1750-mbps\/","title":{"rendered":"Punto de Acceso Empresarial MIMO 3&#215;3, Doble Banda en 2.4 y 5 GHz, 802.11 AC, Hasta 250 m de Cobertura,Hasta 512 Clientes Concurrentes, Hasta 1750 Mbps."},"content":{"rendered":"<div style='width: 100%; max-width: 1200px; margin: 0 auto; font-family: sans-serif; line-height: 1.6; color: inherit; background-color: transparent;'>\n<div style='display: flex; flex-wrap: wrap; gap: 30px; margin-bottom: 30px;'>\n<div style='flex: 1 1 300px; min-width: 280px;'> <img style='width: 100%; height: auto; border: 1px solid rgba(150&comma;150&comma;150&comma;0.3); border-radius: 8px;' src='https:\/\/ftp3.syscom.mx\/usuarios\/hortega\/Altai\/Altai.png' alt=''> <\/div>\n<div style='flex: 1 1 300px; min-width: 280px;'> <img style='width: 100%; height: auto; border: 1px solid rgba(150&comma;150&comma;150&comma;0.3); border-radius: 8px;' src='https:\/\/ftp3.syscom.mx\/usuarios\/fotos\/C1N\/74401-image_2019_11_19t22_34_31_506z.png' alt=''> <\/div>\n<\/p><\/div>\n<hr style='border: 0; border-top: 1px solid rgba(150&comma;150&comma;150&comma;0.3); margin: 30px 0;'>\n<div style='text-align: center; margin-bottom: 30px;'> <img style='width: 100%; max-width: 450px; height: auto; border: 1px solid rgba(150&comma;150&comma;150&comma;0.3); border-radius: 8px;' src='https:\/\/ftp3.syscom.mx\/usuarios\/fotos\/A3C\/80582-a3c.jpg' alt=''> <\/div>\n<div style='display: flex; flex-wrap: wrap; gap: 30px; margin-bottom: 30px;'>\n<div style='flex: 1 1 300px; min-width: 280px;'>\n<h3 style='font-size: 22px; border-bottom: 2px solid currentColor; padding-bottom: 5px; margin-top: 0; color: inherit; opacity: 0.8;'>Caracter\u00edsticas Principales<\/h3>\n<ul style='padding-left: 20px; font-size: 15px; color: inherit;'>\n<li style='margin-bottom: 5px;'><strong>MIMO:<\/strong> 3&#215;3:3<\/li>\n<li style='margin-bottom: 5px;'><strong>Est\u00e1ndar Wi-Fi:<\/strong> 802.11 a\/b\/g\/n\/ac<\/li>\n<li style='margin-bottom: 5px;'><strong>Cobertura:<\/strong> Hasta 250 metros<\/li>\n<li style='margin-bottom: 5px;'><strong>Velocidad:<\/strong> Hasta 1750 Mbps<\/li>\n<li style='margin-bottom: 5px;'><strong>Clientes Concurrentes:<\/strong> Hasta 512<\/li>\n<li style='margin-bottom: 5px;'><strong>Modos de Operaci\u00f3n:<\/strong> AP \/ CPE \/ Bridge \/ Repetidor<\/li>\n<\/ul><\/div>\n<div style='flex: 1 1 300px; min-width: 280px;'>\n<h3 style='font-size: 22px; border-bottom: 2px solid currentColor; padding-bottom: 5px; margin-top: 0; color: inherit; opacity: 0.8;'>Especificaciones de Radio<\/h3>\n<ul style='padding-left: 20px; font-size: 15px; color: inherit;'>\n<li style='margin-bottom: 5px;'><strong>2.4 GHz:<\/strong> Hasta 450 Mbps<\/li>\n<li style='margin-bottom: 5px;'><strong>5 GHz:<\/strong> Hasta 1300 Mbps<\/li>\n<li style='margin-bottom: 5px;'><strong>Potencia M\u00e1xima:<\/strong> 30 dBm<\/li>\n<li style='margin-bottom: 5px;'><strong>Antena 2.4 GHz:<\/strong> 3 dBi&comma; 360\u00b0 H&comma; 80\u00b0 V<\/li>\n<li style='margin-bottom: 5px;'><strong>Antena 5 GHz:<\/strong> 8 dBi&comma; 360\u00b0 H&comma; 40\u00b0 V<\/li>\n<li style='margin-bottom: 5px;'><strong>Tecnolog\u00eda:<\/strong> MIMO 3&#215;3:3<\/li>\n<\/ul><\/div>\n<div style='flex: 1 1 300px; min-width: 280px;'>\n<h3 style='font-size: 22px; border-bottom: 2px solid currentColor; padding-bottom: 5px; margin-top: 0; color: inherit; opacity: 0.8;'>Caracter\u00edsticas F\u00edsicas<\/h3>\n<ul style='padding-left: 20px; font-size: 15px; color: inherit;'>\n<li style='margin-bottom: 5px;'><strong>Dimensiones:<\/strong> 230 x 230 x 66 mm<\/li>\n<li style='margin-bottom: 5px;'><strong>Peso:<\/strong> 1.2 kg<\/li>\n<li style='margin-bottom: 5px;'><strong>Montaje:<\/strong> En techo en interiores<\/li>\n<li style='margin-bottom: 5px;'><strong>Temperatura de Operaci\u00f3n:<\/strong> 0 a 50\u00b0 C<\/li>\n<li style='margin-bottom: 5px;'><strong>Consumo de Energ\u00eda:<\/strong> 10 W (t\u00edpicos)&comma; 25 W (m\u00e1ximos)<\/li>\n<li style='margin-bottom: 5px;'><strong>Alimentaci\u00f3n:<\/strong> 12 Vcc v\u00eda fuente de poder&comma; inyector PoE 56 Vcc pasivo y soporta alimentaci\u00f3n v\u00eda switch POE 802.3at<\/li>\n<\/ul><\/div>\n<\/p><\/div>\n<hr style='border: 0; border-top: 1px solid rgba(150&comma;150&comma;150&comma;0.3); margin: 30px 0;'>\n<div style='margin-bottom: 30px;'>\n<h3 style='font-size: 22px; border-bottom: 2px solid currentColor; padding-bottom: 5px; margin-top: 0; color: inherit; opacity: 0.8;'>Aplicaciones<\/h3>\n<p style='font-size: 15px; color: inherit;'>Los puntos de acceso profesionales de la serie A3 s\u00faper Wi-Fi MIMO 3X3:3 802.11ac&comma; han sido dise\u00f1ados para soportar grandes cantidades de dispositivos WiFi en interiores&comma; en las m\u00e1s altas velocidades que el est\u00e1ndar 802.11ac puede ofrecer. Gracias a sus m\u00faltiples tecnolog\u00edas como antenas inteligentes&comma; alta sensibilidad en recepci\u00f3n y reducci\u00f3n de interferencias; los hace ideales para centros de convenciones&comma; cines&comma; centros comerciales&comma; auditorios&comma; bibliotecas&comma; corporativos&comma; edificios gubernamentales&comma; parques p\u00fablicos&comma; escuelas&comma; aeropuertos&comma; estadios&comma; conciertos y muchas aplicaciones m\u00e1s.<\/p>\n<\/p><\/div>\n<div style='display: flex; flex-wrap: wrap; gap: 30px; margin-bottom: 30px;'>\n<div style='flex: 1 1 300px; min-width: 280px;'>\n<div style='border: 1px solid rgba(150&comma; 150&comma; 150&comma; 0.4); border-radius: 8px; overflow: hidden;'>\n<div style='padding: 15px; border-bottom: 1px solid rgba(150&comma; 150&comma; 150&comma; 0.2); font-weight: bold; font-size: 18px; color: inherit;'>Caracter\u00edsticas de Red<\/div>\n<div style='padding: 15px; color: inherit;'>\n<ul style='padding-left: 20px; margin: 0; font-size: 14px; list-style-type: disc;'>\n<li style='margin-bottom: 5px;'>Fast Roaming 802.11r para minimizar el tiempo de traslape entre c\u00e9lulas<\/li>\n<li style='margin-bottom: 5px;'>Band steering para balancear los usuarios en 2.4 y 5 GHz<\/li>\n<li style='margin-bottom: 5px;'>Gesti\u00f3n del umbral de conexi\u00f3n SNR para control de coberturas<\/li>\n<li style='margin-bottom: 5px;'>Modo bridge (switch) y router (gateway)<\/li>\n<\/ul><\/div>\n<\/p><\/div>\n<\/p><\/div>\n<div style='flex: 1 1 300px; min-width: 280px;'>\n<div style='border: 1px solid rgba(150&comma; 150&comma; 150&comma; 0.4); border-radius: 8px; overflow: hidden;'>\n<div style='padding: 15px; border-bottom: 1px solid rgba(150&comma; 150&comma; 150&comma; 0.2); font-weight: bold; font-size: 18px; color: inherit;'>Gesti\u00f3n y Administraci\u00f3n<\/div>\n<div style='padding: 15px; color: inherit;'>\n<ul style='padding-left: 20px; margin: 0; font-size: 14px; list-style-type: disc;'>\n<li style='margin-bottom: 5px;'>Soporta gesti\u00f3n y monitoreo a trav\u00e9s de plataforma AltaiCare en la nube de internet<\/li>\n<li style='margin-bottom: 5px;'>Soporte Altai Care \/ On-Premise<\/li>\n<\/ul><\/div>\n<\/p><\/div>\n<\/p><\/div>\n<\/p><\/div>\n<hr style='border: 0; border-top: 1px solid rgba(150&comma;150&comma;150&comma;0.3); margin: 30px 0;'>\n<div style='display: flex; flex-wrap: wrap; gap: 30px; margin-bottom: 30px;'>\n<div style='flex: 1 1 300px; min-width: 280px;'>\n<div style='text-align: center;'> <img style='width: 100%; max-width: 300px; height: auto; border: 1px solid rgba(150&comma;150&comma;150&comma;0.3); border-radius: 8px;' src='https:\/\/ftp3.syscom.mx\/usuarios\/fotos\/A3W\/80581-hoteleria.jpeg' alt=''> <\/p>\n<p style='margin-top: 10px; font-size: 15px; color: inherit;'><strong>Hoteler\u00eda<\/strong><\/p>\n<\/p><\/div>\n<\/p><\/div>\n<div style='flex: 1 1 300px; min-width: 280px;'>\n<div style='text-align: center;'> <img style='width: 100%; max-width: 300px; height: auto; border: 1px solid rgba(150&comma;150&comma;150&comma;0.3); border-radius: 8px;' src='https:\/\/ftp3.syscom.mx\/usuarios\/fotos\/A3W\/80581-centrocomercial.jpeg' alt=''> <\/p>\n<p style='margin-top: 10px; font-size: 15px; color: inherit;'><strong>Centros Comerciales<\/strong><\/p>\n<\/p><\/div>\n<\/p><\/div>\n<div style='flex: 1 1 300px; min-width: 280px;'>\n<div style='text-align: center;'> <img style='width: 100%; max-width: 300px; height: auto; border: 1px solid rgba(150&comma;150&comma;150&comma;0.3); border-radius: 8px;' src='https:\/\/ftp3.syscom.mx\/usuarios\/fotos\/A3W\/80581-aeropuertos.jpeg' alt=''> <\/p>\n<p style='margin-top: 10px; font-size: 15px; color: inherit;'><strong>Aeropuertos<\/strong><\/p>\n<\/p><\/div>\n<\/p><\/div>\n<\/p><\/div>\n<hr style='border: 0; border-top: 1px solid rgba(150&comma;150&comma;150&comma;0.3); margin: 30px 0;'>\n<div style='display: flex; flex-wrap: wrap; gap: 30px; margin-bottom: 30px;'>\n<div style='flex: 1 1 300px; min-width: 280px;'>\n<div style='position: relative; padding-bottom: 56.25%; height: 0; overflow: hidden; margin-bottom: 30px;'>   <\/div>\n<p style='text-align: center; font-size: 15px; color: inherit;'><strong>Esquema de Licenciamiento de los Sistemas de Gesti\u00f3n<\/strong><\/p>\n<\/p><\/div>\n<div style='flex: 1 1 300px; min-width: 280px;'>\n<div style='position: relative; padding-bottom: 56.25%; height: 0; overflow: hidden; margin-bottom: 30px;'>   <\/div>\n<p style='text-align: center; font-size: 15px; color: inherit;'><strong>Crea tu Hotspot WiFi con AltaiCare<\/strong><\/p>\n<\/p><\/div>\n<div style='flex: 1 1 300px; min-width: 280px;'>\n<div style='position: relative; padding-bottom: 56.25%; height: 0; overflow: hidden; margin-bottom: 30px;'>   <\/div>\n<p style='text-align: center; font-size: 15px; color: inherit;'><strong>Crea Campa\u00f1as Publicitarias con tu Hotspot WiFi de AltaiCare<\/strong><\/p>\n<\/p><\/div>\n<div style='flex: 1 1 300px; min-width: 280px;'>\n<div style='position: relative; padding-bottom: 56.25%; height: 0; overflow: hidden; margin-bottom: 30px;'>   <\/div>\n<p style='text-align: center; font-size: 15px; color: inherit;'><strong>Gestiona Reportes &#038; Alertas de tu red WiFi con AltaiCare<\/strong><\/p>\n<\/p><\/div>\n<\/p><\/div>\n<hr style='border: 0; border-top: 1px solid rgba(150&comma;150&comma;150&comma;0.3); margin: 30px 0;'>\n<div style='margin-bottom: 30px;'>\n<h3 style='font-size: 22px; border-bottom: 2px solid currentColor; padding-bottom: 5px; margin-top: 0; color: inherit; opacity: 0.8;'>Especificaciones T\u00e9cnicas Adicionales<\/h3>\n<ul style='padding-left: 20px; font-size: 15px; color: inherit;'>\n<li style='margin-bottom: 5px;'><strong>Interfaz de Red:<\/strong> 2 puertos Gigabit Ethernet<\/li>\n<li style='margin-bottom: 5px;'><strong>Distancia para laptop\/smartphone (LOS):<\/strong> 2.4 GHz hasta 500 m \/ 5 GHz hasta 400 m<\/li>\n<li style='margin-bottom: 5px;'><strong>Dimensiones:<\/strong> 490 x 220 x 60 mm<\/li>\n<li style='margin-bottom: 5px;'><strong>Peso:<\/strong> 5.7 kg<\/li>\n<li style='margin-bottom: 5px;'><strong>Interfaz de Red:<\/strong> 10\/100\/1000 Mbps<\/li>\n<\/ul><\/div>\n<\/p><\/div>\n","protected":false},"excerpt":{"rendered":"<p>Punto de Acceso Empresarial MIMO 3&#215;3, Doble Banda en 2.4 y 5 GHz, 802.11 AC, Hasta 250 m de Cobertura,Hasta 512 Clientes Concurrentes, Hasta 1750 Mbps.<\/p>\n","protected":false},"featured_media":74968,"comment_status":"open","ping_status":"closed","template":"","meta":[],"product_brand":[],"product_cat":[1794],"product_tag":[1950,1795,1479],"class_list":{"0":"post-74969","1":"product","2":"type-product","3":"status-publish","4":"has-post-thumbnail","6":"product_cat-puntos-de-acceso","7":"product_tag-altai-technologies","8":"product_tag-puntos-de-acceso","9":"product_tag-redes-wifi","11":"first","12":"outofstock","13":"sale","14":"shipping-taxable","15":"purchasable","16":"product-type-simple"},"_links":{"self":[{"href":"https:\/\/soydeaqui.ddns.net\/pachuca\/index.php\/wp-json\/wp\/v2\/product\/74969","targetHints":{"allow":["GET"]}}],"collection":[{"href":"https:\/\/soydeaqui.ddns.net\/pachuca\/index.php\/wp-json\/wp\/v2\/product"}],"about":[{"href":"https:\/\/soydeaqui.ddns.net\/pachuca\/index.php\/wp-json\/wp\/v2\/types\/product"}],"replies":[{"embeddable":true,"href":"https:\/\/soydeaqui.ddns.net\/pachuca\/index.php\/wp-json\/wp\/v2\/comments?post=74969"}],"wp:featuredmedia":[{"embeddable":true,"href":"https:\/\/soydeaqui.ddns.net\/pachuca\/index.php\/wp-json\/wp\/v2\/media\/74968"}],"wp:attachment":[{"href":"https:\/\/soydeaqui.ddns.net\/pachuca\/index.php\/wp-json\/wp\/v2\/media?parent=74969"}],"wp:term":[{"taxonomy":"product_brand","embeddable":true,"href":"https:\/\/soydeaqui.ddns.net\/pachuca\/index.php\/wp-json\/wp\/v2\/product_brand?post=74969"},{"taxonomy":"product_cat","embeddable":true,"href":"https:\/\/soydeaqui.ddns.net\/pachuca\/index.php\/wp-json\/wp\/v2\/product_cat?post=74969"},{"taxonomy":"product_tag","embeddable":true,"href":"https:\/\/soydeaqui.ddns.net\/pachuca\/index.php\/wp-json\/wp\/v2\/product_tag?post=74969"}],"curies":[{"name":"wp","href":"https:\/\/api.w.org\/{rel}","templated":true}]}}