{"id":74941,"date":"2026-03-19T14:20:33","date_gmt":"2026-03-19T14:20:33","guid":{"rendered":"https:\/\/soydeaqui.ddns.net\/pachuca\/index.php\/producto\/antena-direccioonal-dimensiones-2-ft-60-96-cm-ganancia-36-dbi-10-1-11-7-ghz-conector-de-guia-de-onda-para-b11-incluye-montaje-de-alineacion\/"},"modified":"2026-03-19T14:20:40","modified_gmt":"2026-03-19T14:20:40","slug":"antena-direccioonal-dimensiones-2-ft-60-96-cm-ganancia-36-dbi-10-1-11-7-ghz-conector-de-guia-de-onda-para-b11-incluye-montaje-de-alineacion","status":"publish","type":"product","link":"https:\/\/soydeaqui.ddns.net\/pachuca\/index.php\/producto\/antena-direccioonal-dimensiones-2-ft-60-96-cm-ganancia-36-dbi-10-1-11-7-ghz-conector-de-guia-de-onda-para-b11-incluye-montaje-de-alineacion\/","title":{"rendered":"Antena Direccioonal, Dimensiones (2 ft \/ 60.96 cm), Ganancia 36 dBi, 10.1-11.7 GHz, Conector de gu\u00eda de onda para B11, Incluye montaje de alineaci\u00f3n"},"content":{"rendered":"<div style='width: 100%; max-width: 1200px; margin: 0 auto; font-family: sans-serif; line-height: 1.6; color: inherit; background-color: transparent;'>\n<div style='display: flex; flex-direction: column; gap: 30px;'>\n<div style='display: flex; flex-direction: column; gap: 15px;'> <strong style='font-size: 18px; color: inherit;'>Antena de microondas de 10.1 &#8211; 11.7 GHz para radio B11 de Mimosa Networks o serie AF11 de Ubiquiti Networks<\/strong> <\/p>\n<div style='display: flex; flex-direction: column; gap: 10px;'>\n<h3 style='font-size: 22px; border-bottom: 2px solid currentColor; padding-bottom: 5px; margin-top: 0; color: inherit; opacity: 0.8;'>Caracter\u00edsticas T\u00e9cnicas<\/h3>\n<ul style='padding-left: 20px; font-size: 15px; color: inherit; list-style-type: disc;'>\n<li style='margin-bottom: 5px;'>Rango de frecuencia: 10.1 a 11.7 GHz<\/li>\n<li style='margin-bottom: 5px;'>Ganancia en 10.1 GHz de 34 dBi<\/li>\n<li style='margin-bottom: 5px;'>Ganancia en 11.7 GHz de 36 dBi<\/li>\n<li style='margin-bottom: 5px;'>Ancho de haz: -3 dB&comma; 3\u00b0 \u00b1 0.5\u00b0<\/li>\n<li style='margin-bottom: 5px;'>Polarizaci\u00f3n: Vertical\/Horizontal<\/li>\n<li style='margin-bottom: 5px;'>Di\u00e1metro: 0.6 m<\/li>\n<li style='margin-bottom: 5px;'>Peso: 5.5 Kg. (12 lbs)<\/li>\n<li style='margin-bottom: 5px;'><strong>Conector gu\u00eda de onda especial para radio B11 de Mimosa Networks. (No requiere cables coaxiales)<\/strong><\/li>\n<li style='margin-bottom: 5px;'>Para montaje en radios AF11 de Ubiquiti Networks requiere adaptador modelo JX-AF11<\/li>\n<li style='margin-bottom: 5px;'>Incluye montaje de alineaci\u00f3n modelo JDMW-900AR<\/li>\n<\/ul>\n<div style='font-weight: bold; color: inherit;'>PRODUCTO BAJO PEDIDO ESPECIAL<\/div>\n<\/p><\/div>\n<\/p><\/div>\n<p> <img style='width: 100%; height: auto; border: 1px solid rgba(150&comma;150&comma;150&comma;0.3); border-radius: 8px;' src='https:\/\/ftp3.syscom.mx\/usuarios\/ftp\/single_page\/jirous\/header2.jpg' alt=''> <\/p>\n<div style='display: flex; flex-direction: column; gap: 15px;'>\n<h1 style='font-size: 24px; text-align: center; color: inherit;'>Antenas Backhaul de Alta Gama para Enlaces PTP<\/h1>\n<div style='border: 1px solid rgba(150&comma; 150&comma; 150&comma; 0.3); border-radius: 8px; padding: 15px; background-color: rgba(0&comma;0&comma;0&comma;0.05); color: inherit;'>\n<p style='font-size: 15px; margin: 0; color: inherit;'>Antenas de alta gama en backhaul&comma; dise\u00f1adas con material de s\u00faper alta calidad para trabajar en las condiciones m\u00e1s dif\u00edciles&comma; saturaci\u00f3n de ruido o ambiente salino. Dise\u00f1o de frecuencia extendida de 4.9 a 6.1 y 11 GHz.<\/p>\n<\/p><\/div>\n<\/p><\/div>\n<hr style='border: 0; border-top: 1px solid rgba(150&comma; 150&comma; 150&comma; 0.3); margin: 30px 0;'>\n<div style='display: flex; flex-direction: column; gap: 15px;'>\n<h2 style='font-size: 20px; text-align: center; color: inherit; border-bottom: 4px solid #014e94; padding-bottom: 10px;'>Enlaces Punto a Punto<\/h2>\n<p> <img style='width: 100%; height: auto; border: 1px solid rgba(150&comma;150&comma;150&comma;0.3); border-radius: 8px;' src='https:\/\/ftp3.syscom.mx\/usuarios\/ftp\/single_page\/jirous\/ciudad1.jpg' alt=''> <\/p>\n<p style='color: inherit;'>Enlaces punto a punto de 24&comma; 29&comma; 32&comma; 35 dBi para distancias desde 10 hasta 100 km&comma; en frecuencia de 4.9 hasta 6.1 GHz<\/p>\n<p style='color: inherit;'>Antenas PTP de plato hondo dise\u00f1ada para enlaces robustos de alta capacidad y para evitar la interferencia en el ambiente&comma; ideal para el paso de internet&comma; datos&comma; telefon\u00eda IP o video vigilancia en diferentes sectores a distancia de 1 hasta 100 km<\/p>\n<\/p><\/div>\n<hr style='border: 0; border-top: 1px solid rgba(150&comma; 150&comma; 150&comma; 0.3); margin: 30px 0;'>\n<div style='display: grid; grid-template-columns: repeat(auto-fit&comma; minmax(300px&comma; 1fr)); gap: 20px;'>\n<div style='display: flex; flex-direction: column; gap: 15px;'> <img style='width: 100%; height: auto; border: 1px solid rgba(150&comma;150&comma;150&comma;0.3); border-radius: 8px;' src='https:\/\/ftp3.syscom.mx\/usuarios\/ftp\/single_page\/jirous\/platos.jpg' alt=''> <\/p>\n<p style='color: inherit;'>Enlaces punto a punto de 36&comma; 37&comma; 41 dBi para distancias desde 1 hasta 100 km&comma; en frecuencia de 11 GHz.<\/p>\n<\/p><\/div>\n<div style='display: flex; flex-direction: column; gap: 15px;'> <img style='width: 100%; height: auto; border: 1px solid rgba(150&comma;150&comma;150&comma;0.3); border-radius: 8px;' src='https:\/\/ftp3.syscom.mx\/usuarios\/ftp\/single_page\/jirous\/11ghz.jpg' alt=''> <\/p>\n<p style='color: inherit;'>Antenas PTP dise\u00f1adas para radios B11 y AF11 de plato hondo&comma; para enlaces robustos de alta capacidad superando capacidades de hasta 1 Gbps. Ideales para evitar la interferencia en el ambiente. Su dise\u00f1o y gran montaje ayudan a realizar y enlazar enlaces de 1 hasta 100 km<\/p>\n<\/p><\/div>\n<\/p><\/div>\n<hr style='border: 0; border-top: 1px solid rgba(150&comma; 150&comma; 150&comma; 0.3); margin: 30px 0;'>\n<div style='display: grid; grid-template-columns: repeat(auto-fit&comma; minmax(250px&comma; 1fr)); gap: 20px;'>\n<div style='display: flex; flex-direction: column; align-items: center; gap: 10px;'> <img style='width: 100%; height: auto; border: 1px solid rgba(150&comma;150&comma;150&comma;0.3); border-radius: 8px;' src='https:\/\/ftp3.syscom.mx\/usuarios\/fotos\/JRMA012001011\/JRMA012001011.jpg' alt=''> <a style='display: inline-block; padding: 10px 20px; background-color: #007bff; color: white; text-decoration: none; border-radius: 4px;' href='principal\/consultarproductosazul?global_search=ANT11GHZ&#038;ordenar=Relevancia&#038;pag=1'>Ver Antenas de 11 GHz<\/a> <\/div>\n<div style='display: flex; flex-direction: column; align-items: center; gap: 10px;'> <img style='width: 100%; height: auto; border: 1px solid rgba(150&comma;150&comma;150&comma;0.3); border-radius: 8px;' src='https:\/\/ftp3.syscom.mx\/usuarios\/fotos\/BancoFotografiasSyscom\/JIROUS\/JRC24DDMIMO\/JRC24DDMIMO-p.PNG' alt=''> <a style='display: inline-block; padding: 10px 20px; background-color: #007bff; color: white; text-decoration: none; border-radius: 4px;' href='principal\/consultarproductosazul?global_search=ANT5GHZ&#038;ordenar=Relevancia&#038;pag=1'>Ver Antenas de 5 GHz<\/a> <\/div>\n<div style='display: flex; flex-direction: column; align-items: center; gap: 10px;'> <img style='width: 100%; height: auto; border: 1px solid rgba(150&comma;150&comma;150&comma;0.3); border-radius: 8px;' src='https:\/\/ftp3.syscom.mx\/usuarios\/fotos\/BancoFotografiasSyscom\/JIROUS\/JR300MK\/JR300MK-p.PNG' alt=''> <a style='display: inline-block; padding: 10px 20px; background-color: #007bff; color: white; text-decoration: none; border-radius: 4px;' href='principal\/consultarproductosazul?global_search=ACCJIR&#038;ordenar=Relevancia&#038;pag=1'>Ver Accesorios<\/a> <\/div>\n<\/p><\/div>\n<hr style='border: 0; border-top: 1px solid rgba(150&comma; 150&comma; 150&comma; 0.3); margin: 30px 0;'>\n<div style='display: flex; flex-direction: column; gap: 15px;'>\n<h3 style='font-size: 20px; text-align: center; color: inherit; margin: 0;'>Accesorios para Antenas<\/h3>\n<p style='color: inherit;'>Estabilizador para torre&comma; montaje de acero inoxidable&comma; gabinete NEMA para antena y adaptador para AF11 y antena Jirous.<\/p>\n<div style='display: grid; grid-template-columns: repeat(4&comma; 1fr); gap: 15px;'> <img style='width: 100%; height: auto; border: 1px solid rgba(150&comma;150&comma;150&comma;0.3); border-radius: 8px;' src='https:\/\/ftp3.syscom.mx\/usuarios\/ftp\/single_page\/jirous\/ACCESRIO1.jpg' alt=''> <img style='width: 100%; height: auto; border: 1px solid rgba(150&comma;150&comma;150&comma;0.3); border-radius: 8px;' src='https:\/\/ftp3.syscom.mx\/usuarios\/ftp\/single_page\/jirous\/ACCESRIO2.jpg' alt=''> <img style='width: 100%; height: auto; border: 1px solid rgba(150&comma;150&comma;150&comma;0.3); border-radius: 8px;' src='https:\/\/ftp3.syscom.mx\/usuarios\/ftp\/single_page\/jirous\/ACCESRIO3.jpg' alt=''> <img style='width: 100%; height: auto; border: 1px solid rgba(150&comma;150&comma;150&comma;0.3); border-radius: 8px;' src='https:\/\/ftp3.syscom.mx\/usuarios\/ftp\/single_page\/jirous\/ACCESRIO4.jpg' alt=''> <\/div>\n<\/p><\/div>\n<\/p><\/div>\n<\/p><\/div>\n","protected":false},"excerpt":{"rendered":"<p>Antena Direccioonal, Dimensiones (2 ft \/ 60.96 cm), Ganancia 36 dBi, 10.1-11.7 GHz, Conector de gu\u00eda de onda para B11, Incluye montaje de alineaci\u00f3n<\/p>\n","protected":false},"featured_media":74940,"comment_status":"open","ping_status":"closed","template":"","meta":[],"product_brand":[],"product_cat":[1918],"product_tag":[1404,1919,1936],"class_list":{"0":"post-74941","1":"product","2":"type-product","3":"status-publish","4":"has-post-thumbnail","6":"product_cat-direccionales","7":"product_tag-antenas","8":"product_tag-direccionales","9":"product_tag-jirous","11":"first","12":"outofstock","13":"sale","14":"shipping-taxable","15":"purchasable","16":"product-type-simple"},"_links":{"self":[{"href":"https:\/\/soydeaqui.ddns.net\/pachuca\/index.php\/wp-json\/wp\/v2\/product\/74941","targetHints":{"allow":["GET"]}}],"collection":[{"href":"https:\/\/soydeaqui.ddns.net\/pachuca\/index.php\/wp-json\/wp\/v2\/product"}],"about":[{"href":"https:\/\/soydeaqui.ddns.net\/pachuca\/index.php\/wp-json\/wp\/v2\/types\/product"}],"replies":[{"embeddable":true,"href":"https:\/\/soydeaqui.ddns.net\/pachuca\/index.php\/wp-json\/wp\/v2\/comments?post=74941"}],"wp:featuredmedia":[{"embeddable":true,"href":"https:\/\/soydeaqui.ddns.net\/pachuca\/index.php\/wp-json\/wp\/v2\/media\/74940"}],"wp:attachment":[{"href":"https:\/\/soydeaqui.ddns.net\/pachuca\/index.php\/wp-json\/wp\/v2\/media?parent=74941"}],"wp:term":[{"taxonomy":"product_brand","embeddable":true,"href":"https:\/\/soydeaqui.ddns.net\/pachuca\/index.php\/wp-json\/wp\/v2\/product_brand?post=74941"},{"taxonomy":"product_cat","embeddable":true,"href":"https:\/\/soydeaqui.ddns.net\/pachuca\/index.php\/wp-json\/wp\/v2\/product_cat?post=74941"},{"taxonomy":"product_tag","embeddable":true,"href":"https:\/\/soydeaqui.ddns.net\/pachuca\/index.php\/wp-json\/wp\/v2\/product_tag?post=74941"}],"curies":[{"name":"wp","href":"https:\/\/api.w.org\/{rel}","templated":true}]}}