{"id":74934,"date":"2026-03-19T14:20:16","date_gmt":"2026-03-19T14:20:16","guid":{"rendered":"https:\/\/soydeaqui.ddns.net\/pachuca\/index.php\/producto\/regulador-de-voltaje-total-ground-de-450va-360-watts-480-joules-de-proteccion-l-n-l-g-y-n-g\/"},"modified":"2026-03-19T14:20:17","modified_gmt":"2026-03-19T14:20:17","slug":"regulador-de-voltaje-total-ground-de-450va-360-watts-480-joules-de-proteccion-l-n-l-g-y-n-g","status":"publish","type":"product","link":"https:\/\/soydeaqui.ddns.net\/pachuca\/index.php\/producto\/regulador-de-voltaje-total-ground-de-450va-360-watts-480-joules-de-proteccion-l-n-l-g-y-n-g\/","title":{"rendered":"Regulador de Voltaje TOTAL GROUND de 450VA\/360 Watts, 480 Joules de Protecci\u00f3n L-N, L-G y N-G."},"content":{"rendered":"<div style='width: 100%; max-width: 1200px; margin: 0 auto; font-family: sans-serif; line-height: 1.6; color: inherit; background-color: transparent;'> <!-- Secci\u00f3n de descripci\u00f3n --> <\/p>\n<div style='margin-bottom: 30px;'>\n<h2 style='font-size: 24px; border-bottom: 2px solid currentColor; padding-bottom: 5px; margin-top: 0; color: inherit; opacity: 0.8;'>Descripci\u00f3n del Producto<\/h2>\n<p style='font-size: 15px; color: inherit;'>Regulador con supresi\u00f3n de picos transitorios&comma; variaciones en las l\u00edneas de alimentaci\u00f3n de los equipos de c\u00f3mputo&comma; impresoras de inyecci\u00f3n&comma; switch&comma; Hub&comma; router&comma; telefon\u00eda ip&comma; etc.&comma; lo cual permite que los equipos funcionen en condiciones normales&comma; protegiendo a cada uno de ellos contra da\u00f1os y\/o p\u00e9rdida total de su funcionamiento. El equipo es autom\u00e1tico y totalmente libre de mantenimiento.<\/p>\n<\/p><\/div>\n<p> <!-- Secci\u00f3n de caracter\u00edsticas t\u00e9cnicas --> <\/p>\n<div style='display: flex; flex-wrap: wrap; gap: 30px; margin-bottom: 30px;'>\n<div style='flex: 1 1 300px; min-width: 280px;'>\n<h3 style='font-size: 22px; border-bottom: 2px solid currentColor; padding-bottom: 5px; margin-top: 0; color: inherit; opacity: 0.8;'>Caracter\u00edsticas T\u00e9cnicas<\/h3>\n<ul style='padding-left: 20px; font-size: 15px; color: inherit;'>\n<li style='margin-bottom: 5px;'><strong>Voltaje de entrada:<\/strong> 85~150Vca @ 60Hz<\/li>\n<li style='margin-bottom: 5px;'><strong>Voltaje de salida:<\/strong> 120Vca \u00b110%<\/li>\n<li style='margin-bottom: 5px;'><strong>Protecci\u00f3n contra operaci\u00f3n fuera de rango:<\/strong> Restablecimiento autom\u00e1tico en 10 segundos<\/li>\n<li style='margin-bottom: 5px;'><strong>Capacidad:<\/strong> 450VA \/ 360 Watts<\/li>\n<li style='margin-bottom: 5px;'><strong>Tiempo de respuesta:<\/strong> 40 ms<\/li>\n<li style='margin-bottom: 5px;'><strong>Temperatura de operaci\u00f3n:<\/strong> 0 \u2013 50\u00b0C<\/li>\n<li style='margin-bottom: 5px;'><strong>Tecnolog\u00eda:<\/strong> Suma y resta de Taps<\/li>\n<\/ul><\/div>\n<p> <!-- Secci\u00f3n de protecci\u00f3n --> <\/p>\n<div style='flex: 1 1 300px; min-width: 280px;'>\n<h3 style='font-size: 22px; border-bottom: 2px solid currentColor; padding-bottom: 5px; margin-top: 0; color: inherit; opacity: 0.8;'>Protecci\u00f3n<\/h3>\n<ul style='padding-left: 20px; font-size: 15px; color: inherit;'>\n<li style='margin-bottom: 5px;'><strong>Protecci\u00f3n de l\u00ednea:<\/strong> 480 Joules<\/li>\n<li style='margin-bottom: 5px;'><strong>Protecci\u00f3n transitoria de l\u00ednea:<\/strong> 10 kA<\/li>\n<li style='margin-bottom: 5px;'><strong>Protecci\u00f3n:<\/strong> L-N&comma; L-G y N-G<\/li>\n<li style='margin-bottom: 5px;'><strong>Voltaje de Clamping UL 1449:<\/strong> 400V<\/li>\n<li style='margin-bottom: 5px;'><strong>Fusible t\u00e9rmico:<\/strong> 15A<\/li>\n<li style='margin-bottom: 5px;'><strong>Fusible de filamento:<\/strong> 5A (salida)<\/li>\n<li style='margin-bottom: 5px;'><strong>Norma:<\/strong> UL1449 \/ CSA<\/li>\n<\/ul><\/div>\n<p> <!-- Secci\u00f3n de dimensiones --> <\/p>\n<div style='flex: 1 1 300px; min-width: 280px;'>\n<h3 style='font-size: 22px; border-bottom: 2px solid currentColor; padding-bottom: 5px; margin-top: 0; color: inherit; opacity: 0.8;'>Dimensiones<\/h3>\n<ul style='padding-left: 20px; font-size: 15px; color: inherit;'>\n<li style='margin-bottom: 5px;'><strong>Ancho:<\/strong> 21.5 cm<\/li>\n<li style='margin-bottom: 5px;'><strong>Alto:<\/strong> 11.0 cm<\/li>\n<li style='margin-bottom: 5px;'><strong>Fondo:<\/strong> 15.00 cm<\/li>\n<li style='margin-bottom: 5px;'><strong>Peso:<\/strong> 2.600 kg aprox.<\/li>\n<\/ul><\/div>\n<\/p><\/div>\n<p> <!-- Secci\u00f3n de especificaciones adicionales --> <\/p>\n<div style='display: flex; flex-wrap: wrap; gap: 20px; margin-bottom: 30px;'>\n<div style='flex: 1 1 250px; border: 1px solid rgba(150&comma; 150&comma; 150&comma; 0.4); border-radius: 8px; overflow: hidden; display: flex; flex-direction: column;'>\n<div style='padding: 15px; border-bottom: 1px solid rgba(150&comma; 150&comma; 150&comma; 0.2); font-weight: bold; font-size: 18px; color: inherit;'>Conexiones<\/div>\n<div style='padding: 15px; color: inherit;'>\n<ul style='padding-left: 20px; margin: 0; font-size: 14px; list-style-type: disc;'>\n<li style='margin-bottom: 5px;'><strong>Contactos:<\/strong> 4 regulados y protegidos contra transitorios<\/li>\n<li style='margin-bottom: 5px;'><strong>Tensi\u00f3n Nominal:<\/strong> 1 Fase<\/li>\n<\/ul><\/div>\n<\/p><\/div>\n<div style='flex: 1 1 250px; border: 1px solid rgba(150&comma;150&comma;150&comma;0.4); border-radius: 8px; overflow: hidden; display: flex; flex-direction: column;'>\n<div style='padding: 15px; border-bottom: 1px solid rgba(150&comma;150&comma;150&comma;0.2); font-weight: bold; font-size: 18px; color: inherit;'>Garant\u00eda<\/div>\n<div style='padding: 15px; color: inherit;'>\n<ul style='padding-left: 20px; margin: 0; font-size: 14px; list-style-type: disc;'>\n<li style='margin-bottom: 5px;'>1 a\u00f1o de garant\u00eda<\/li>\n<\/ul><\/div>\n<\/p><\/div>\n<\/p><\/div>\n<p> <!-- Separador --> <\/p>\n<hr style='border: 0; border-top: 1px solid rgba(150&comma; 150&comma; 150&comma; 0.3); margin: 30px 0;'> <\/div>\n","protected":false},"excerpt":{"rendered":"<p>Regulador de Voltaje TOTAL GROUND de 450VA\/360 Watts, 480 Joules de Protecci\u00f3n L-N, L-G y N-G.<\/p>\n","protected":false},"featured_media":74933,"comment_status":"open","ping_status":"closed","template":"","meta":[],"product_brand":[],"product_cat":[973],"product_tag":[533,62,635],"class_list":{"0":"post-74934","1":"product","2":"type-product","3":"status-publish","4":"has-post-thumbnail","6":"product_cat-todos-proteccion-contra-sobretensiones-automatizacion-e-intrusion","7":"product_tag-proteccion-contra-sobretensiones","8":"product_tag-todos","9":"product_tag-total-ground","11":"first","12":"outofstock","13":"sale","14":"shipping-taxable","15":"purchasable","16":"product-type-simple"},"_links":{"self":[{"href":"https:\/\/soydeaqui.ddns.net\/pachuca\/index.php\/wp-json\/wp\/v2\/product\/74934","targetHints":{"allow":["GET"]}}],"collection":[{"href":"https:\/\/soydeaqui.ddns.net\/pachuca\/index.php\/wp-json\/wp\/v2\/product"}],"about":[{"href":"https:\/\/soydeaqui.ddns.net\/pachuca\/index.php\/wp-json\/wp\/v2\/types\/product"}],"replies":[{"embeddable":true,"href":"https:\/\/soydeaqui.ddns.net\/pachuca\/index.php\/wp-json\/wp\/v2\/comments?post=74934"}],"wp:featuredmedia":[{"embeddable":true,"href":"https:\/\/soydeaqui.ddns.net\/pachuca\/index.php\/wp-json\/wp\/v2\/media\/74933"}],"wp:attachment":[{"href":"https:\/\/soydeaqui.ddns.net\/pachuca\/index.php\/wp-json\/wp\/v2\/media?parent=74934"}],"wp:term":[{"taxonomy":"product_brand","embeddable":true,"href":"https:\/\/soydeaqui.ddns.net\/pachuca\/index.php\/wp-json\/wp\/v2\/product_brand?post=74934"},{"taxonomy":"product_cat","embeddable":true,"href":"https:\/\/soydeaqui.ddns.net\/pachuca\/index.php\/wp-json\/wp\/v2\/product_cat?post=74934"},{"taxonomy":"product_tag","embeddable":true,"href":"https:\/\/soydeaqui.ddns.net\/pachuca\/index.php\/wp-json\/wp\/v2\/product_tag?post=74934"}],"curies":[{"name":"wp","href":"https:\/\/api.w.org\/{rel}","templated":true}]}}