{"id":74920,"date":"2026-03-19T14:19:45","date_gmt":"2026-03-19T14:19:45","guid":{"rendered":"https:\/\/soydeaqui.ddns.net\/pachuca\/index.php\/producto\/punto-de-acceso-wifi-ptp-y-ptmp-doble-banda-simultanea-ideal-para-industria-4-0-hasta-1-7-km-de-cobertura-wifi-antena-sectorial-mimo-8x8-integrada-de-100-de-apertura-en-2-4-ghz-mimo-2x2-con\/"},"modified":"2026-03-19T14:19:56","modified_gmt":"2026-03-19T14:19:56","slug":"punto-de-acceso-wifi-ptp-y-ptmp-doble-banda-simultanea-ideal-para-industria-4-0-hasta-1-7-km-de-cobertura-wifi-antena-sectorial-mimo-8x8-integrada-de-100-de-apertura-en-2-4-ghz-mimo-2x2-con","status":"publish","type":"product","link":"https:\/\/soydeaqui.ddns.net\/pachuca\/index.php\/producto\/punto-de-acceso-wifi-ptp-y-ptmp-doble-banda-simultanea-ideal-para-industria-4-0-hasta-1-7-km-de-cobertura-wifi-antena-sectorial-mimo-8x8-integrada-de-100-de-apertura-en-2-4-ghz-mimo-2x2-con\/","title":{"rendered":"Punto de Acceso WiFi, PTP y PTMP Doble Banda Simultanea, Ideal Para Industria 4.0, Hasta 1.7 Km de Cobertura WiFi, Antena Sectorial MIMO 8&#215;8 Integrada de 100\u00b0 de Apertura en 2.4 GHz, MIMO 2&#215;2 Conectorizado en 5 GHz."},"content":{"rendered":"<div style='width: 100%; max-width: 1200px; margin: 0 auto; font-family: sans-serif; line-height: 1.6; color: inherit; background-color: transparent;'> <!-- Im\u00e1genes principales --> <\/p>\n<div style='display: flex; flex-wrap: wrap; gap: 20px; justify-content: center; margin-bottom: 30px;'> <img style='width: 100%; max-width: 300px; height: auto; border: 1px solid rgba(150&comma;150&comma;150&comma;0.3); border-radius: 8px;' src='https:\/\/ftp3.syscom.mx\/usuarios\/hortega\/Altai\/Altai.png' alt=''> <img style='width: 100%; max-width: 230px; height: auto; border: 1px solid rgba(150&comma;150&comma;150&comma;0.3); border-radius: 8px;' src='https:\/\/ftp3.syscom.mx\/usuarios\/fotos\/C1N\/74401-image_2019_11_19t22_34_31_506z.png' alt=''> <\/div>\n<p> <!-- T\u00edtulo de beneficios --> <\/p>\n<h2 style='font-size: 20px; text-align: center; margin-bottom: 20px; color: inherit; opacity: 0.9; font-weight: bold;'> Algunos beneficios de la estaci\u00f3n base A8-Ein (ac) <\/h2>\n<p> <!-- Secci\u00f3n de beneficios --> <\/p>\n<div style='margin-bottom: 30px;'>\n<p style='font-size: 15px; color: inherit; margin-bottom: 15px;'> Gran capacidad en doble banda para dispositivos WiFi concurrentes&comma; hasta 1024 en condiciones \u00f3ptimas. Gran capacidad de ancho de banda en cada radio. <\/p>\n<p style='font-size: 15px; color: inherit; margin-bottom: 15px;'> Tecnolog\u00eda de antenas inteligentes en 2.4 GHz para m\u00e1xima cobertura. Tecnolog\u00eda de alta sensibilidad en recepci\u00f3n MIMO 8X8 en 2.4 GHz para gran alcance. <\/p>\n<p style='font-size: 15px; color: inherit; margin-bottom: 15px;'> Control de interferencia adaptativo que ayuda a reducir las fuentes de interferencia. Soporta gesti\u00f3n y monitoreo profesional en la nube a trav\u00e9s de AltaiCare Cloud. <\/p>\n<p style='font-size: 15px; color: inherit; margin-bottom: 15px;'> Soporta gesti\u00f3n y monitoreo profesional en servidor local a trav\u00e9s de AltaiCare on-premises. Se utilizan menos puntos de acceso de Altai Technologies para la misma \u00e1rea de cobertura en comparaci\u00f3n con otras soluciones del mercado. <\/p>\n<\/p><\/div>\n<p> <!-- Imagen central --> <\/p>\n<div style='text-align: center; margin: 30px 0;'> <img style='width: 100%; max-width: 450px; height: auto; border: 1px solid rgba(150&comma;150&comma;150&comma;0.3); border-radius: 8px;' src='https:\/\/ftp3.syscom.mx\/usuarios\/fotos\/A8EINAC\/87584-a8ein.png' alt=''> <\/p>\n<p style='margin-top: 15px; font-size: 15px; color: inherit; text-align: center;'> <strong>Distancia M\u00e1xima<\/strong> Hasta <strong>1.7 km<\/strong> para dispositivos Wi-Fi \/ 2.4&comma; Hasta <strong>900 m<\/strong> en 5 GHz <\/p>\n<\/p><\/div>\n<p> <!-- Tabla de caracter\u00edsticas --> <\/p>\n<div style='display: flex; flex-wrap: wrap; gap: 20px; margin-bottom: 30px;'>\n<div style='flex: 1 1 250px; min-width: 200px; border: 1px solid rgba(150&comma;150&comma;150&comma;0.3); border-radius: 8px; padding: 15px;'>\n<div style='display: flex; align-items: center; margin-bottom: 10px;'> <img style='width: 40px; height: auto; margin-right: 10px;' src='https:\/\/ftp3.syscom.mx\/usuarios\/hortega\/Altai\/Logos\/Wifi.png' alt=''> <strong style='font-size: 16px; color: inherit;'>Est\u00e1ndar Wi-Fi<\/strong> <\/div>\n<ul style='padding-left: 20px; font-size: 14px; color: inherit; list-style-type: disc;'>\n<li style='margin-bottom: 5px;'>802.11 a\/b\/g\/n\/ac<\/li>\n<\/ul><\/div>\n<div style='flex: 1 1 250px; min-width: 200px; border: 1px solid rgba(150&comma;150&comma;150&comma;0.3); border-radius: 8px; padding: 15px;'>\n<div style='display: flex; align-items: center; margin-bottom: 10px;'> <img style='width: 40px; height: auto; margin-right: 10px;' src='https:\/\/ftp3.syscom.mx\/usuarios\/hortega\/Altai\/Logos\/usuarios.png' alt=''> <strong style='font-size: 16px; color: inherit;'>Capacidad<\/strong> <\/div>\n<ul style='padding-left: 20px; font-size: 14px; color: inherit; list-style-type: disc;'>\n<li style='margin-bottom: 5px;'>Hasta <strong>512 dispositivos concurrentes<\/strong><\/li>\n<\/ul><\/div>\n<div style='flex: 1 1 250px; min-width: 200px; border: 1px solid rgba(150&comma;150&comma;150&comma;0.3); border-radius: 8px; padding: 15px;'>\n<div style='display: flex; align-items: center; margin-bottom: 10px;'> <img style='width: 40px; height: auto; margin-right: 10px;' src='https:\/\/ftp3.syscom.mx\/usuarios\/hortega\/Altai\/Logos\/velocidad.png' alt=''> <strong style='font-size: 16px; color: inherit;'>Velocidad<\/strong> <\/div>\n<ul style='padding-left: 20px; font-size: 14px; color: inherit; list-style-type: disc;'>\n<li style='margin-bottom: 5px;'><strong>300 Mbps<\/strong> &#8211; 2.4 GHz<\/li>\n<li style='margin-bottom: 5px;'><strong>867 Mbps<\/strong> &#8211; 5 GHz<\/li>\n<\/ul><\/div>\n<div style='flex: 1 1 250px; min-width: 200px; border: 1px solid rgba(150&comma;150&comma;150&comma;0.3); border-radius: 8px; padding: 15px;'>\n<div style='display: flex; align-items: center; margin-bottom: 10px;'> <img style='width: 40px; height: auto; margin-right: 10px;' src='https:\/\/ftp3.syscom.mx\/usuarios\/hortega\/Altai\/Logos\/repetidor.png' alt=''> <strong style='font-size: 16px; color: inherit;'>Modos de Operaci\u00f3n<\/strong> <\/div>\n<ul style='padding-left: 20px; font-size: 14px; color: inherit; list-style-type: disc;'>\n<li style='margin-bottom: 5px;'>Access Point<\/li>\n<li style='margin-bottom: 5px;'>Cliente<\/li>\n<li style='margin-bottom: 5px;'>Repetidor Altai<\/li>\n<\/ul><\/div>\n<div style='flex: 1 1 250px; min-width: 200px; border: 1px solid rgba(150&comma;150&comma;150&comma;0.3); border-radius: 8px; padding: 15px;'>\n<div style='display: flex; align-items: center; margin-bottom: 10px;'> <img style='width: 40px; height: auto; margin-right: 10px;' src='https:\/\/ftp3.syscom.mx\/usuarios\/hortega\/Altai\/Logos\/potencia.png' alt=''> <strong style='font-size: 16px; color: inherit;'>Potencia<\/strong> <\/div>\n<ul style='padding-left: 20px; font-size: 14px; color: inherit; list-style-type: disc;'>\n<li style='margin-bottom: 5px;'><strong>26 dBm<\/strong> Max. TX Power<\/li>\n<\/ul><\/div>\n<div style='flex: 1 1 250px; min-width: 200px; border: 1px solid rgba(150&comma;150&comma;150&comma;0.3); border-radius: 8px; padding: 15px;'>\n<div style='display: flex; align-items: center; margin-bottom: 10px;'> <img style='width: 40px; height: auto; margin-right: 10px;' src='https:\/\/ftp3.syscom.mx\/usuarios\/hortega\/Altai\/Logos\/nube.png' alt=''> <strong style='font-size: 16px; color: inherit;'>Gesti\u00f3n<\/strong> <\/div>\n<ul style='padding-left: 20px; font-size: 14px; color: inherit; list-style-type: disc;'>\n<li style='margin-bottom: 5px;'>Soporte Altai Care<\/li>\n<li style='margin-bottom: 5px;'>On-Premise<\/li>\n<\/ul><\/div>\n<\/p><\/div>\n<p> <!-- Separador --> <\/p>\n<hr style='border: 0; border-top: 1px solid rgba(150&comma; 150&comma; 150&comma; 0.3); margin: 30px 0;'> <!-- Especificaciones t\u00e9cnicas --> <\/p>\n<div style='display: flex; flex-wrap: wrap; gap: 30px; margin-bottom: 30px;'>\n<div style='flex: 1 1 300px; min-width: 280px;'>\n<h3 style='font-size: 20px; border-bottom: 2px solid currentColor; padding-bottom: 5px; margin-top: 0; color: inherit; opacity: 0.8;'>Especificaciones Principales<\/h3>\n<ul style='padding-left: 20px; font-size: 14px; color: inherit; list-style-type: disc;'>\n<li style='margin-bottom: 5px;'>Modo de operaci\u00f3n AP\/Bridge\/Repetidor.<\/li>\n<li style='margin-bottom: 5px;'>Doble banda en 2.4 y 5 GHz.<\/li>\n<li style='margin-bottom: 5px;'>Estandares IEEE 802.11 a\/b\/g\/n\/ac.<\/li>\n<li style='margin-bottom: 5px;'>Hasta 300 Mbps en 2.4 GHz.<\/li>\n<li style='margin-bottom: 5px;'>Hasta 867 Mbps en 5 GHz.<\/li>\n<li style='margin-bottom: 5px;'>Potencia Max. 27 dBm en 2.4 GHz y 29 dBm en 5 GHz.<\/li>\n<li style='margin-bottom: 5px;'>32 SSID (16 SSID x Radio).<\/li>\n<li style='margin-bottom: 5px;'>Fast Roaming.<\/li>\n<li style='margin-bottom: 5px;'>Control de ancho de banda por SSID\/Cliente.<\/li>\n<li style='margin-bottom: 5px;'>Multiples opciones de gesti\u00f3n:<\/li>\n<ul style='padding-left: 25px; margin-top: 5px; margin-bottom: 5px; list-style-type: square;'>\n<li style='margin-bottom: 5px;'>Interfaz Web (Stand-alone)<\/li>\n<li style='margin-bottom: 5px;'>Plataforma en nube AltaiCare (Unifica la red&comma; Hotspot&comma; Grupos de Gesti\u00f3n&comma; Publicidad etc)<\/li>\n<li style='margin-bottom: 5px;'>Altai Gate<\/li>\n<\/ul>\n<\/ul><\/div>\n<div style='flex: 1 1 300px; min-width: 280px;'>\n<h3 style='font-size: 20px; border-bottom: 2px solid currentColor; padding-bottom: 5px; margin-top: 0; color: inherit; opacity: 0.8;'>Especificaciones F\u00edsicas y El\u00e9ctricas<\/h3>\n<ul style='padding-left: 20px; font-size: 14px; color: inherit; list-style-type: disc;'>\n<li style='margin-bottom: 5px;'>1 Puerto Ethernet 10\/100\/1000 Mbps.<\/li>\n<li style='margin-bottom: 5px;'>Antena sectorial en 2.4 GHz de 19 dBi.<\/li>\n<li style='margin-bottom: 5px;'>Antena de 2.4 GHz con apertura de 100\u00b0 H y 14\u00b0 V.<\/li>\n<li style='margin-bottom: 5px;'>Conectorizado en 5 GHz con 2 conectores N Hembra.<\/li>\n<li style='margin-bottom: 5px;'><strong>Soporta PoE pasivo de 56 Vcc<\/strong> (incluye PoE).<\/li>\n<li style='margin-bottom: 5px;'>Dimensiones 46.7 x 43.9 x 11.1 cm.<\/li>\n<li style='margin-bottom: 5px;'>Peso 8.2 kg.<\/li>\n<li style='margin-bottom: 5px;'>Soporta temperaturas de -40 a 60\u00b0C.<\/li>\n<li style='margin-bottom: 5px;'>Carcasa con clasificaci\u00f3n IP67.<\/li>\n<\/ul><\/div>\n<div style='flex: 1 1 300px; min-width: 280px;'>\n<h3 style='font-size: 20px; border-bottom: 2px solid currentColor; padding-bottom: 5px; margin-top: 0; color: inherit; opacity: 0.8;'>Contenido del Paquete<\/h3>\n<ul style='padding-left: 20px; font-size: 14px; color: inherit; list-style-type: disc;'>\n<li style='margin-bottom: 5px;'>Punto de Acceso A8-Ein.<\/li>\n<li style='margin-bottom: 5px;'>Kit de Montaje.<\/li>\n<li style='margin-bottom: 5px;'>PoE Pasivo de 56 Vcc<\/li>\n<\/ul><\/div>\n<\/p><\/div>\n<p> <!-- Im\u00e1genes de aplicaciones --> <\/p>\n<div style='margin-bottom: 30px;'>\n<h3 style='font-size: 20px; text-align: center; border-bottom: 2px solid currentColor; padding-bottom: 5px; margin-top: 0; margin-bottom: 20px; color: inherit; opacity: 0.8;'>Aplicaciones Comunes<\/h3>\n<div style='display: grid; grid-template-columns: repeat(auto-fill&comma; minmax(200px&comma; 1fr)); gap: 20px; margin-bottom: 30px;'>\n<div style='text-align: center;'> <img style='width: 100%; height: auto; border: 1px solid rgba(150&comma;150&comma;150&comma;0.3); border-radius: 8px;' src='https:\/\/ftp3.syscom.mx\/usuarios\/fotos\/VX200\/175994-mineria.jpeg' alt='Miner\u00eda'> <\/p>\n<p style='margin-top: 10px; font-size: 14px; color: inherit;'><strong>\u2022 Miner\u00eda<\/strong><\/p>\n<\/p><\/div>\n<div style='text-align: center;'> <img style='width: 100%; height: auto; border: 1px solid rgba(150&comma;150&comma;150&comma;0.3); border-radius: 8px;' src='https:\/\/ftp3.syscom.mx\/usuarios\/fotos\/VX200\/175994-puertos.jpeg' alt='Puertos\/Contenedores'> <\/p>\n<p style='margin-top: 10px; font-size: 14px; color: inherit;'><strong>\u2022 Puertos\/Contenedores<\/strong><\/p>\n<\/p><\/div>\n<div style='text-align: center;'> <img style='width: 100%; height: auto; border: 1px solid rgba(150&comma;150&comma;150&comma;0.3); border-radius: 8px;' src='https:\/\/ftp3.syscom.mx\/usuarios\/fotos\/VX200\/175994-estadios.jpeg' alt='Estadios'> <\/p>\n<p style='margin-top: 10px; font-size: 14px; color: inherit;'><strong>\u2022 Estadios<\/strong><\/p>\n<\/p><\/div>\n<div style='text-align: center;'> <img style='width: 100%; height: auto; border: 1px solid rgba(150&comma;150&comma;150&comma;0.3); border-radius: 8px;' src='https:\/\/ftp3.syscom.mx\/usuarios\/fotos\/A3W\/80581-aeropuertos.jpeg' alt='Aeropuertos'> <\/p>\n<p style='margin-top: 10px; font-size: 14px; color: inherit;'><strong>\u2022 Aeropuertos<\/strong><\/p>\n<\/p><\/div>\n<div style='text-align: center;'> <img style='width: 100%; height: auto; border: 1px solid rgba(150&comma;150&comma;150&comma;0.3); border-radius: 8px;' src='https:\/\/ftp3.syscom.mx\/usuarios\/fotos\/VX200\/175994-complejohabitacional.jpeg' alt='Complejos Tur\u00edsticos'> <\/p>\n<p style='margin-top: 10px; font-size: 14px; color: inherit;'><strong>\u2022 Complejos Tur\u00edsticos<\/strong><\/p>\n<\/p><\/div>\n<div style='text-align: center;'> <img style='width: 100%; height: auto; border: 1px solid rgba(150&comma;150&comma;150&comma;0.3); border-radius: 8px;' src='https:\/\/ftp3.syscom.mx\/usuarios\/fotos\/A3C\/80582-campus.jpeg' alt='Campus\/Educaci\u00f3n'> <\/p>\n<p style='margin-top: 10px; font-size: 14px; color: inherit;'><strong>\u2022 Campus\/Educaci\u00f3n<\/strong><\/p>\n<\/p><\/div>\n<div style='text-align: center;'> <img style='width: 100%; height: auto; border: 1px solid rgba(150&comma;150&comma;150&comma;0.3); border-radius: 8px;' src='https:\/\/ftp3.syscom.mx\/usuarios\/fotos\/VX200\/175994-hoteleria.jpeg' alt='Hoteler\u00eda'> <\/p>\n<p style='margin-top: 10px; font-size: 14px; color: inherit;'><strong>\u2022 Hoteler\u00eda<\/strong><\/p>\n<\/p><\/div>\n<div style='text-align: center;'> <img style='width: 100%; height: auto; border: 1px solid rgba(150&comma;150&comma;150&comma;0.3); border-radius: 8px;' src='https:\/\/ftp3.syscom.mx\/usuarios\/fotos\/VX200\/175994-metropolis.jpeg' alt='Urbano\/Habitacional'> <\/p>\n<p style='margin-top: 10px; font-size: 14px; color: inherit;'><strong>\u2022 Urbano\/Habitacional<\/strong><\/p>\n<\/p><\/div>\n<\/p><\/div>\n<\/p><\/div>\n<p> <!-- Videos --> <\/p>\n<div style='margin-bottom: 30px;'>\n<h3 style='font-size: 20px; text-align: center; border-bottom: 2px solid currentColor; padding-bottom: 5px; margin-top: 0; margin-bottom: 20px; color: inherit; opacity: 0.8;'>Videos Informativos<\/h3>\n<div style='display: grid; grid-template-columns: repeat(auto-fill&comma; minmax(300px&comma; 1fr)); gap: 20px;'>\n<div style='position: relative; padding-bottom: 56.25%; height: 0; overflow: hidden;'>   <\/div>\n<div style='position: relative; padding-bottom: 56.25%; height: 0; overflow: hidden;'>   <\/div>\n<div style='position: relative; padding-bottom: 56.25%; height: 0; overflow: hidden;'>   <\/div>\n<div style='position: relative; padding-bottom: 56.25%; height: 0; overflow: hidden;'>   <\/div>\n<div style='position: relative; padding-bottom: 56.25%; height: 0; overflow: hidden;'>   <\/div>\n<\/p><\/div>\n<\/p><\/div>\n<\/p><\/div>\n","protected":false},"excerpt":{"rendered":"<p>Punto de Acceso WiFi, PTP y PTMP Doble Banda Simultanea, Ideal Para Industria 4.0, Hasta 1.7 Km de Cobertura WiFi, Antena Sectorial MIMO 8&#215;8 Integrada de 100\u00b0 de Apertura en 2.4 GHz, MIMO 2&#215;2 Conectorizado en 5 GHz.<\/p>\n","protected":false},"featured_media":74919,"comment_status":"open","ping_status":"closed","template":"","meta":[],"product_brand":[],"product_cat":[1794],"product_tag":[1950,1795,1479],"class_list":{"0":"post-74920","1":"product","2":"type-product","3":"status-publish","4":"has-post-thumbnail","6":"product_cat-puntos-de-acceso","7":"product_tag-altai-technologies","8":"product_tag-puntos-de-acceso","9":"product_tag-redes-wifi","11":"first","12":"outofstock","13":"sale","14":"shipping-taxable","15":"purchasable","16":"product-type-simple"},"_links":{"self":[{"href":"https:\/\/soydeaqui.ddns.net\/pachuca\/index.php\/wp-json\/wp\/v2\/product\/74920","targetHints":{"allow":["GET"]}}],"collection":[{"href":"https:\/\/soydeaqui.ddns.net\/pachuca\/index.php\/wp-json\/wp\/v2\/product"}],"about":[{"href":"https:\/\/soydeaqui.ddns.net\/pachuca\/index.php\/wp-json\/wp\/v2\/types\/product"}],"replies":[{"embeddable":true,"href":"https:\/\/soydeaqui.ddns.net\/pachuca\/index.php\/wp-json\/wp\/v2\/comments?post=74920"}],"wp:featuredmedia":[{"embeddable":true,"href":"https:\/\/soydeaqui.ddns.net\/pachuca\/index.php\/wp-json\/wp\/v2\/media\/74919"}],"wp:attachment":[{"href":"https:\/\/soydeaqui.ddns.net\/pachuca\/index.php\/wp-json\/wp\/v2\/media?parent=74920"}],"wp:term":[{"taxonomy":"product_brand","embeddable":true,"href":"https:\/\/soydeaqui.ddns.net\/pachuca\/index.php\/wp-json\/wp\/v2\/product_brand?post=74920"},{"taxonomy":"product_cat","embeddable":true,"href":"https:\/\/soydeaqui.ddns.net\/pachuca\/index.php\/wp-json\/wp\/v2\/product_cat?post=74920"},{"taxonomy":"product_tag","embeddable":true,"href":"https:\/\/soydeaqui.ddns.net\/pachuca\/index.php\/wp-json\/wp\/v2\/product_tag?post=74920"}],"curies":[{"name":"wp","href":"https:\/\/api.w.org\/{rel}","templated":true}]}}