{"id":74917,"date":"2026-03-19T14:19:38","date_gmt":"2026-03-19T14:19:38","guid":{"rendered":"https:\/\/soydeaqui.ddns.net\/pachuca\/index.php\/producto\/audioportero-telefonico-600-numeros-telefonicos-control-para-2-puertas-empotrable-marcacion-a-16-digitos-linea-digital-o-analoga\/"},"modified":"2026-03-19T14:19:42","modified_gmt":"2026-03-19T14:19:42","slug":"audioportero-telefonico-600-numeros-telefonicos-control-para-2-puertas-empotrable-marcacion-a-16-digitos-linea-digital-o-analoga","status":"publish","type":"product","link":"https:\/\/soydeaqui.ddns.net\/pachuca\/index.php\/producto\/audioportero-telefonico-600-numeros-telefonicos-control-para-2-puertas-empotrable-marcacion-a-16-digitos-linea-digital-o-analoga\/","title":{"rendered":"Audioportero telef\u00f3nico \/ 600 n\u00fameros telef\u00f3nicos \/ Control para 2 puertas \/ Empotrable \/ Marcaci\u00f3n a 16 digitos \/ Linea digital o an\u00e1loga"},"content":{"rendered":"<div style='width: 100%; max-width: 1200px; margin: 0 auto; font-family: sans-serif; line-height: 1.6; color: inherit;'>\n<div style='display: flex; flex-wrap: wrap; gap: 30px; margin-bottom: 30px;'>\n<div style='flex: 1 1 300px; min-width: 280px;'>\n<h3 style='font-size: 22px; border-bottom: 2px solid currentColor; padding-bottom: 5px; margin-top: 0; color: inherit; opacity: 0.8;'>Caracter\u00edsticas principales<\/h3>\n<ul style='padding-left: 20px; font-size: 15px; color: inherit;'>\n<li style='margin-bottom: 5px;'>Servicio para 600 n\u00fameros telef\u00f3nicos<\/li>\n<li style='margin-bottom: 5px;'>Acepta n\u00fameros telef\u00f3nicos de hasta 16 d\u00edgitos<\/li>\n<li style='margin-bottom: 5px;'>C\u00f3digos programables de 1 a 4 d\u00edgitos<\/li>\n<\/ul><\/div>\n<div style='flex: 1 1 300px; min-width: 280px;'>\n<h3 style='font-size: 22px; border-bottom: 2px solid currentColor; padding-bottom: 5px; margin-top: 0; color: inherit; opacity: 0.8;'>Caracter\u00edsticas F\u00edsicas<\/h3>\n<ul style='padding-left: 20px; font-size: 15px; color: inherit;'>\n<li style='margin-bottom: 5px;'>Equipo anti vand\u00e1lico<\/li>\n<li style='margin-bottom: 5px;'>Alimentaci\u00f3n de 16 VAC (Transformador incluido)<\/li>\n<li style='margin-bottom: 5px;'>Consumo de corriente de 250 mA<\/li>\n<\/ul><\/div>\n<div style='flex: 1 1 300px; min-width: 280px;'>\n<h3 style='font-size: 22px; border-bottom: 2px solid currentColor; padding-bottom: 5px; margin-top: 0; color: inherit; opacity: 0.8;'>Caracter\u00edsticas de Control<\/h3>\n<ul style='padding-left: 20px; font-size: 15px; color: inherit;'>\n<li style='margin-bottom: 5px;'>2 Salidas de relevador para 2 puertas<\/li>\n<li style='margin-bottom: 5px;'><strong>Montaje para empotrar<\/strong><\/li>\n<li style='margin-bottom: 5px;'>Compatible con l\u00edneas an\u00e1logas o digitales<\/li>\n<\/ul><\/div>\n<\/p><\/div>\n<hr style='border: 0; border-top: 1px solid rgba(150&comma; 150&comma; 150&comma; 0.3); margin: 30px 0;'>\n<div style='display: flex; flex-wrap: wrap; gap: 30px; margin-bottom: 30px;'>\n<div style='flex: 1 1 400px; min-width: 280px;'>\n<h2 style='font-size: 20px; margin-top: 0; color: inherit;'>M\u00e9todos de apertura<\/h2>\n<ul style='padding-left: 20px; font-size: 15px; color: inherit;'>\n<li style='margin-bottom: 5px;'>Llamada telef\u00f3nica (Celular o tel\u00e9fono fijo)<\/li>\n<li style='margin-bottom: 5px;'>C\u00f3digo de apertura directo al teclado<\/li>\n<\/ul>\n<h2 style='font-size: 20px; margin-top: 0; color: inherit;'>Compatibilidad<\/h2>\n<ul style='padding-left: 20px; font-size: 15px; color: inherit;'>\n<li style='margin-bottom: 5px;'>Con motores y barreras Doorking<\/li>\n<li style='margin-bottom: 5px;'>Cualquier barrera y motor que se active por medio de contacto seco<\/li>\n<\/ul>\n<h2 style='font-size: 20px; margin-top: 0; color: inherit;'>Notas adicionales<\/h2>\n<ul style='padding-left: 20px; font-size: 15px; color: inherit;'>\n<li style='margin-bottom: 5px;'>Equipo con un a\u00f1o de garant\u00eda contra defectos de fabricaci\u00f3n<\/li>\n<li style='margin-bottom: 5px;'>Requiere l\u00ednea telef\u00f3nica no incluida (Se contrata con su proveedor local)<\/li>\n<li style='margin-bottom: 5px;'>Programaci\u00f3n directo al teclado del portero<\/li>\n<li style='margin-bottom: 5px;'>Peso aproximado 9 kg<\/li>\n<li style='margin-bottom: 5px;'>Temperatura de operaci\u00f3n de -12 a 62 \u00b0C<\/li>\n<\/ul><\/div>\n<div style='flex: 1 1 400px; min-width: 280px;'> <img style='width: 100%; height: auto; border: 1px solid rgba(150&comma;150&comma;150&comma;0.3); border-radius: 8px;' src='https:\/\/ftp3.syscom.mx\/usuarios\/fotos\/1802089\/87580-medidas_1802-089.png' alt='Medidas del portero Doorking 1802089'> <\/div>\n<\/p><\/div>\n<hr style='border: 0; border-top: 1px solid rgba(150&comma; 150&comma; 150&comma; 0.3); margin: 30px 0;'>\n<p style='text-align: center; font-size: 15px; color: inherit; margin: 30px 0;'><strong>Control de acceso telef\u00f3nico ideal para aplicaciones donde se tiene espacio limitado o no se requiere un directorio telef\u00f3nico. Adem\u00e1s se puede utilizar cuando existe ya un directorio telef\u00f3nico por separado.<\/strong><\/p>\n<hr style='border: 0; border-top: 1px solid rgba(150&comma; 150&comma; 150&comma; 0.3); margin: 30px 0;'>\n<div style='margin-bottom: 30px;'> <img style='width: 100%; height: auto; border: 1px solid rgba(150&comma;150&comma;150&comma;0.3); border-radius: 8px;' src='https:\/\/ftp3.syscom.mx\/usuarios\/fotos\/1802082\/87432-imagenes_1802.png' alt='Instalaciones 1802'> <\/div>\n<hr style='border: 0; border-top: 1px solid rgba(150&comma; 150&comma; 150&comma; 0.3); margin: 30px 0;'>\n<div style='display: flex; flex-wrap: wrap; gap: 20px; margin-bottom: 30px;'>\n<div style='flex: 1 1 300px; min-width: 280px; position: relative; padding-bottom: 56.25%; height: 0; overflow: hidden;'>   <\/div>\n<div style='flex: 1 1 300px; min-width: 280px; position: relative; padding-bottom: 56.25%; height: 0; overflow: hidden;'>   <\/div>\n<div style='flex: 1 1 300px; min-width: 280px; position: relative; padding-bottom: 56.25%; height: 0; overflow: hidden;'>   <\/div>\n<\/p><\/div>\n<hr style='border: 0; border-top: 1px solid rgba(150&comma; 150&comma; 150&comma; 0.3); margin: 30px 0;'> <\/div>\n","protected":false},"excerpt":{"rendered":"<p>Audioportero telef\u00f3nico \/ 600 n\u00fameros telef\u00f3nicos \/ Control para 2 puertas \/ Empotrable \/ Marcaci\u00f3n a 16 digitos \/ Linea digital o an\u00e1loga<\/p>\n","protected":false},"featured_media":74916,"comment_status":"open","ping_status":"closed","template":"","meta":[],"product_brand":[],"product_cat":[819],"product_tag":[781,820,557],"class_list":{"0":"post-74917","1":"product","2":"type-product","3":"status-publish","4":"has-post-thumbnail","6":"product_cat-multiapartamentos","7":"product_tag-dks-doorking","8":"product_tag-multiapartamentos","9":"product_tag-videoporteros-e-interfonos","11":"first","12":"outofstock","13":"sale","14":"shipping-taxable","15":"purchasable","16":"product-type-simple"},"_links":{"self":[{"href":"https:\/\/soydeaqui.ddns.net\/pachuca\/index.php\/wp-json\/wp\/v2\/product\/74917","targetHints":{"allow":["GET"]}}],"collection":[{"href":"https:\/\/soydeaqui.ddns.net\/pachuca\/index.php\/wp-json\/wp\/v2\/product"}],"about":[{"href":"https:\/\/soydeaqui.ddns.net\/pachuca\/index.php\/wp-json\/wp\/v2\/types\/product"}],"replies":[{"embeddable":true,"href":"https:\/\/soydeaqui.ddns.net\/pachuca\/index.php\/wp-json\/wp\/v2\/comments?post=74917"}],"wp:featuredmedia":[{"embeddable":true,"href":"https:\/\/soydeaqui.ddns.net\/pachuca\/index.php\/wp-json\/wp\/v2\/media\/74916"}],"wp:attachment":[{"href":"https:\/\/soydeaqui.ddns.net\/pachuca\/index.php\/wp-json\/wp\/v2\/media?parent=74917"}],"wp:term":[{"taxonomy":"product_brand","embeddable":true,"href":"https:\/\/soydeaqui.ddns.net\/pachuca\/index.php\/wp-json\/wp\/v2\/product_brand?post=74917"},{"taxonomy":"product_cat","embeddable":true,"href":"https:\/\/soydeaqui.ddns.net\/pachuca\/index.php\/wp-json\/wp\/v2\/product_cat?post=74917"},{"taxonomy":"product_tag","embeddable":true,"href":"https:\/\/soydeaqui.ddns.net\/pachuca\/index.php\/wp-json\/wp\/v2\/product_tag?post=74917"}],"curies":[{"name":"wp","href":"https:\/\/api.w.org\/{rel}","templated":true}]}}