{"id":74908,"date":"2026-03-19T14:19:16","date_gmt":"2026-03-19T14:19:16","guid":{"rendered":"https:\/\/soydeaqui.ddns.net\/pachuca\/index.php\/producto\/radio-estacion-base-de-hasta-500-mbps-frecuencia-de-4-9-6-4-ghz-ip67-2x22-mimo-monitoreo-a-traves-de-la-nube-adaptacion-automatica-al-entorno\/"},"modified":"2026-03-19T14:19:34","modified_gmt":"2026-03-19T14:19:34","slug":"radio-estacion-base-de-hasta-500-mbps-frecuencia-de-4-9-6-4-ghz-ip67-2x22-mimo-monitoreo-a-traves-de-la-nube-adaptacion-automatica-al-entorno","status":"publish","type":"product","link":"https:\/\/soydeaqui.ddns.net\/pachuca\/index.php\/producto\/radio-estacion-base-de-hasta-500-mbps-frecuencia-de-4-9-6-4-ghz-ip67-2x22-mimo-monitoreo-a-traves-de-la-nube-adaptacion-automatica-al-entorno\/","title":{"rendered":"Radio Estaci\u00f3n Base de hasta 500 Mbps, Frecuencia de 4.9-6.4 GHz, IP67, 2&#215;2:2 MIMO, Monitoreo a trav\u00e9s de la nube, Adaptaci\u00f3n autom\u00e1tica al entorno."},"content":{"rendered":"<div style='width: 100%; max-width: 1200px; margin: 0 auto; font-family: sans-serif; line-height: 1.6; color: inherit; background-color: transparent;'>\n<div style='display: flex; flex-direction: column; gap: 30px;'>\n<div style='width: 100%;'> <img style='width: 100%; height: auto; border: 1px solid rgba(150&comma;150&comma;150&comma;0.3); border-radius: 8px;' src='https:\/\/ftp3.syscom.mx\/usuarios\/fotos\/C5C\/87558-mimosa_articulos.jpg' alt=''> <\/div>\n<div style='text-align: center;'>\n<h2 style='font-size: 24px; margin: 0; color: inherit;'><strong>C5C<\/strong><\/h2>\n<\/p><\/div>\n<div>\n<p style='font-size: 16px; color: inherit;'>El Mimosa C5c es una soluci\u00f3n de radio cliente conectorizada flexible para acomodar PTP y PTMP de corto y largo alcance&comma; as\u00ed como soluciones de antena personalizadas. Al incorporar un soporte \u00fanico para la tecnolog\u00eda SRS de Mimosa&comma; el C5c permite las velocidades m\u00e1s r\u00e1pidas y es la soluci\u00f3n de acceso inal\u00e1mbrico m\u00e1s escalable disponible en la actualidad. El C5c es ideal para aplicaciones inal\u00e1mbricas fijas rurales instaladas por profesionales y aplicaciones de largo alcance para enlaces de retorno de punto a punto.<\/p>\n<\/p><\/div>\n<div style='display: flex; flex-wrap: wrap; gap: 20px;'>\n<div style='flex: 1 1 300px; min-width: 280px; border: 1px solid rgba(150&comma; 150&comma; 150&comma; 0.4); border-radius: 8px; overflow: hidden;'>\n<div style='padding: 15px; border-bottom: 1px solid rgba(150&comma; 150&comma; 150&comma; 0.2); font-weight: bold; font-size: 18px; color: inherit;'>Caracter\u00edsticas RF<\/div>\n<div style='padding: 15px; color: inherit;'>\n<ul style='padding-left: 20px; margin: 0; font-size: 14px; list-style-type: disc;'>\n<li style='margin-bottom: 5px;'><strong>Ancho de canal:<\/strong> 20\/40\/80 MHz<\/li>\n<li style='margin-bottom: 5px;'><strong>Rango de Frecuencia:<\/strong> 4.9 a 6.4 GHz<\/li>\n<li style='margin-bottom: 5px;'><strong>Potencia de transmisi\u00f3n:<\/strong> 27 dBm<\/li>\n<li style='margin-bottom: 5px;'><strong>Modo de operaci\u00f3n:<\/strong> El equipo funciona solo como PTP de otro C5C o como cliente de un A5x o A5c<\/li>\n<\/ul><\/div>\n<\/p><\/div>\n<div style='flex: 1 1 300px; min-width: 280px; border: 1px solid rgba(150&comma; 150&comma; 150&comma; 0.4); border-radius: 8px; overflow: hidden;'>\n<div style='padding: 15px; border-bottom: 1px solid rgba(150&comma; 150&comma; 150&comma; 0.2); font-weight: bold; font-size: 18px; color: inherit;'>Caracter\u00edsticas F\u00edsicas y El\u00e9ctricas<\/div>\n<div style='padding: 15px; color: inherit;'>\n<ul style='padding-left: 20px; margin: 0; font-size: 14px; list-style-type: disc;'>\n<li style='margin-bottom: 5px;'><strong>Consumo m\u00e1ximo de energ\u00eda:<\/strong> 12&comma;9 W<\/li>\n<li style='margin-bottom: 5px;'><strong>Dimensiones:<\/strong> 44 mm x 65 mm x 188.4 mm<\/li>\n<li style='margin-bottom: 5px;'><strong>Peso:<\/strong> 295 gr<\/li>\n<li style='margin-bottom: 5px;'><strong>Temperatura en Operaci\u00f3n:<\/strong> -40\u00b0 C hasta 55 \u00b0C (-40\u00b0 F hasta 131\u00b0 F)<\/li>\n<li style='margin-bottom: 5px;'><strong>Grado de protecci\u00f3n:<\/strong> IP55<\/li>\n<li style='margin-bottom: 5px;'><strong>Puerto Ethernet:<\/strong> 1 Puerto Ethernet 10\/100\/1000<\/li>\n<\/ul><\/div>\n<\/p><\/div>\n<div style='flex: 1 1 300px; min-width: 280px; border: 1px solid rgba(150&comma; 150&comma; 150&comma; 0.4); border-radius: 8px; overflow: hidden;'>\n<div style='padding: 15px; border-bottom: 1px solid rgba(150&comma; 150&comma; 150&comma; 0.2); font-weight: bold; font-size: 18px; color: inherit;'>Accesorios Sugeridos (Venta por separado)<\/div>\n<div style='padding: 15px; color: inherit;'>\n<ul style='padding-left: 20px; margin: 0; font-size: 14px; list-style-type: disc;'>\n<li style='margin-bottom: 5px;'>Inyector PoE modelo <a href='https:\/\/www.syscom.mx\/producto\/POE24V-MIMOSA-NETWORKS-188532.html' target='_blank' rel='noopener' style='color: inherit; text-decoration: underline;'>POE24V<\/a><\/li>\n<li style='margin-bottom: 5px;'>Cable de corriente: <a href='https:\/\/www.syscom.mx\/producto\/PCC53-MIMOSA-NETWORKS-188533.html' target='_blank' rel='noopener' style='color: inherit; text-decoration: underline;'>PCC553<\/a><\/li>\n<\/ul><\/div>\n<\/p><\/div>\n<div style='flex: 1 1 300px; min-width: 280px; border: 1px solid rgba(150&comma; 150&comma; 150&comma; 0.4); border-radius: 8px; overflow: hidden;'>\n<div style='padding: 15px; border-bottom: 1px solid rgba(150&comma; 150&comma; 150&comma; 0.2); font-weight: bold; font-size: 18px; color: inherit;'>Gesti\u00f3n y Soporte Avanzados<\/div>\n<div style='padding: 15px; color: inherit;'>\n<ul style='padding-left: 20px; margin: 0; font-size: 14px; list-style-type: disc;'>\n<li style='margin-bottom: 5px;'>Interfaz Local<\/li>\n<\/ul><\/div>\n<\/p><\/div>\n<div style='flex: 1 1 300px; min-width: 280px; border: 1px solid rgba(150&comma; 150&comma; 150&comma; 0.4); border-radius: 8px; overflow: hidden;'>\n<div style='padding: 15px; border-bottom: 1px solid rgba(150&comma; 150&comma; 150&comma; 0.2); font-weight: bold; font-size: 18px; color: inherit;'>Fiabilidad y Garant\u00eda<\/div>\n<div style='padding: 15px; color: inherit;'>\n<ul style='padding-left: 20px; margin: 0; font-size: 14px; list-style-type: disc;'>\n<li style='margin-bottom: 5px;'>Incluye 3 a\u00f1os de Garant\u00eda<\/li>\n<li style='margin-bottom: 5px;'>Certificaciones RoHS<\/li>\n<\/ul><\/div>\n<\/p><\/div>\n<\/p><\/div>\n<div style='text-align: center; margin-top: 20px;'> <a href='https:\/\/mimosa.co\/design-tool' target='_blank' style='display: inline-block; padding: 0.5rem 1.5rem; border-radius: 4px; font-size: 16px; font-weight: 400; text-transform: uppercase; color: inherit; border: 1px solid rgba(242&comma; 93&comma; 27&comma; 0.8); text-decoration: none; transition: all 0.15s ease-in-out;' onmouseover='this.style.backgroundColor='rgba(242&comma; 93&comma; 27&comma; 0.1)'; this.style.borderColor='rgba(242&comma; 93&comma; 27&comma; 1)';' onmouseout='this.style.backgroundColor='transparent'; this.style.borderColor='rgba(242&comma; 93&comma; 27&comma; 0.8)';'>Herramienta de dise\u00f1o Mimosa<\/a> <\/div>\n<\/p><\/div>\n<\/p><\/div>\n","protected":false},"excerpt":{"rendered":"<p>Radio Estaci\u00f3n Base de hasta 500 Mbps, Frecuencia de 4.9-6.4 GHz, IP67, 2&#215;2:2 MIMO, Monitoreo a trav\u00e9s de la nube, Adaptaci\u00f3n autom\u00e1tica al entorno.<\/p>\n","protected":false},"featured_media":74907,"comment_status":"open","ping_status":"closed","template":"","meta":[],"product_brand":[],"product_cat":[1998],"product_tag":[1999,1980,2046],"class_list":{"0":"post-74908","1":"product","2":"type-product","3":"status-publish","4":"has-post-thumbnail","6":"product_cat-5-y-6-ghz","7":"product_tag-5-y-6-ghz","8":"product_tag-enlaces-ptp-y-ptmp","9":"product_tag-mimosa-networks","11":"first","12":"instock","13":"sale","14":"shipping-taxable","15":"purchasable","16":"product-type-simple"},"_links":{"self":[{"href":"https:\/\/soydeaqui.ddns.net\/pachuca\/index.php\/wp-json\/wp\/v2\/product\/74908","targetHints":{"allow":["GET"]}}],"collection":[{"href":"https:\/\/soydeaqui.ddns.net\/pachuca\/index.php\/wp-json\/wp\/v2\/product"}],"about":[{"href":"https:\/\/soydeaqui.ddns.net\/pachuca\/index.php\/wp-json\/wp\/v2\/types\/product"}],"replies":[{"embeddable":true,"href":"https:\/\/soydeaqui.ddns.net\/pachuca\/index.php\/wp-json\/wp\/v2\/comments?post=74908"}],"wp:featuredmedia":[{"embeddable":true,"href":"https:\/\/soydeaqui.ddns.net\/pachuca\/index.php\/wp-json\/wp\/v2\/media\/74907"}],"wp:attachment":[{"href":"https:\/\/soydeaqui.ddns.net\/pachuca\/index.php\/wp-json\/wp\/v2\/media?parent=74908"}],"wp:term":[{"taxonomy":"product_brand","embeddable":true,"href":"https:\/\/soydeaqui.ddns.net\/pachuca\/index.php\/wp-json\/wp\/v2\/product_brand?post=74908"},{"taxonomy":"product_cat","embeddable":true,"href":"https:\/\/soydeaqui.ddns.net\/pachuca\/index.php\/wp-json\/wp\/v2\/product_cat?post=74908"},{"taxonomy":"product_tag","embeddable":true,"href":"https:\/\/soydeaqui.ddns.net\/pachuca\/index.php\/wp-json\/wp\/v2\/product_tag?post=74908"}],"curies":[{"name":"wp","href":"https:\/\/api.w.org\/{rel}","templated":true}]}}