{"id":749,"date":"2026-03-18T05:43:43","date_gmt":"2026-03-18T05:43:43","guid":{"rendered":"https:\/\/soydeaqui.ddns.net\/pachuca\/index.php\/producto\/kit-para-guia-turistico-de-1-transmisor-y-10-receptores\/"},"modified":"2026-03-18T05:43:48","modified_gmt":"2026-03-18T05:43:48","slug":"kit-para-guia-turistico-de-1-transmisor-y-10-receptores","status":"publish","type":"product","link":"https:\/\/soydeaqui.ddns.net\/pachuca\/index.php\/producto\/kit-para-guia-turistico-de-1-transmisor-y-10-receptores\/","title":{"rendered":"Kit para gu\u00eda tur\u00edstico de 1 transmisor y 10 receptores"},"content":{"rendered":"<div style='width: 100%; max-width: 1200px; margin: 0 auto; font-family: sans-serif; line-height: 1.6; color: inherit; background-color: transparent;'> <!-- T\u00edtulo --> <\/p>\n<div style='width: 100%; background-color: #0b2a4a; color: #ffffff; padding: 18px 22px; box-sizing: border-box; font-family: sans-serif; border-radius: 8px;'>\n<h2 style='margin: 0; font-size: 22px; font-weight: bold; text-align: center; color: inherit;'>Kit para Gu\u00eda Tur\u00edstico de 1 Transmisor y 10 Receptores<\/h2>\n<\/p><\/div>\n<p> <!-- Contenido principal --> <\/p>\n<div style='font-family: sans-serif; color: inherit; line-height: 1.5; max-width: 800px; margin: 20px auto; padding: 10px;'> <!-- Descripci\u00f3n --> <\/p>\n<p style='margin-top: 0; margin-bottom: 1rem; text-align: justify; font-size: 15px; color: inherit;'>El Sistema de Gu\u00eda Tur\u00edstica Retekess TT125 es una soluci\u00f3n avanzada para la comunicaci\u00f3n en tours y presentaciones. Con una frecuencia de operaci\u00f3n de 2.4 GHz y soporte para hasta 999 canales&comma; este sistema ofrece una comunicaci\u00f3n clara y confiable en distancias de hasta 150 metros. Incluye un transmisor y diez receptores&comma; ambos equipados con tecnolog\u00eda de reducci\u00f3n de ruido para una calidad de audio superior. La carga se realiza a trav\u00e9s de un puerto USB Tipo-C&comma; proporcionando una duraci\u00f3n de hasta 18 horas de uso continuo.<\/p>\n<p> <!-- Caracter\u00edsticas Principales --> <\/p>\n<h3 style='font-size: 19px; font-weight: bold; margin: 20px 0 10px; color: inherit; border-bottom: 2px solid rgba(150&comma;150&comma;150&comma;0.3); padding-bottom: 5px;'>Caracter\u00edsticas Principales<\/h3>\n<ul style='padding-left: 20px; font-size: 15px; color: inherit;'>\n<li style='margin-bottom: 5px;'>Carga mediante puerto USB Tipo-C<\/li>\n<li style='margin-bottom: 5px;'>Pantalla digital para visualizaci\u00f3n de informaci\u00f3n<\/li>\n<li style='margin-bottom: 5px;'>Botones de control de volumen y canal<\/li>\n<li style='margin-bottom: 5px;'>Conector para auriculares de 3.5 mm<\/li>\n<\/ul>\n<p> <!-- Aplicaciones y Casos de Uso --> <\/p>\n<h3 style='font-size: 19px; font-weight: bold; margin: 20px 0 10px; color: inherit; border-bottom: 2px solid rgba(150&comma;150&comma;150&comma;0.3); padding-bottom: 5px;'>Aplicaciones y Casos de Uso<\/h3>\n<ul style='padding-left: 20px; font-size: 15px; color: inherit;'>\n<li style='margin-bottom: 5px;'>Gu\u00edas Tur\u00edsticas: Ideal para gu\u00edas tur\u00edsticas en museos&comma; parques y sitios hist\u00f3ricos&comma; proporcionando una comunicaci\u00f3n clara y sin interrupciones.<\/li>\n<li style='margin-bottom: 5px;'>Presentaciones: Perfecto para presentaciones en conferencias y seminarios&comma; asegurando que el mensaje llegue a todos los asistentes.<\/li>\n<li style='margin-bottom: 5px;'>Eventos: \u00datil en eventos masivos donde se requiere una comunicaci\u00f3n eficiente y de alta calidad.<\/li>\n<\/ul>\n<p> <!-- Especificaciones T\u00e9cnicas --> <\/p>\n<h3 style='font-size: 19px; font-weight: bold; margin: 20px 0 10px; color: inherit; border-bottom: 2px solid rgba(150&comma;150&comma;150&comma;0.3); padding-bottom: 5px;'>Especificaciones T\u00e9cnicas<\/h3>\n<p> <!-- Tabla de Transmisor --> <\/p>\n<div style='display: flex; flex-wrap: wrap; gap: 20px; margin-top: 15px;'>\n<div style='flex: 1 1 400px; border: 1px solid rgba(150&comma;150&comma;150&comma;0.4); border-radius: 8px; overflow: hidden; display: flex; flex-direction: column;'>\n<div style='padding: 15px; border-bottom: 1px solid rgba(150&comma;150&comma;150&comma;0.2); font-weight: bold; font-size: 18px; color: inherit;'>TT125 Transmisor<\/div>\n<div style='padding: 15px; color: inherit;'>\n<ul style='padding-left: 20px; margin: 0; font-size: 14px; list-style-type: disc; color: inherit;'>\n<li style='margin-bottom: 5px;'><strong>Frecuencia Operaci\u00f3n:<\/strong> 2.4 GHz<\/li>\n<li style='margin-bottom: 5px;'><strong>Canales para comunicaci\u00f3n:<\/strong> 999 Canales<\/li>\n<li style='margin-bottom: 5px;'><strong>Entrada de Carga:<\/strong> 5 VCC 1 A<\/li>\n<li style='margin-bottom: 5px;'><strong>Temperatura de Operaci\u00f3n:<\/strong> -20\u00b0 ~ +70\u00b0<\/li>\n<li style='margin-bottom: 5px;'><strong>Distancia de Transmisi\u00f3n:<\/strong> 150 Metros<\/li>\n<li style='margin-bottom: 5px;'><strong>Tiempo de operaci\u00f3n:<\/strong> 18 Horas continuas<\/li>\n<li style='margin-bottom: 5px;'><strong>Tiempo Aprox. de Carga:<\/strong> Aprox. 4 Horas<\/li>\n<li style='margin-bottom: 5px;'><strong>Dimensiones:<\/strong> 114.8 mm \u00d7 54.8 mm x 20.6 mm<\/li>\n<li style='margin-bottom: 5px;'><strong>Capacidad de la Bater\u00eda:<\/strong> 3000 mAh 3.7 VCC<\/li>\n<\/ul><\/div>\n<\/p><\/div>\n<p> <!-- Tabla de Receptor --> <\/p>\n<div style='flex: 1 1 400px; border: 1px solid rgba(150&comma;150&comma;150&comma;0.4); border-radius: 8px; overflow: hidden; display: flex; flex-direction: column;'>\n<div style='padding: 15px; border-bottom: 1px solid rgba(150&comma;150&comma;150&comma;0.2); font-weight: bold; font-size: 18px; color: inherit;'>TT125 Receptor<\/div>\n<div style='padding: 15px; color: inherit;'>\n<ul style='padding-left: 20px; margin: 0; font-size: 14px; list-style-type: disc; color: inherit;'>\n<li style='margin-bottom: 5px;'><strong>Frecuencia Operaci\u00f3n:<\/strong> 2.4 GHz<\/li>\n<li style='margin-bottom: 5px;'><strong>Canales para comunicaci\u00f3n:<\/strong> 999 Canales<\/li>\n<li style='margin-bottom: 5px;'><strong>Entrada de Carga:<\/strong> 5 VCC 1 A<\/li>\n<li style='margin-bottom: 5px;'><strong>Temperatura de Operaci\u00f3n:<\/strong> -20\u00b0 ~ +70\u00b0<\/li>\n<li style='margin-bottom: 5px;'><strong>Distancia de Recepci\u00f3n:<\/strong> 150 Metros<\/li>\n<li style='margin-bottom: 5px;'><strong>Tiempo de operaci\u00f3n:<\/strong> 80 a 100 Horas<\/li>\n<li style='margin-bottom: 5px;'><strong>Tiempo Aprox. de Carga:<\/strong> Aprox. 4 Horas<\/li>\n<li style='margin-bottom: 5px;'><strong>Dimensiones:<\/strong> 114.8 mm \u00d7 54.8 mm x 20.6 mm<\/li>\n<li style='margin-bottom: 5px;'><strong>Capacidad de la Bater\u00eda:<\/strong> 3000 mAh 3.7 VCC<\/li>\n<\/ul><\/div>\n<\/p><\/div>\n<\/p><\/div>\n<\/p><\/div>\n<\/p><\/div>\n","protected":false},"excerpt":{"rendered":"<p>Kit para gu\u00eda tur\u00edstico de 1 transmisor y 10 receptores<\/p>\n","protected":false},"featured_media":748,"comment_status":"open","ping_status":"closed","template":"","meta":[],"product_brand":[],"product_cat":[237],"product_tag":[93,238,235],"class_list":{"0":"post-749","1":"product","2":"type-product","3":"status-publish","4":"has-post-thumbnail","6":"product_cat-controles-remotos","7":"product_tag-accesorios","8":"product_tag-controles-remotos","9":"product_tag-retekess","11":"first","12":"outofstock","13":"sale","14":"shipping-taxable","15":"purchasable","16":"product-type-simple"},"_links":{"self":[{"href":"https:\/\/soydeaqui.ddns.net\/pachuca\/index.php\/wp-json\/wp\/v2\/product\/749","targetHints":{"allow":["GET"]}}],"collection":[{"href":"https:\/\/soydeaqui.ddns.net\/pachuca\/index.php\/wp-json\/wp\/v2\/product"}],"about":[{"href":"https:\/\/soydeaqui.ddns.net\/pachuca\/index.php\/wp-json\/wp\/v2\/types\/product"}],"replies":[{"embeddable":true,"href":"https:\/\/soydeaqui.ddns.net\/pachuca\/index.php\/wp-json\/wp\/v2\/comments?post=749"}],"wp:featuredmedia":[{"embeddable":true,"href":"https:\/\/soydeaqui.ddns.net\/pachuca\/index.php\/wp-json\/wp\/v2\/media\/748"}],"wp:attachment":[{"href":"https:\/\/soydeaqui.ddns.net\/pachuca\/index.php\/wp-json\/wp\/v2\/media?parent=749"}],"wp:term":[{"taxonomy":"product_brand","embeddable":true,"href":"https:\/\/soydeaqui.ddns.net\/pachuca\/index.php\/wp-json\/wp\/v2\/product_brand?post=749"},{"taxonomy":"product_cat","embeddable":true,"href":"https:\/\/soydeaqui.ddns.net\/pachuca\/index.php\/wp-json\/wp\/v2\/product_cat?post=749"},{"taxonomy":"product_tag","embeddable":true,"href":"https:\/\/soydeaqui.ddns.net\/pachuca\/index.php\/wp-json\/wp\/v2\/product_tag?post=749"}],"curies":[{"name":"wp","href":"https:\/\/api.w.org\/{rel}","templated":true}]}}