{"id":74891,"date":"2026-03-19T14:18:29","date_gmt":"2026-03-19T14:18:29","guid":{"rendered":"https:\/\/soydeaqui.ddns.net\/pachuca\/index.php\/producto\/access-plus-dks-atienda-la-puerta-aun-sin-estar-en-casa-interfon-telefonico-27-numeros-celulares-control-de-acceso-2-puertas-lineas-a-d-2\/"},"modified":"2026-03-19T14:18:44","modified_gmt":"2026-03-19T14:18:44","slug":"access-plus-dks-atienda-la-puerta-aun-sin-estar-en-casa-interfon-telefonico-27-numeros-celulares-control-de-acceso-2-puertas-lineas-a-d-2","status":"publish","type":"product","link":"https:\/\/soydeaqui.ddns.net\/pachuca\/index.php\/producto\/access-plus-dks-atienda-la-puerta-aun-sin-estar-en-casa-interfon-telefonico-27-numeros-celulares-control-de-acceso-2-puertas-lineas-a-d-2\/","title":{"rendered":"Access PLUS DKS \/ Atienda la puerta a\u00fan sin estar en casa! \/ Interfon telef\u00f3nico \/ 27 n\u00fameros celulares \/ Control de acceso \/ 2 puertas \/ Lineas A\/D"},"content":{"rendered":"<div style='width: 100%; max-width: 1200px; margin: 0 auto; font-family: sans-serif; line-height: 1.6; color: inherit;'>\n<div style='display: flex; flex-direction: column; align-items: center; margin-bottom: 30px;'> <img style='width: 200px; height: 64px; border: 1px solid rgba(150&comma;150&comma;150&comma;0.3); border-radius: 8px;' src='https:\/\/ftp3.syscom.mx\/usuarios\/fotos\/logotipos\/doorking.png' alt='Logo Doorking'> <\/div>\n<div style='display: flex; flex-wrap: wrap; gap: 30px; margin-bottom: 30px;'>\n<div style='flex: 1 1 300px; min-width: 280px;'>\n<h3 style='font-size: 22px; border-bottom: 2px solid currentColor; padding-bottom: 5px; margin-top: 0; color: inherit; opacity: 0.8;'>Caracter\u00edsticas principales<\/h3>\n<p style='font-size: 15px; color: inherit;'>El equipo Access Plus de Doorking permite a los residentes de un hogar&comma; utilizar su tel\u00e9fono como intercomunicador para hablar con visitantes que llegan a la puerta principal de acceso vehicular solicitando acceso.<\/p>\n<\/p><\/div>\n<\/p><\/div>\n<div style='display: flex; flex-wrap: wrap; gap: 20px; margin-bottom: 30px;'>\n<div style='flex: 1 1 250px; border: 1px solid rgba(150&comma; 150&comma; 150&comma; 0.4); border-radius: 8px; overflow: hidden; display: flex; flex-direction: column;'>\n<div style='padding: 15px; border-bottom: 1px solid rgba(150&comma; 150&comma; 150&comma; 0.2); font-weight: bold; font-size: 18px; color: inherit;'>Especificaciones t\u00e9cnicas<\/div>\n<div style='padding: 15px; color: inherit;'>\n<ul style='padding-left: 20px; margin: 0; font-size: 14px; list-style-type: disc; color: inherit;'>\n<li style='margin-bottom: 5px;'>Equipo manos libres&comma; comunicaci\u00f3n full duplex digital<\/li>\n<li style='margin-bottom: 5px;'>Interface para una sola linea telefonica<\/li>\n<li style='margin-bottom: 5px;'>Hasta 27 n\u00fameros externos para marcaci\u00f3n<\/li>\n<li style='margin-bottom: 5px;'>2 salidas de relevador para controlar portones vehiculares o puertas peatonales<\/li>\n<li style='margin-bottom: 5px;'>100 c\u00f3digos de dispositivo para acceso (tarjeta&comma; teclado&comma; control remoto)<\/li>\n<li style='margin-bottom: 5px;'>10 codigos de acceso temporales<\/li>\n<li style='margin-bottom: 5px;'>Almacena hasta 500 registros en historial<\/li>\n<li style='margin-bottom: 5px;'>Notificaciones por correo electr\u00f3nico (requiere cuenta de correo DKS)<\/li>\n<li style='margin-bottom: 5px;'>Permite controlar hasta 6 puntos de acceso mediante lectoras de proximidad teclados o control remoto (Requiere accesorios adicionales)<\/li>\n<li style='margin-bottom: 5px;'>Metodos de programaci\u00f3n: Directo en el dispositivo mediante el teclado&comma; telefono de tonos o desde una PC mediante el software AccessPlus de Doorking<\/li>\n<li style='margin-bottom: 5px;'>Alimentacion: 16 VCA. Incluida<\/li>\n<li style='margin-bottom: 5px;'>FCC (US): DUF6VT-12874-OT-0<\/li>\n<li style='margin-bottom: 5px;'>DOC (CAN): 1736 4507 A<\/li>\n<li style='margin-bottom: 5px;'>Cumple con UL 294; ETL Listed<\/li>\n<li style='margin-bottom: 5px;'>Gabinete para <strong>sobreponer<\/strong><\/li>\n<li style='margin-bottom: 5px;'><strong>Cuenta con limitada<\/strong><\/li>\n<\/ul><\/div>\n<\/p><\/div>\n<div style='flex: 1 1 250px; border: 1px solid rgba(150&comma; 150&comma; 150&comma; 0.4); border-radius: 8px; overflow: hidden; display: flex; flex-direction: column;'>\n<div style='padding: 15px; border-bottom: 1px solid rgba(150&comma; 150&comma; 150&comma; 0.2); font-weight: bold; font-size: 18px; color: inherit;'>Detalles de instalaci\u00f3n<\/div>\n<div style='padding: 15px; color: inherit;'>\n<p style='font-size: 14px; margin: 0 0 10px 0; color: inherit;'>Este sistema se conecta directamente a la linea telef\u00f3nica existente en el hogar&comma; por lo tanto&comma; no es necesario cableado adicional para la instalaci\u00f3n del intercomunicador.<\/p>\n<p style='font-size: 14px; margin: 0; color: inherit;'>Cuentan con tarjeta de red TCP\/IP&comma; lo cual permite configurar el dispositivo desde la comodidad de su PC. Adem\u00e1s&comma; el dispositivo est\u00e1 equipado con un sistema de &#8216;espera de llamadas&#8217;&comma; el cu\u00e1l&comma; asegura que el usuario no pierda llamadas entrantes o llamadas de visitantes.<\/p>\n<\/p><\/div>\n<\/p><\/div>\n<\/p><\/div>\n<hr style='border: 0; border-top: 1px solid rgba(150&comma; 150&comma; 150&comma; 0.3); margin: 30px 0;'> <\/div>\n","protected":false},"excerpt":{"rendered":"<p>Access PLUS DKS \/ Atienda la puerta a\u00fan sin estar en casa! \/ Interfon telef\u00f3nico \/ 27 n\u00fameros celulares \/ Control de acceso \/ 2 puertas \/ Lineas A\/D<\/p>\n","protected":false},"featured_media":74890,"comment_status":"open","ping_status":"closed","template":"","meta":[],"product_brand":[],"product_cat":[907],"product_tag":[781,908,557],"class_list":{"0":"post-74891","1":"product","2":"type-product","3":"status-publish","4":"has-post-thumbnail","6":"product_cat-interfones","7":"product_tag-dks-doorking","8":"product_tag-interfones","9":"product_tag-videoporteros-e-interfonos","11":"first","12":"outofstock","13":"sale","14":"shipping-taxable","15":"purchasable","16":"product-type-simple"},"_links":{"self":[{"href":"https:\/\/soydeaqui.ddns.net\/pachuca\/index.php\/wp-json\/wp\/v2\/product\/74891","targetHints":{"allow":["GET"]}}],"collection":[{"href":"https:\/\/soydeaqui.ddns.net\/pachuca\/index.php\/wp-json\/wp\/v2\/product"}],"about":[{"href":"https:\/\/soydeaqui.ddns.net\/pachuca\/index.php\/wp-json\/wp\/v2\/types\/product"}],"replies":[{"embeddable":true,"href":"https:\/\/soydeaqui.ddns.net\/pachuca\/index.php\/wp-json\/wp\/v2\/comments?post=74891"}],"wp:featuredmedia":[{"embeddable":true,"href":"https:\/\/soydeaqui.ddns.net\/pachuca\/index.php\/wp-json\/wp\/v2\/media\/74890"}],"wp:attachment":[{"href":"https:\/\/soydeaqui.ddns.net\/pachuca\/index.php\/wp-json\/wp\/v2\/media?parent=74891"}],"wp:term":[{"taxonomy":"product_brand","embeddable":true,"href":"https:\/\/soydeaqui.ddns.net\/pachuca\/index.php\/wp-json\/wp\/v2\/product_brand?post=74891"},{"taxonomy":"product_cat","embeddable":true,"href":"https:\/\/soydeaqui.ddns.net\/pachuca\/index.php\/wp-json\/wp\/v2\/product_cat?post=74891"},{"taxonomy":"product_tag","embeddable":true,"href":"https:\/\/soydeaqui.ddns.net\/pachuca\/index.php\/wp-json\/wp\/v2\/product_tag?post=74891"}],"curies":[{"name":"wp","href":"https:\/\/api.w.org\/{rel}","templated":true}]}}