{"id":7488,"date":"2026-03-18T06:57:01","date_gmt":"2026-03-18T06:57:01","guid":{"rendered":"https:\/\/soydeaqui.ddns.net\/pachuca\/index.php\/producto\/sensor-de-movimiento-12-metros-de-deteccion-100-exterior-serie-shield-de-optex-diseno-estetico-y-formal-inalambrico-alimentacion\/"},"modified":"2026-03-18T06:57:02","modified_gmt":"2026-03-18T06:57:02","slug":"sensor-de-movimiento-12-metros-de-deteccion-100-exterior-serie-shield-de-optex-diseno-estetico-y-formal-inalambrico-alimentacion","status":"publish","type":"product","link":"https:\/\/soydeaqui.ddns.net\/pachuca\/index.php\/producto\/sensor-de-movimiento-12-metros-de-deteccion-100-exterior-serie-shield-de-optex-diseno-estetico-y-formal-inalambrico-alimentacion\/","title":{"rendered":"Sensor de Movimiento \/ 12 Metros de Detecci\u00f3n \/ 100% Exterior \/ Serie Shield de Optex \/ Dise\u00f1o Est\u00e9tico y Formal \/ Inalambrico (Alimentacion)"},"content":{"rendered":"<div style='width: 100%; max-width: 1200px; margin: 0 auto; font-family: sans-serif; line-height: 1.6; color: inherit; background-color: transparent;'>\n<div style='display: flex; flex-wrap: wrap; gap: 30px; margin-bottom: 30px;'>\n<div style='flex: 1 1 300px; min-width: 280px;'>\n<h3 style='font-size: 22px; border-bottom: 2px solid currentColor; padding-bottom: 5px; margin-top: 0; color: inherit; opacity: 0.8;'>Descripci\u00f3n<\/h3>\n<p style='font-size: 15px; color: inherit; text-align: justify;'>Presentaci\u00f3n de &#8216;la nueva forma de seguridad&#8217;. Con su sistema de detecci\u00f3n preciso y dise\u00f1o moderno&comma; la serie VX Shield est\u00e1 creada sobre los pilares de Fiabilidad&comma; Comodidad y Seguridad. El VXS-RAM (modelo con pilas)&comma; es un detector con antienmascaramiento de infrarrojo activo que detecta objetos que cubren la superficie de la lente cuando se solicita la supervisi\u00f3n del estado del detector.<\/p>\n<\/p><\/div>\n<\/p><\/div>\n<div style='display: flex; flex-wrap: wrap; gap: 20px; margin-bottom: 30px;'>\n<div style='flex: 1 1 250px; border: 1px solid rgba(150&comma; 150&comma; 150&comma; 0.4); border-radius: 8px; overflow: hidden; display: flex; flex-direction: column;'>\n<div style='padding: 15px; border-bottom: 1px solid rgba(150&comma; 150&comma; 150&comma; 0.2); font-weight: bold; font-size: 18px; color: inherit;'>Aplicaciones<\/div>\n<div style='padding: 15px; color: inherit;'>\n<ul style='padding-left: 20px; margin: 0; font-size: 14px; list-style-type: disc;'>\n<li style='margin-bottom: 5px;'>Edificios<\/li>\n<li style='margin-bottom: 5px;'>Perimetro<\/li>\n<li style='margin-bottom: 5px;'>Acceso<\/li>\n<li style='margin-bottom: 5px;'>Techo\/techo<\/li>\n<\/ul><\/div>\n<\/p><\/div>\n<div style='flex: 1 1 250px; border: 1px solid rgba(150&comma; 150&comma; 150&comma; 0.4); border-radius: 8px; overflow: hidden; display: flex; flex-direction: column;'>\n<div style='padding: 15px; border-bottom: 1px solid rgba(150&comma; 150&comma; 150&comma; 0.2); font-weight: bold; font-size: 18px; color: inherit;'>Caracter\u00edsticas<\/div>\n<div style='padding: 15px; color: inherit;'>\n<ul style='padding-left: 20px; margin: 0; font-size: 14px; list-style-type: disc;'>\n<li style='margin-bottom: 5px;'>Doble tecnolog\u00eda inteligente de 12 m para los entornos m\u00e1s complicados<\/li>\n<li style='margin-bottom: 5px;'>Antienmascaramiento de infrarrojo activo<\/li>\n<li style='margin-bottom: 5px;'>Configuraci\u00f3n sencilla incluido el modo de prueba de alcance autom\u00e1tico<\/li>\n<li style='margin-bottom: 5px;'>Dise\u00f1o vers\u00e1til: selecci\u00f3n de carcasa y tapas frontales<\/li>\n<\/ul><\/div>\n<\/p><\/div>\n<\/p><\/div>\n<div style='display: flex; flex-wrap: wrap; gap: 30px; margin-bottom: 30px;'>\n<div style='flex: 1 1 300px; min-width: 280px;'>\n<h3 style='font-size: 22px; border-bottom: 2px solid currentColor; padding-bottom: 5px; margin-top: 0; color: inherit; opacity: 0.8;'>Imagen del producto<\/h3>\n<p> <img style='width: 100%; height: auto; border: 1px solid rgba(150&comma;150&comma;150&comma;0.3); border-radius: 8px;' src='https:\/\/revistainnovacion.com\/uploads\/noticias\/5\/20190713232436_optex_g.png' alt=''> <\/div>\n<\/p><\/div>\n<\/p><\/div>\n","protected":false},"excerpt":{"rendered":"<p>Sensor de Movimiento \/ 12 Metros de Detecci\u00f3n \/ 100% Exterior \/ Serie Shield de Optex \/ Dise\u00f1o Est\u00e9tico y Formal \/ Inalambrico (Alimentacion)<\/p>\n","protected":false},"featured_media":7487,"comment_status":"open","ping_status":"closed","template":"","meta":[],"product_brand":[],"product_cat":[202],"product_tag":[19,203,106],"class_list":{"0":"post-7488","1":"product","2":"type-product","3":"status-publish","4":"has-post-thumbnail","6":"product_cat-movimiento-para-exterior","7":"product_tag-detectores-sensores","8":"product_tag-movimiento-para-exterior","9":"product_tag-optex","11":"first","12":"outofstock","13":"sale","14":"shipping-taxable","15":"purchasable","16":"product-type-simple"},"_links":{"self":[{"href":"https:\/\/soydeaqui.ddns.net\/pachuca\/index.php\/wp-json\/wp\/v2\/product\/7488","targetHints":{"allow":["GET"]}}],"collection":[{"href":"https:\/\/soydeaqui.ddns.net\/pachuca\/index.php\/wp-json\/wp\/v2\/product"}],"about":[{"href":"https:\/\/soydeaqui.ddns.net\/pachuca\/index.php\/wp-json\/wp\/v2\/types\/product"}],"replies":[{"embeddable":true,"href":"https:\/\/soydeaqui.ddns.net\/pachuca\/index.php\/wp-json\/wp\/v2\/comments?post=7488"}],"wp:featuredmedia":[{"embeddable":true,"href":"https:\/\/soydeaqui.ddns.net\/pachuca\/index.php\/wp-json\/wp\/v2\/media\/7487"}],"wp:attachment":[{"href":"https:\/\/soydeaqui.ddns.net\/pachuca\/index.php\/wp-json\/wp\/v2\/media?parent=7488"}],"wp:term":[{"taxonomy":"product_brand","embeddable":true,"href":"https:\/\/soydeaqui.ddns.net\/pachuca\/index.php\/wp-json\/wp\/v2\/product_brand?post=7488"},{"taxonomy":"product_cat","embeddable":true,"href":"https:\/\/soydeaqui.ddns.net\/pachuca\/index.php\/wp-json\/wp\/v2\/product_cat?post=7488"},{"taxonomy":"product_tag","embeddable":true,"href":"https:\/\/soydeaqui.ddns.net\/pachuca\/index.php\/wp-json\/wp\/v2\/product_tag?post=7488"}],"curies":[{"name":"wp","href":"https:\/\/api.w.org\/{rel}","templated":true}]}}