{"id":74879,"date":"2026-03-19T14:17:58","date_gmt":"2026-03-19T14:17:58","guid":{"rendered":"https:\/\/soydeaqui.ddns.net\/pachuca\/index.php\/producto\/adaptador-para-telefono-analogico-ata-de-2-puertos-fxs-disenado-para-conectar-sus-dispositivos-analogicos-a-una-red-voip\/"},"modified":"2026-03-19T14:18:10","modified_gmt":"2026-03-19T14:18:10","slug":"adaptador-para-telefono-analogico-ata-de-2-puertos-fxs-disenado-para-conectar-sus-dispositivos-analogicos-a-una-red-voip","status":"publish","type":"product","link":"https:\/\/soydeaqui.ddns.net\/pachuca\/index.php\/producto\/adaptador-para-telefono-analogico-ata-de-2-puertos-fxs-disenado-para-conectar-sus-dispositivos-analogicos-a-una-red-voip\/","title":{"rendered":"Adaptador para tel\u00e9fono anal\u00f3gico (ATA) de 2 puertos FXS, dise\u00f1ado para conectar sus dispositivos anal\u00f3gicos a una red VoIP"},"content":{"rendered":"<div style='width: 100%; max-width: 1200px; margin: 0 auto; font-family: sans-serif; line-height: 1.6; color: inherit; background-color: transparent;'>\n<div style='display: flex; flex-wrap: wrap; gap: 30px; margin-bottom: 30px;'>\n<div style='flex: 1 1 300px; min-width: 280px;'>\n<h3 style='font-size: 22px; border-bottom: 2px solid currentColor; padding-bottom: 5px; margin-top: 0; color: inherit; opacity: 0.8;'>Descripci\u00f3n<\/h3>\n<p style='font-size: 15px; color: inherit; margin-top: 0;'>El HT802 es un adaptador de tel\u00e9fonos anal\u00f3gicos (ATA) de 2 puertos que permite a los usuarios crear una soluci\u00f3n de telefon\u00eda IP de alta calidad y f\u00e1cil de manejar para ambientes residenciales y de oficina. Su tama\u00f1o ultra compacto&comma; calidad de voz&comma; funcionalidad de VoIP avanzada&comma; protecci\u00f3n de seguridad y opciones de aprovisionamiento autom\u00e1tico permiten a los usuarios sacar partido de la VoIP en los tel\u00e9fonos anal\u00f3gicos y permite a los proveedores de servicios ofrecer un servicio IP de alta calidad. El HT802 es un ATA ideal para uso individual y para implementaciones de voz IP comerciales a gran escala.<\/p>\n<\/p><\/div>\n<\/p><\/div>\n<div style='display: flex; flex-wrap: wrap; gap: 20px; margin-bottom: 30px;'>\n<div style='flex: 1 1 250px; border: 1px solid rgba(150&comma; 150&comma; 150&comma; 0.4); border-radius: 8px; overflow: hidden; display: flex; flex-direction: column;'>\n<div style='padding: 15px; border-bottom: 1px solid rgba(150&comma; 150&comma; 150&comma; 0.2); font-weight: bold; font-size: 18px; color: inherit;'>Caracter\u00edsticas<\/div>\n<div style='padding: 15px; color: inherit;'>\n<ul style='padding-left: 20px; margin: 0; font-size: 14px; list-style-type: disc;'>\n<li style='margin-bottom: 5px;'>Admite 2 perfiles SIP a trav\u00e9s de 2 puertos FXS y un puerto 10 \/ 100Mbps<\/li>\n<li style='margin-bottom: 5px;'>TLS y SRTP tecnolog\u00eda de cifrado de seguridad para proteger a las llamadas y cuentas<\/li>\n<li style='margin-bottom: 5px;'>Opciones para el aprovisionamiento automatizado Soporta 3 v\u00edas de conferencia de voz<\/li>\n<li style='margin-bottom: 5px;'>Cambia autom\u00e1ticamente al servidor secundario si el servidor principal pierde la conexi\u00f3n<\/li>\n<li style='margin-bottom: 5px;'>Soporta fax T.38 para la creaci\u00f3n de fax sobre IP<\/li>\n<li style='margin-bottom: 5px;'>Es compatible con una amplia gama de formatos de identificaci\u00f3n de llamadas<\/li>\n<li style='margin-bottom: 5px;'>El uso con la serie de Grandstream UCM de PBX IP para la configuraci\u00f3n r\u00e1pida de aprovisionamiento<\/li>\n<\/ul><\/div>\n<\/p><\/div>\n<div style='flex: 1 1 250px; border: 1px solid rgba(150&comma; 150&comma; 150&comma; 0.4); border-radius: 8px; overflow: hidden; display: flex; flex-direction: column;'>\n<div style='padding: 15px; border-bottom: 1px solid rgba(150&comma; 150&comma; 150&comma; 0.2); font-weight: bold; font-size: 18px; color: inherit;'>Caracter\u00edsticas F\u00edsicas<\/div>\n<div style='padding: 15px; color: inherit;'>\n<ul style='padding-left: 20px; margin: 0; font-size: 14px; list-style-type: disc;'>\n<li style='margin-bottom: 5px;'><strong>Fuente de Alimentaci\u00f3n Universal Entrada:<\/strong> 100-240VAC&comma; 50-60Hz<\/li>\n<li style='margin-bottom: 5px;'><strong>Salida:<\/strong> 5.0VDC\/1.0A<\/li>\n<\/ul><\/div>\n<\/p><\/div>\n<div style='flex: 1 1 250px; border: 1px solid rgba(150&comma; 150&comma; 150&comma; 0.4); border-radius: 8px; overflow: hidden; display: flex; flex-direction: column;'>\n<div style='padding: 15px; border-bottom: 1px solid rgba(150&comma; 150&comma; 150&comma; 0.2); font-weight: bold; font-size: 18px; color: inherit;'>Ambiente<\/div>\n<div style='padding: 15px; color: inherit;'>\n<ul style='padding-left: 20px; margin: 0; font-size: 14px; list-style-type: disc;'>\n<li style='margin-bottom: 5px;'><strong>En funcionamiento:<\/strong> 32\u00ba \u2013 104\u00baF o 0\u00ba \u2013 40\u00baC<\/li>\n<li style='margin-bottom: 5px;'><strong>En almacenamiento:<\/strong> 14\u00ba \u2013 140\u00baF o -10\u00ba \u2013 60\u00baC<\/li>\n<li style='margin-bottom: 5px;'><strong>Humedad:<\/strong> 10 \u2013 90%&comma; sin condensaci\u00f3n<\/li>\n<\/ul><\/div>\n<\/p><\/div>\n<div style='flex: 1 1 250px; border: 1px solid rgba(150&comma; 150&comma; 150&comma; 0.4); border-radius: 8px; overflow: hidden; display: flex; flex-direction: column;'>\n<div style='padding: 15px; border-bottom: 1px solid rgba(150&comma; 150&comma; 150&comma; 0.2); font-weight: bold; font-size: 18px; color: inherit;'>Dimensi\u00f3n y Peso<\/div>\n<div style='padding: 15px; color: inherit;'>\n<ul style='padding-left: 20px; margin: 0; font-size: 14px; list-style-type: disc;'>\n<li style='margin-bottom: 5px;'><strong>Dimensiones:<\/strong> 100 mm x 100 mm x 29.5 mm<\/li>\n<li style='margin-bottom: 5px;'><strong>Peso:<\/strong> 114 g<\/li>\n<\/ul><\/div>\n<\/p><\/div>\n<\/p><\/div>\n<div style='display: flex; flex-wrap: wrap; gap: 15px; justify-content: center; margin-top: 30px;'> <img style='width: 100%; max-width: 200px; height: auto; border: 1px solid rgba(150&comma;150&comma;150&comma;0.3); border-radius: 8px;' src='http:\/\/www.grandstream.com\/sites\/default\/files\/styles\/product_100x100\/public\/Products\/ht802_front_website_0.jpg?itok=X9Cc_aEd' alt='Grandstream HT802'> <img style='width: 100%; max-width: 200px; height: auto; border: 1px solid rgba(150&comma;150&comma;150&comma;0.3); border-radius: 8px;' src='http:\/\/www.grandstream.com\/sites\/default\/files\/styles\/product_100x100\/public\/Products\/ht802_right_website.jpg?itok=qDQVIRId' alt='Grandstream HT802'> <img style='width: 100%; max-width: 200px; height: auto; border: 1px solid rgba(150&comma;150&comma;150&comma;0.3); border-radius: 8px;' src='http:\/\/www.grandstream.com\/sites\/default\/files\/styles\/product_100x100\/public\/Products\/ht802_left_side_angle_website.jpg?itok=N_X0lzey' alt='Grandstream HT802'> <img style='width: 100%; max-width: 200px; height: auto; border: 1px solid rgba(150&comma;150&comma;150&comma;0.3); border-radius: 8px;' src='http:\/\/www.grandstream.com\/sites\/default\/files\/styles\/product_100x100\/public\/Products\/ht802_back_website.png?itok=CnbD9Qs4' alt='Grandstream HT802'> <\/div>\n<hr style='border: 0; border-top: 1px solid rgba(150&comma; 150&comma; 150&comma; 0.3); margin: 30px 0;'> <\/div>\n","protected":false},"excerpt":{"rendered":"<p>Adaptador para tel\u00e9fono anal\u00f3gico (ATA) de 2 puertos FXS, dise\u00f1ado para conectar sus dispositivos anal\u00f3gicos a una red VoIP<\/p>\n","protected":false},"featured_media":74878,"comment_status":"open","ping_status":"closed","template":"","meta":[],"product_brand":[],"product_cat":[2070],"product_tag":[2071,909,2004],"class_list":{"0":"post-74879","1":"product","2":"type-product","3":"status-publish","4":"has-post-thumbnail","6":"product_cat-gateways-y-atas","7":"product_tag-gateways-y-atas","8":"product_tag-grandstream","9":"product_tag-voip-telefonia-ip-videoconferencia","11":"first","12":"outofstock","13":"sale","14":"shipping-taxable","15":"purchasable","16":"product-type-simple"},"_links":{"self":[{"href":"https:\/\/soydeaqui.ddns.net\/pachuca\/index.php\/wp-json\/wp\/v2\/product\/74879","targetHints":{"allow":["GET"]}}],"collection":[{"href":"https:\/\/soydeaqui.ddns.net\/pachuca\/index.php\/wp-json\/wp\/v2\/product"}],"about":[{"href":"https:\/\/soydeaqui.ddns.net\/pachuca\/index.php\/wp-json\/wp\/v2\/types\/product"}],"replies":[{"embeddable":true,"href":"https:\/\/soydeaqui.ddns.net\/pachuca\/index.php\/wp-json\/wp\/v2\/comments?post=74879"}],"wp:featuredmedia":[{"embeddable":true,"href":"https:\/\/soydeaqui.ddns.net\/pachuca\/index.php\/wp-json\/wp\/v2\/media\/74878"}],"wp:attachment":[{"href":"https:\/\/soydeaqui.ddns.net\/pachuca\/index.php\/wp-json\/wp\/v2\/media?parent=74879"}],"wp:term":[{"taxonomy":"product_brand","embeddable":true,"href":"https:\/\/soydeaqui.ddns.net\/pachuca\/index.php\/wp-json\/wp\/v2\/product_brand?post=74879"},{"taxonomy":"product_cat","embeddable":true,"href":"https:\/\/soydeaqui.ddns.net\/pachuca\/index.php\/wp-json\/wp\/v2\/product_cat?post=74879"},{"taxonomy":"product_tag","embeddable":true,"href":"https:\/\/soydeaqui.ddns.net\/pachuca\/index.php\/wp-json\/wp\/v2\/product_tag?post=74879"}],"curies":[{"name":"wp","href":"https:\/\/api.w.org\/{rel}","templated":true}]}}